{"id":92114,"date":"2022-11-14T11:54:50","date_gmt":"2022-11-14T10:54:50","guid":{"rendered":"https:\/\/bmf-fvm.org\/?page_id=92114"},"modified":"2025-12-30T15:26:43","modified_gmt":"2025-12-30T14:26:43","slug":"bgme-ikastaroak","status":"publish","type":"page","link":"https:\/\/bmf-fvm.org\/eu\/goimendi-eskola\/bgme-ikastaroak\/","title":{"rendered":"BGME ikastaroak"},"content":{"rendered":"<div class=\"wpb-content-wrapper\"><p>[vc_row][vc_column][vc_column_text]<strong>ABUZTUA:<\/strong> Abuztuan Bizkaiko Goi Mendi Eskola itxita egongo da. Izen-emateak eta kontsultak irailetik aurrera kudeatuko dira.<\/p>\n<p><strong>DERRIGORREZKOA: federazio-lizentzia mendian izatea.<\/strong><\/p>\n<p>Bizkaiko Goi-mendi Eskolak ikastaroak Bizkaiko Mendizale Federazioko Klubei, eta lagun federatuei zuzentzen dizkie, mendiko ekimen (adibidez, eskalada, alpinismoa edota eskia) teorian, praktikan eta segurtasunean hasteko edota sakontzeko.[\/vc_column_text][\/vc_column][\/vc_row][vc_row][vc_column][vc_column_text]\r\n\t\t<table id='' class=\"table table-striped table-bordered table-hover\" >\r\n\t\t\t<thead>\r\n\t\t<tr >\r\n\t\t\t<th   >Ikastaroa<\/th><th class=\"aligncenter\"  > EAEko eta Nafarroako prezioa (-10%)<\/th><th class=\"aligncenter\"  >EAEkoa edo Nafarroakoa ez den prezioa (-10%)<\/th>\r\n\t\t<\/tr>\r\n\t<\/thead><tbody>\r\n\t\t<tr >\r\n\t\t\t<td   ><a href='https:\/\/bmf-fvm.org\/wp-content\/uploads\/2022\/03\/Alpinismo_1_eusk.pdf'>Alpinismo 1 (hastapena)<\/a><\/td><td class=\"aligncenter\"  >138\u20ac<\/td><td class=\"aligncenter\"  >153\u20ac<\/td>\r\n\t\t<\/tr>\r\n\t\r\n\t\t<tr >\r\n\t\t\t<td   ><a href='https:\/\/bmf-fvm.org\/wp-content\/uploads\/2022\/03\/Alpinismo_2_eusk.pdf'>Alpinismo 2 (aurreratuta)<\/a><\/td><td class=\"aligncenter\"  >156\u20ac<\/td><td class=\"aligncenter\"  >173\u20ac<\/td>\r\n\t\t<\/tr>\r\n\t\r\n\t\t<tr >\r\n\t\t\t<td   ><a href='https:\/\/bmf-fvm.org\/wp-content\/uploads\/2022\/03\/Alpinismo_3_eusk.pdf'>Alpinismo 3 (hobekuntza)<\/a><\/td><td class=\"aligncenter\"  >198\u20ac<\/td><td class=\"aligncenter\"  >220\u20ac<\/td>\r\n\t\t<\/tr>\r\n\t\r\n\t\t<tr >\r\n\t\t\t<td   ><a href='https:\/\/bmf-fvm.org\/wp-content\/uploads\/2022\/03\/Descenso_de_barrancos_1_eus.pdf'>Arroilen jeitsiera 1 (hastapena)<\/a><\/td><td class=\"aligncenter\"  >108\u20ac<\/td><td class=\"aligncenter\"  >120\u20ac<\/td>\r\n\t\t<\/tr>\r\n\t\r\n\t\t<tr >\r\n\t\t\t<td   >Bihotz-biriketako bizkortzea eta desfibriladorea erabiltzea<\/td><td class=\"aligncenter\"  >15\u20ac<\/td><td class=\"aligncenter\"  >15\u20ac<\/td>\r\n\t\t<\/tr>\r\n\t\r\n\t\t<tr >\r\n\t\t\t<td   ><a href='https:\/\/bmf-fvm.org\/eu\/curso\/eskalada-1-hastapena\/'>Eskalada 1 (hastapena)<\/a><\/td><td class=\"aligncenter\"  >108\u20ac<\/td><td class=\"aligncenter\"  >120\u20ac<\/td>\r\n\t\t<\/tr>\r\n\t\r\n\t\t<tr >\r\n\t\t\t<td   ><a href='https:\/\/bmf-fvm.org\/eu\/curso\/eskalada-2-luzeetako-kirol-eskalada\/'>Eskalada 2 (luzeetako kirol eskalada)<\/a><\/td><td class=\"aligncenter\"  >132\u20ac<\/td><td class=\"aligncenter\"  >147\u20ac<\/td>\r\n\t\t<\/tr>\r\n\t\r\n\t\t<tr >\r\n\t\t\t<td   ><a href='https:\/\/bmf-fvm.org\/eu\/curso\/eskalada-3-abentura-eremukoa-eta-autobabesa\/'>Eskalada 3 (abentura eremukoa eta autobabesa)<\/a><\/td><td class=\"aligncenter\"  >156\u20ac<\/td><td class=\"aligncenter\"  >173\u20ac<\/td>\r\n\t\t<\/tr>\r\n\t\r\n\t\t<tr >\r\n\t\t\t<td   ><a href='https:\/\/bmf-fvm.org\/wp-content\/uploads\/2024\/12\/FREERIDE-EUS-1.pdf'>Eskia tratatu gabeko elurretan<\/a><\/td><td class=\"aligncenter\"  >174\u20ac<\/td><td class=\"aligncenter\"  >193\u20ac<\/td>\r\n\t\t<\/tr>\r\n\t\r\n\t\t<tr >\r\n\t\t\t<td   ><a href='https:\/\/bmf-fvm.org\/wp-content\/uploads\/2022\/03\/Manejo_de_gps_eus.pdf'>GPS-aren erabilera<\/a><\/td><td class=\"aligncenter\"  >108\u20ac<\/td><td class=\"aligncenter\"  >120\u20ac<\/td>\r\n\t\t<\/tr>\r\n\t\r\n\t\t<tr >\r\n\t\t\t<td   ><a href='https:\/\/bmf-fvm.org\/wp-content\/uploads\/2022\/03\/Izotz_eskalada.pdf'>Izotz eskalada<\/a><\/td><td class=\"aligncenter\"  >198\u20ac<\/td><td class=\"aligncenter\"  >220\u20ac<\/td>\r\n\t\t<\/tr>\r\n\t\r\n\t\t<tr >\r\n\t\t\t<td   ><a href='https:\/\/bmf-fvm.org\/eu\/curso\/lehen-laguntzak\/'>Lehen laguntzak<\/a><\/td><td class=\"aligncenter\"  >15\u20ac<\/td><td class=\"aligncenter\"  >15\u20ac<\/td>\r\n\t\t<\/tr>\r\n\t\r\n\t\t<tr >\r\n\t\t\t<td   ><a href='https:\/\/bmf-fvm.org\/eu\/curso\/marcha-nordica\/'>Martxa nordikoa<\/a><\/td><td class=\"aligncenter\"  >25-30\u20ac<\/td><td class=\"aligncenter\"  >30-35\u20ac<\/td>\r\n\t\t<\/tr>\r\n\t\r\n\t\t<tr >\r\n\t\t\t<td   ><a href='https:\/\/bmf-fvm.org\/wp-content\/uploads\/2022\/03\/Mendi_ertaina_neguan.pdf'>Mendi ertaina neguan<\/a><\/td><td class=\"aligncenter\"  >138\u20ac<\/td><td class=\"aligncenter\"  >153\u20ac<\/td>\r\n\t\t<\/tr>\r\n\t\r\n\t\t<tr >\r\n\t\t\t<td   ><a href='https:\/\/bmf-fvm.org\/wp-content\/uploads\/2022\/03\/Mendiko_eskia.pdf'>Mendiko eskia<\/a><\/td><td class=\"aligncenter\"  >156\u20ac<\/td><td class=\"aligncenter\"  >173\u20ac<\/td>\r\n\t\t<\/tr>\r\n\t\r\n\t\t<tr >\r\n\t\t\t<td   ><a href='https:\/\/bmf-fvm.org\/eu\/curso\/mendiko-teknikak\/'>Mendiko teknikak<\/a><\/td><td class=\"aligncenter\"  >90\u20ac<\/td><td class=\"aligncenter\"  >100\u20ac<\/td>\r\n\t\t<\/tr>\r\n\t\r\n\t\t<tr >\r\n\t\t\t<td   ><a href='https:\/\/bmf-fvm.org\/wp-content\/uploads\/2022\/03\/Orientazioa-1.pdf'>Orientazioa (mapa eta iparrorratza)<\/a><\/td><td class=\"aligncenter\"  >108\u20ac<\/td><td class=\"aligncenter\"  >120\u20ac<\/td>\r\n\t\t<\/tr>\r\n\t\r\n\t\t<tr >\r\n\t\t\t<td   ><a href='https:\/\/bmf-fvm.org\/eu\/curso\/rescate-1-autoerreskatea-paretan\/'>Reskate 1 (autoerreskatea paretan)<\/a><\/td><td class=\"aligncenter\"  >150\u20ac<\/td><td class=\"aligncenter\"  >167\u20ac<\/td>\r\n\t\t<\/tr>\r\n\t\r\n\t\t<tr >\r\n\t\t\t<td   ><a href='https:\/\/bmf-fvm.org\/eu\/curso\/rescate-2-erreskatea-paretan\/'>Reskate 2 (erreskatea paretan)<\/a><\/td><td class=\"aligncenter\"  >150\u20ac<\/td><td class=\"aligncenter\"  >167\u20ac<\/td>\r\n\t\t<\/tr>\r\n\t\r\n\t\t<tr >\r\n\t\t\t<td   ><a href='https:\/\/bmf-fvm.org\/wp-content\/uploads\/2022\/03\/Glaziarrak.pdf'>Sokaren erabilera eta erreskatea glaziarretan<\/a><\/td><td class=\"aligncenter\"  >150\u20ac<\/td><td class=\"aligncenter\"  >167\u20ac<\/td>\r\n\t\t<\/tr>\r\n\t\r\n\t\t<tr >\r\n\t\t\t<td   ><a href='https:\/\/bmf-fvm.org\/eu\/curso\/sokaren-erabilera-mendian-eta-ertzak\/'>Sokaren erabilera mendian eta ertzak<\/a><\/td><td class=\"aligncenter\"  >144\u20ac<\/td><td class=\"aligncenter\"  >160\u20ac<\/td>\r\n\t\t<\/tr>\r\n\t\r\n\t\t<tr >\r\n\t\t\t<td   ><a href='https:\/\/bmf-fvm.org\/wp-content\/uploads\/2024\/12\/Dossier-STA-1-eusk.pdf'>Ziurtasuna elur-jausietan (STA 1) ACNA<\/a><\/td><td class=\"aligncenter\"  >170\u20ac<\/td><td class=\"aligncenter\"  >190\u20ac<\/td>\r\n\t\t<\/tr>\r\n\t<\/tbody>\r\n\t\t<\/table>\r\n\t[\/vc_column_text][\/vc_column][\/vc_row][vc_row][vc_column][vc_column_text css=&#8221;&#8221;]<\/p>\n<h4>Hurrengo ikastaroen datak<\/h4>\n<p><p class=\"sin-datos\">Laster ez dago ikastarorik.<\/p>[\/vc_column_text][\/vc_column][\/vc_row][vc_row][vc_column][vc_column_text]<\/p>\n<h3>Izen-emateak<\/h3>\n<p>Bakarrik mendian federatutak dauden pertsonek\u00a0 izena eman dezakete Bizkaiko Goi Mendi Eskolaren egutegian antolatutako ikastaroetan.<\/p>\n<p>Ikastaroaren inskripzioa formalizatzeko, egin klik izena eman nahi duzun ikastaroari dagokion inskripzio-zutabean.<\/p>\n<p><strong>Oharrak<\/strong><\/p>\n<ul>\n<li>Ikastaro aurreratuenetarako edo teknikoentzat, gutxieneko baldintza teknikoak eta esperientzia-baldintzak betetzen direla ziurtatu behar da.<\/li>\n<\/ul>\n<p>[\/vc_column_text][\/vc_column][\/vc_row][vc_row][vc_column][vc_column_text]<\/p>\n<h3>Baldintzak<\/h3>\n<ul>\n<li>Ikastaroak egingo dituzten lagunek federazio-lizentzia eguneratuta egon behar dute.<\/li>\n<li>Inskripzioa onartu ondoren ikastaroan plaza bermatzeko, online ordainketa egin beharko da.<\/li>\n<li>Ikastaroaren ordainketa soilik itzuliko da ikastaroa bertan behera gelditzen bada edo arrazoi justifikatuagatik.<\/li>\n<\/ul>\n<p>[\/vc_column_text][\/vc_column][\/vc_row][vc_row][vc_column width=&#8221;1\/2&#8243;]<div class=\"ult-content-box-container \" >\t\t<div class=\"ult-content-box\" style=\"background-color:#fafafa;box-shadow: px px px px none;padding:1em;-webkit-transition: all 700ms ease;-moz-transition: all 700ms ease;-ms-transition: all 700ms ease;-o-transition: all 700ms ease;transition: all 700ms ease;\"  data-hover_box_shadow=\"none\"     data-bg=\"#fafafa\" >[vc_column_text]<strong>Prezioan barne:<\/strong><\/p>\n<ul>\n<li>BGME-ko irakaslea.<\/li>\n<li>Material teknikoa.<\/li>\n<li>Material didaktikoa.<\/li>\n<\/ul>\n<p>[\/vc_column_text]\t\t<\/div><\/div>[\/vc_column][vc_column width=&#8221;1\/2&#8243;]<div class=\"ult-content-box-container \" >\t\t<div class=\"ult-content-box\" style=\"background-color:#fafafa;box-shadow: px px px px none;padding:1em;-webkit-transition: all 700ms ease;-moz-transition: all 700ms ease;-ms-transition: all 700ms ease;-o-transition: all 700ms ease;transition: all 700ms ease;\"  data-hover_box_shadow=\"none\"     data-bg=\"#fafafa\" >[vc_column_text]<strong>Preziotik kanpo:<\/strong><\/p>\n<ul>\n<li>Ostatua.<\/li>\n<li>Janaria.<\/li>\n<li>Garroia.<\/li>\n<\/ul>\n<p>[\/vc_column_text]\t\t<\/div><\/div>[\/vc_column][\/vc_row][vc_row][vc_column][vc_column_text]<\/p>\n<h3>Harremanetarako<\/h3>\n<p><a href=\"mailto:goimendieskola@bmf-fvm.org\"><strong>goimendieskola@bmf-fvm.org<\/strong><\/a>[\/vc_column_text][\/vc_column][\/vc_row]<\/p>\n<\/div>","protected":false},"excerpt":{"rendered":"<p>[vc_row][vc_column][vc_column_text]ABUZTUA: Abuztuan Bizkaiko Goi Mendi Eskola itxita egongo da. Izen-emateak eta kontsultak irailetik aurrera kudeatuko dira. DERRIGORREZKOA: federazio-lizentzia mendian izatea.&hellip;<\/p>\n","protected":false},"author":19,"featured_media":92110,"parent":71590,"menu_order":0,"comment_status":"closed","ping_status":"closed","template":"","meta":{"_acf_changed":false,"footnotes":""},"class_list":["post-92114","page","type-page","status-publish","has-post-thumbnail","hentry","seccion-goimendi-eskola"],"acf":[],"yoast_head":"<!-- This site is optimized with the Yoast SEO plugin v27.3 - https:\/\/yoast.com\/product\/yoast-seo-wordpress\/ -->\n<title>BGME ikastaroak - Bizkaiko Mendizale Federazioa<\/title>\n<meta name=\"robots\" content=\"index, follow, max-snippet:-1, max-image-preview:large, max-video-preview:-1\" \/>\n<link rel=\"canonical\" href=\"https:\/\/bmf-fvm.org\/eu\/goimendi-eskola\/bgme-ikastaroak\/\" \/>\n<meta property=\"og:locale\" content=\"en_US\" \/>\n<meta property=\"og:type\" content=\"article\" \/>\n<meta property=\"og:title\" content=\"BGME ikastaroak - Bizkaiko Mendizale Federazioa\" \/>\n<meta property=\"og:description\" content=\"[vc_row][vc_column][vc_column_text]ABUZTUA: Abuztuan Bizkaiko Goi Mendi Eskola itxita egongo da. Izen-emateak eta kontsultak irailetik aurrera kudeatuko dira. DERRIGORREZKOA: federazio-lizentzia mendian izatea.&hellip;\" \/>\n<meta property=\"og:url\" content=\"https:\/\/bmf-fvm.org\/eu\/goimendi-eskola\/bgme-ikastaroak\/\" \/>\n<meta property=\"og:site_name\" content=\"Bizkaiko Mendizale Federazioa\" \/>\n<meta property=\"article:publisher\" content=\"https:\/\/facebook.com\/pages\/Bmf-Fvm\/597553177057267\" \/>\n<meta property=\"article:modified_time\" content=\"2025-12-30T14:26:43+00:00\" \/>\n<meta property=\"og:image\" content=\"https:\/\/bmf-fvm.org\/wp-content\/uploads\/2022\/11\/Cursos-EAM.jpg\" \/>\n\t<meta property=\"og:image:width\" content=\"1164\" \/>\n\t<meta property=\"og:image:height\" content=\"625\" \/>\n\t<meta property=\"og:image:type\" content=\"image\/jpeg\" \/>\n<meta name=\"twitter:card\" content=\"summary_large_image\" \/>\n<meta name=\"twitter:label1\" content=\"Est. reading time\" \/>\n\t<meta name=\"twitter:data1\" content=\"2 minutua\" \/>\n<script type=\"application\/ld+json\" class=\"yoast-schema-graph\">{\"@context\":\"https:\\\/\\\/schema.org\",\"@graph\":[{\"@type\":\"WebPage\",\"@id\":\"https:\\\/\\\/bmf-fvm.org\\\/eu\\\/goimendi-eskola\\\/bgme-ikastaroak\\\/\",\"url\":\"https:\\\/\\\/bmf-fvm.org\\\/eu\\\/goimendi-eskola\\\/bgme-ikastaroak\\\/\",\"name\":\"BGME ikastaroak - Bizkaiko Mendizale Federazioa\",\"isPartOf\":{\"@id\":\"https:\\\/\\\/bmf-fvm.org\\\/#website\"},\"primaryImageOfPage\":{\"@id\":\"https:\\\/\\\/bmf-fvm.org\\\/eu\\\/goimendi-eskola\\\/bgme-ikastaroak\\\/#primaryimage\"},\"image\":{\"@id\":\"https:\\\/\\\/bmf-fvm.org\\\/eu\\\/goimendi-eskola\\\/bgme-ikastaroak\\\/#primaryimage\"},\"thumbnailUrl\":\"https:\\\/\\\/bmf-fvm.org\\\/wp-content\\\/uploads\\\/2022\\\/11\\\/Cursos-EAM.jpg\",\"datePublished\":\"2022-11-14T10:54:50+00:00\",\"dateModified\":\"2025-12-30T14:26:43+00:00\",\"breadcrumb\":{\"@id\":\"https:\\\/\\\/bmf-fvm.org\\\/eu\\\/goimendi-eskola\\\/bgme-ikastaroak\\\/#breadcrumb\"},\"inLanguage\":\"eu\",\"potentialAction\":[{\"@type\":\"ReadAction\",\"target\":[\"https:\\\/\\\/bmf-fvm.org\\\/eu\\\/goimendi-eskola\\\/bgme-ikastaroak\\\/\"]}]},{\"@type\":\"ImageObject\",\"inLanguage\":\"eu\",\"@id\":\"https:\\\/\\\/bmf-fvm.org\\\/eu\\\/goimendi-eskola\\\/bgme-ikastaroak\\\/#primaryimage\",\"url\":\"https:\\\/\\\/bmf-fvm.org\\\/wp-content\\\/uploads\\\/2022\\\/11\\\/Cursos-EAM.jpg\",\"contentUrl\":\"https:\\\/\\\/bmf-fvm.org\\\/wp-content\\\/uploads\\\/2022\\\/11\\\/Cursos-EAM.jpg\",\"width\":1164,\"height\":625},{\"@type\":\"BreadcrumbList\",\"@id\":\"https:\\\/\\\/bmf-fvm.org\\\/eu\\\/goimendi-eskola\\\/bgme-ikastaroak\\\/#breadcrumb\",\"itemListElement\":[{\"@type\":\"ListItem\",\"position\":1,\"name\":\"Portada\",\"item\":\"https:\\\/\\\/bmf-fvm.org\\\/eu\\\/\"},{\"@type\":\"ListItem\",\"position\":2,\"name\":\"Goimendi eskola\",\"item\":\"https:\\\/\\\/bmf-fvm.org\\\/eu\\\/goimendi-eskola\\\/\"},{\"@type\":\"ListItem\",\"position\":3,\"name\":\"BGME ikastaroak\"}]},{\"@type\":\"WebSite\",\"@id\":\"https:\\\/\\\/bmf-fvm.org\\\/#website\",\"url\":\"https:\\\/\\\/bmf-fvm.org\\\/\",\"name\":\"Bizkaiko Mendizale Federazioa\",\"description\":\"Bizkaiko Mendizale Federazioa\",\"publisher\":{\"@id\":\"https:\\\/\\\/bmf-fvm.org\\\/#organization\"},\"potentialAction\":[{\"@type\":\"SearchAction\",\"target\":{\"@type\":\"EntryPoint\",\"urlTemplate\":\"https:\\\/\\\/bmf-fvm.org\\\/?s={search_term_string}\"},\"query-input\":{\"@type\":\"PropertyValueSpecification\",\"valueRequired\":true,\"valueName\":\"search_term_string\"}}],\"inLanguage\":\"eu\"},{\"@type\":\"Organization\",\"@id\":\"https:\\\/\\\/bmf-fvm.org\\\/#organization\",\"name\":\"Federaci\u00f3n Vizca\u00edna de Monta\u00f1a\",\"url\":\"https:\\\/\\\/bmf-fvm.org\\\/\",\"logo\":{\"@type\":\"ImageObject\",\"inLanguage\":\"eu\",\"@id\":\"https:\\\/\\\/bmf-fvm.org\\\/#\\\/schema\\\/logo\\\/image\\\/\",\"url\":\"https:\\\/\\\/bmf-fvm.org\\\/wp-content\\\/uploads\\\/2022\\\/03\\\/bmf-logo-trans.png\",\"contentUrl\":\"https:\\\/\\\/bmf-fvm.org\\\/wp-content\\\/uploads\\\/2022\\\/03\\\/bmf-logo-trans.png\",\"width\":41,\"height\":61,\"caption\":\"Federaci\u00f3n Vizca\u00edna de Monta\u00f1a\"},\"image\":{\"@id\":\"https:\\\/\\\/bmf-fvm.org\\\/#\\\/schema\\\/logo\\\/image\\\/\"},\"sameAs\":[\"https:\\\/\\\/facebook.com\\\/pages\\\/Bmf-Fvm\\\/597553177057267\"]}]}<\/script>\n<!-- \/ Yoast SEO plugin. -->","yoast_head_json":{"title":"BGME ikastaroak - Bizkaiko Mendizale Federazioa","robots":{"index":"index","follow":"follow","max-snippet":"max-snippet:-1","max-image-preview":"max-image-preview:large","max-video-preview":"max-video-preview:-1"},"canonical":"https:\/\/bmf-fvm.org\/eu\/goimendi-eskola\/bgme-ikastaroak\/","og_locale":"en_US","og_type":"article","og_title":"BGME ikastaroak - Bizkaiko Mendizale Federazioa","og_description":"[vc_row][vc_column][vc_column_text]ABUZTUA: Abuztuan Bizkaiko Goi Mendi Eskola itxita egongo da. Izen-emateak eta kontsultak irailetik aurrera kudeatuko dira. DERRIGORREZKOA: federazio-lizentzia mendian izatea.&hellip;","og_url":"https:\/\/bmf-fvm.org\/eu\/goimendi-eskola\/bgme-ikastaroak\/","og_site_name":"Bizkaiko Mendizale Federazioa","article_publisher":"https:\/\/facebook.com\/pages\/Bmf-Fvm\/597553177057267","article_modified_time":"2025-12-30T14:26:43+00:00","og_image":[{"width":1164,"height":625,"url":"https:\/\/bmf-fvm.org\/wp-content\/uploads\/2022\/11\/Cursos-EAM.jpg","type":"image\/jpeg"}],"twitter_card":"summary_large_image","twitter_misc":{"Est. reading time":"2 minutua"},"schema":{"@context":"https:\/\/schema.org","@graph":[{"@type":"WebPage","@id":"https:\/\/bmf-fvm.org\/eu\/goimendi-eskola\/bgme-ikastaroak\/","url":"https:\/\/bmf-fvm.org\/eu\/goimendi-eskola\/bgme-ikastaroak\/","name":"BGME ikastaroak - Bizkaiko Mendizale Federazioa","isPartOf":{"@id":"https:\/\/bmf-fvm.org\/#website"},"primaryImageOfPage":{"@id":"https:\/\/bmf-fvm.org\/eu\/goimendi-eskola\/bgme-ikastaroak\/#primaryimage"},"image":{"@id":"https:\/\/bmf-fvm.org\/eu\/goimendi-eskola\/bgme-ikastaroak\/#primaryimage"},"thumbnailUrl":"https:\/\/bmf-fvm.org\/wp-content\/uploads\/2022\/11\/Cursos-EAM.jpg","datePublished":"2022-11-14T10:54:50+00:00","dateModified":"2025-12-30T14:26:43+00:00","breadcrumb":{"@id":"https:\/\/bmf-fvm.org\/eu\/goimendi-eskola\/bgme-ikastaroak\/#breadcrumb"},"inLanguage":"eu","potentialAction":[{"@type":"ReadAction","target":["https:\/\/bmf-fvm.org\/eu\/goimendi-eskola\/bgme-ikastaroak\/"]}]},{"@type":"ImageObject","inLanguage":"eu","@id":"https:\/\/bmf-fvm.org\/eu\/goimendi-eskola\/bgme-ikastaroak\/#primaryimage","url":"https:\/\/bmf-fvm.org\/wp-content\/uploads\/2022\/11\/Cursos-EAM.jpg","contentUrl":"https:\/\/bmf-fvm.org\/wp-content\/uploads\/2022\/11\/Cursos-EAM.jpg","width":1164,"height":625},{"@type":"BreadcrumbList","@id":"https:\/\/bmf-fvm.org\/eu\/goimendi-eskola\/bgme-ikastaroak\/#breadcrumb","itemListElement":[{"@type":"ListItem","position":1,"name":"Portada","item":"https:\/\/bmf-fvm.org\/eu\/"},{"@type":"ListItem","position":2,"name":"Goimendi eskola","item":"https:\/\/bmf-fvm.org\/eu\/goimendi-eskola\/"},{"@type":"ListItem","position":3,"name":"BGME ikastaroak"}]},{"@type":"WebSite","@id":"https:\/\/bmf-fvm.org\/#website","url":"https:\/\/bmf-fvm.org\/","name":"Bizkaiko Mendizale Federazioa","description":"Bizkaiko Mendizale Federazioa","publisher":{"@id":"https:\/\/bmf-fvm.org\/#organization"},"potentialAction":[{"@type":"SearchAction","target":{"@type":"EntryPoint","urlTemplate":"https:\/\/bmf-fvm.org\/?s={search_term_string}"},"query-input":{"@type":"PropertyValueSpecification","valueRequired":true,"valueName":"search_term_string"}}],"inLanguage":"eu"},{"@type":"Organization","@id":"https:\/\/bmf-fvm.org\/#organization","name":"Federaci\u00f3n Vizca\u00edna de Monta\u00f1a","url":"https:\/\/bmf-fvm.org\/","logo":{"@type":"ImageObject","inLanguage":"eu","@id":"https:\/\/bmf-fvm.org\/#\/schema\/logo\/image\/","url":"https:\/\/bmf-fvm.org\/wp-content\/uploads\/2022\/03\/bmf-logo-trans.png","contentUrl":"https:\/\/bmf-fvm.org\/wp-content\/uploads\/2022\/03\/bmf-logo-trans.png","width":41,"height":61,"caption":"Federaci\u00f3n Vizca\u00edna de Monta\u00f1a"},"image":{"@id":"https:\/\/bmf-fvm.org\/#\/schema\/logo\/image\/"},"sameAs":["https:\/\/facebook.com\/pages\/Bmf-Fvm\/597553177057267"]}]}},"_links":{"self":[{"href":"https:\/\/bmf-fvm.org\/eu\/wp-json\/wp\/v2\/pages\/92114","targetHints":{"allow":["GET"]}}],"collection":[{"href":"https:\/\/bmf-fvm.org\/eu\/wp-json\/wp\/v2\/pages"}],"about":[{"href":"https:\/\/bmf-fvm.org\/eu\/wp-json\/wp\/v2\/types\/page"}],"author":[{"embeddable":true,"href":"https:\/\/bmf-fvm.org\/eu\/wp-json\/wp\/v2\/users\/19"}],"replies":[{"embeddable":true,"href":"https:\/\/bmf-fvm.org\/eu\/wp-json\/wp\/v2\/comments?post=92114"}],"version-history":[{"count":2,"href":"https:\/\/bmf-fvm.org\/eu\/wp-json\/wp\/v2\/pages\/92114\/revisions"}],"predecessor-version":[{"id":122103,"href":"https:\/\/bmf-fvm.org\/eu\/wp-json\/wp\/v2\/pages\/92114\/revisions\/122103"}],"up":[{"embeddable":true,"href":"https:\/\/bmf-fvm.org\/eu\/wp-json\/wp\/v2\/pages\/71590"}],"wp:featuredmedia":[{"embeddable":true,"href":"https:\/\/bmf-fvm.org\/eu\/wp-json\/wp\/v2\/media\/92110"}],"wp:attachment":[{"href":"https:\/\/bmf-fvm.org\/eu\/wp-json\/wp\/v2\/media?parent=92114"}],"curies":[{"name":"wp","href":"https:\/\/api.w.org\/{rel}","templated":true}]}}