{"id":86890,"date":"2022-07-08T09:13:50","date_gmt":"2022-07-08T07:13:50","guid":{"rendered":"https:\/\/bmf-fvm.org\/?page_id=86890"},"modified":"2026-05-05T12:26:00","modified_gmt":"2026-05-05T10:26:00","slug":"bbk-mendi-martxak","status":"publish","type":"page","link":"https:\/\/bmf-fvm.org\/eu\/bbk-mendi-martxak\/","title":{"rendered":"BBK MENDI MARTXAK"},"content":{"rendered":"<div class=\"wpb-content-wrapper\"><p>[vc_row][vc_column][vc_column_text css=&#8221;&#8221;]&#8221;<strong>BBK Mendi Martxak &#8217;26<\/strong>&#8221; <strong>BBK<\/strong> eta <strong>Bizkaiko Mendizale Federazioa<\/strong>ren arteko lankidetza-proiektua da, eta <strong>BMF-FVM<\/strong>k gure mendizale, mendi-ibiltari eta mendi-zaleentzat oso ezagunak ez diren leku horiek ezagutaraztea eta errespetatzen irakastea du helburu, baita ezgaituen kolektiboaren integrazioa sustatzea ere mendizaleen artean.<\/p>\n<p>Parte-hartzaileen artean sustatu nahi diren balioak hauek dira:<\/p>\n<ul style=\"background-color: #f0f0f0; padding: 1em 2em; display: grid;\">\n<li>Familien parte-hartzea, txikienak mendi-munduan hasiz. Horretarako, gehienez 13 eta 15 kilometro arteko ibilbideak egingo dira.<\/li>\n<li>Natura errespetatzeari, ingurumena zaintzeari eta gainerako parte-hartzaileekin lankidetzan aritzeari eta laguntzeari buruzko kontzientziazioa.<\/li>\n<li>Gure lurraldeko bidexka homologatuak ezagutzea.<\/li>\n<li>Ingurumenaren onerako, mendiko masifikazioa saihestea, eta, beraz, parte-hartzaileen kopurua 450-500era mugatzea. Era honetan, Bizkaiko Foru Aldundiak adierazten dizkigun mugak errespetatzen ditugu.<\/li>\n<\/ul>\n<p>Herritar guztiei zuzenduta dago proiektua, eta <strong>Bizkaiko Kirol Egokituaren Federazioaren<\/strong>, <strong>GAUDE<\/strong> elkartearen,\u00a0 adimen-urritasuna duten pertsonei laguntzeko, eta Gextoko <strong>IBILKI<\/strong> klubaren, ezgaitasuna duten pertsonei laguntzeko eta integrazioa, laguntza paregabea du proiektuak.<\/p>\n<p><strong>BMF-FVM<\/strong>k diseinatzen ditu ibilbideak, mendiko klub batekin lankidetzan, jarraibide hauetan oinarrituta:<\/p>\n<ul style=\"background-color: #f0f0f0; padding: 1em 2em; display: grid;\">\n<li>Ibilbideak zailtasun txikia\/ertaina izatea, parte-hartzaile guztientzat egokia eta 5 ordu baino gutxiagoan egin ahal izateko.<\/li>\n<li>Osasun zerbitzu finkoa eta mugikorra izatea.<\/li>\n<li>Federaturik ez dauden parte-hartzaile guztiei asegurua egitea.<\/li>\n<li>Gehienez ere 400-500 pertsonak har dezakete parte, ibilbidearen masifikazioa saihesteko.<\/li>\n<li>Erakunde publikoen baimenak lortzea.<\/li>\n<li>Markatze edo boluntarioen bidez ibilbidearen jarraipena egiteko behar diren laguntzak ematea.<\/li>\n<li>Parte-hartzaileen autosufizientzia ibilbidean alderdi hauetan:\n<ul style=\"background-color: #f0f0f0; padding: 1em 2em; display: grid;\">\n<li>Motxila<\/li>\n<li>Arropa<\/li>\n<li>Bazkaria<\/li>\n<li>Ura<\/li>\n<\/ul>\n<\/li>\n<\/ul>\n<p>Proiektuak 7 jarduera ditu.<\/p>\n<p>Jardueretan parte hartu ahal izateko ordaindu beharreko inskripzio kuota irabazi asmorik gabeko gizarte erakunde bati emango zaio.<\/p>\n<h3>ARAUDIA<\/h3>\n<ul>\n<li>Parte hartzeko, nahitaezkoa izango da proba bakoitzean Federazioaren webgunearen bidez (<strong><a href=\"https:\/\/bmf-fvm.org\/eu\/bbk-mendi-martxak\/\">https:\/\/bmf-fvm.org\/eu\/bbk-mendi-martxak\/<\/a><\/strong>) izena ematea. Horretarako, inprimaki bat bete beharko da, datu pertsonalekin eta parte-hartzaileen kontrolerako beharrezkoak diren datuekin.<\/li>\n<li>Ordainketa banku-txartel bidez egin beharko da ordainketa-plataforman. Hori eginez gero izen-ematea eginda egongo da. Ordainketa egiaztatu ondoren, plataformak mezu elektroniko bat bidaliko du izen-ematearen ziurtagiriarekin. Posta elektronikorik jasotzen ez bada, <strong>BMF-FVM<\/strong>rekin harremanetan jarri beharko da arazoa konpontzeko.<\/li>\n<li>Izena emateko epea jarduera hasi baino 5 minutu lehenago itxiko da.<\/li>\n<li>Jarduera eguna garaiz aurkeztu behar da asistentzia kontrolatzeko. Parte-hartzaile bakoitzak txip bat jasoko du, eskumuturrean edo orkatilan jarriko dena. Txip horrek irteera eta helmuga kontrolatzeko aukera emango du, irteerako eta helmugako arkuan dagoen alfonbratik pasatzean. Alfonbra jarduera hasten den ordutik azken parte-hartzailea heldu arte egongo da aktibo.<\/li>\n<li>Jardueran zehar, boluntarioen seinaleak eta jarraibideak errespetatu behar dira. Antolatzaileek ez dute erantzukizunik izango ibilbide bakoitzerako emandako jarraibideak betetzen ez badira.<\/li>\n<li>Iristean alfonbratik pasatu eta erakundeari txipa eman beharko zaio. Ezinbesteko arrazoiren batengatik jarduera uzten bada, erakundeari jakinarazi eta txipa entregatu beharko du.<\/li>\n<\/ul>\n<p>[\/vc_column_text][\/vc_column][\/vc_row][vc_row][vc_column]<div id=\"ultimate-heading-514469fc683b1255c\" class=\"uvc-heading ult-adjust-bottom-margin ultimate-heading-514469fc683b1255c uvc-948 \" data-hspacer=\"no_spacer\"  data-halign=\"left\" style=\"text-align:left\"><div class=\"uvc-heading-spacer no_spacer\" style=\"top\"><\/div><div class=\"uvc-main-heading ult-responsive\"  data-ultimate-target='.uvc-heading.ultimate-heading-514469fc683b1255c h3'  data-responsive-json-new='{\"font-size\":\"\",\"line-height\":\"\"}' ><h3 style=\"font-weight:normal;margin-bottom:1em;\">EGUTEGIA<\/h3><\/div><\/div>[vc_row_inner][vc_column_inner width=&#8221;1\/2&#8243;][vc_column_text css=&#8221;&#8221;]<\/p>\n<table class=\"table\">\n<thead>\n<tr>\n<th>Data<\/th>\n<th>Udalerria<\/th>\n<th>Antolatzailea<\/th>\n<th>Ibilbidea<\/th>\n<\/tr>\n<\/thead>\n<tbody>\n<tr>\n<td>Otsailak 8<\/td>\n<td>Berriz<\/td>\n<td>Amaraune M.K.E.<\/td>\n<td>Arietzu<\/td>\n<\/tr>\n<tr>\n<td>Martxoak 15<\/td>\n<td>Portugalete<\/td>\n<td>Ganerantz M.T.<\/td>\n<td>Serantes<\/td>\n<\/tr>\n<tr>\n<td>Apirilak 19<\/td>\n<td>Otxandio<\/td>\n<td>Miru Gain M.T.<\/td>\n<td>San Bernabe<\/td>\n<\/tr>\n<tr>\n<td>Maiatzak 24<\/td>\n<td>Zeanuri<\/td>\n<td>Joko Alai M.T.<\/td>\n<td>San Blas<\/td>\n<\/tr>\n<tr>\n<td>Irailak 13<\/td>\n<td>Ortuella<\/td>\n<td>Enkarterri M.T,<\/td>\n<td>Zehaztu gabe<\/td>\n<\/tr>\n<tr>\n<td>Urriak 4<\/td>\n<td>Barakaldo<\/td>\n<td>G.A.T. Barakaldo<\/td>\n<td>Zehaztu gabe<\/td>\n<\/tr>\n<tr>\n<td>Azaroak 8<\/td>\n<td>Getxo<\/td>\n<td>BIbilki M.T.<\/td>\n<td>Zehaztu gabe<\/td>\n<\/tr>\n<\/tbody>\n<\/table>\n<p>[\/vc_column_text][\/vc_column_inner][vc_column_inner width=&#8221;1\/2&#8243;][vc_single_image image=&#8221;122546&#8243; img_size=&#8221;medium&#8221; alignment=&#8221;center&#8221; style=&#8221;vc_box_shadow&#8221; onclick=&#8221;img_link_large&#8221; css_animation=&#8221;fadeIn&#8221;][\/vc_column_inner][\/vc_row_inner][\/vc_column][\/vc_row][vc_row][vc_column][vc_column_text css=&#8221;&#8221;]<\/p>\n<h3>2026ko JARDUERAK<\/h3>\n<p>[\/vc_column_text][\/vc_column][\/vc_row][vc_row full_width=&#8221;stretch_row&#8221; css=&#8221;.vc_custom_1711020369468{margin-bottom: 30px !important;background-color: #f7f7f7 !important;}&#8221;][vc_column][vc_column_text css=&#8221;&#8221;]<div class=\"contenedor-cuadros-foto\">\r\n\t\t[vc_column width='1\/4' el_class='cuadro-hijas']\r\n\t\t\t<div class=\"ult-content-box-container cuadro-salida cuadro-foto\" >\t\t<div class=\"ult-content-box\" style=\"background-color:#fff;-webkit-transition: all 700ms ease;-moz-transition: all 700ms ease;-ms-transition: all 700ms ease;-o-transition: all 700ms ease;transition: all 700ms ease;\"     data-bg=\"#fff\" >\r\n\t\t\t\t\r\n\t\t[vc_single_image\r\n\t\t\tsource='media_library'\r\n\t\t\tcustom_src=''\r\n\t\t\timage='122505'\r\n\t\t\timg_size='cuadro-imagen'\r\n\t\t\talignment='center'\r\n\t\t\tonclick=''\r\n\t\t\tlink='https:\/\/bmf-fvm.org\/eu\/bbk-mendi-martxak\/arietzu\/'\r\n\t\t\tel_class=''\r\n\t\t\tstyle=''\r\n\t\t\tadd_caption=''\r\n\t\t]\r\n\t\r\n\t\t\t\t\r\n\t\t\t\t[vc_column_text el_class='titulo-cuadro']\r\n\t\t\t\t\t<h4><a href=\"https:\/\/bmf-fvm.org\/eu\/bbk-mendi-martxak\/arietzu\/\">Arietzu-BBK-26<\/a><\/h4>\r\n\t\t\t\t\t<span class=\"cuadro-subtitulo\"><span class=\"fs-80\">2026-02-08<\/span><\/span>\r\n\t\t\t\t[\/vc_column_text]\r\n\t\t\t\t\t<\/div><\/div>\r\n\t\t[\/vc_column]\r\n\t\r\n\t\t[vc_column width='1\/4' el_class='cuadro-hijas']\r\n\t\t\t<div class=\"ult-content-box-container cuadro-salida cuadro-foto\" >\t\t<div class=\"ult-content-box\" style=\"background-color:#fff;-webkit-transition: all 700ms ease;-moz-transition: all 700ms ease;-ms-transition: all 700ms ease;-o-transition: all 700ms ease;transition: all 700ms ease;\"     data-bg=\"#fff\" >\r\n\t\t\t\t\r\n\t\t[vc_single_image\r\n\t\t\tsource='media_library'\r\n\t\t\tcustom_src=''\r\n\t\t\timage='124253'\r\n\t\t\timg_size='cuadro-imagen'\r\n\t\t\talignment='center'\r\n\t\t\tonclick=''\r\n\t\t\tlink='https:\/\/bmf-fvm.org\/eu\/bbk-mendi-martxak\/serantes-26ko-martxoa\/'\r\n\t\t\tel_class=''\r\n\t\t\tstyle=''\r\n\t\t\tadd_caption=''\r\n\t\t]\r\n\t\r\n\t\t\t\t\r\n\t\t\t\t[vc_column_text el_class='titulo-cuadro']\r\n\t\t\t\t\t<h4><a href=\"https:\/\/bmf-fvm.org\/eu\/bbk-mendi-martxak\/serantes-26ko-martxoa\/\">Serantes - BBK '26<\/a><\/h4>\r\n\t\t\t\t\t<span class=\"cuadro-subtitulo\"><span class=\"fs-80\">2026-03-15<\/span><\/span>\r\n\t\t\t\t[\/vc_column_text]\r\n\t\t\t\t\t<\/div><\/div>\r\n\t\t[\/vc_column]\r\n\t\r\n\t\t[vc_column width='1\/4' el_class='cuadro-hijas']\r\n\t\t\t<div class=\"ult-content-box-container cuadro-salida cuadro-foto\" >\t\t<div class=\"ult-content-box\" style=\"background-color:#fff;-webkit-transition: all 700ms ease;-moz-transition: all 700ms ease;-ms-transition: all 700ms ease;-o-transition: all 700ms ease;transition: all 700ms ease;\"     data-bg=\"#fff\" >\r\n\t\t\t\t\r\n\t\t[vc_single_image\r\n\t\t\tsource='media_library'\r\n\t\t\tcustom_src=''\r\n\t\t\timage='126884'\r\n\t\t\timg_size='cuadro-imagen'\r\n\t\t\talignment='center'\r\n\t\t\tonclick=''\r\n\t\t\tlink='https:\/\/bmf-fvm.org\/eu\/bbk-mendi-martxak\/san-bernabe-26ko-martxoa\/'\r\n\t\t\tel_class=''\r\n\t\t\tstyle=''\r\n\t\t\tadd_caption=''\r\n\t\t]\r\n\t\r\n\t\t\t\t\r\n\t\t\t\t[vc_column_text el_class='titulo-cuadro']\r\n\t\t\t\t\t<h4><a href=\"https:\/\/bmf-fvm.org\/eu\/bbk-mendi-martxak\/san-bernabe-26ko-martxoa\/\">San Bernabe - BBK '26<\/a><\/h4>\r\n\t\t\t\t\t<span class=\"cuadro-subtitulo\"><span class=\"fs-80\">2026-04-19<\/span><\/span>\r\n\t\t\t\t[\/vc_column_text]\r\n\t\t\t\t\t<\/div><\/div>\r\n\t\t[\/vc_column]\r\n\t\r\n\t\t[vc_column width='1\/4' el_class='cuadro-hijas']\r\n\t\t\t<div class=\"ult-content-box-container cuadro-salida cuadro-foto\" >\t\t<div class=\"ult-content-box\" style=\"background-color:#fff;-webkit-transition: all 700ms ease;-moz-transition: all 700ms ease;-ms-transition: all 700ms ease;-o-transition: all 700ms ease;transition: all 700ms ease;\"     data-bg=\"#fff\" >\r\n\t\t\t\t\r\n\t\t[vc_single_image\r\n\t\t\tsource='media_library'\r\n\t\t\tcustom_src=''\r\n\t\t\timage='122546'\r\n\t\t\timg_size='cuadro-imagen'\r\n\t\t\talignment='center'\r\n\t\t\tonclick=''\r\n\t\t\tlink='https:\/\/bmf-fvm.org\/eu\/bbk-mendi-martxak\/san-blas-26ko-maiatza\/'\r\n\t\t\tel_class=''\r\n\t\t\tstyle=''\r\n\t\t\tadd_caption=''\r\n\t\t]\r\n\t\r\n\t\t\t\t\r\n\t\t\t\t[vc_column_text el_class='titulo-cuadro']\r\n\t\t\t\t\t<h4><a href=\"https:\/\/bmf-fvm.org\/eu\/bbk-mendi-martxak\/san-blas-26ko-maiatza\/\">San Blas - BBK '26<\/a><\/h4>\r\n\t\t\t\t\t<span class=\"cuadro-subtitulo\"><span class=\"fs-80\">2026-05-24<\/span><\/span>\r\n\t\t\t\t[\/vc_column_text]\r\n\t\t\t\t\t<\/div><\/div>\r\n\t\t[\/vc_column]\r\n\t<\/div>[\/vc_column_text][\/vc_column][\/vc_row]<\/p>\n<\/div>","protected":false},"excerpt":{"rendered":"<p>[vc_row][vc_column][vc_column_text css=&#8221;&#8221;]&#8221;BBK Mendi Martxak &#8217;26&#8221; BBK eta Bizkaiko Mendizale Federazioaren arteko lankidetza-proiektua da, eta BMF-FVMk gure mendizale, mendi-ibiltari eta mendi-zaleentzat&hellip;<\/p>\n","protected":false},"author":1,"featured_media":0,"parent":0,"menu_order":9,"comment_status":"closed","ping_status":"closed","template":"","meta":{"_acf_changed":false,"footnotes":""},"class_list":["post-86890","page","type-page","status-publish","hentry"],"acf":[],"yoast_head":"<!-- This site is optimized with the Yoast SEO plugin v27.3 - https:\/\/yoast.com\/product\/yoast-seo-wordpress\/ -->\n<title>BBK MENDI MARTXAK - Bizkaiko Mendizale Federazioa<\/title>\n<meta name=\"robots\" content=\"index, follow, max-snippet:-1, max-image-preview:large, max-video-preview:-1\" \/>\n<link rel=\"canonical\" href=\"https:\/\/bmf-fvm.org\/eu\/bbk-mendi-martxak\/\" \/>\n<meta property=\"og:locale\" content=\"en_US\" \/>\n<meta property=\"og:type\" content=\"article\" \/>\n<meta property=\"og:title\" content=\"BBK MENDI MARTXAK - Bizkaiko Mendizale Federazioa\" \/>\n<meta property=\"og:description\" content=\"[vc_row][vc_column][vc_column_text css=&#8221;&#8221;]&#8221;BBK Mendi Martxak &#8217;26&#8221; BBK eta Bizkaiko Mendizale Federazioaren arteko lankidetza-proiektua da, eta BMF-FVMk gure mendizale, mendi-ibiltari eta mendi-zaleentzat&hellip;\" \/>\n<meta property=\"og:url\" content=\"https:\/\/bmf-fvm.org\/eu\/bbk-mendi-martxak\/\" \/>\n<meta property=\"og:site_name\" content=\"Bizkaiko Mendizale Federazioa\" \/>\n<meta property=\"article:publisher\" content=\"https:\/\/facebook.com\/pages\/Bmf-Fvm\/597553177057267\" \/>\n<meta property=\"article:modified_time\" content=\"2026-05-05T10:26:00+00:00\" \/>\n<meta property=\"og:image\" content=\"https:\/\/bmf-fvm.org\/wp-content\/uploads\/2022\/04\/bmf-fb-logo.jpg\" \/>\n\t<meta property=\"og:image:width\" content=\"200\" \/>\n\t<meta property=\"og:image:height\" content=\"200\" \/>\n\t<meta property=\"og:image:type\" content=\"image\/jpeg\" \/>\n<meta name=\"twitter:card\" content=\"summary_large_image\" \/>\n<meta name=\"twitter:label1\" content=\"Est. reading time\" \/>\n\t<meta name=\"twitter:data1\" content=\"2 minutua\" \/>\n<script type=\"application\/ld+json\" class=\"yoast-schema-graph\">{\"@context\":\"https:\\\/\\\/schema.org\",\"@graph\":[{\"@type\":\"WebPage\",\"@id\":\"https:\\\/\\\/bmf-fvm.org\\\/eu\\\/bbk-mendi-martxak\\\/\",\"url\":\"https:\\\/\\\/bmf-fvm.org\\\/eu\\\/bbk-mendi-martxak\\\/\",\"name\":\"BBK MENDI MARTXAK - Bizkaiko Mendizale Federazioa\",\"isPartOf\":{\"@id\":\"https:\\\/\\\/bmf-fvm.org\\\/#website\"},\"datePublished\":\"2022-07-08T07:13:50+00:00\",\"dateModified\":\"2026-05-05T10:26:00+00:00\",\"breadcrumb\":{\"@id\":\"https:\\\/\\\/bmf-fvm.org\\\/eu\\\/bbk-mendi-martxak\\\/#breadcrumb\"},\"inLanguage\":\"eu\",\"potentialAction\":[{\"@type\":\"ReadAction\",\"target\":[\"https:\\\/\\\/bmf-fvm.org\\\/eu\\\/bbk-mendi-martxak\\\/\"]}]},{\"@type\":\"BreadcrumbList\",\"@id\":\"https:\\\/\\\/bmf-fvm.org\\\/eu\\\/bbk-mendi-martxak\\\/#breadcrumb\",\"itemListElement\":[{\"@type\":\"ListItem\",\"position\":1,\"name\":\"Portada\",\"item\":\"https:\\\/\\\/bmf-fvm.org\\\/eu\\\/\"},{\"@type\":\"ListItem\",\"position\":2,\"name\":\"BBK MENDI MARTXAK\"}]},{\"@type\":\"WebSite\",\"@id\":\"https:\\\/\\\/bmf-fvm.org\\\/#website\",\"url\":\"https:\\\/\\\/bmf-fvm.org\\\/\",\"name\":\"Bizkaiko Mendizale Federazioa\",\"description\":\"Bizkaiko Mendizale Federazioa\",\"publisher\":{\"@id\":\"https:\\\/\\\/bmf-fvm.org\\\/#organization\"},\"potentialAction\":[{\"@type\":\"SearchAction\",\"target\":{\"@type\":\"EntryPoint\",\"urlTemplate\":\"https:\\\/\\\/bmf-fvm.org\\\/?s={search_term_string}\"},\"query-input\":{\"@type\":\"PropertyValueSpecification\",\"valueRequired\":true,\"valueName\":\"search_term_string\"}}],\"inLanguage\":\"eu\"},{\"@type\":\"Organization\",\"@id\":\"https:\\\/\\\/bmf-fvm.org\\\/#organization\",\"name\":\"Federaci\u00f3n Vizca\u00edna de Monta\u00f1a\",\"url\":\"https:\\\/\\\/bmf-fvm.org\\\/\",\"logo\":{\"@type\":\"ImageObject\",\"inLanguage\":\"eu\",\"@id\":\"https:\\\/\\\/bmf-fvm.org\\\/#\\\/schema\\\/logo\\\/image\\\/\",\"url\":\"https:\\\/\\\/bmf-fvm.org\\\/wp-content\\\/uploads\\\/2022\\\/03\\\/bmf-logo-trans.png\",\"contentUrl\":\"https:\\\/\\\/bmf-fvm.org\\\/wp-content\\\/uploads\\\/2022\\\/03\\\/bmf-logo-trans.png\",\"width\":41,\"height\":61,\"caption\":\"Federaci\u00f3n Vizca\u00edna de Monta\u00f1a\"},\"image\":{\"@id\":\"https:\\\/\\\/bmf-fvm.org\\\/#\\\/schema\\\/logo\\\/image\\\/\"},\"sameAs\":[\"https:\\\/\\\/facebook.com\\\/pages\\\/Bmf-Fvm\\\/597553177057267\"]}]}<\/script>\n<!-- \/ Yoast SEO plugin. -->","yoast_head_json":{"title":"BBK MENDI MARTXAK - Bizkaiko Mendizale Federazioa","robots":{"index":"index","follow":"follow","max-snippet":"max-snippet:-1","max-image-preview":"max-image-preview:large","max-video-preview":"max-video-preview:-1"},"canonical":"https:\/\/bmf-fvm.org\/eu\/bbk-mendi-martxak\/","og_locale":"en_US","og_type":"article","og_title":"BBK MENDI MARTXAK - Bizkaiko Mendizale Federazioa","og_description":"[vc_row][vc_column][vc_column_text css=&#8221;&#8221;]&#8221;BBK Mendi Martxak &#8217;26&#8221; BBK eta Bizkaiko Mendizale Federazioaren arteko lankidetza-proiektua da, eta BMF-FVMk gure mendizale, mendi-ibiltari eta mendi-zaleentzat&hellip;","og_url":"https:\/\/bmf-fvm.org\/eu\/bbk-mendi-martxak\/","og_site_name":"Bizkaiko Mendizale Federazioa","article_publisher":"https:\/\/facebook.com\/pages\/Bmf-Fvm\/597553177057267","article_modified_time":"2026-05-05T10:26:00+00:00","og_image":[{"width":200,"height":200,"url":"https:\/\/bmf-fvm.org\/wp-content\/uploads\/2022\/04\/bmf-fb-logo.jpg","type":"image\/jpeg"}],"twitter_card":"summary_large_image","twitter_misc":{"Est. reading time":"2 minutua"},"schema":{"@context":"https:\/\/schema.org","@graph":[{"@type":"WebPage","@id":"https:\/\/bmf-fvm.org\/eu\/bbk-mendi-martxak\/","url":"https:\/\/bmf-fvm.org\/eu\/bbk-mendi-martxak\/","name":"BBK MENDI MARTXAK - Bizkaiko Mendizale Federazioa","isPartOf":{"@id":"https:\/\/bmf-fvm.org\/#website"},"datePublished":"2022-07-08T07:13:50+00:00","dateModified":"2026-05-05T10:26:00+00:00","breadcrumb":{"@id":"https:\/\/bmf-fvm.org\/eu\/bbk-mendi-martxak\/#breadcrumb"},"inLanguage":"eu","potentialAction":[{"@type":"ReadAction","target":["https:\/\/bmf-fvm.org\/eu\/bbk-mendi-martxak\/"]}]},{"@type":"BreadcrumbList","@id":"https:\/\/bmf-fvm.org\/eu\/bbk-mendi-martxak\/#breadcrumb","itemListElement":[{"@type":"ListItem","position":1,"name":"Portada","item":"https:\/\/bmf-fvm.org\/eu\/"},{"@type":"ListItem","position":2,"name":"BBK MENDI MARTXAK"}]},{"@type":"WebSite","@id":"https:\/\/bmf-fvm.org\/#website","url":"https:\/\/bmf-fvm.org\/","name":"Bizkaiko Mendizale Federazioa","description":"Bizkaiko Mendizale Federazioa","publisher":{"@id":"https:\/\/bmf-fvm.org\/#organization"},"potentialAction":[{"@type":"SearchAction","target":{"@type":"EntryPoint","urlTemplate":"https:\/\/bmf-fvm.org\/?s={search_term_string}"},"query-input":{"@type":"PropertyValueSpecification","valueRequired":true,"valueName":"search_term_string"}}],"inLanguage":"eu"},{"@type":"Organization","@id":"https:\/\/bmf-fvm.org\/#organization","name":"Federaci\u00f3n Vizca\u00edna de Monta\u00f1a","url":"https:\/\/bmf-fvm.org\/","logo":{"@type":"ImageObject","inLanguage":"eu","@id":"https:\/\/bmf-fvm.org\/#\/schema\/logo\/image\/","url":"https:\/\/bmf-fvm.org\/wp-content\/uploads\/2022\/03\/bmf-logo-trans.png","contentUrl":"https:\/\/bmf-fvm.org\/wp-content\/uploads\/2022\/03\/bmf-logo-trans.png","width":41,"height":61,"caption":"Federaci\u00f3n Vizca\u00edna de Monta\u00f1a"},"image":{"@id":"https:\/\/bmf-fvm.org\/#\/schema\/logo\/image\/"},"sameAs":["https:\/\/facebook.com\/pages\/Bmf-Fvm\/597553177057267"]}]}},"_links":{"self":[{"href":"https:\/\/bmf-fvm.org\/eu\/wp-json\/wp\/v2\/pages\/86890","targetHints":{"allow":["GET"]}}],"collection":[{"href":"https:\/\/bmf-fvm.org\/eu\/wp-json\/wp\/v2\/pages"}],"about":[{"href":"https:\/\/bmf-fvm.org\/eu\/wp-json\/wp\/v2\/types\/page"}],"author":[{"embeddable":true,"href":"https:\/\/bmf-fvm.org\/eu\/wp-json\/wp\/v2\/users\/1"}],"replies":[{"embeddable":true,"href":"https:\/\/bmf-fvm.org\/eu\/wp-json\/wp\/v2\/comments?post=86890"}],"version-history":[{"count":14,"href":"https:\/\/bmf-fvm.org\/eu\/wp-json\/wp\/v2\/pages\/86890\/revisions"}],"predecessor-version":[{"id":128693,"href":"https:\/\/bmf-fvm.org\/eu\/wp-json\/wp\/v2\/pages\/86890\/revisions\/128693"}],"wp:attachment":[{"href":"https:\/\/bmf-fvm.org\/eu\/wp-json\/wp\/v2\/media?parent=86890"}],"curies":[{"name":"wp","href":"https:\/\/api.w.org\/{rel}","templated":true}]}}