{"id":86468,"date":"2022-06-06T12:59:58","date_gmt":"2022-06-06T10:59:58","guid":{"rendered":"https:\/\/bmf-fvm.org\/?page_id=86468"},"modified":"2023-05-15T10:27:07","modified_gmt":"2023-05-15T08:27:07","slug":"lemoatxa-1937","status":"publish","type":"page","link":"https:\/\/bmf-fvm.org\/eu\/bizkaiko-xendazaletasun-liga\/lemoatxa-1937\/","title":{"rendered":"Lemoatxa 1937"},"content":{"rendered":"<div class=\"wpb-content-wrapper\"><p>[vc_row][vc_column][vc_column_text]<\/p>\n<p style=\"text-align: center;\">\r\n\t\t<button type='button' class='button ' id='butt-69e023ef10ed910233' style = \"font-size: 2em;background-color: #41b5e5\" >\r\n\t\t\t <i class='fas fa-edit left'><\/i>Izena eman nahi dut!\r\n\t\t<\/button>\r\n\t<\/p>\n<p style=\"text-align: center;\">\r\n\t\t<button type='button' class='button ' id='butt-69e023ef10f6033702'  >\r\n\t\t\t <i class='fas fa-map-marker-alt left'><\/i>Track GPX\r\n\t\t<\/button>\r\n\t\r\n\t\t<button type='button' class='button ' id='butt-69e023ef10f9226751'  >\r\n\t\t\t <i class='fas fa-map-marker-alt left'><\/i>Track KML\r\n\t\t<\/button>\r\n\t\r\n\t\t<button type='button' class='button ' id='butt-69e023ef10fba87575'  >\r\n\t\t\t <i class='fas fa-info-circle left'><\/i>Topoguida\r\n\t\t<\/button>\r\n\t\r\n\t\t<button type='button' class='button ' id='butt-69e023ef10fdf75539'  >\r\n\t\t\t <i class='fas fa-info-circle left'><\/i>PDF\r\n\t\t<\/button>\r\n\t<\/p>\n<p style=\"text-align: center;\"><span style=\"background-color: #a9e; color: white; padding: 5px 10px;\">Izena eman: <strong>Ekainaren 16era arte<\/strong><\/span><\/p>\n<p><a href=\"https:\/\/bmf-fvm.org\/wp-content\/uploads\/2022\/06\/Liga-de-Senderismo-PR-BI-56-Lemoantxa.jpg\"><img loading=\"lazy\" decoding=\"async\" class=\"aligncenter size-full wp-image-86445\" src=\"https:\/\/bmf-fvm.org\/wp-content\/uploads\/2022\/06\/Liga-de-Senderismo-PR-BI-56-Lemoantxa.jpg\" alt=\"\" width=\"724\" height=\"1024\" srcset=\"https:\/\/bmf-fvm.org\/wp-content\/uploads\/2022\/06\/Liga-de-Senderismo-PR-BI-56-Lemoantxa.jpg 724w, https:\/\/bmf-fvm.org\/wp-content\/uploads\/2022\/06\/Liga-de-Senderismo-PR-BI-56-Lemoantxa-212x300.jpg 212w, https:\/\/bmf-fvm.org\/wp-content\/uploads\/2022\/06\/Liga-de-Senderismo-PR-BI-56-Lemoantxa-100x141.jpg 100w, https:\/\/bmf-fvm.org\/wp-content\/uploads\/2022\/06\/Liga-de-Senderismo-PR-BI-56-Lemoantxa-558x789.jpg 558w, https:\/\/bmf-fvm.org\/wp-content\/uploads\/2022\/06\/Liga-de-Senderismo-PR-BI-56-Lemoantxa-655x926.jpg 655w\" sizes=\"auto, (max-width: 724px) 100vw, 724px\" \/><\/a>[\/vc_column_text][\/vc_column][\/vc_row]<\/p>\n<\/div>","protected":false},"excerpt":{"rendered":"<p>[vc_row][vc_column][vc_column_text] Izena eman: Ekainaren 16era arte [\/vc_column_text][\/vc_column][\/vc_row]<\/p>\n","protected":false},"author":1,"featured_media":0,"parent":80421,"menu_order":20,"comment_status":"closed","ping_status":"closed","template":"","meta":{"_acf_changed":false,"footnotes":""},"class_list":["post-86468","page","type-page","status-publish","hentry"],"acf":[],"yoast_head":"<!-- This site is optimized with the Yoast SEO plugin v27.3 - https:\/\/yoast.com\/product\/yoast-seo-wordpress\/ -->\n<title>Lemoatxa 1937 - Bizkaiko Mendizale Federazioa<\/title>\n<meta name=\"robots\" content=\"index, follow, max-snippet:-1, max-image-preview:large, max-video-preview:-1\" \/>\n<link rel=\"canonical\" href=\"https:\/\/bmf-fvm.org\/eu\/bizkaiko-xendazaletasun-liga\/lemoatxa-1937\/\" \/>\n<meta property=\"og:locale\" content=\"en_US\" \/>\n<meta property=\"og:type\" content=\"article\" \/>\n<meta property=\"og:title\" content=\"Lemoatxa 1937 - Bizkaiko Mendizale Federazioa\" \/>\n<meta property=\"og:description\" content=\"[vc_row][vc_column][vc_column_text] Izena eman: Ekainaren 16era arte [\/vc_column_text][\/vc_column][\/vc_row]\" \/>\n<meta property=\"og:url\" content=\"https:\/\/bmf-fvm.org\/eu\/bizkaiko-xendazaletasun-liga\/lemoatxa-1937\/\" \/>\n<meta property=\"og:site_name\" content=\"Bizkaiko Mendizale Federazioa\" \/>\n<meta property=\"article:publisher\" content=\"https:\/\/facebook.com\/pages\/Bmf-Fvm\/597553177057267\" \/>\n<meta property=\"article:modified_time\" content=\"2023-05-15T08:27:07+00:00\" \/>\n<meta property=\"og:image\" content=\"https:\/\/bmf-fvm.org\/wp-content\/uploads\/2022\/06\/Liga-de-Senderismo-PR-BI-56-Lemoantxa.jpg\" \/>\n<meta name=\"twitter:card\" content=\"summary_large_image\" \/>\n<meta name=\"twitter:label1\" content=\"Est. reading time\" \/>\n\t<meta name=\"twitter:data1\" content=\"1 minutua\" \/>\n<script type=\"application\/ld+json\" class=\"yoast-schema-graph\">{\"@context\":\"https:\\\/\\\/schema.org\",\"@graph\":[{\"@type\":\"WebPage\",\"@id\":\"https:\\\/\\\/bmf-fvm.org\\\/eu\\\/bizkaiko-xendazaletasun-liga\\\/lemoatxa-1937\\\/\",\"url\":\"https:\\\/\\\/bmf-fvm.org\\\/eu\\\/bizkaiko-xendazaletasun-liga\\\/lemoatxa-1937\\\/\",\"name\":\"Lemoatxa 1937 - Bizkaiko Mendizale Federazioa\",\"isPartOf\":{\"@id\":\"https:\\\/\\\/bmf-fvm.org\\\/#website\"},\"primaryImageOfPage\":{\"@id\":\"https:\\\/\\\/bmf-fvm.org\\\/eu\\\/bizkaiko-xendazaletasun-liga\\\/lemoatxa-1937\\\/#primaryimage\"},\"image\":{\"@id\":\"https:\\\/\\\/bmf-fvm.org\\\/eu\\\/bizkaiko-xendazaletasun-liga\\\/lemoatxa-1937\\\/#primaryimage\"},\"thumbnailUrl\":\"https:\\\/\\\/bmf-fvm.org\\\/wp-content\\\/uploads\\\/2022\\\/06\\\/Liga-de-Senderismo-PR-BI-56-Lemoantxa.jpg\",\"datePublished\":\"2022-06-06T10:59:58+00:00\",\"dateModified\":\"2023-05-15T08:27:07+00:00\",\"breadcrumb\":{\"@id\":\"https:\\\/\\\/bmf-fvm.org\\\/eu\\\/bizkaiko-xendazaletasun-liga\\\/lemoatxa-1937\\\/#breadcrumb\"},\"inLanguage\":\"eu\",\"potentialAction\":[{\"@type\":\"ReadAction\",\"target\":[\"https:\\\/\\\/bmf-fvm.org\\\/eu\\\/bizkaiko-xendazaletasun-liga\\\/lemoatxa-1937\\\/\"]}]},{\"@type\":\"ImageObject\",\"inLanguage\":\"eu\",\"@id\":\"https:\\\/\\\/bmf-fvm.org\\\/eu\\\/bizkaiko-xendazaletasun-liga\\\/lemoatxa-1937\\\/#primaryimage\",\"url\":\"https:\\\/\\\/bmf-fvm.org\\\/wp-content\\\/uploads\\\/2022\\\/06\\\/Liga-de-Senderismo-PR-BI-56-Lemoantxa.jpg\",\"contentUrl\":\"https:\\\/\\\/bmf-fvm.org\\\/wp-content\\\/uploads\\\/2022\\\/06\\\/Liga-de-Senderismo-PR-BI-56-Lemoantxa.jpg\"},{\"@type\":\"BreadcrumbList\",\"@id\":\"https:\\\/\\\/bmf-fvm.org\\\/eu\\\/bizkaiko-xendazaletasun-liga\\\/lemoatxa-1937\\\/#breadcrumb\",\"itemListElement\":[{\"@type\":\"ListItem\",\"position\":1,\"name\":\"Portada\",\"item\":\"https:\\\/\\\/bmf-fvm.org\\\/eu\\\/\"},{\"@type\":\"ListItem\",\"position\":2,\"name\":\"Bizkaiko Xendazaletasun Liga\",\"item\":\"https:\\\/\\\/bmf-fvm.org\\\/eu\\\/bizkaiko-xendazaletasun-liga\\\/\"},{\"@type\":\"ListItem\",\"position\":3,\"name\":\"Lemoatxa 1937\"}]},{\"@type\":\"WebSite\",\"@id\":\"https:\\\/\\\/bmf-fvm.org\\\/#website\",\"url\":\"https:\\\/\\\/bmf-fvm.org\\\/\",\"name\":\"Bizkaiko Mendizale Federazioa\",\"description\":\"Bizkaiko Mendizale Federazioa\",\"publisher\":{\"@id\":\"https:\\\/\\\/bmf-fvm.org\\\/#organization\"},\"potentialAction\":[{\"@type\":\"SearchAction\",\"target\":{\"@type\":\"EntryPoint\",\"urlTemplate\":\"https:\\\/\\\/bmf-fvm.org\\\/?s={search_term_string}\"},\"query-input\":{\"@type\":\"PropertyValueSpecification\",\"valueRequired\":true,\"valueName\":\"search_term_string\"}}],\"inLanguage\":\"eu\"},{\"@type\":\"Organization\",\"@id\":\"https:\\\/\\\/bmf-fvm.org\\\/#organization\",\"name\":\"Federaci\u00f3n Vizca\u00edna de Monta\u00f1a\",\"url\":\"https:\\\/\\\/bmf-fvm.org\\\/\",\"logo\":{\"@type\":\"ImageObject\",\"inLanguage\":\"eu\",\"@id\":\"https:\\\/\\\/bmf-fvm.org\\\/#\\\/schema\\\/logo\\\/image\\\/\",\"url\":\"https:\\\/\\\/bmf-fvm.org\\\/wp-content\\\/uploads\\\/2022\\\/03\\\/bmf-logo-trans.png\",\"contentUrl\":\"https:\\\/\\\/bmf-fvm.org\\\/wp-content\\\/uploads\\\/2022\\\/03\\\/bmf-logo-trans.png\",\"width\":41,\"height\":61,\"caption\":\"Federaci\u00f3n Vizca\u00edna de Monta\u00f1a\"},\"image\":{\"@id\":\"https:\\\/\\\/bmf-fvm.org\\\/#\\\/schema\\\/logo\\\/image\\\/\"},\"sameAs\":[\"https:\\\/\\\/facebook.com\\\/pages\\\/Bmf-Fvm\\\/597553177057267\"]}]}<\/script>\n<!-- \/ Yoast SEO plugin. -->","yoast_head_json":{"title":"Lemoatxa 1937 - Bizkaiko Mendizale Federazioa","robots":{"index":"index","follow":"follow","max-snippet":"max-snippet:-1","max-image-preview":"max-image-preview:large","max-video-preview":"max-video-preview:-1"},"canonical":"https:\/\/bmf-fvm.org\/eu\/bizkaiko-xendazaletasun-liga\/lemoatxa-1937\/","og_locale":"en_US","og_type":"article","og_title":"Lemoatxa 1937 - Bizkaiko Mendizale Federazioa","og_description":"[vc_row][vc_column][vc_column_text] Izena eman: Ekainaren 16era arte [\/vc_column_text][\/vc_column][\/vc_row]","og_url":"https:\/\/bmf-fvm.org\/eu\/bizkaiko-xendazaletasun-liga\/lemoatxa-1937\/","og_site_name":"Bizkaiko Mendizale Federazioa","article_publisher":"https:\/\/facebook.com\/pages\/Bmf-Fvm\/597553177057267","article_modified_time":"2023-05-15T08:27:07+00:00","og_image":[{"url":"https:\/\/bmf-fvm.org\/wp-content\/uploads\/2022\/06\/Liga-de-Senderismo-PR-BI-56-Lemoantxa.jpg","type":"","width":"","height":""}],"twitter_card":"summary_large_image","twitter_misc":{"Est. reading time":"1 minutua"},"schema":{"@context":"https:\/\/schema.org","@graph":[{"@type":"WebPage","@id":"https:\/\/bmf-fvm.org\/eu\/bizkaiko-xendazaletasun-liga\/lemoatxa-1937\/","url":"https:\/\/bmf-fvm.org\/eu\/bizkaiko-xendazaletasun-liga\/lemoatxa-1937\/","name":"Lemoatxa 1937 - Bizkaiko Mendizale Federazioa","isPartOf":{"@id":"https:\/\/bmf-fvm.org\/#website"},"primaryImageOfPage":{"@id":"https:\/\/bmf-fvm.org\/eu\/bizkaiko-xendazaletasun-liga\/lemoatxa-1937\/#primaryimage"},"image":{"@id":"https:\/\/bmf-fvm.org\/eu\/bizkaiko-xendazaletasun-liga\/lemoatxa-1937\/#primaryimage"},"thumbnailUrl":"https:\/\/bmf-fvm.org\/wp-content\/uploads\/2022\/06\/Liga-de-Senderismo-PR-BI-56-Lemoantxa.jpg","datePublished":"2022-06-06T10:59:58+00:00","dateModified":"2023-05-15T08:27:07+00:00","breadcrumb":{"@id":"https:\/\/bmf-fvm.org\/eu\/bizkaiko-xendazaletasun-liga\/lemoatxa-1937\/#breadcrumb"},"inLanguage":"eu","potentialAction":[{"@type":"ReadAction","target":["https:\/\/bmf-fvm.org\/eu\/bizkaiko-xendazaletasun-liga\/lemoatxa-1937\/"]}]},{"@type":"ImageObject","inLanguage":"eu","@id":"https:\/\/bmf-fvm.org\/eu\/bizkaiko-xendazaletasun-liga\/lemoatxa-1937\/#primaryimage","url":"https:\/\/bmf-fvm.org\/wp-content\/uploads\/2022\/06\/Liga-de-Senderismo-PR-BI-56-Lemoantxa.jpg","contentUrl":"https:\/\/bmf-fvm.org\/wp-content\/uploads\/2022\/06\/Liga-de-Senderismo-PR-BI-56-Lemoantxa.jpg"},{"@type":"BreadcrumbList","@id":"https:\/\/bmf-fvm.org\/eu\/bizkaiko-xendazaletasun-liga\/lemoatxa-1937\/#breadcrumb","itemListElement":[{"@type":"ListItem","position":1,"name":"Portada","item":"https:\/\/bmf-fvm.org\/eu\/"},{"@type":"ListItem","position":2,"name":"Bizkaiko Xendazaletasun Liga","item":"https:\/\/bmf-fvm.org\/eu\/bizkaiko-xendazaletasun-liga\/"},{"@type":"ListItem","position":3,"name":"Lemoatxa 1937"}]},{"@type":"WebSite","@id":"https:\/\/bmf-fvm.org\/#website","url":"https:\/\/bmf-fvm.org\/","name":"Bizkaiko Mendizale Federazioa","description":"Bizkaiko Mendizale Federazioa","publisher":{"@id":"https:\/\/bmf-fvm.org\/#organization"},"potentialAction":[{"@type":"SearchAction","target":{"@type":"EntryPoint","urlTemplate":"https:\/\/bmf-fvm.org\/?s={search_term_string}"},"query-input":{"@type":"PropertyValueSpecification","valueRequired":true,"valueName":"search_term_string"}}],"inLanguage":"eu"},{"@type":"Organization","@id":"https:\/\/bmf-fvm.org\/#organization","name":"Federaci\u00f3n Vizca\u00edna de Monta\u00f1a","url":"https:\/\/bmf-fvm.org\/","logo":{"@type":"ImageObject","inLanguage":"eu","@id":"https:\/\/bmf-fvm.org\/#\/schema\/logo\/image\/","url":"https:\/\/bmf-fvm.org\/wp-content\/uploads\/2022\/03\/bmf-logo-trans.png","contentUrl":"https:\/\/bmf-fvm.org\/wp-content\/uploads\/2022\/03\/bmf-logo-trans.png","width":41,"height":61,"caption":"Federaci\u00f3n Vizca\u00edna de Monta\u00f1a"},"image":{"@id":"https:\/\/bmf-fvm.org\/#\/schema\/logo\/image\/"},"sameAs":["https:\/\/facebook.com\/pages\/Bmf-Fvm\/597553177057267"]}]}},"_links":{"self":[{"href":"https:\/\/bmf-fvm.org\/eu\/wp-json\/wp\/v2\/pages\/86468","targetHints":{"allow":["GET"]}}],"collection":[{"href":"https:\/\/bmf-fvm.org\/eu\/wp-json\/wp\/v2\/pages"}],"about":[{"href":"https:\/\/bmf-fvm.org\/eu\/wp-json\/wp\/v2\/types\/page"}],"author":[{"embeddable":true,"href":"https:\/\/bmf-fvm.org\/eu\/wp-json\/wp\/v2\/users\/1"}],"replies":[{"embeddable":true,"href":"https:\/\/bmf-fvm.org\/eu\/wp-json\/wp\/v2\/comments?post=86468"}],"version-history":[{"count":0,"href":"https:\/\/bmf-fvm.org\/eu\/wp-json\/wp\/v2\/pages\/86468\/revisions"}],"up":[{"embeddable":true,"href":"https:\/\/bmf-fvm.org\/eu\/wp-json\/wp\/v2\/pages\/80421"}],"wp:attachment":[{"href":"https:\/\/bmf-fvm.org\/eu\/wp-json\/wp\/v2\/media?parent=86468"}],"curies":[{"name":"wp","href":"https:\/\/api.w.org\/{rel}","templated":true}]}}