{"id":84191,"date":"2022-04-06T11:13:49","date_gmt":"2022-04-06T09:13:49","guid":{"rendered":"https:\/\/bmf-fvm.org\/?page_id=84191"},"modified":"2023-02-01T14:20:16","modified_gmt":"2023-02-01T13:20:16","slug":"pribatutasun-politika","status":"publish","type":"page","link":"https:\/\/bmf-fvm.org\/eu\/pribatutasun-politika\/","title":{"rendered":"Pribatutasun politika"},"content":{"rendered":"<div class=\"wpb-content-wrapper\"><p>[vc_row][vc_column][vc_column_text]<\/p>\n<h3>NOR DA ZURE DATUEN TRATAMENDUAREN ARDURADUNA?<\/h3>\n<ul>\n<li>Entitatearen izena: <strong>FEDERACI\u00d3N VIZCAINA DE MONTA\u00d1A &#8211; BIZKAIKO MENDIZALE FEDERAZIOA<\/strong><\/li>\n<li>IFK\/IFZ: <strong>G48200208<\/strong><\/li>\n<li>Egoitza soziala: <strong>Mart\u00edn Barua Picaza kalea, 27 &#8211; 4\u00ba, 48003 Bilbao (Bizkaia)<\/strong><\/li>\n<li>Eusko Jaurlaritzako Kirol Erakundeen erregistroan inskribatua: 35.erregiztro zenbakia<\/li>\n<li>Telefonoa: <strong>944431734<\/strong><\/li>\n<li>Helbide elektronikoa: <strong>info@bmf-fvm.org<\/strong><\/li>\n<\/ul>\n<h3>ZER XEDETARAKO TRATATZEN DITUGU ZURE DATU PERTSONALAK?<\/h3>\n<p>679\/2026 (EB) Erregelamenduan eta Datu Pertsonalak Babesteari eta Eskubide Digitalak Bermatzeari buruzko abenduaren 5eko 3\/2018 Lege organikoan xedatutakoaren arabera, jakinarazten dizugu ematen dizkiguzun datu pertsonalak, baita gure arteko harremanean sortzen direnak ere, honako helburu hauetarako erabiliko direla:<\/p>\n<ul>\n<li>Planteatzen diren eskakizunei erantzuteko.<\/li>\n<li>FEDERACI\u00d3N VIZCAINA DE MONTA\u00d1A &#8211; BIZKAIKO MENDIZALE FEDERAZIOAren zerbitzuen gaineko informazioa helarazteko, posta elektroniko edo komunikabide elektroniko baliokideren baten (SMSak) bidezko merkataritza-jakinarazpenak barne.<\/li>\n<li>Zozketa eta sustapen komertzialetan zure parte-hartzea ahalbidetzeko.<\/li>\n<li>Curriculuma bidaliz gero, zure hautagaitza langileen aukeraketa-prozesuetan behar bezala baloratzeko.<\/li>\n<li>Zuk adierazitako bideen bitartez interesgarri izan dakizkizukeen jakinarazpenak bidaltzeko, erakundeak garatzen dituen jarduerekin lotuta.<\/li>\n<li>Kontsulta, erreklamazio eta iradokizunei erantzuteko, eta edozein motatako komunikazio-ekintzak gauzatzeko.<\/li>\n<li>Erakundearen kontularitza-, zerga- eta administrazio-kudeaketa bideratzeko.<\/li>\n<\/ul>\n<h3>Zenbat denboraz gordeko ditugu zure datu pertsonalak?<\/h3>\n<p>Ematen diren datu pertsonalak gorde egingo dira interesdunak edo haren legezko ordezkariak horiek ezabatzeko eskatzen ez duen bitartean, baldin eta jaso edo erregistratu ziren uneko xedea lortzeko beharrezkoak edo egokiak badira \u2013aplika daitezkeen preskripzio-epeetan gordetzeko beharra barne\u2013.<\/p>\n<p>Datuen kontserbazioa FEDERACI\u00d3N VIZCAINA DE MONTA\u00d1A &#8211; BIZKAIKO MENDIZALE FEDERAZIOAk dituen legezko betebeharren araberakoa izango da. Aipatu epeak igarota, datuak suntsitu edo ezabatu egingo dira, euskarrietan jasota zegoen informazioa berreskuratu ezin izango dela bermatuta.<\/p>\n<h3>Legitimazioa<\/h3>\n<p>Interesdunak emandako baimena da datuen tratamenduaren legezko oinarria. Berariaz eta zalantzarik ez eragiteko moduan eskuratu behar da baimena, datuak jasoko dituzten dokumentu eta inprimakiak bete eta bidaliz \u2013paper zein formatu elektronikoan\u2013. Datuak jasotzen dituen erakundearen dokumentu guztiek klausula informatiboak dituzte, datuak babesteko araudian xedatutakoa betez; horien bidez, baimena berariaz adierazten du interesdunak, dokumentuak sinatuta edota webgunean dauden inprimakiak bidalita.<\/p>\n<p>Tratamendua zilegi izango da, baita, kontratu bat egikaritzeko edo interesdunei eskaintzen zaizkien zerbitzuetako bat emateko beharrezkoa denean, baldin eta interesdunak haren parte badira edo, haiek eskatuta, kontratu aurreko neurriak ezarri behar badira (DBEOren 6.1.a eta b artikuluak).<br \/>\nFEDERACI\u00d3N VIZCAINA DE MONTA\u00d1A &#8211; BIZKAIKO MENDIZALE FEDERAZIOA legitimatuta dago, baita, berezko dituen betebehar legalak betetzeko eta interes legitimoak asetzeko, betiere horien gainetik interesdunen interes edo oinarrizko eskubideak gailentzen ez badira.<\/p>\n<p>Legitimazioaren kausa edozein dela ere, baimena edozein momentutan ezezta daiteke.<\/p>\n<h3>Nori jakinaraziko zaizkio zure datuak?<\/h3>\n<p>Datu horiek zure baimenik gabe ez zaizkio beste ezein erakunderi lagako, legez aurreikusitako kasuetan izan ezik. Hori dela eta, baimena berariaz eskatuko da datuak beste edozein erakunderi laga baino lehen.<\/p>\n<p>Baimendutako xedeak kudeatzeko, datuak jakinarazi ahal izango zaizkie FEDERACI\u00d3N VIZCAINA DE MONTA\u00d1A &#8211; BIZKAIKO MENDIZALE FEDERAZIOArekin eta hark ematen dituen zerbitzuekin lotura zuzena duten erakunde edo pertsonei. Era berean, zure informazio pertsonala administrazio publikoen, epaileen eta auzitegien esku ere egongo da, tratamenduaren ondorioz sor litezkeen erantzukizunei aurre egiteko, betiere lagapenak legearen babespean badaude.<\/p>\n<p>Zure datuak jakinarazi ahalko zaizkie, baita, nolabaiteko zerbitzuak (aholkularitza, mantentze informatikoa, marketina, prestakuntza edo ikuskaritza) ematen dizkiguten enpresei. Erakunde horiek aipatu zerbitzuak emateko beharrezkoa den informazio pertsonalerako sarbidea izango dute soilik, eta, horretarako, \u00abtratamendu-eragile\u00bb kontratu bat izan beharko dute, zeinetan jasota egongo baita, konfidentzialtasuna bermatuta, ezin izango dutela informazioa beste helburu batzuetarako erabili eta informazioaren osotasun eta eskuragarritasuna bermatzeko neurriak ezarriko dituztela.<\/p>\n<p>Ez da datuen nazioarteko transferentziarik aurreikusi, ez Europar Batasunetik kanpora, ez EB 679\/2016 erregelamenduan xedatutako datuen babesari buruzko estandarrak betetzen ez dituzten erakundeetara.<\/p>\n<h3>Zein da datuen jatorria?<\/h3>\n<p>FEDERACI\u00d3N VIZCAINA DE MONTA\u00d1A &#8211; BIZKAIKO MENDIZALE FEDERAZIOAk tratatzen dituen datu pertsonalak interesdunak berak emandakoak dira, edota publikoarentzat eskuragarri dagoen beste iturri batetatik eskuratutakoak.<\/p>\n<h3>Zer datu kategoria tratatzen ditu FEDERACI\u00d3N VIZCAINA DE MONTA\u00d1A &#8211; BIZKAIKO MENDIZALE FEDERAZIOAk?<\/h3>\n<p>FEDERACI\u00d3N VIZCAINA DE MONTA\u00d1A &#8211; BIZKAIKO MENDIZALE FEDERAZIOAk tratatuko ditu zuk ematen dituzun datuak, zeinak honako kategoria hauetakoak izan baitaitezke:<\/p>\n<ul>\n<li>Identifikazio-datuak eta helbideak<\/li>\n<li>Ikasketei eta lanbideari buruzko datuak<\/li>\n<li>Enpleguaren xehetasunei buruzko datuak<\/li>\n<li>Ekonomia- eta finantza-datuak eta aseguruei buruzkoak<\/li>\n<li>Merkataritza-informazioa<\/li>\n<\/ul>\n<h3>Zer eskubide dituzu?<\/h3>\n<p>Edozein pertsonak du eskubidea FEDERACI\u00d3N VIZCAINA DE MONTA\u00d1A &#8211; BIZKAIKO MENDIZALE FEDERAZIOAk berari buruzko datu pertsonalak tratatzen dituen ala ez egiaztatzeko.<\/p>\n<p>Interesdunek eskubidea dute beren datu pertsonalak eskuratzeko eta tratamenduaren xede diren datu pertsonalen kopia bat jasotzeko. Eskubidea dute datuak eguneratzeko, baita datu okerrak zuzendu daitezela eskatzeko, edo, hala badagokio, ezaba daitezela eskatzeko ere, besteak beste, datuak dagoeneko ez badira beharrezkoak horiek jasotzea eragin zuen xederako.<\/p>\n<p>Kasu jakin batzuetan, interesdunek beren datuak tratatzearen kontra egin dezakete, beren egoera zehatzarekin lotutako arrazoiengatik. FEDERACI\u00d3N VIZCAINA DE MONTA\u00d1A &#8211; BIZKAIKO MENDIZALE FEDERAZIOAk datuak tratatzeari utziko dio, salbu eta ezinbesteko arrazoi legitimoengatik kontrakoa egiteko aukera duenean, edo izan litezkeen erreklamazioak egikaritu edo horien aurrean defendatzeko.<\/p>\n<p>Egoera jakin batzuetan, DBEOren 18. artikuluan aurreikusita daudenetan, interesdunek beren datuen tratamendua mugatzeko eskatu ahal izango dute. Horrelakoetan, FEDERACI\u00d3N VIZCAINA DE MONTA\u00d1A &#8211; BIZKAIKO MENDIZALE FEDERAZIOAk datuak tratatu egingo ditu, gorde gabe, interesdunaren baimenarekin edo erreklamazioak egin, egikaritu edo defendatzeko, edo beste pertsona fisiko edo juridiko baten eskubideak babesteko, edo Batasunaren edo Estatu kide jakin baten interes publikoa bermatzeko.<\/p>\n<p>Datu pertsonalen tratamenduan, onlineko ingurunean datu pertsonalak ezabatzeko eta haien aurka egiteko eskubidea aplikatzen bada, ahazteko eskubidea dute interesdunek, EBko Justizia Auzitegiaren jurisprudentziaren arabera.<\/p>\n<p>Eramangarritasun-eskubideari dagokionez, interesdunek eskubidea dute beren datu pertsonalak irakurketa mekanikoa ahalbidetzen duen ohiko formatu batean eskuratzeko eta beste arduradun bati transmititzeko.<\/p>\n<p>Interesdun orok du eskubidea tratamendu automatizatu batean soilik oinarrituta dagoen eta ondorio juridikoak edo antzeko ondorio esanguratsuak dakarzkion erabaki baten objektu ez izateko, profilak egitea barne, salbu eta DBEOren 22.1. artikuluan aurreikusitako egoeretan.<\/p>\n<p>Interesdunak eskubidea dauka datuak ezabatzeko, dela datuak jaso edo tratatzeko arrazoia desagertu delako, dela tratamendua legitimatzen duen baimena ukatu duelako, dela DBEOren 17. artikuluan adierazitako gainerako arrazoiak eman direlako. Datuak ezabatzeko, euskarri automatizatuetan gordeta dauden datuen goi-mailako ezabatze-prozesua ezarriko da, edo\/eta automatizatuta ez dauden euskarriak fisikoki suntsituko dira.<\/p>\n<h3>Nola egikaritu daitezke eskubideak?<\/h3>\n<p>Idazkia bidali behar da goiburuan adierazitako helbideetara, NANaren edo interesdunaren nortasuna egiaztatzeko balio duen agiri baten kopiarekin batera.<\/p>\n<h3>Nola egin daiteke erreklamazioa?<\/h3>\n<p>Zure eskubideak behar bezala errespetatu ez direla uste baduzu, eskubidea duzu Datuak Babesteko Espainiako Agentziaren aurrean erreklamazio bat aurkezteko. Hona hemen harremanetarako datuak: Telefonoak: 901 100 099 \/ 912 663 517. Posta-helbidea: Jorge Juan 6, Madril.[\/vc_column_text][\/vc_column][\/vc_row]<\/p>\n<\/div>","protected":false},"excerpt":{"rendered":"<p>[vc_row][vc_column][vc_column_text] NOR DA ZURE DATUEN TRATAMENDUAREN ARDURADUNA? Entitatearen izena: FEDERACI\u00d3N VIZCAINA DE MONTA\u00d1A &#8211; BIZKAIKO MENDIZALE FEDERAZIOA IFK\/IFZ: G48200208 Egoitza&hellip;<\/p>\n","protected":false},"author":1,"featured_media":0,"parent":0,"menu_order":22,"comment_status":"closed","ping_status":"open","template":"","meta":{"_acf_changed":false,"footnotes":""},"class_list":["post-84191","page","type-page","status-publish","hentry"],"acf":[],"yoast_head":"<!-- This site is optimized with the Yoast SEO plugin v27.3 - https:\/\/yoast.com\/product\/yoast-seo-wordpress\/ -->\n<title>Pribatutasun politika - Bizkaiko Mendizale Federazioa<\/title>\n<meta name=\"robots\" content=\"index, follow, max-snippet:-1, max-image-preview:large, max-video-preview:-1\" \/>\n<link rel=\"canonical\" href=\"https:\/\/bmf-fvm.org\/eu\/pribatutasun-politika\/\" \/>\n<meta property=\"og:locale\" content=\"en_US\" \/>\n<meta property=\"og:type\" content=\"article\" \/>\n<meta property=\"og:title\" content=\"Pribatutasun politika - Bizkaiko Mendizale Federazioa\" \/>\n<meta property=\"og:description\" content=\"[vc_row][vc_column][vc_column_text] NOR DA ZURE DATUEN TRATAMENDUAREN ARDURADUNA? Entitatearen izena: FEDERACI\u00d3N VIZCAINA DE MONTA\u00d1A &#8211; BIZKAIKO MENDIZALE FEDERAZIOA IFK\/IFZ: G48200208 Egoitza&hellip;\" \/>\n<meta property=\"og:url\" content=\"https:\/\/bmf-fvm.org\/eu\/pribatutasun-politika\/\" \/>\n<meta property=\"og:site_name\" content=\"Bizkaiko Mendizale Federazioa\" \/>\n<meta property=\"article:publisher\" content=\"https:\/\/facebook.com\/pages\/Bmf-Fvm\/597553177057267\" \/>\n<meta property=\"article:modified_time\" content=\"2023-02-01T13:20:16+00:00\" \/>\n<meta property=\"og:image\" content=\"https:\/\/bmf-fvm.org\/wp-content\/uploads\/2022\/04\/bmf-fb-logo.jpg\" \/>\n\t<meta property=\"og:image:width\" content=\"200\" \/>\n\t<meta property=\"og:image:height\" content=\"200\" \/>\n\t<meta property=\"og:image:type\" content=\"image\/jpeg\" \/>\n<meta name=\"twitter:card\" content=\"summary_large_image\" \/>\n<meta name=\"twitter:label1\" content=\"Est. reading time\" \/>\n\t<meta name=\"twitter:data1\" content=\"5 minutua\" \/>\n<script type=\"application\/ld+json\" class=\"yoast-schema-graph\">{\"@context\":\"https:\\\/\\\/schema.org\",\"@graph\":[{\"@type\":\"WebPage\",\"@id\":\"https:\\\/\\\/bmf-fvm.org\\\/eu\\\/pribatutasun-politika\\\/\",\"url\":\"https:\\\/\\\/bmf-fvm.org\\\/eu\\\/pribatutasun-politika\\\/\",\"name\":\"Pribatutasun politika - Bizkaiko Mendizale Federazioa\",\"isPartOf\":{\"@id\":\"https:\\\/\\\/bmf-fvm.org\\\/#website\"},\"datePublished\":\"2022-04-06T09:13:49+00:00\",\"dateModified\":\"2023-02-01T13:20:16+00:00\",\"breadcrumb\":{\"@id\":\"https:\\\/\\\/bmf-fvm.org\\\/eu\\\/pribatutasun-politika\\\/#breadcrumb\"},\"inLanguage\":\"eu\",\"potentialAction\":[{\"@type\":\"ReadAction\",\"target\":[\"https:\\\/\\\/bmf-fvm.org\\\/eu\\\/pribatutasun-politika\\\/\"]}]},{\"@type\":\"BreadcrumbList\",\"@id\":\"https:\\\/\\\/bmf-fvm.org\\\/eu\\\/pribatutasun-politika\\\/#breadcrumb\",\"itemListElement\":[{\"@type\":\"ListItem\",\"position\":1,\"name\":\"Portada\",\"item\":\"https:\\\/\\\/bmf-fvm.org\\\/eu\\\/\"},{\"@type\":\"ListItem\",\"position\":2,\"name\":\"Pribatutasun politika\"}]},{\"@type\":\"WebSite\",\"@id\":\"https:\\\/\\\/bmf-fvm.org\\\/#website\",\"url\":\"https:\\\/\\\/bmf-fvm.org\\\/\",\"name\":\"Bizkaiko Mendizale Federazioa\",\"description\":\"Bizkaiko Mendizale Federazioa\",\"publisher\":{\"@id\":\"https:\\\/\\\/bmf-fvm.org\\\/#organization\"},\"potentialAction\":[{\"@type\":\"SearchAction\",\"target\":{\"@type\":\"EntryPoint\",\"urlTemplate\":\"https:\\\/\\\/bmf-fvm.org\\\/?s={search_term_string}\"},\"query-input\":{\"@type\":\"PropertyValueSpecification\",\"valueRequired\":true,\"valueName\":\"search_term_string\"}}],\"inLanguage\":\"eu\"},{\"@type\":\"Organization\",\"@id\":\"https:\\\/\\\/bmf-fvm.org\\\/#organization\",\"name\":\"Federaci\u00f3n Vizca\u00edna de Monta\u00f1a\",\"url\":\"https:\\\/\\\/bmf-fvm.org\\\/\",\"logo\":{\"@type\":\"ImageObject\",\"inLanguage\":\"eu\",\"@id\":\"https:\\\/\\\/bmf-fvm.org\\\/#\\\/schema\\\/logo\\\/image\\\/\",\"url\":\"https:\\\/\\\/bmf-fvm.org\\\/wp-content\\\/uploads\\\/2022\\\/03\\\/bmf-logo-trans.png\",\"contentUrl\":\"https:\\\/\\\/bmf-fvm.org\\\/wp-content\\\/uploads\\\/2022\\\/03\\\/bmf-logo-trans.png\",\"width\":41,\"height\":61,\"caption\":\"Federaci\u00f3n Vizca\u00edna de Monta\u00f1a\"},\"image\":{\"@id\":\"https:\\\/\\\/bmf-fvm.org\\\/#\\\/schema\\\/logo\\\/image\\\/\"},\"sameAs\":[\"https:\\\/\\\/facebook.com\\\/pages\\\/Bmf-Fvm\\\/597553177057267\"]}]}<\/script>\n<!-- \/ Yoast SEO plugin. -->","yoast_head_json":{"title":"Pribatutasun politika - Bizkaiko Mendizale Federazioa","robots":{"index":"index","follow":"follow","max-snippet":"max-snippet:-1","max-image-preview":"max-image-preview:large","max-video-preview":"max-video-preview:-1"},"canonical":"https:\/\/bmf-fvm.org\/eu\/pribatutasun-politika\/","og_locale":"en_US","og_type":"article","og_title":"Pribatutasun politika - Bizkaiko Mendizale Federazioa","og_description":"[vc_row][vc_column][vc_column_text] NOR DA ZURE DATUEN TRATAMENDUAREN ARDURADUNA? Entitatearen izena: FEDERACI\u00d3N VIZCAINA DE MONTA\u00d1A &#8211; BIZKAIKO MENDIZALE FEDERAZIOA IFK\/IFZ: G48200208 Egoitza&hellip;","og_url":"https:\/\/bmf-fvm.org\/eu\/pribatutasun-politika\/","og_site_name":"Bizkaiko Mendizale Federazioa","article_publisher":"https:\/\/facebook.com\/pages\/Bmf-Fvm\/597553177057267","article_modified_time":"2023-02-01T13:20:16+00:00","og_image":[{"width":200,"height":200,"url":"https:\/\/bmf-fvm.org\/wp-content\/uploads\/2022\/04\/bmf-fb-logo.jpg","type":"image\/jpeg"}],"twitter_card":"summary_large_image","twitter_misc":{"Est. reading time":"5 minutua"},"schema":{"@context":"https:\/\/schema.org","@graph":[{"@type":"WebPage","@id":"https:\/\/bmf-fvm.org\/eu\/pribatutasun-politika\/","url":"https:\/\/bmf-fvm.org\/eu\/pribatutasun-politika\/","name":"Pribatutasun politika - Bizkaiko Mendizale Federazioa","isPartOf":{"@id":"https:\/\/bmf-fvm.org\/#website"},"datePublished":"2022-04-06T09:13:49+00:00","dateModified":"2023-02-01T13:20:16+00:00","breadcrumb":{"@id":"https:\/\/bmf-fvm.org\/eu\/pribatutasun-politika\/#breadcrumb"},"inLanguage":"eu","potentialAction":[{"@type":"ReadAction","target":["https:\/\/bmf-fvm.org\/eu\/pribatutasun-politika\/"]}]},{"@type":"BreadcrumbList","@id":"https:\/\/bmf-fvm.org\/eu\/pribatutasun-politika\/#breadcrumb","itemListElement":[{"@type":"ListItem","position":1,"name":"Portada","item":"https:\/\/bmf-fvm.org\/eu\/"},{"@type":"ListItem","position":2,"name":"Pribatutasun politika"}]},{"@type":"WebSite","@id":"https:\/\/bmf-fvm.org\/#website","url":"https:\/\/bmf-fvm.org\/","name":"Bizkaiko Mendizale Federazioa","description":"Bizkaiko Mendizale Federazioa","publisher":{"@id":"https:\/\/bmf-fvm.org\/#organization"},"potentialAction":[{"@type":"SearchAction","target":{"@type":"EntryPoint","urlTemplate":"https:\/\/bmf-fvm.org\/?s={search_term_string}"},"query-input":{"@type":"PropertyValueSpecification","valueRequired":true,"valueName":"search_term_string"}}],"inLanguage":"eu"},{"@type":"Organization","@id":"https:\/\/bmf-fvm.org\/#organization","name":"Federaci\u00f3n Vizca\u00edna de Monta\u00f1a","url":"https:\/\/bmf-fvm.org\/","logo":{"@type":"ImageObject","inLanguage":"eu","@id":"https:\/\/bmf-fvm.org\/#\/schema\/logo\/image\/","url":"https:\/\/bmf-fvm.org\/wp-content\/uploads\/2022\/03\/bmf-logo-trans.png","contentUrl":"https:\/\/bmf-fvm.org\/wp-content\/uploads\/2022\/03\/bmf-logo-trans.png","width":41,"height":61,"caption":"Federaci\u00f3n Vizca\u00edna de Monta\u00f1a"},"image":{"@id":"https:\/\/bmf-fvm.org\/#\/schema\/logo\/image\/"},"sameAs":["https:\/\/facebook.com\/pages\/Bmf-Fvm\/597553177057267"]}]}},"_links":{"self":[{"href":"https:\/\/bmf-fvm.org\/eu\/wp-json\/wp\/v2\/pages\/84191","targetHints":{"allow":["GET"]}}],"collection":[{"href":"https:\/\/bmf-fvm.org\/eu\/wp-json\/wp\/v2\/pages"}],"about":[{"href":"https:\/\/bmf-fvm.org\/eu\/wp-json\/wp\/v2\/types\/page"}],"author":[{"embeddable":true,"href":"https:\/\/bmf-fvm.org\/eu\/wp-json\/wp\/v2\/users\/1"}],"replies":[{"embeddable":true,"href":"https:\/\/bmf-fvm.org\/eu\/wp-json\/wp\/v2\/comments?post=84191"}],"version-history":[{"count":0,"href":"https:\/\/bmf-fvm.org\/eu\/wp-json\/wp\/v2\/pages\/84191\/revisions"}],"wp:attachment":[{"href":"https:\/\/bmf-fvm.org\/eu\/wp-json\/wp\/v2\/media?parent=84191"}],"curies":[{"name":"wp","href":"https:\/\/api.w.org\/{rel}","templated":true}]}}