{"id":80661,"date":"2013-05-15T11:17:59","date_gmt":"2013-05-15T09:17:59","guid":{"rendered":"https:\/\/bmf-fvm.org\/segurtasuna\/ley-de-tasas\/"},"modified":"2023-02-03T17:40:21","modified_gmt":"2023-02-03T16:40:21","slug":"ley-de-tasas","status":"publish","type":"page","link":"https:\/\/bmf-fvm.org\/eu\/segurtasuna\/ley-de-tasas\/","title":{"rendered":"Tasa Legea"},"content":{"rendered":"<div class=\"wpb-content-wrapper\"><p>[vc_row][vc_column][vc_column_text]<\/p>\n<h2>Honako hauek tasaren eraginpean egongo dira<\/h2>\n<h3>Arrisku-kirolak.<\/h3>\n<p>Bilaketa-, erreskate- edo salbamendu-lanak pertsonentzat arriskutsu diren jolas- edo kirol-jarduerak egitearen ondorio direnean.<\/p>\n<p>Gogoratu behar da mendizaletasuna edota perretxikotan joatea, esaterako, ez daudela arrisku-kirol edo -jarduera gisa katalogatuta; horrenbestez, kasu horietan ez da tasarik kobratuko, ezpada eguraldi txarra dagoenean egin direla (betiere Larrialdiei Aurre Egiteko eta Meteorologiako Zuzendaritzak alerta laranja edo gorria aktibatu badu euriagatik, haizeagatik, elurragatik, olatu altuengatik, etab.).<\/p>\n<h3>Eusko Jaurlaritzak honako hauek katalogatu ditu arrisku-kirol gisa:<\/h3>\n<p>Urpekaritza, igeriketa-zeharkaldiak, windsurfa, flysurfa, uretako eskia, wakeboarda, wakesurfa, skurferra, uretako motoak, bodyboarda, surfa, raftinga, hydrospeeda, piraguismoa, arraunketa, arroilen eta troken jaitsiera, zubi-saltoa, goma-saltoa, kite buggya, quadak, eskalada, kirol-espeleologia edo \u00abespeleismoa\u00bb, mendiko bizikleta babes-kaskorik gabe, moto-krosa, mendiko motordun ibilgailuak, raid eta trec diziplinetako hipika, zaldizko turismo eta ibilaldiak, eskia, snowboarda, elurretako motoak, paraskia, snowbikea, mushinga, skibikea, aerostazioa, parakaidismoa, base-jauzia, hegaldiak ultrarinetan, hegaldiak motordun aparatuetan, parapentea, delta hegala eta parasailinga.<\/p>\n<h3>Gune arriskutsuak edo sarbide mugatua dutenak.<\/h3>\n<p>Bilaketa-, erreskate- edo salbamendu-lanak arrisku-seinalea jarrita dagoen lekuetan edo sarbidea mugatuta edo debekatuta dutenetan egiten direnean ordaindu egin beharko da.<\/p>\n<h3>Eguraldi txarra.<\/h3>\n<p>Bilaketa-, erreskate- edo salbamendu-lanak aurkako fenomeno meteorologikoen ondoriozko alerta laranja edo gorria dagoela egiten direnean, jarduera batzuk arriskutsuago bihur ditzakeen aurkako meteorologia egoeretan ere ordaindu egin beharko da. Mendizaletasuna edo perretxikotan joatea ez dira arrisku-jarduerak. Hala ere, alerta laranja edo gorria izanik erreskate-lanak egin behar izanez gero, tasa ordaindu beharko da.<\/p>\n<h3>Arriskua dagoela simulatzea.<\/h3>\n<p>Zerbitzua objektiboki justifikatutako arrazoirik gabe eskatzen denean edo arriskua dagoelako itxurak egiten direnean ordaindu egin beharko da.<\/p>\n<h2>Honako hauek ez dira tasaren eraginpean egongo:<\/h2>\n<ol>\n<li>Katastrofe edo hondamendi publikoko egoeretanEz da pertsonen bilaketa-, erreskate- edo salbamendu-zerbitzuak emateagatiko tasarik ordaindu behar izango katastrofe edo hondamendi publikoko egoeretan, edota zerbitzu horiek interes orokorreko arrazoiengatik, eta ez partikularren edo ondasun jakinen mesedetan, ematen direnean.<\/li>\n<li>Itsasontziak edo itsasoaEz da tasa ordaindu beharrik izango itsasoan pertsonak salbatzeagatik edo itsasontziak erreskatatzeagatik, legedi espezifikoan eta nazioarteko hitzarmenetan aurrez ikusita dauden kasuetan.<\/li>\n<li>BoluntarioakInolaz ere ez da bilaketa-, erreskate- edo salbamendu-zerbitzuak emateagatiko tasarik ordaindu behar izango lanok boluntarioak egin badituzte. Tasa aplikatuko da soilik zerbitzu profesionalak erabili behar izan direnean.<\/li>\n<li>Urritasunak eta hildakoakOrdaindu behar izatetik salbuetsita egongo dira edozein motatako anomalia, urritasun edo nahasmendu psikikoa duten pertsonak, 16 urtetik beherakoak eta erreskatean, horren aurreko fasean edo ondorengo fasean hildako pertsonak, betiere heriotza gertatu bada bilaketa-, erreskate- edo salbamendu-zerbitzuak mugiarazi dituen kausen ondorio gisa.<\/li>\n<\/ol>\n<h2>Euro\/orduko tarifa<\/h2>\n<p>Kuota zehazteko, bi faktore hartuko dira kontuan: batetik, zerbitzua emateko erabilitako profesionalen eta bitarteko materialen kopurua, eta, bestetik, profesional edo bitarteko material bakoitzak zerbitzua ematen igarotako denbora. Zenbateko hauek hitzartu dira:<\/p>\n<ul>\n<li>37,08 \u20ac zerbitzuan parte hartu duen agente bakoitzeko.<\/li>\n<li>39,14 \u20ac ibilgailu bakoitzeko.<\/li>\n<li>2.155,79 \u20ac helikoptero bakoitzeko.<\/li>\n<li>394,49 \u20ac parte hartu duen itsasontziak 18 metro baino gutxiagoko luzera badu.<\/li>\n<li>2.077,51 \u20ac parte hartu duen itsasontziak 18 metro baino gehiagoko luzera badu.<\/li>\n<\/ul>\n<p>Ordu-zatikien kasuan, tarifaren zenbatekoak modu proportzionalean aplikatuko dira. Gehienez ere lau orduko tartea likidatuko da.<\/p>\n<h2>Hausnarketa<\/h2>\n<p>Arrisku-kirolak praktikatzen duten pertsonak, federazioan elkartuta egotea komenigarria da ez bakarrik erreskatatze baten gastuei aurre egiteko, baizik eta Federazioa den bezala komunitate espezializatu batean izatea, informaziorako sarbidea errazten du, heziketa eta praktikatuko den arriskuko jarduerara berezko hornikuntzetara barne.<\/p>\n<h2>Esteka interesgarriak<\/h2>\n<ul>\n<li>5\/2011 Legea, abenduaren 22koa, Euskal Autonomia Erkidegoko Administrazioaren Tasa eta Prezio Publikoei buruzko Legea aldatzeko dena (2011ko abenduaren 28ko. EHAA 245. zk., 14. eta 16. bitarteko orrialdeak).<\/li>\n<li>Euskal Autonomia Erkidegoko Administrazioaren Tasa eta Prezio Publikoei buruzko Legearen eguneratze berria, abenduaren 23ko, Euskal Autonomia Erkidegoko 2012. urteko Aurrekontu Orokorrak onartzen dituenean jasota (2011ko abenduaren 30ko. EHAA 247. zk., 16. eta 17. orrialdeak).<\/li>\n<\/ul>\n<p>[\/vc_column_text][\/vc_column][\/vc_row]<\/p>\n<\/div>","protected":false},"excerpt":{"rendered":"<p>[vc_row][vc_column][vc_column_text] Honako hauek tasaren eraginpean egongo dira Arrisku-kirolak. Bilaketa-, erreskate- edo salbamendu-lanak pertsonentzat arriskutsu diren jolas- edo kirol-jarduerak egitearen ondorio&hellip;<\/p>\n","protected":false},"author":1,"featured_media":0,"parent":80571,"menu_order":0,"comment_status":"closed","ping_status":"closed","template":"","meta":{"_acf_changed":false,"footnotes":""},"class_list":["post-80661","page","type-page","status-publish","hentry","seccion-segurtasuna"],"acf":[],"yoast_head":"<!-- This site is optimized with the Yoast SEO plugin v27.3 - https:\/\/yoast.com\/product\/yoast-seo-wordpress\/ -->\n<title>Tasa Legea - Bizkaiko Mendizale Federazioa<\/title>\n<meta name=\"robots\" content=\"index, follow, max-snippet:-1, max-image-preview:large, max-video-preview:-1\" \/>\n<link rel=\"canonical\" href=\"https:\/\/bmf-fvm.org\/eu\/segurtasuna\/ley-de-tasas\/\" \/>\n<meta property=\"og:locale\" content=\"en_US\" \/>\n<meta property=\"og:type\" content=\"article\" \/>\n<meta property=\"og:title\" content=\"Tasa Legea - Bizkaiko Mendizale Federazioa\" \/>\n<meta property=\"og:description\" content=\"[vc_row][vc_column][vc_column_text] Honako hauek tasaren eraginpean egongo dira Arrisku-kirolak. Bilaketa-, erreskate- edo salbamendu-lanak pertsonentzat arriskutsu diren jolas- edo kirol-jarduerak egitearen ondorio&hellip;\" \/>\n<meta property=\"og:url\" content=\"https:\/\/bmf-fvm.org\/eu\/segurtasuna\/ley-de-tasas\/\" \/>\n<meta property=\"og:site_name\" content=\"Bizkaiko Mendizale Federazioa\" \/>\n<meta property=\"article:publisher\" content=\"https:\/\/facebook.com\/pages\/Bmf-Fvm\/597553177057267\" \/>\n<meta property=\"article:modified_time\" content=\"2023-02-03T16:40:21+00:00\" \/>\n<meta property=\"og:image\" content=\"https:\/\/bmf-fvm.org\/wp-content\/uploads\/2022\/04\/bmf-fb-logo.jpg\" \/>\n\t<meta property=\"og:image:width\" content=\"200\" \/>\n\t<meta property=\"og:image:height\" content=\"200\" \/>\n\t<meta property=\"og:image:type\" content=\"image\/jpeg\" \/>\n<meta name=\"twitter:card\" content=\"summary_large_image\" \/>\n<meta name=\"twitter:label1\" content=\"Est. reading time\" \/>\n\t<meta name=\"twitter:data1\" content=\"3 minutua\" \/>\n<script type=\"application\/ld+json\" class=\"yoast-schema-graph\">{\"@context\":\"https:\\\/\\\/schema.org\",\"@graph\":[{\"@type\":\"WebPage\",\"@id\":\"https:\\\/\\\/bmf-fvm.org\\\/eu\\\/segurtasuna\\\/ley-de-tasas\\\/\",\"url\":\"https:\\\/\\\/bmf-fvm.org\\\/eu\\\/segurtasuna\\\/ley-de-tasas\\\/\",\"name\":\"Tasa Legea - Bizkaiko Mendizale Federazioa\",\"isPartOf\":{\"@id\":\"https:\\\/\\\/bmf-fvm.org\\\/#website\"},\"datePublished\":\"2013-05-15T09:17:59+00:00\",\"dateModified\":\"2023-02-03T16:40:21+00:00\",\"breadcrumb\":{\"@id\":\"https:\\\/\\\/bmf-fvm.org\\\/eu\\\/segurtasuna\\\/ley-de-tasas\\\/#breadcrumb\"},\"inLanguage\":\"eu\",\"potentialAction\":[{\"@type\":\"ReadAction\",\"target\":[\"https:\\\/\\\/bmf-fvm.org\\\/eu\\\/segurtasuna\\\/ley-de-tasas\\\/\"]}]},{\"@type\":\"BreadcrumbList\",\"@id\":\"https:\\\/\\\/bmf-fvm.org\\\/eu\\\/segurtasuna\\\/ley-de-tasas\\\/#breadcrumb\",\"itemListElement\":[{\"@type\":\"ListItem\",\"position\":1,\"name\":\"Portada\",\"item\":\"https:\\\/\\\/bmf-fvm.org\\\/eu\\\/\"},{\"@type\":\"ListItem\",\"position\":2,\"name\":\"Segurtasuna\",\"item\":\"https:\\\/\\\/bmf-fvm.org\\\/eu\\\/segurtasuna\\\/\"},{\"@type\":\"ListItem\",\"position\":3,\"name\":\"Tasa Legea\"}]},{\"@type\":\"WebSite\",\"@id\":\"https:\\\/\\\/bmf-fvm.org\\\/#website\",\"url\":\"https:\\\/\\\/bmf-fvm.org\\\/\",\"name\":\"Bizkaiko Mendizale Federazioa\",\"description\":\"Bizkaiko Mendizale Federazioa\",\"publisher\":{\"@id\":\"https:\\\/\\\/bmf-fvm.org\\\/#organization\"},\"potentialAction\":[{\"@type\":\"SearchAction\",\"target\":{\"@type\":\"EntryPoint\",\"urlTemplate\":\"https:\\\/\\\/bmf-fvm.org\\\/?s={search_term_string}\"},\"query-input\":{\"@type\":\"PropertyValueSpecification\",\"valueRequired\":true,\"valueName\":\"search_term_string\"}}],\"inLanguage\":\"eu\"},{\"@type\":\"Organization\",\"@id\":\"https:\\\/\\\/bmf-fvm.org\\\/#organization\",\"name\":\"Federaci\u00f3n Vizca\u00edna de Monta\u00f1a\",\"url\":\"https:\\\/\\\/bmf-fvm.org\\\/\",\"logo\":{\"@type\":\"ImageObject\",\"inLanguage\":\"eu\",\"@id\":\"https:\\\/\\\/bmf-fvm.org\\\/#\\\/schema\\\/logo\\\/image\\\/\",\"url\":\"https:\\\/\\\/bmf-fvm.org\\\/wp-content\\\/uploads\\\/2022\\\/03\\\/bmf-logo-trans.png\",\"contentUrl\":\"https:\\\/\\\/bmf-fvm.org\\\/wp-content\\\/uploads\\\/2022\\\/03\\\/bmf-logo-trans.png\",\"width\":41,\"height\":61,\"caption\":\"Federaci\u00f3n Vizca\u00edna de Monta\u00f1a\"},\"image\":{\"@id\":\"https:\\\/\\\/bmf-fvm.org\\\/#\\\/schema\\\/logo\\\/image\\\/\"},\"sameAs\":[\"https:\\\/\\\/facebook.com\\\/pages\\\/Bmf-Fvm\\\/597553177057267\"]}]}<\/script>\n<!-- \/ Yoast SEO plugin. -->","yoast_head_json":{"title":"Tasa Legea - Bizkaiko Mendizale Federazioa","robots":{"index":"index","follow":"follow","max-snippet":"max-snippet:-1","max-image-preview":"max-image-preview:large","max-video-preview":"max-video-preview:-1"},"canonical":"https:\/\/bmf-fvm.org\/eu\/segurtasuna\/ley-de-tasas\/","og_locale":"en_US","og_type":"article","og_title":"Tasa Legea - Bizkaiko Mendizale Federazioa","og_description":"[vc_row][vc_column][vc_column_text] Honako hauek tasaren eraginpean egongo dira Arrisku-kirolak. Bilaketa-, erreskate- edo salbamendu-lanak pertsonentzat arriskutsu diren jolas- edo kirol-jarduerak egitearen ondorio&hellip;","og_url":"https:\/\/bmf-fvm.org\/eu\/segurtasuna\/ley-de-tasas\/","og_site_name":"Bizkaiko Mendizale Federazioa","article_publisher":"https:\/\/facebook.com\/pages\/Bmf-Fvm\/597553177057267","article_modified_time":"2023-02-03T16:40:21+00:00","og_image":[{"width":200,"height":200,"url":"https:\/\/bmf-fvm.org\/wp-content\/uploads\/2022\/04\/bmf-fb-logo.jpg","type":"image\/jpeg"}],"twitter_card":"summary_large_image","twitter_misc":{"Est. reading time":"3 minutua"},"schema":{"@context":"https:\/\/schema.org","@graph":[{"@type":"WebPage","@id":"https:\/\/bmf-fvm.org\/eu\/segurtasuna\/ley-de-tasas\/","url":"https:\/\/bmf-fvm.org\/eu\/segurtasuna\/ley-de-tasas\/","name":"Tasa Legea - Bizkaiko Mendizale Federazioa","isPartOf":{"@id":"https:\/\/bmf-fvm.org\/#website"},"datePublished":"2013-05-15T09:17:59+00:00","dateModified":"2023-02-03T16:40:21+00:00","breadcrumb":{"@id":"https:\/\/bmf-fvm.org\/eu\/segurtasuna\/ley-de-tasas\/#breadcrumb"},"inLanguage":"eu","potentialAction":[{"@type":"ReadAction","target":["https:\/\/bmf-fvm.org\/eu\/segurtasuna\/ley-de-tasas\/"]}]},{"@type":"BreadcrumbList","@id":"https:\/\/bmf-fvm.org\/eu\/segurtasuna\/ley-de-tasas\/#breadcrumb","itemListElement":[{"@type":"ListItem","position":1,"name":"Portada","item":"https:\/\/bmf-fvm.org\/eu\/"},{"@type":"ListItem","position":2,"name":"Segurtasuna","item":"https:\/\/bmf-fvm.org\/eu\/segurtasuna\/"},{"@type":"ListItem","position":3,"name":"Tasa Legea"}]},{"@type":"WebSite","@id":"https:\/\/bmf-fvm.org\/#website","url":"https:\/\/bmf-fvm.org\/","name":"Bizkaiko Mendizale Federazioa","description":"Bizkaiko Mendizale Federazioa","publisher":{"@id":"https:\/\/bmf-fvm.org\/#organization"},"potentialAction":[{"@type":"SearchAction","target":{"@type":"EntryPoint","urlTemplate":"https:\/\/bmf-fvm.org\/?s={search_term_string}"},"query-input":{"@type":"PropertyValueSpecification","valueRequired":true,"valueName":"search_term_string"}}],"inLanguage":"eu"},{"@type":"Organization","@id":"https:\/\/bmf-fvm.org\/#organization","name":"Federaci\u00f3n Vizca\u00edna de Monta\u00f1a","url":"https:\/\/bmf-fvm.org\/","logo":{"@type":"ImageObject","inLanguage":"eu","@id":"https:\/\/bmf-fvm.org\/#\/schema\/logo\/image\/","url":"https:\/\/bmf-fvm.org\/wp-content\/uploads\/2022\/03\/bmf-logo-trans.png","contentUrl":"https:\/\/bmf-fvm.org\/wp-content\/uploads\/2022\/03\/bmf-logo-trans.png","width":41,"height":61,"caption":"Federaci\u00f3n Vizca\u00edna de Monta\u00f1a"},"image":{"@id":"https:\/\/bmf-fvm.org\/#\/schema\/logo\/image\/"},"sameAs":["https:\/\/facebook.com\/pages\/Bmf-Fvm\/597553177057267"]}]}},"_links":{"self":[{"href":"https:\/\/bmf-fvm.org\/eu\/wp-json\/wp\/v2\/pages\/80661","targetHints":{"allow":["GET"]}}],"collection":[{"href":"https:\/\/bmf-fvm.org\/eu\/wp-json\/wp\/v2\/pages"}],"about":[{"href":"https:\/\/bmf-fvm.org\/eu\/wp-json\/wp\/v2\/types\/page"}],"author":[{"embeddable":true,"href":"https:\/\/bmf-fvm.org\/eu\/wp-json\/wp\/v2\/users\/1"}],"replies":[{"embeddable":true,"href":"https:\/\/bmf-fvm.org\/eu\/wp-json\/wp\/v2\/comments?post=80661"}],"version-history":[{"count":0,"href":"https:\/\/bmf-fvm.org\/eu\/wp-json\/wp\/v2\/pages\/80661\/revisions"}],"up":[{"embeddable":true,"href":"https:\/\/bmf-fvm.org\/eu\/wp-json\/wp\/v2\/pages\/80571"}],"wp:attachment":[{"href":"https:\/\/bmf-fvm.org\/eu\/wp-json\/wp\/v2\/media?parent=80661"}],"curies":[{"name":"wp","href":"https:\/\/api.w.org\/{rel}","templated":true}]}}