{"id":80659,"date":"2014-04-11T11:33:39","date_gmt":"2014-04-11T09:33:39","guid":{"rendered":"https:\/\/bmf-fvm.org\/segurtasuna\/informaciones-salidas-montana\/"},"modified":"2023-02-04T17:22:59","modified_gmt":"2023-02-04T16:22:59","slug":"informaciones-salidas-montana","status":"publish","type":"page","link":"https:\/\/bmf-fvm.org\/eu\/segurtasuna\/informaciones-salidas-montana\/","title":{"rendered":"Informaciones para las salidas de monta\u00f1a"},"content":{"rendered":"<div class=\"wpb-content-wrapper\"><p>[vc_row][vc_column][vc_column_text]<\/p>\n<h3>Objetivo<\/h3>\n<p>Conocer los aspectos a tener en cuenta ANTES, DURANTE y DESPUES de realizar una salida en los Clubes de Monta\u00f1a y facilitar herramientas e informaciones para ello.<\/p>\n<h3>Informaciones para las salidas de monta\u00f1a<\/h3>\n<h4>Previas a la salida<\/h4>\n<table class=\"table table-striped table-bordered\">\n<thead>\n<tr align=\"center\">\n<td><\/td>\n<th>D\u00f3nde conseguirla<\/th>\n<th>Recomendaciones<\/th>\n<\/tr>\n<\/thead>\n<tbody>\n<tr>\n<th>Seguro<\/th>\n<td><a href=\"https:\/\/emf.eus\/index?idioma=eu\" target=\"_blank\" rel=\"noopener\">EMF<\/a><\/td>\n<td>Copia en el club y en las salidas.<\/td>\n<\/tr>\n<tr>\n<th>Meteorolog\u00eda y nivolog\u00eda<\/th>\n<td>Internet: <a href=\"https:\/\/lameteoqueviene.blogspot.com.es\/\" target=\"_blank\" rel=\"noopener\">La meteo que viene<\/a>, <a href=\"https:\/\/www.aemet.es\/es\/portada\" target=\"_blank\" rel=\"noopener\">AEMET<\/a>, <a href=\"https:\/\/www.euskalmet.euskadi.eus\/hasiera\/\" target=\"_blank\" rel=\"noopener\">Euskalmet<\/a>, <a href=\"https:\/\/www.meteofrance.com\/accueil\" target=\"_blank\" rel=\"noopener\">Meteo France<\/a>, <a href=\"https:\/\/www.mountain-forecast.com\" target=\"_blank\" rel=\"noopener\">Mountain forecast<\/a>, <a href=\"https:\/\/www.eltiempo.es\/\" target=\"_blank\" rel=\"noopener\">El tiempo.es<\/a>. Preguntar en el refugio a otros monta\u00f1er@s, internet, autoridades<\/td>\n<td>Elaborar siempre un plan alternativo para casos de mal tiempo. Plan B: ruta alternativa. Plan C: turismo, etc. \u00daltimas novedades meteorol\u00f3gicas, nivol\u00f3gicas, etc, en el mismo lugar de la salida.<\/td>\n<\/tr>\n<tr>\n<th>Rutas<\/th>\n<td>Webs, blogs, libros, gu\u00edas, Google Earth y Wikiloc<\/td>\n<td>Tener en cuenta horarios, desnivel, dificultad, peligros\u2026<\/td>\n<\/tr>\n<tr>\n<td>Listado de participantes<\/td>\n<td><\/td>\n<td>Controlar exactamente cuantos van (bajas de \u00faltima hora\u2026<\/td>\n<\/tr>\n<tr>\n<th>Listado equipo necesario obligatorio (individual)<\/th>\n<td>Elaboraci\u00f3n en el club<\/td>\n<td>Elaborar y distribuir entre los participantes una para cada TIPO de salida.<\/td>\n<\/tr>\n<tr>\n<th>Listado equipo necesario obligatorio (general)<\/th>\n<td>Elaboraci\u00f3n en el club<\/td>\n<td>Elaborar una para cada TIPO de salida.<\/td>\n<\/tr>\n<tr>\n<th>Revisi\u00f3n oblogatorio (general e individual)<\/th>\n<td><\/td>\n<td>Repasar antes de salir y decidir qu\u00e9 hacer con los que no tienen lo obligatorio.<\/td>\n<\/tr>\n<tr>\n<th>Tel\u00e9fonos<\/th>\n<td>Elaboraci\u00f3n en el club<\/td>\n<td>Elaborar y distribuir un listado con los tel\u00e9fonos de los participantes y otros (albergue, emergencias&#8230;)<\/td>\n<\/tr>\n<tr>\n<th>Declaraci\u00f3n firmada<\/th>\n<td><a href=\"https:\/\/bmf-fvm.org\/eu\/segurtasuna\/fichas-para-los-clubes\/\">Fichas para clubs<\/a><\/td>\n<td>Archivarlo correctamente antes de la salida.<\/td>\n<\/tr>\n<tr>\n<th>Charla de seguridad<\/th>\n<td align=\"center\">=<\/td>\n<td>Recomendable antes de ir y Obligatorio antes de salir al monte<\/td>\n<\/tr>\n<tr>\n<th>Dec\u00e1logo autoprotecci\u00f3n<\/th>\n<td>=<\/td>\n<td>Entregarla cuando se apuntan y volver a leerlo antes de salir.<\/td>\n<\/tr>\n<tr>\n<th>Declaraci\u00f3n jurada<\/th>\n<td align=\"center\">=<\/td>\n<td>Archivarlo correctamente y llevar copias al autob\u00fas.<\/td>\n<\/tr>\n<tr>\n<th>Informaci\u00f3n m\u00e9dica<\/th>\n<td align=\"center\">=<\/td>\n<td>Archivarlo correctamente \u00a1CONFIDENCIAL!<\/td>\n<\/tr>\n<tr>\n<th>Plan emergencias<\/th>\n<td>=<\/td>\n<td>Archivar una copia y llevar otra a la salida.<\/td>\n<\/tr>\n<tr>\n<th>Reun\u00f3n previa<\/th>\n<td align=\"center\">=<\/td>\n<td>Previa a la salida.<\/td>\n<\/tr>\n<tr>\n<th>Otras informaciones \u00fatiles (Ley de Tasas, WhatsApp, Alpify&#8230;)<\/th>\n<td><a href=\"https:\/\/bmf-fvm.org\/eu\/segurtasuna\/\">Seguridad<\/a><\/td>\n<td>Informar, formar y sensibilizar desde el club.<\/td>\n<\/tr>\n<tr>\n<th>Asesor\u00eda t\u00e9cnica<\/th>\n<td><a title=\"Exposici\u00f3n fotogr\u00e1fica \u201cPaisajes\u201d\" href=\"https:\/\/bmf-fvm.org\/eu\/\">BMF<\/a><\/td>\n<td>Transmitir entre asociados.<br \/>\nUtilizar.<\/td>\n<\/tr>\n<tr>\n<th>Asesor\u00eda de medicina y socorro<\/th>\n<td><a href=\"https:\/\/emf.eus\/index?idioma=eu\" target=\"_blank\" rel=\"noopener\">EMF<\/a><\/td>\n<td>Transmitir entre asociados.<br \/>\nUtilizar.<\/td>\n<\/tr>\n<tr>\n<th>Cursos formaci\u00f3n<\/th>\n<td>Escuela Vizca\u00edna de Alta Monta\u00f1a, Gu\u00edas y empresas&#8230;<\/td>\n<td>Transmitir entre asociados.<br \/>\nUtilizar.<\/td>\n<\/tr>\n<\/tbody>\n<\/table>\n<h4>Durante la salida<\/h4>\n<table class=\"table table-striped table-bordered\">\n<thead>\n<tr>\n<td><\/td>\n<th>D\u00f3nde conseguirla<\/th>\n<th>Recomendaciones<\/th>\n<\/tr>\n<\/thead>\n<tbody>\n<tr>\n<th>Procedimiento de guiado<\/th>\n<td><\/td>\n<td>Formaci\u00f3n de responsables, contrataci\u00f3n de un profesional&#8230;<\/td>\n<\/tr>\n<tr>\n<th>Actuaci\u00f3n ante accidentes-incidente (plan de emergencias)<\/th>\n<td>Tener en cuenta la ficha correspondiente<br \/>\n<a href=\"https:\/\/bmf-fvm.org\/eu\/segurtasuna\/\">Seguridad<\/a><\/td>\n<td>Tener muy clara nuestra actuaci\u00f3n, formaci\u00f3n en Primeros Auxilios, WhatsApp, Alpify&#8230;<\/td>\n<\/tr>\n<\/tbody>\n<\/table>\n<h4>Despu\u00e9s de la salida<\/h4>\n<table class=\"table table-striped table-bordered\">\n<thead>\n<tr align=\"center\">\n<td><\/td>\n<th>D\u00f3nde conseguirla<\/th>\n<th>Recomendaciones<\/th>\n<\/tr>\n<\/thead>\n<tbody>\n<tr>\n<th>Informe incidentes de material posterior a la salida<\/th>\n<td><a href=\"https:\/\/bmf-fvm.org\/eu\/segurtasuna\/\">Seguridad<\/a><\/td>\n<td>Materiales; \u00bfQu\u00e9 se alquila en el club?, \u00bfQui\u00e9n se encarga? \u00bfC\u00f3mo se gestiona? \u00bfC\u00f3mo se controla?<\/td>\n<\/tr>\n<tr>\n<th>Informe incidentes en la salida<\/th>\n<td align=\"center\">=<\/td>\n<td>Archivarlo y hablarlo en el club.<\/td>\n<\/tr>\n<tr>\n<th>Evaluaci\u00f3n final de la actividad<\/th>\n<td>=<\/td>\n<td>De participantes y del club.<\/td>\n<\/tr>\n<\/tbody>\n<\/table>\n<h3>Recomendaciones de seguridad<\/h3>\n<ul>\n<li><strong>Guiado:<\/strong>\n<ul>\n<li>El responsable gestiona la SEGURIDAD del grupo.<\/li>\n<li>Controlar siempre el n\u00famero de participantes.<\/li>\n<li>Valorar si se dividen en grupos pero siempre garantizando la seguridad de cada grupo (n\u00famero de responsables,<br \/>\ncomunicaci\u00f3n, dificultad, etc).<\/li>\n<li>Controlar las paradas (poner o quitar ropa, hidratarse, comer\u2026) En esas paradas contar a los participantes.<br \/>\nEn cabeza siempre el responsable que mejor conoce la ruta.<\/li>\n<li>Los responsables siempre atentos y anticipando situaciones de riesgo y decidir en consecuencia.<\/li>\n<\/ul>\n<\/li>\n<li><strong>Orientaci\u00f3n:<\/strong>\n<ul>\n<li>Controlar en todo momento la ruta y nuestra ubicaci\u00f3n.<\/li>\n<li>Llevar siempre mapa, br\u00fajula y\u00a0 GPS con los tracks.<\/li>\n<li>Valorar repartir fotocopia del mapa y tracks del itinerario entre los participantes favoreciendo su implicaci\u00f3n en la actividad.<\/li>\n<\/ul>\n<\/li>\n<li><strong>Meteorolog\u00eda:<\/strong>\n<ul>\n<li>En todo momento valorar la evoluci\u00f3n meteorol\u00f3gica y decidir en consecuencia.<\/li>\n<\/ul>\n<\/li>\n<li><strong>Objetivo\u00a0 (desnivel, horario, dificultad\u2026):<\/strong>\n<ul>\n<li>Siempre adecuado al perfil de los participantes y que estos est\u00e9n suficientemente informados.<\/li>\n<li>Valorar en el terreno las condiciones, horarios, respuesta de los participantes, etc y decidir en consecuencia.<\/li>\n<li>Valorar los riesgos de rutas lineales frente a circulares.<\/li>\n<\/ul>\n<\/li>\n<li><strong>Personas a las que informamos de nuestra ruta:<\/strong>\n<ul>\n<li>Un responsable siempre en el club como contacto.<\/li>\n<li>Informar a autoridades de la zona, refugio, etc de nuestro plan y horarios aproximados.<\/li>\n<li>Informar a las familias de la ruta.<\/li>\n<\/ul>\n<\/li>\n<li><strong>Material de seguridad:<\/strong>\n<ul>\n<li>Botiqu\u00edn.<\/li>\n<li>GPS.<\/li>\n<li>Manta de supervivencia.<\/li>\n<li>Silbato.<\/li>\n<li>Frontal.<\/li>\n<li>Cuerda.<\/li>\n<li>Tel\u00e9fono.<\/li>\n<li>Walki Talkie<\/li>\n<li>Toldo.<\/li>\n<li>Termo.<\/li>\n<li>Equipo invernal (ARVA, pala, sonda&#8230;)<\/li>\n<\/ul>\n<\/li>\n<\/ul>\n<p>[\/vc_column_text][\/vc_column][\/vc_row]<\/p>\n<\/div>","protected":false},"excerpt":{"rendered":"<p>[vc_row][vc_column][vc_column_text] Objetivo Conocer los aspectos a tener en cuenta ANTES, DURANTE y DESPUES de realizar una salida en los Clubes&hellip;<\/p>\n","protected":false},"author":1,"featured_media":0,"parent":80571,"menu_order":18,"comment_status":"closed","ping_status":"closed","template":"","meta":{"_acf_changed":false,"footnotes":""},"class_list":["post-80659","page","type-page","status-publish","hentry","seccion-segurtasuna"],"acf":[],"yoast_head":"<!-- This site is optimized with the Yoast SEO plugin v27.3 - https:\/\/yoast.com\/product\/yoast-seo-wordpress\/ -->\n<title>Informaciones para las salidas de monta\u00f1a - Bizkaiko Mendizale Federazioa<\/title>\n<meta name=\"robots\" content=\"index, follow, max-snippet:-1, max-image-preview:large, max-video-preview:-1\" \/>\n<link rel=\"canonical\" href=\"https:\/\/bmf-fvm.org\/eu\/segurtasuna\/informaciones-salidas-montana\/\" \/>\n<meta property=\"og:locale\" content=\"en_US\" \/>\n<meta property=\"og:type\" content=\"article\" \/>\n<meta property=\"og:title\" content=\"Informaciones para las salidas de monta\u00f1a - Bizkaiko Mendizale Federazioa\" \/>\n<meta property=\"og:description\" content=\"[vc_row][vc_column][vc_column_text] Objetivo Conocer los aspectos a tener en cuenta ANTES, DURANTE y DESPUES de realizar una salida en los Clubes&hellip;\" \/>\n<meta property=\"og:url\" content=\"https:\/\/bmf-fvm.org\/eu\/segurtasuna\/informaciones-salidas-montana\/\" \/>\n<meta property=\"og:site_name\" content=\"Bizkaiko Mendizale Federazioa\" \/>\n<meta property=\"article:publisher\" content=\"https:\/\/facebook.com\/pages\/Bmf-Fvm\/597553177057267\" \/>\n<meta property=\"article:modified_time\" content=\"2023-02-04T16:22:59+00:00\" \/>\n<meta property=\"og:image\" content=\"https:\/\/bmf-fvm.org\/wp-content\/uploads\/2022\/04\/bmf-fb-logo.jpg\" \/>\n\t<meta property=\"og:image:width\" content=\"200\" \/>\n\t<meta property=\"og:image:height\" content=\"200\" \/>\n\t<meta property=\"og:image:type\" content=\"image\/jpeg\" \/>\n<meta name=\"twitter:card\" content=\"summary_large_image\" \/>\n<meta name=\"twitter:label1\" content=\"Est. reading time\" \/>\n\t<meta name=\"twitter:data1\" content=\"4 minutua\" \/>\n<script type=\"application\/ld+json\" class=\"yoast-schema-graph\">{\"@context\":\"https:\\\/\\\/schema.org\",\"@graph\":[{\"@type\":\"WebPage\",\"@id\":\"https:\\\/\\\/bmf-fvm.org\\\/eu\\\/segurtasuna\\\/informaciones-salidas-montana\\\/\",\"url\":\"https:\\\/\\\/bmf-fvm.org\\\/eu\\\/segurtasuna\\\/informaciones-salidas-montana\\\/\",\"name\":\"Informaciones para las salidas de monta\u00f1a - Bizkaiko Mendizale Federazioa\",\"isPartOf\":{\"@id\":\"https:\\\/\\\/bmf-fvm.org\\\/#website\"},\"datePublished\":\"2014-04-11T09:33:39+00:00\",\"dateModified\":\"2023-02-04T16:22:59+00:00\",\"breadcrumb\":{\"@id\":\"https:\\\/\\\/bmf-fvm.org\\\/eu\\\/segurtasuna\\\/informaciones-salidas-montana\\\/#breadcrumb\"},\"inLanguage\":\"eu\",\"potentialAction\":[{\"@type\":\"ReadAction\",\"target\":[\"https:\\\/\\\/bmf-fvm.org\\\/eu\\\/segurtasuna\\\/informaciones-salidas-montana\\\/\"]}]},{\"@type\":\"BreadcrumbList\",\"@id\":\"https:\\\/\\\/bmf-fvm.org\\\/eu\\\/segurtasuna\\\/informaciones-salidas-montana\\\/#breadcrumb\",\"itemListElement\":[{\"@type\":\"ListItem\",\"position\":1,\"name\":\"Portada\",\"item\":\"https:\\\/\\\/bmf-fvm.org\\\/eu\\\/\"},{\"@type\":\"ListItem\",\"position\":2,\"name\":\"Segurtasuna\",\"item\":\"https:\\\/\\\/bmf-fvm.org\\\/eu\\\/segurtasuna\\\/\"},{\"@type\":\"ListItem\",\"position\":3,\"name\":\"Informaciones para las salidas de monta\u00f1a\"}]},{\"@type\":\"WebSite\",\"@id\":\"https:\\\/\\\/bmf-fvm.org\\\/#website\",\"url\":\"https:\\\/\\\/bmf-fvm.org\\\/\",\"name\":\"Bizkaiko Mendizale Federazioa\",\"description\":\"Bizkaiko Mendizale Federazioa\",\"publisher\":{\"@id\":\"https:\\\/\\\/bmf-fvm.org\\\/#organization\"},\"potentialAction\":[{\"@type\":\"SearchAction\",\"target\":{\"@type\":\"EntryPoint\",\"urlTemplate\":\"https:\\\/\\\/bmf-fvm.org\\\/?s={search_term_string}\"},\"query-input\":{\"@type\":\"PropertyValueSpecification\",\"valueRequired\":true,\"valueName\":\"search_term_string\"}}],\"inLanguage\":\"eu\"},{\"@type\":\"Organization\",\"@id\":\"https:\\\/\\\/bmf-fvm.org\\\/#organization\",\"name\":\"Federaci\u00f3n Vizca\u00edna de Monta\u00f1a\",\"url\":\"https:\\\/\\\/bmf-fvm.org\\\/\",\"logo\":{\"@type\":\"ImageObject\",\"inLanguage\":\"eu\",\"@id\":\"https:\\\/\\\/bmf-fvm.org\\\/#\\\/schema\\\/logo\\\/image\\\/\",\"url\":\"https:\\\/\\\/bmf-fvm.org\\\/wp-content\\\/uploads\\\/2022\\\/03\\\/bmf-logo-trans.png\",\"contentUrl\":\"https:\\\/\\\/bmf-fvm.org\\\/wp-content\\\/uploads\\\/2022\\\/03\\\/bmf-logo-trans.png\",\"width\":41,\"height\":61,\"caption\":\"Federaci\u00f3n Vizca\u00edna de Monta\u00f1a\"},\"image\":{\"@id\":\"https:\\\/\\\/bmf-fvm.org\\\/#\\\/schema\\\/logo\\\/image\\\/\"},\"sameAs\":[\"https:\\\/\\\/facebook.com\\\/pages\\\/Bmf-Fvm\\\/597553177057267\"]}]}<\/script>\n<!-- \/ Yoast SEO plugin. -->","yoast_head_json":{"title":"Informaciones para las salidas de monta\u00f1a - Bizkaiko Mendizale Federazioa","robots":{"index":"index","follow":"follow","max-snippet":"max-snippet:-1","max-image-preview":"max-image-preview:large","max-video-preview":"max-video-preview:-1"},"canonical":"https:\/\/bmf-fvm.org\/eu\/segurtasuna\/informaciones-salidas-montana\/","og_locale":"en_US","og_type":"article","og_title":"Informaciones para las salidas de monta\u00f1a - Bizkaiko Mendizale Federazioa","og_description":"[vc_row][vc_column][vc_column_text] Objetivo Conocer los aspectos a tener en cuenta ANTES, DURANTE y DESPUES de realizar una salida en los Clubes&hellip;","og_url":"https:\/\/bmf-fvm.org\/eu\/segurtasuna\/informaciones-salidas-montana\/","og_site_name":"Bizkaiko Mendizale Federazioa","article_publisher":"https:\/\/facebook.com\/pages\/Bmf-Fvm\/597553177057267","article_modified_time":"2023-02-04T16:22:59+00:00","og_image":[{"width":200,"height":200,"url":"https:\/\/bmf-fvm.org\/wp-content\/uploads\/2022\/04\/bmf-fb-logo.jpg","type":"image\/jpeg"}],"twitter_card":"summary_large_image","twitter_misc":{"Est. reading time":"4 minutua"},"schema":{"@context":"https:\/\/schema.org","@graph":[{"@type":"WebPage","@id":"https:\/\/bmf-fvm.org\/eu\/segurtasuna\/informaciones-salidas-montana\/","url":"https:\/\/bmf-fvm.org\/eu\/segurtasuna\/informaciones-salidas-montana\/","name":"Informaciones para las salidas de monta\u00f1a - Bizkaiko Mendizale Federazioa","isPartOf":{"@id":"https:\/\/bmf-fvm.org\/#website"},"datePublished":"2014-04-11T09:33:39+00:00","dateModified":"2023-02-04T16:22:59+00:00","breadcrumb":{"@id":"https:\/\/bmf-fvm.org\/eu\/segurtasuna\/informaciones-salidas-montana\/#breadcrumb"},"inLanguage":"eu","potentialAction":[{"@type":"ReadAction","target":["https:\/\/bmf-fvm.org\/eu\/segurtasuna\/informaciones-salidas-montana\/"]}]},{"@type":"BreadcrumbList","@id":"https:\/\/bmf-fvm.org\/eu\/segurtasuna\/informaciones-salidas-montana\/#breadcrumb","itemListElement":[{"@type":"ListItem","position":1,"name":"Portada","item":"https:\/\/bmf-fvm.org\/eu\/"},{"@type":"ListItem","position":2,"name":"Segurtasuna","item":"https:\/\/bmf-fvm.org\/eu\/segurtasuna\/"},{"@type":"ListItem","position":3,"name":"Informaciones para las salidas de monta\u00f1a"}]},{"@type":"WebSite","@id":"https:\/\/bmf-fvm.org\/#website","url":"https:\/\/bmf-fvm.org\/","name":"Bizkaiko Mendizale Federazioa","description":"Bizkaiko Mendizale Federazioa","publisher":{"@id":"https:\/\/bmf-fvm.org\/#organization"},"potentialAction":[{"@type":"SearchAction","target":{"@type":"EntryPoint","urlTemplate":"https:\/\/bmf-fvm.org\/?s={search_term_string}"},"query-input":{"@type":"PropertyValueSpecification","valueRequired":true,"valueName":"search_term_string"}}],"inLanguage":"eu"},{"@type":"Organization","@id":"https:\/\/bmf-fvm.org\/#organization","name":"Federaci\u00f3n Vizca\u00edna de Monta\u00f1a","url":"https:\/\/bmf-fvm.org\/","logo":{"@type":"ImageObject","inLanguage":"eu","@id":"https:\/\/bmf-fvm.org\/#\/schema\/logo\/image\/","url":"https:\/\/bmf-fvm.org\/wp-content\/uploads\/2022\/03\/bmf-logo-trans.png","contentUrl":"https:\/\/bmf-fvm.org\/wp-content\/uploads\/2022\/03\/bmf-logo-trans.png","width":41,"height":61,"caption":"Federaci\u00f3n Vizca\u00edna de Monta\u00f1a"},"image":{"@id":"https:\/\/bmf-fvm.org\/#\/schema\/logo\/image\/"},"sameAs":["https:\/\/facebook.com\/pages\/Bmf-Fvm\/597553177057267"]}]}},"_links":{"self":[{"href":"https:\/\/bmf-fvm.org\/eu\/wp-json\/wp\/v2\/pages\/80659","targetHints":{"allow":["GET"]}}],"collection":[{"href":"https:\/\/bmf-fvm.org\/eu\/wp-json\/wp\/v2\/pages"}],"about":[{"href":"https:\/\/bmf-fvm.org\/eu\/wp-json\/wp\/v2\/types\/page"}],"author":[{"embeddable":true,"href":"https:\/\/bmf-fvm.org\/eu\/wp-json\/wp\/v2\/users\/1"}],"replies":[{"embeddable":true,"href":"https:\/\/bmf-fvm.org\/eu\/wp-json\/wp\/v2\/comments?post=80659"}],"version-history":[{"count":0,"href":"https:\/\/bmf-fvm.org\/eu\/wp-json\/wp\/v2\/pages\/80659\/revisions"}],"up":[{"embeddable":true,"href":"https:\/\/bmf-fvm.org\/eu\/wp-json\/wp\/v2\/pages\/80571"}],"wp:attachment":[{"href":"https:\/\/bmf-fvm.org\/eu\/wp-json\/wp\/v2\/media?parent=80659"}],"curies":[{"name":"wp","href":"https:\/\/api.w.org\/{rel}","templated":true}]}}