{"id":80623,"date":"2013-08-01T17:05:38","date_gmt":"2013-08-01T15:05:38","guid":{"rendered":"https:\/\/bmf-fvm.org\/segurtasuna\/fichas-para-los-clubes\/"},"modified":"2023-02-04T17:48:44","modified_gmt":"2023-02-04T16:48:44","slug":"fichas-para-los-clubes","status":"publish","type":"page","link":"https:\/\/bmf-fvm.org\/eu\/segurtasuna\/fichas-para-los-clubes\/","title":{"rendered":"Klubeentzako Fitxak"},"content":{"rendered":"<div class=\"wpb-content-wrapper\"><p>[vc_row][vc_column][vc_column_text]BMF-tik zuen eskura jartzen ditugu ondorendo fitxa ereduak, klub bakoitzak, bere errealitatea eta beharrak kontuan harturik, izan dadin hauek erabili edo ez erabakitzen duenak. Beraz, bere erabileraren izan dezakeen erantzunkizuna klub bakoitzari dagokio.[\/vc_column_text][\/vc_column][\/vc_row][vc_row][vc_column width=&#8221;1\/2&#8243;]<div class=\"ult-content-box-container \" >\t\t<div class=\"ult-content-box\" style=\"background-color:#f7f7f7;box-shadow: px px px px none;border-style:solid;border-width:1px;border-color:#c7c7c7;padding:1em;margin-bottom:1em;-webkit-transition: all 700ms ease;-moz-transition: all 700ms ease;-ms-transition: all 700ms ease;-o-transition: all 700ms ease;transition: all 700ms ease;\"  data-hover_box_shadow=\"none\"    data-normal_margins=\"margin-bottom:1em;\"   data-bg=\"#f7f7f7\"  data-border_color=\"#c7c7c7\" >[vc_column_text]<\/p>\n<ul>\n<li><a href=\"https:\/\/bmf-fvm.org\/wp-content\/uploads\/2014\/11\/ARRISKUEN-ANALISIA.pdf\" target=\"_blank\" rel=\"noopener\">Arrisku analisia<\/a><\/li>\n<li><a href=\"https:\/\/bmf-fvm.org\/wp-content\/uploads\/2014\/11\/SEGURTASUN-HITZALDIA.pdf\" target=\"_blank\" rel=\"noopener\">Segurtasun hitzaldia<\/a><\/li>\n<li><a href=\"https:\/\/bmf-fvm.org\/wp-content\/uploads\/2014\/11\/AUTOBABES-DEKALOGOA.pdf\" target=\"_blank\" rel=\"noopener\">Auto-babesko Dekalogoa<\/a><\/li>\n<li><a href=\"https:\/\/bmf-fvm.org\/wp-content\/uploads\/2013\/08\/Declaracion-jurada.pdf\" target=\"_blank\" rel=\"noopener\">Sinatutako adierazpena<\/a><\/li>\n<li><a href=\"https:\/\/bmf-fvm.org\/wp-content\/uploads\/2013\/08\/Declaracion-jurada-competiciones.pdf\" target=\"_blank\" rel=\"noopener\">Zin egindako adierazpena (lehiaketak)<\/a><\/li>\n<li><a href=\"https:\/\/bmf-fvm.org\/wp-content\/uploads\/2014\/11\/BEHIN-BETIKO-EBALUAKETA.pdf\" target=\"_blank\" rel=\"noopener\">Azken ebaluaketa<\/a><\/li>\n<li><a href=\"https:\/\/bmf-fvm.org\/wp-content\/uploads\/2014\/11\/ARRISKU-IDENTIFIKAZIOA-adibidea.pdf\" target=\"_blank\" rel=\"noopener\">Arriskuen identifikazioa (adibidea)<\/a><\/li>\n<li><a href=\"https:\/\/bmf-fvm.org\/wp-content\/uploads\/2014\/11\/ARRISKU-IDENTIFIKAZIOA.pdf\" target=\"_blank\" rel=\"noopener\">Arriskuen identifikazioa<\/a><\/li>\n<li><a href=\"https:\/\/bmf-fvm.org\/wp-content\/uploads\/2014\/11\/INFORMAZIO-MEDIKOA.pdf\" target=\"_blank\" rel=\"noopener\">Mediku- informazioa<\/a><\/li>\n<li><a href=\"https:\/\/bmf-fvm.org\/wp-content\/uploads\/2014\/11\/MATERIALAREN-INGURUKO-GERTAKARI-TXOSTENA.pdf\" target=\"_blank\" rel=\"noopener\">Materialaren inguruko gertakarien informea<\/a><\/li>\n<\/ul>\n<p>[\/vc_column_text]\t\t<\/div><\/div>[\/vc_column][vc_column width=&#8221;1\/2&#8243;]<div class=\"ult-content-box-container \" >\t\t<div class=\"ult-content-box\" style=\"background-color:#f7f7f7;box-shadow: px px px px none;border-style:solid;border-width:1px;border-color:#c7c7c7;padding:1em;margin-bottom:1em;-webkit-transition: all 700ms ease;-moz-transition: all 700ms ease;-ms-transition: all 700ms ease;-o-transition: all 700ms ease;transition: all 700ms ease;\"  data-hover_box_shadow=\"none\"    data-normal_margins=\"margin-bottom:1em;\"   data-bg=\"#f7f7f7\"  data-border_color=\"#c7c7c7\" >[vc_column_text]<\/p>\n<ul>\n<li><a href=\"https:\/\/bmf-fvm.org\/wp-content\/uploads\/2014\/11\/GERTAKARI-TXOSTENA.pdf\" target=\"_blank\" rel=\"noopener\">Gertakarien informea<\/a><\/li>\n<li><a href=\"https:\/\/bmf-fvm.org\/wp-content\/uploads\/2014\/11\/MATERIAL-IKUSKAPENA.pdf\" target=\"_blank\" rel=\"noopener\">Ekipamenduaren ikuskapena<\/a><\/li>\n<li><a href=\"https:\/\/bmf-fvm.org\/wp-content\/uploads\/2014\/11\/INGURUAREN-AURRE-IKUSKAPENA.pdf\" target=\"_blank\" rel=\"noopener\">Eremuaren aurretiko ikuskapena<\/a><\/li>\n<li><a href=\"https:\/\/bmf-fvm.org\/wp-content\/uploads\/2014\/11\/LARRIALDI-PLANA.pdf\" target=\"_blank\" rel=\"noopener\">Larrialdi plana<\/a><\/li>\n<li><a href=\"https:\/\/bmf-fvm.org\/wp-content\/uploads\/2014\/11\/ARRISKU-PREBENTZIOA.pdf\" target=\"_blank\" rel=\"noopener\">Arriskuen aurkako prebentzioa<\/a><\/li>\n<li><a href=\"https:\/\/bmf-fvm.org\/wp-content\/uploads\/2014\/11\/LARRIALDIETAKO-JARDUERA-PROTOKOLOA1.pdf\" target=\"_blank\" rel=\"noopener\">Larrialdietako jokaera protokoloa<\/a><\/li>\n<li><a href=\"https:\/\/bmf-fvm.org\/wp-content\/uploads\/2014\/11\/ALDEZ-AURREKO-BILERA.pdf\" target=\"_blank\" rel=\"noopener\">Aurre-bilera<\/a><\/li>\n<li><a href=\"https:\/\/bmf-fvm.org\/wp-content\/uploads\/2014\/11\/ZINPEKO-AITORTZA.pdf\" target=\"_blank\" rel=\"noopener\">Segurtasun eta larrialdi plana- hutsik<\/a><\/li>\n<li><a href=\"https:\/\/bmf-fvm.org\/wp-content\/uploads\/2014\/11\/ZINPEKO-AITORTZA-lehiaketak.pdf\" target=\"_blank\" rel=\"noopener\">Segurtasun eta larrialdi plana (adibidea)<\/a><\/li>\n<\/ul>\n<p>[\/vc_column_text]\t\t<\/div><\/div>[\/vc_column][\/vc_row]<\/p>\n<\/div>","protected":false},"excerpt":{"rendered":"<p>[vc_row][vc_column][vc_column_text]BMF-tik zuen eskura jartzen ditugu ondorendo fitxa ereduak, klub bakoitzak, bere errealitatea eta beharrak kontuan harturik, izan dadin hauek erabili&hellip;<\/p>\n","protected":false},"author":1,"featured_media":0,"parent":80571,"menu_order":23,"comment_status":"closed","ping_status":"closed","template":"","meta":{"_acf_changed":false,"footnotes":""},"class_list":["post-80623","page","type-page","status-publish","hentry","seccion-segurtasuna"],"acf":[],"yoast_head":"<!-- This site is optimized with the Yoast SEO plugin v27.3 - https:\/\/yoast.com\/product\/yoast-seo-wordpress\/ -->\n<title>Klubeentzako Fitxak - Bizkaiko Mendizale Federazioa<\/title>\n<meta name=\"robots\" content=\"index, follow, max-snippet:-1, max-image-preview:large, max-video-preview:-1\" \/>\n<link rel=\"canonical\" href=\"https:\/\/bmf-fvm.org\/eu\/segurtasuna\/fichas-para-los-clubes\/\" \/>\n<meta property=\"og:locale\" content=\"en_US\" \/>\n<meta property=\"og:type\" content=\"article\" \/>\n<meta property=\"og:title\" content=\"Klubeentzako Fitxak - Bizkaiko Mendizale Federazioa\" \/>\n<meta property=\"og:description\" content=\"[vc_row][vc_column][vc_column_text]BMF-tik zuen eskura jartzen ditugu ondorendo fitxa ereduak, klub bakoitzak, bere errealitatea eta beharrak kontuan harturik, izan dadin hauek erabili&hellip;\" \/>\n<meta property=\"og:url\" content=\"https:\/\/bmf-fvm.org\/eu\/segurtasuna\/fichas-para-los-clubes\/\" \/>\n<meta property=\"og:site_name\" content=\"Bizkaiko Mendizale Federazioa\" \/>\n<meta property=\"article:publisher\" content=\"https:\/\/facebook.com\/pages\/Bmf-Fvm\/597553177057267\" \/>\n<meta property=\"article:modified_time\" content=\"2023-02-04T16:48:44+00:00\" \/>\n<meta property=\"og:image\" content=\"https:\/\/bmf-fvm.org\/wp-content\/uploads\/2022\/04\/bmf-fb-logo.jpg\" \/>\n\t<meta property=\"og:image:width\" content=\"200\" \/>\n\t<meta property=\"og:image:height\" content=\"200\" \/>\n\t<meta property=\"og:image:type\" content=\"image\/jpeg\" \/>\n<meta name=\"twitter:card\" content=\"summary_large_image\" \/>\n<meta name=\"twitter:label1\" content=\"Est. reading time\" \/>\n\t<meta name=\"twitter:data1\" content=\"1 minutua\" \/>\n<script type=\"application\/ld+json\" class=\"yoast-schema-graph\">{\"@context\":\"https:\\\/\\\/schema.org\",\"@graph\":[{\"@type\":\"WebPage\",\"@id\":\"https:\\\/\\\/bmf-fvm.org\\\/eu\\\/segurtasuna\\\/fichas-para-los-clubes\\\/\",\"url\":\"https:\\\/\\\/bmf-fvm.org\\\/eu\\\/segurtasuna\\\/fichas-para-los-clubes\\\/\",\"name\":\"Klubeentzako Fitxak - Bizkaiko Mendizale Federazioa\",\"isPartOf\":{\"@id\":\"https:\\\/\\\/bmf-fvm.org\\\/#website\"},\"datePublished\":\"2013-08-01T15:05:38+00:00\",\"dateModified\":\"2023-02-04T16:48:44+00:00\",\"breadcrumb\":{\"@id\":\"https:\\\/\\\/bmf-fvm.org\\\/eu\\\/segurtasuna\\\/fichas-para-los-clubes\\\/#breadcrumb\"},\"inLanguage\":\"eu\",\"potentialAction\":[{\"@type\":\"ReadAction\",\"target\":[\"https:\\\/\\\/bmf-fvm.org\\\/eu\\\/segurtasuna\\\/fichas-para-los-clubes\\\/\"]}]},{\"@type\":\"BreadcrumbList\",\"@id\":\"https:\\\/\\\/bmf-fvm.org\\\/eu\\\/segurtasuna\\\/fichas-para-los-clubes\\\/#breadcrumb\",\"itemListElement\":[{\"@type\":\"ListItem\",\"position\":1,\"name\":\"Portada\",\"item\":\"https:\\\/\\\/bmf-fvm.org\\\/eu\\\/\"},{\"@type\":\"ListItem\",\"position\":2,\"name\":\"Segurtasuna\",\"item\":\"https:\\\/\\\/bmf-fvm.org\\\/eu\\\/segurtasuna\\\/\"},{\"@type\":\"ListItem\",\"position\":3,\"name\":\"Klubeentzako Fitxak\"}]},{\"@type\":\"WebSite\",\"@id\":\"https:\\\/\\\/bmf-fvm.org\\\/#website\",\"url\":\"https:\\\/\\\/bmf-fvm.org\\\/\",\"name\":\"Bizkaiko Mendizale Federazioa\",\"description\":\"Bizkaiko Mendizale Federazioa\",\"publisher\":{\"@id\":\"https:\\\/\\\/bmf-fvm.org\\\/#organization\"},\"potentialAction\":[{\"@type\":\"SearchAction\",\"target\":{\"@type\":\"EntryPoint\",\"urlTemplate\":\"https:\\\/\\\/bmf-fvm.org\\\/?s={search_term_string}\"},\"query-input\":{\"@type\":\"PropertyValueSpecification\",\"valueRequired\":true,\"valueName\":\"search_term_string\"}}],\"inLanguage\":\"eu\"},{\"@type\":\"Organization\",\"@id\":\"https:\\\/\\\/bmf-fvm.org\\\/#organization\",\"name\":\"Federaci\u00f3n Vizca\u00edna de Monta\u00f1a\",\"url\":\"https:\\\/\\\/bmf-fvm.org\\\/\",\"logo\":{\"@type\":\"ImageObject\",\"inLanguage\":\"eu\",\"@id\":\"https:\\\/\\\/bmf-fvm.org\\\/#\\\/schema\\\/logo\\\/image\\\/\",\"url\":\"https:\\\/\\\/bmf-fvm.org\\\/wp-content\\\/uploads\\\/2022\\\/03\\\/bmf-logo-trans.png\",\"contentUrl\":\"https:\\\/\\\/bmf-fvm.org\\\/wp-content\\\/uploads\\\/2022\\\/03\\\/bmf-logo-trans.png\",\"width\":41,\"height\":61,\"caption\":\"Federaci\u00f3n Vizca\u00edna de Monta\u00f1a\"},\"image\":{\"@id\":\"https:\\\/\\\/bmf-fvm.org\\\/#\\\/schema\\\/logo\\\/image\\\/\"},\"sameAs\":[\"https:\\\/\\\/facebook.com\\\/pages\\\/Bmf-Fvm\\\/597553177057267\"]}]}<\/script>\n<!-- \/ Yoast SEO plugin. -->","yoast_head_json":{"title":"Klubeentzako Fitxak - Bizkaiko Mendizale Federazioa","robots":{"index":"index","follow":"follow","max-snippet":"max-snippet:-1","max-image-preview":"max-image-preview:large","max-video-preview":"max-video-preview:-1"},"canonical":"https:\/\/bmf-fvm.org\/eu\/segurtasuna\/fichas-para-los-clubes\/","og_locale":"en_US","og_type":"article","og_title":"Klubeentzako Fitxak - Bizkaiko Mendizale Federazioa","og_description":"[vc_row][vc_column][vc_column_text]BMF-tik zuen eskura jartzen ditugu ondorendo fitxa ereduak, klub bakoitzak, bere errealitatea eta beharrak kontuan harturik, izan dadin hauek erabili&hellip;","og_url":"https:\/\/bmf-fvm.org\/eu\/segurtasuna\/fichas-para-los-clubes\/","og_site_name":"Bizkaiko Mendizale Federazioa","article_publisher":"https:\/\/facebook.com\/pages\/Bmf-Fvm\/597553177057267","article_modified_time":"2023-02-04T16:48:44+00:00","og_image":[{"width":200,"height":200,"url":"https:\/\/bmf-fvm.org\/wp-content\/uploads\/2022\/04\/bmf-fb-logo.jpg","type":"image\/jpeg"}],"twitter_card":"summary_large_image","twitter_misc":{"Est. reading time":"1 minutua"},"schema":{"@context":"https:\/\/schema.org","@graph":[{"@type":"WebPage","@id":"https:\/\/bmf-fvm.org\/eu\/segurtasuna\/fichas-para-los-clubes\/","url":"https:\/\/bmf-fvm.org\/eu\/segurtasuna\/fichas-para-los-clubes\/","name":"Klubeentzako Fitxak - Bizkaiko Mendizale Federazioa","isPartOf":{"@id":"https:\/\/bmf-fvm.org\/#website"},"datePublished":"2013-08-01T15:05:38+00:00","dateModified":"2023-02-04T16:48:44+00:00","breadcrumb":{"@id":"https:\/\/bmf-fvm.org\/eu\/segurtasuna\/fichas-para-los-clubes\/#breadcrumb"},"inLanguage":"eu","potentialAction":[{"@type":"ReadAction","target":["https:\/\/bmf-fvm.org\/eu\/segurtasuna\/fichas-para-los-clubes\/"]}]},{"@type":"BreadcrumbList","@id":"https:\/\/bmf-fvm.org\/eu\/segurtasuna\/fichas-para-los-clubes\/#breadcrumb","itemListElement":[{"@type":"ListItem","position":1,"name":"Portada","item":"https:\/\/bmf-fvm.org\/eu\/"},{"@type":"ListItem","position":2,"name":"Segurtasuna","item":"https:\/\/bmf-fvm.org\/eu\/segurtasuna\/"},{"@type":"ListItem","position":3,"name":"Klubeentzako Fitxak"}]},{"@type":"WebSite","@id":"https:\/\/bmf-fvm.org\/#website","url":"https:\/\/bmf-fvm.org\/","name":"Bizkaiko Mendizale Federazioa","description":"Bizkaiko Mendizale Federazioa","publisher":{"@id":"https:\/\/bmf-fvm.org\/#organization"},"potentialAction":[{"@type":"SearchAction","target":{"@type":"EntryPoint","urlTemplate":"https:\/\/bmf-fvm.org\/?s={search_term_string}"},"query-input":{"@type":"PropertyValueSpecification","valueRequired":true,"valueName":"search_term_string"}}],"inLanguage":"eu"},{"@type":"Organization","@id":"https:\/\/bmf-fvm.org\/#organization","name":"Federaci\u00f3n Vizca\u00edna de Monta\u00f1a","url":"https:\/\/bmf-fvm.org\/","logo":{"@type":"ImageObject","inLanguage":"eu","@id":"https:\/\/bmf-fvm.org\/#\/schema\/logo\/image\/","url":"https:\/\/bmf-fvm.org\/wp-content\/uploads\/2022\/03\/bmf-logo-trans.png","contentUrl":"https:\/\/bmf-fvm.org\/wp-content\/uploads\/2022\/03\/bmf-logo-trans.png","width":41,"height":61,"caption":"Federaci\u00f3n Vizca\u00edna de Monta\u00f1a"},"image":{"@id":"https:\/\/bmf-fvm.org\/#\/schema\/logo\/image\/"},"sameAs":["https:\/\/facebook.com\/pages\/Bmf-Fvm\/597553177057267"]}]}},"_links":{"self":[{"href":"https:\/\/bmf-fvm.org\/eu\/wp-json\/wp\/v2\/pages\/80623","targetHints":{"allow":["GET"]}}],"collection":[{"href":"https:\/\/bmf-fvm.org\/eu\/wp-json\/wp\/v2\/pages"}],"about":[{"href":"https:\/\/bmf-fvm.org\/eu\/wp-json\/wp\/v2\/types\/page"}],"author":[{"embeddable":true,"href":"https:\/\/bmf-fvm.org\/eu\/wp-json\/wp\/v2\/users\/1"}],"replies":[{"embeddable":true,"href":"https:\/\/bmf-fvm.org\/eu\/wp-json\/wp\/v2\/comments?post=80623"}],"version-history":[{"count":0,"href":"https:\/\/bmf-fvm.org\/eu\/wp-json\/wp\/v2\/pages\/80623\/revisions"}],"up":[{"embeddable":true,"href":"https:\/\/bmf-fvm.org\/eu\/wp-json\/wp\/v2\/pages\/80571"}],"wp:attachment":[{"href":"https:\/\/bmf-fvm.org\/eu\/wp-json\/wp\/v2\/media?parent=80623"}],"curies":[{"name":"wp","href":"https:\/\/api.w.org\/{rel}","templated":true}]}}