{"id":80531,"date":"2015-11-11T12:32:47","date_gmt":"2015-11-11T11:32:47","guid":{"rendered":"https:\/\/bmf-fvm.org\/dokumentazioa\/"},"modified":"2022-01-24T16:59:51","modified_gmt":"2022-01-24T15:59:51","slug":"dokumentazioa","status":"publish","type":"page","link":"https:\/\/bmf-fvm.org\/eu\/ibilbideak\/dokumentazioa\/","title":{"rendered":"Dokumentazioa"},"content":{"rendered":"<div class=\"wpb-content-wrapper\"><p>[vc_row][vc_column][vc_column_text]<\/p>\n<h4><a name=\"arauak\"><\/a>Arauak<\/h4>\n<ul>\n<li><a href=\"https:\/\/bmf-fvm.org\/wp-content\/uploads\/2020\/06\/Homologaziorako-irizpideak-BMF.pdf\">Homologaziorako irizpideak BMF<\/a><\/li>\n<li><a href=\"https:\/\/bmf-fvm.org\/wp-content\/uploads\/2015\/11\/79-1996-Dekretua-mendi-ibiliak-antolatu-eta-normalizatzeko.pdf\">79-1996 Dekretua, mendi-ibiliak antolatu eta normalizatzeko<\/a><\/li>\n<\/ul>\n<h4><a name=\"formularioak\"><\/a>Inprimakiak<\/h4>\n<ul>\n<li><a href=\"https:\/\/bmf-fvm.org\/wp-content\/uploads\/2015\/11\/Bizkaiko-Bidezidor-Baten-Behin-behineko-Matrikula-Eskabidearen-Inprimakia.pdf\">Bizkaiko Bidezidor Baten Behin-behineko Matrikula Eskabidearen Inprimakia<\/a><\/li>\n<li><a href=\"https:\/\/bmf-fvm.org\/wp-content\/uploads\/2015\/11\/Bizkaiko-Bidezidor-Baten-Behin-Betiko-Homologazio-Eskabide-Inprimakia.pdf\">Bizkaiko Bidezidor Baten Behin Betiko Homologazio Eskabide Inprimakia<\/a><\/li>\n<li><a href=\"https:\/\/bmf-fvm.org\/wp-content\/uploads\/2015\/11\/Erakunde-Sustatzaile-Betearazle-Eta-Mantentzailearen-Datuen-Inprimakia.pdf\">Erakunde Sustatzaile, Betearazle Eta Mantentzailearen Datuen Inprimakia<\/a><\/li>\n<li><a href=\"https:\/\/bmf-fvm.org\/wp-content\/uploads\/2015\/11\/Bizkaiako-Bidezidor-Baten-Re-homologazio-Eskabide-Inprimakia.pdf\">Bizkaiako Bidezidor Baten Re-homologazio Eskabide Inprimakia<\/a><\/li>\n<li><a href=\"https:\/\/bmf-fvm.org\/wp-content\/uploads\/2015\/11\/Bidezidor-Homologatua-Mantentzeko-Konpromisoaren-Inprimakia.pdf\">Bidezidor Homologatua Mantentzeko Konpromisoaren Inprimakia<\/a><\/li>\n<\/ul>\n<h4><a name=\"gidaliburuak\"><\/a>Gidaburuak<\/h4>\n<ul>\n<li><a href=\"https:\/\/bmf-fvm.org\/wp-content\/uploads\/2019\/07\/Manual-de-senalizacion-BMF.pdf\">Seinalizazio Gidaliburua<\/a><\/li>\n<li><a href=\"https:\/\/bmf-fvm.org\/wp-content\/uploads\/2015\/11\/MIDE-Gidaliburua.pdf\">MIDE Gidaliburua<\/a><\/li>\n<\/ul>\n<p>[\/vc_column_text][\/vc_column][\/vc_row]<\/p>\n<\/div>","protected":false},"excerpt":{"rendered":"<p>[vc_row][vc_column][vc_column_text] Arauak Homologaziorako irizpideak BMF 79-1996 Dekretua, mendi-ibiliak antolatu eta normalizatzeko Inprimakiak Bizkaiko Bidezidor Baten Behin-behineko Matrikula Eskabidearen Inprimakia Bizkaiko&hellip;<\/p>\n","protected":false},"author":1,"featured_media":0,"parent":71600,"menu_order":9,"comment_status":"closed","ping_status":"closed","template":"","meta":{"_acf_changed":false,"footnotes":""},"class_list":["post-80531","page","type-page","status-publish","hentry","seccion-ibilbideak"],"acf":[],"yoast_head":"<!-- This site is optimized with the Yoast SEO plugin v27.3 - https:\/\/yoast.com\/product\/yoast-seo-wordpress\/ -->\n<title>Dokumentazioa - Bizkaiko Mendizale Federazioa<\/title>\n<meta name=\"robots\" content=\"index, follow, max-snippet:-1, max-image-preview:large, max-video-preview:-1\" \/>\n<link rel=\"canonical\" href=\"https:\/\/bmf-fvm.org\/eu\/ibilbideak\/dokumentazioa\/\" \/>\n<meta property=\"og:locale\" content=\"en_US\" \/>\n<meta property=\"og:type\" content=\"article\" \/>\n<meta property=\"og:title\" content=\"Dokumentazioa - Bizkaiko Mendizale Federazioa\" \/>\n<meta property=\"og:description\" content=\"[vc_row][vc_column][vc_column_text] Arauak Homologaziorako irizpideak BMF 79-1996 Dekretua, mendi-ibiliak antolatu eta normalizatzeko Inprimakiak Bizkaiko Bidezidor Baten Behin-behineko Matrikula Eskabidearen Inprimakia Bizkaiko&hellip;\" \/>\n<meta property=\"og:url\" content=\"https:\/\/bmf-fvm.org\/eu\/ibilbideak\/dokumentazioa\/\" \/>\n<meta property=\"og:site_name\" content=\"Bizkaiko Mendizale Federazioa\" \/>\n<meta property=\"article:publisher\" content=\"https:\/\/facebook.com\/pages\/Bmf-Fvm\/597553177057267\" \/>\n<meta property=\"article:modified_time\" content=\"2022-01-24T15:59:51+00:00\" \/>\n<meta property=\"og:image\" content=\"https:\/\/bmf-fvm.org\/wp-content\/uploads\/2022\/04\/bmf-fb-logo.jpg\" \/>\n\t<meta property=\"og:image:width\" content=\"200\" \/>\n\t<meta property=\"og:image:height\" content=\"200\" \/>\n\t<meta property=\"og:image:type\" content=\"image\/jpeg\" \/>\n<meta name=\"twitter:card\" content=\"summary_large_image\" \/>\n<script type=\"application\/ld+json\" class=\"yoast-schema-graph\">{\"@context\":\"https:\\\/\\\/schema.org\",\"@graph\":[{\"@type\":\"WebPage\",\"@id\":\"https:\\\/\\\/bmf-fvm.org\\\/eu\\\/ibilbideak\\\/dokumentazioa\\\/\",\"url\":\"https:\\\/\\\/bmf-fvm.org\\\/eu\\\/ibilbideak\\\/dokumentazioa\\\/\",\"name\":\"Dokumentazioa - Bizkaiko Mendizale Federazioa\",\"isPartOf\":{\"@id\":\"https:\\\/\\\/bmf-fvm.org\\\/#website\"},\"datePublished\":\"2015-11-11T11:32:47+00:00\",\"dateModified\":\"2022-01-24T15:59:51+00:00\",\"breadcrumb\":{\"@id\":\"https:\\\/\\\/bmf-fvm.org\\\/eu\\\/ibilbideak\\\/dokumentazioa\\\/#breadcrumb\"},\"inLanguage\":\"eu\",\"potentialAction\":[{\"@type\":\"ReadAction\",\"target\":[\"https:\\\/\\\/bmf-fvm.org\\\/eu\\\/ibilbideak\\\/dokumentazioa\\\/\"]}]},{\"@type\":\"BreadcrumbList\",\"@id\":\"https:\\\/\\\/bmf-fvm.org\\\/eu\\\/ibilbideak\\\/dokumentazioa\\\/#breadcrumb\",\"itemListElement\":[{\"@type\":\"ListItem\",\"position\":1,\"name\":\"Portada\",\"item\":\"https:\\\/\\\/bmf-fvm.org\\\/eu\\\/\"},{\"@type\":\"ListItem\",\"position\":2,\"name\":\"Ibilbideak\",\"item\":\"https:\\\/\\\/bmf-fvm.org\\\/eu\\\/ibilbideak\\\/\"},{\"@type\":\"ListItem\",\"position\":3,\"name\":\"Dokumentazioa\"}]},{\"@type\":\"WebSite\",\"@id\":\"https:\\\/\\\/bmf-fvm.org\\\/#website\",\"url\":\"https:\\\/\\\/bmf-fvm.org\\\/\",\"name\":\"Bizkaiko Mendizale Federazioa\",\"description\":\"Bizkaiko Mendizale Federazioa\",\"publisher\":{\"@id\":\"https:\\\/\\\/bmf-fvm.org\\\/#organization\"},\"potentialAction\":[{\"@type\":\"SearchAction\",\"target\":{\"@type\":\"EntryPoint\",\"urlTemplate\":\"https:\\\/\\\/bmf-fvm.org\\\/?s={search_term_string}\"},\"query-input\":{\"@type\":\"PropertyValueSpecification\",\"valueRequired\":true,\"valueName\":\"search_term_string\"}}],\"inLanguage\":\"eu\"},{\"@type\":\"Organization\",\"@id\":\"https:\\\/\\\/bmf-fvm.org\\\/#organization\",\"name\":\"Federaci\u00f3n Vizca\u00edna de Monta\u00f1a\",\"url\":\"https:\\\/\\\/bmf-fvm.org\\\/\",\"logo\":{\"@type\":\"ImageObject\",\"inLanguage\":\"eu\",\"@id\":\"https:\\\/\\\/bmf-fvm.org\\\/#\\\/schema\\\/logo\\\/image\\\/\",\"url\":\"https:\\\/\\\/bmf-fvm.org\\\/wp-content\\\/uploads\\\/2022\\\/03\\\/bmf-logo-trans.png\",\"contentUrl\":\"https:\\\/\\\/bmf-fvm.org\\\/wp-content\\\/uploads\\\/2022\\\/03\\\/bmf-logo-trans.png\",\"width\":41,\"height\":61,\"caption\":\"Federaci\u00f3n Vizca\u00edna de Monta\u00f1a\"},\"image\":{\"@id\":\"https:\\\/\\\/bmf-fvm.org\\\/#\\\/schema\\\/logo\\\/image\\\/\"},\"sameAs\":[\"https:\\\/\\\/facebook.com\\\/pages\\\/Bmf-Fvm\\\/597553177057267\"]}]}<\/script>\n<!-- \/ Yoast SEO plugin. -->","yoast_head_json":{"title":"Dokumentazioa - Bizkaiko Mendizale Federazioa","robots":{"index":"index","follow":"follow","max-snippet":"max-snippet:-1","max-image-preview":"max-image-preview:large","max-video-preview":"max-video-preview:-1"},"canonical":"https:\/\/bmf-fvm.org\/eu\/ibilbideak\/dokumentazioa\/","og_locale":"en_US","og_type":"article","og_title":"Dokumentazioa - Bizkaiko Mendizale Federazioa","og_description":"[vc_row][vc_column][vc_column_text] Arauak Homologaziorako irizpideak BMF 79-1996 Dekretua, mendi-ibiliak antolatu eta normalizatzeko Inprimakiak Bizkaiko Bidezidor Baten Behin-behineko Matrikula Eskabidearen Inprimakia Bizkaiko&hellip;","og_url":"https:\/\/bmf-fvm.org\/eu\/ibilbideak\/dokumentazioa\/","og_site_name":"Bizkaiko Mendizale Federazioa","article_publisher":"https:\/\/facebook.com\/pages\/Bmf-Fvm\/597553177057267","article_modified_time":"2022-01-24T15:59:51+00:00","og_image":[{"width":200,"height":200,"url":"https:\/\/bmf-fvm.org\/wp-content\/uploads\/2022\/04\/bmf-fb-logo.jpg","type":"image\/jpeg"}],"twitter_card":"summary_large_image","schema":{"@context":"https:\/\/schema.org","@graph":[{"@type":"WebPage","@id":"https:\/\/bmf-fvm.org\/eu\/ibilbideak\/dokumentazioa\/","url":"https:\/\/bmf-fvm.org\/eu\/ibilbideak\/dokumentazioa\/","name":"Dokumentazioa - Bizkaiko Mendizale Federazioa","isPartOf":{"@id":"https:\/\/bmf-fvm.org\/#website"},"datePublished":"2015-11-11T11:32:47+00:00","dateModified":"2022-01-24T15:59:51+00:00","breadcrumb":{"@id":"https:\/\/bmf-fvm.org\/eu\/ibilbideak\/dokumentazioa\/#breadcrumb"},"inLanguage":"eu","potentialAction":[{"@type":"ReadAction","target":["https:\/\/bmf-fvm.org\/eu\/ibilbideak\/dokumentazioa\/"]}]},{"@type":"BreadcrumbList","@id":"https:\/\/bmf-fvm.org\/eu\/ibilbideak\/dokumentazioa\/#breadcrumb","itemListElement":[{"@type":"ListItem","position":1,"name":"Portada","item":"https:\/\/bmf-fvm.org\/eu\/"},{"@type":"ListItem","position":2,"name":"Ibilbideak","item":"https:\/\/bmf-fvm.org\/eu\/ibilbideak\/"},{"@type":"ListItem","position":3,"name":"Dokumentazioa"}]},{"@type":"WebSite","@id":"https:\/\/bmf-fvm.org\/#website","url":"https:\/\/bmf-fvm.org\/","name":"Bizkaiko Mendizale Federazioa","description":"Bizkaiko Mendizale Federazioa","publisher":{"@id":"https:\/\/bmf-fvm.org\/#organization"},"potentialAction":[{"@type":"SearchAction","target":{"@type":"EntryPoint","urlTemplate":"https:\/\/bmf-fvm.org\/?s={search_term_string}"},"query-input":{"@type":"PropertyValueSpecification","valueRequired":true,"valueName":"search_term_string"}}],"inLanguage":"eu"},{"@type":"Organization","@id":"https:\/\/bmf-fvm.org\/#organization","name":"Federaci\u00f3n Vizca\u00edna de Monta\u00f1a","url":"https:\/\/bmf-fvm.org\/","logo":{"@type":"ImageObject","inLanguage":"eu","@id":"https:\/\/bmf-fvm.org\/#\/schema\/logo\/image\/","url":"https:\/\/bmf-fvm.org\/wp-content\/uploads\/2022\/03\/bmf-logo-trans.png","contentUrl":"https:\/\/bmf-fvm.org\/wp-content\/uploads\/2022\/03\/bmf-logo-trans.png","width":41,"height":61,"caption":"Federaci\u00f3n Vizca\u00edna de Monta\u00f1a"},"image":{"@id":"https:\/\/bmf-fvm.org\/#\/schema\/logo\/image\/"},"sameAs":["https:\/\/facebook.com\/pages\/Bmf-Fvm\/597553177057267"]}]}},"_links":{"self":[{"href":"https:\/\/bmf-fvm.org\/eu\/wp-json\/wp\/v2\/pages\/80531","targetHints":{"allow":["GET"]}}],"collection":[{"href":"https:\/\/bmf-fvm.org\/eu\/wp-json\/wp\/v2\/pages"}],"about":[{"href":"https:\/\/bmf-fvm.org\/eu\/wp-json\/wp\/v2\/types\/page"}],"author":[{"embeddable":true,"href":"https:\/\/bmf-fvm.org\/eu\/wp-json\/wp\/v2\/users\/1"}],"replies":[{"embeddable":true,"href":"https:\/\/bmf-fvm.org\/eu\/wp-json\/wp\/v2\/comments?post=80531"}],"version-history":[{"count":0,"href":"https:\/\/bmf-fvm.org\/eu\/wp-json\/wp\/v2\/pages\/80531\/revisions"}],"up":[{"embeddable":true,"href":"https:\/\/bmf-fvm.org\/eu\/wp-json\/wp\/v2\/pages\/71600"}],"wp:attachment":[{"href":"https:\/\/bmf-fvm.org\/eu\/wp-json\/wp\/v2\/media?parent=80531"}],"curies":[{"name":"wp","href":"https:\/\/api.w.org\/{rel}","templated":true}]}}