{"id":80421,"date":"2018-02-13T11:23:20","date_gmt":"2018-02-13T10:23:20","guid":{"rendered":"https:\/\/bmf-fvm.org\/bizkaiko-xendazaletasun-liga\/"},"modified":"2026-02-05T14:15:12","modified_gmt":"2026-02-05T13:15:12","slug":"bizkaiko-xendazaletasun-liga","status":"publish","type":"page","link":"https:\/\/bmf-fvm.org\/eu\/bizkaiko-xendazaletasun-liga\/","title":{"rendered":"Bizkaiko Xendazaletasun Liga"},"content":{"rendered":"<div class=\"wpb-content-wrapper\"><p>[vc_row][vc_column][vc_column_text css=&#8221;&#8221;]<strong>BMF-FVM<\/strong>ren helburu nagusietako bat Bizkaiko bide homologatuak sustatzea eta ezagutaraztea da, bide horiek ahanzturan eta erabilerarik gabe gera ez daitezen, hori baita degradatzeko eta desagertzeko arrazoi nagusia.<\/p>\n<p>Ibilbide horiek dinamizatzeko, <strong>BMF-FVM<\/strong>ko Bidexken Eremuak \u201c<strong>Bizkaiko Xendazaletasun Liga<\/strong>\u201d jarri du abian. Horrela, bidezidor horiek herritarrei ezagutzera emateaz gain, haiek mantendu eta kontserbatzeko lanean arituko gara, eta gainerako bidexken erakusleiho ere izango gara.<\/p>\n<p>\u201c<strong>Bizkaiko Bidexken Liga<\/strong>\u201d honen helburua da <strong>BMF-FVM<\/strong>k Bizkaian homologatutako bidexkak sustatzea eta ezagutaraztea, baita balio handiko bidexkak eta tokiko bideak eta naturguneak ere, askotan ezezagunak direnak.<\/p>\n<p>Parte-hartzaileek balio hauek sustatu nahi dituzte:<\/p>\n<ul class=\"lista-resaltada\">\n<li>Ingurumena zaintzea.<\/li>\n<li>Ezgaitasuna duten pertsonak sartzea.<\/li>\n<li>Familiaren parte-hartzea.<\/li>\n<li>Herritarren parte-hartzea, oro har, federatuta egon ala ez.<\/li>\n<li>Jardueren izaera ez-lehiakorra.<\/li>\n<li>Parte-hartzearen erregulartasuna.<\/li>\n<li>Ingurune naturalean moldatzen ikastea.<\/li>\n<\/ul>\n<p><strong>BMF-FVM<\/strong>k diseinatzen ditu ibilbideak, mendiko klub batekin lankidetzan, jarraibide hauetan oinarrituta:<\/p>\n<ul class=\"lista-resaltada\">\n<li>Ibilbideko zati bat homologatutako bidexka baten tarteren batetik igarotzen saiatu.<\/li>\n<li>Ibilbideak zailtasun txikia\/ertaina izatea, parte-hartzaile guztientzat egokia eta 5 ordu baino gutxiagoan egin ahal izateko.<\/li>\n<li>Osasun zerbitzu finkoa eta mugikorra izatea.<\/li>\n<li>Federaturik ez dauden parte-hartzaile guztiei bermatzea.<\/li>\n<li>Gehienez ere 400-500 pertsonak har dezakete parte, ibilbidearen masifikazioa saihesteko.<\/li>\n<li>Erakunde publikoen baimenak lortzea.<\/li>\n<li>Markatze edo boluntarioen bidez ibilbidearen jarraipena egiteko behar diren laguntzak ematea.<\/li>\n<li>Parte-hartzaileen autosufizientzia ibilbidean alderdi hauetan:\n<ul>\n<li>Motxila<\/li>\n<li>Arropa<\/li>\n<li>Bazkaria<\/li>\n<li>Ura<\/li>\n<\/ul>\n<\/li>\n<\/ul>\n<h3>ARAUDIA<\/h3>\n<ul>\n<li>Parte hartzeko, nahitaezkoa izanen da proba bakoitzean izena ematea, formulario baten bidez. Inprimaki horretan datu pertsonalak eta parte-hartzaileak kontrolatzeko behar direnak agertuko dira.<\/li>\n<li>Ordainketa banku-txartelaren bidez egin ondoren emango da izena jardueran. Ordainketa egin ondoren, plataformak mezu elektroniko bat bidaliko du izen-ematearen ziurtagiriarekin. Jasotzen ez bada, <strong>BMF-FVM<\/strong>rekin harremanetan jarri beharko da arazoa konpontzeko.<\/li>\n<li>Izena emateko epea jarduera egiten den asteko ostegunean itxiko da.<\/li>\n<li>Jarduera eguna garaiz aurkeztu behar da asistentzia kontrolatzeko.<\/li>\n<li>Jardueran zehar, boluntarioen seinaleak eta jarraibideak errespetatu behar dira. Antolatzaileek ez dute erantzukizunik izanen ibilbide bakoitzerako emandako jarraibideak betetzen ez badira.<\/li>\n<li>Jarduera bukatzean nahitaezkoa izanen da iriste kontrola egitea. Ezinbesteko arrazoiren batengatik jarduera uzten bada, erakundeari jakinarazi beharko dio.<\/li>\n<\/ul>\n<p>[\/vc_column_text][\/vc_column][\/vc_row][vc_row][vc_column width=&#8221;2\/3&#8243;][vc_column_text css=&#8221;&#8221;]<\/p>\n<h3>EGUTEGIA<\/h3>\n<table class=\"table\">\n<thead>\n<tr>\n<th>Data<\/th>\n<th>Udalerria<\/th>\n<th>Antolatzailea<\/th>\n<th>Ibilbidea<\/th>\n<\/tr>\n<\/thead>\n<tbody>\n<tr>\n<td>Martxoak 7<\/td>\n<td>Urduliz<\/td>\n<td>Belatzgorri M.K.<\/td>\n<td>Isuskitzamendi<\/td>\n<\/tr>\n<tr>\n<td>Ekainak 14<\/td>\n<td>Arrigorriaga<\/td>\n<td>Padura M.E.<\/td>\n<td>Zehaztu gabe<\/td>\n<\/tr>\n<tr>\n<td>Ekainak 21<\/td>\n<td>Zehaztu gabe<\/td>\n<td>BFA-DFB<\/td>\n<td>Zehaztu gabe<\/td>\n<\/tr>\n<tr>\n<td>Urriak 18<\/td>\n<td>Mungia<\/td>\n<td>Tallu M.K.K<\/td>\n<td>Zehaztu gabe<\/td>\n<\/tr>\n<\/tbody>\n<\/table>\n<p>[\/vc_column_text][vc_row_inner][vc_column_inner][vc_column_text css=&#8221;&#8221;]Jarduera horiek guztiak &#8220;<strong>Liga Ib\u00e9rica Senderismo<\/strong>&#8221; sartuta daude, eta <a href=\"https:\/\/fedme.es\/la-liga-iberica-de-senderismo-presenta-su-calendario-provisional-de-pruebas-para-2026\/\" target=\"_blank\" rel=\"noopener\">hemen<\/a> duzu beste erkidego eta herrialde batzuetan programatutako jardueren zerrenda.[\/vc_column_text][\/vc_column_inner][\/vc_row_inner][\/vc_column][vc_column width=&#8221;1\/3&#8243;][vc_single_image image=&#8221;123136&#8243; img_size=&#8221;medium&#8221; alignment=&#8221;center&#8221; onclick=&#8221;link_image&#8221; css_animation=&#8221;fadeInUp&#8221; css=&#8221;&#8221;][\/vc_column][\/vc_row][vc_row][vc_column][vc_column_text css=&#8221;&#8221;]<\/p>\n<h3>2026ko JARDUERAK<\/h3>\n<p>[\/vc_column_text][\/vc_column][\/vc_row][vc_row full_width=&#8221;stretch_row&#8221; css=&#8221;.vc_custom_1711020369468{margin-bottom: 30px !important;background-color: #f7f7f7 !important;}&#8221;][vc_column][vc_column_text]<div class=\"contenedor-cuadros-foto\">\r\n\t\t[vc_column width='1\/4' el_class='cuadro-hijas']\r\n\t\t\t<div class=\"ult-content-box-container cuadro-salida cuadro-foto\" >\t\t<div class=\"ult-content-box\" style=\"background-color:#fff;-webkit-transition: all 700ms ease;-moz-transition: all 700ms ease;-ms-transition: all 700ms ease;-o-transition: all 700ms ease;transition: all 700ms ease;\"     data-bg=\"#fff\" >\r\n\t\t\t\t\r\n\t\t[vc_single_image\r\n\t\t\tsource='media_library'\r\n\t\t\tcustom_src=''\r\n\t\t\timage='123440'\r\n\t\t\timg_size='cuadro-imagen'\r\n\t\t\talignment='center'\r\n\t\t\tonclick=''\r\n\t\t\tlink='https:\/\/bmf-fvm.org\/eu\/berdintasunaren-aldeko-gailurrak-6-martxa\/'\r\n\t\t\tel_class=''\r\n\t\t\tstyle=''\r\n\t\t\tadd_caption=''\r\n\t\t]\r\n\t\r\n\t\t\t\t\r\n\t\t\t\t[vc_column_text el_class='titulo-cuadro']\r\n\t\t\t\t\t<h4><a href=\"https:\/\/bmf-fvm.org\/eu\/berdintasunaren-aldeko-gailurrak-6-martxa\/\">Berdintasunaren aldeko Gailurrak 6. Martxa<\/a><\/h4>\r\n\t\t\t\t\t<span class=\"cuadro-subtitulo\"><span class=\"fs-80\">2026-03-07<\/span><\/span>\r\n\t\t\t\t[\/vc_column_text]\r\n\t\t\t\t\t<\/div><\/div>\r\n\t\t[\/vc_column]\r\n\t<\/div>[\/vc_column_text][\/vc_column][\/vc_row]<\/p>\n<\/div>","protected":false},"excerpt":{"rendered":"<p>[vc_row][vc_column][vc_column_text css=&#8221;&#8221;]BMF-FVMren helburu nagusietako bat Bizkaiko bide homologatuak sustatzea eta ezagutaraztea da, bide horiek ahanzturan eta erabilerarik gabe gera ez&hellip;<\/p>\n","protected":false},"author":1,"featured_media":0,"parent":0,"menu_order":17,"comment_status":"closed","ping_status":"closed","template":"","meta":{"_acf_changed":false,"footnotes":""},"class_list":["post-80421","page","type-page","status-publish","hentry"],"acf":[],"yoast_head":"<!-- This site is optimized with the Yoast SEO plugin v27.3 - https:\/\/yoast.com\/product\/yoast-seo-wordpress\/ -->\n<title>Bizkaiko Xendazaletasun Liga - Bizkaiko Mendizale Federazioa<\/title>\n<meta name=\"robots\" content=\"index, follow, max-snippet:-1, max-image-preview:large, max-video-preview:-1\" \/>\n<link rel=\"canonical\" href=\"https:\/\/bmf-fvm.org\/eu\/bizkaiko-xendazaletasun-liga\/\" \/>\n<meta property=\"og:locale\" content=\"en_US\" \/>\n<meta property=\"og:type\" content=\"article\" \/>\n<meta property=\"og:title\" content=\"Bizkaiko Xendazaletasun Liga - Bizkaiko Mendizale Federazioa\" \/>\n<meta property=\"og:description\" content=\"[vc_row][vc_column][vc_column_text css=&#8221;&#8221;]BMF-FVMren helburu nagusietako bat Bizkaiko bide homologatuak sustatzea eta ezagutaraztea da, bide horiek ahanzturan eta erabilerarik gabe gera ez&hellip;\" \/>\n<meta property=\"og:url\" content=\"https:\/\/bmf-fvm.org\/eu\/bizkaiko-xendazaletasun-liga\/\" \/>\n<meta property=\"og:site_name\" content=\"Bizkaiko Mendizale Federazioa\" \/>\n<meta property=\"article:publisher\" content=\"https:\/\/facebook.com\/pages\/Bmf-Fvm\/597553177057267\" \/>\n<meta property=\"article:modified_time\" content=\"2026-02-05T13:15:12+00:00\" \/>\n<meta property=\"og:image\" content=\"https:\/\/bmf-fvm.org\/wp-content\/uploads\/2022\/04\/bmf-fb-logo.jpg\" \/>\n\t<meta property=\"og:image:width\" content=\"200\" \/>\n\t<meta property=\"og:image:height\" content=\"200\" \/>\n\t<meta property=\"og:image:type\" content=\"image\/jpeg\" \/>\n<meta name=\"twitter:card\" content=\"summary_large_image\" \/>\n<meta name=\"twitter:label1\" content=\"Est. reading time\" \/>\n\t<meta name=\"twitter:data1\" content=\"3 minutua\" \/>\n<script type=\"application\/ld+json\" class=\"yoast-schema-graph\">{\"@context\":\"https:\\\/\\\/schema.org\",\"@graph\":[{\"@type\":\"WebPage\",\"@id\":\"https:\\\/\\\/bmf-fvm.org\\\/eu\\\/bizkaiko-xendazaletasun-liga\\\/\",\"url\":\"https:\\\/\\\/bmf-fvm.org\\\/eu\\\/bizkaiko-xendazaletasun-liga\\\/\",\"name\":\"Bizkaiko Xendazaletasun Liga - Bizkaiko Mendizale Federazioa\",\"isPartOf\":{\"@id\":\"https:\\\/\\\/bmf-fvm.org\\\/#website\"},\"datePublished\":\"2018-02-13T10:23:20+00:00\",\"dateModified\":\"2026-02-05T13:15:12+00:00\",\"breadcrumb\":{\"@id\":\"https:\\\/\\\/bmf-fvm.org\\\/eu\\\/bizkaiko-xendazaletasun-liga\\\/#breadcrumb\"},\"inLanguage\":\"eu\",\"potentialAction\":[{\"@type\":\"ReadAction\",\"target\":[\"https:\\\/\\\/bmf-fvm.org\\\/eu\\\/bizkaiko-xendazaletasun-liga\\\/\"]}]},{\"@type\":\"BreadcrumbList\",\"@id\":\"https:\\\/\\\/bmf-fvm.org\\\/eu\\\/bizkaiko-xendazaletasun-liga\\\/#breadcrumb\",\"itemListElement\":[{\"@type\":\"ListItem\",\"position\":1,\"name\":\"Portada\",\"item\":\"https:\\\/\\\/bmf-fvm.org\\\/eu\\\/\"},{\"@type\":\"ListItem\",\"position\":2,\"name\":\"Bizkaiko Xendazaletasun Liga\"}]},{\"@type\":\"WebSite\",\"@id\":\"https:\\\/\\\/bmf-fvm.org\\\/#website\",\"url\":\"https:\\\/\\\/bmf-fvm.org\\\/\",\"name\":\"Bizkaiko Mendizale Federazioa\",\"description\":\"Bizkaiko Mendizale Federazioa\",\"publisher\":{\"@id\":\"https:\\\/\\\/bmf-fvm.org\\\/#organization\"},\"potentialAction\":[{\"@type\":\"SearchAction\",\"target\":{\"@type\":\"EntryPoint\",\"urlTemplate\":\"https:\\\/\\\/bmf-fvm.org\\\/?s={search_term_string}\"},\"query-input\":{\"@type\":\"PropertyValueSpecification\",\"valueRequired\":true,\"valueName\":\"search_term_string\"}}],\"inLanguage\":\"eu\"},{\"@type\":\"Organization\",\"@id\":\"https:\\\/\\\/bmf-fvm.org\\\/#organization\",\"name\":\"Federaci\u00f3n Vizca\u00edna de Monta\u00f1a\",\"url\":\"https:\\\/\\\/bmf-fvm.org\\\/\",\"logo\":{\"@type\":\"ImageObject\",\"inLanguage\":\"eu\",\"@id\":\"https:\\\/\\\/bmf-fvm.org\\\/#\\\/schema\\\/logo\\\/image\\\/\",\"url\":\"https:\\\/\\\/bmf-fvm.org\\\/wp-content\\\/uploads\\\/2022\\\/03\\\/bmf-logo-trans.png\",\"contentUrl\":\"https:\\\/\\\/bmf-fvm.org\\\/wp-content\\\/uploads\\\/2022\\\/03\\\/bmf-logo-trans.png\",\"width\":41,\"height\":61,\"caption\":\"Federaci\u00f3n Vizca\u00edna de Monta\u00f1a\"},\"image\":{\"@id\":\"https:\\\/\\\/bmf-fvm.org\\\/#\\\/schema\\\/logo\\\/image\\\/\"},\"sameAs\":[\"https:\\\/\\\/facebook.com\\\/pages\\\/Bmf-Fvm\\\/597553177057267\"]}]}<\/script>\n<!-- \/ Yoast SEO plugin. -->","yoast_head_json":{"title":"Bizkaiko Xendazaletasun Liga - Bizkaiko Mendizale Federazioa","robots":{"index":"index","follow":"follow","max-snippet":"max-snippet:-1","max-image-preview":"max-image-preview:large","max-video-preview":"max-video-preview:-1"},"canonical":"https:\/\/bmf-fvm.org\/eu\/bizkaiko-xendazaletasun-liga\/","og_locale":"en_US","og_type":"article","og_title":"Bizkaiko Xendazaletasun Liga - Bizkaiko Mendizale Federazioa","og_description":"[vc_row][vc_column][vc_column_text css=&#8221;&#8221;]BMF-FVMren helburu nagusietako bat Bizkaiko bide homologatuak sustatzea eta ezagutaraztea da, bide horiek ahanzturan eta erabilerarik gabe gera ez&hellip;","og_url":"https:\/\/bmf-fvm.org\/eu\/bizkaiko-xendazaletasun-liga\/","og_site_name":"Bizkaiko Mendizale Federazioa","article_publisher":"https:\/\/facebook.com\/pages\/Bmf-Fvm\/597553177057267","article_modified_time":"2026-02-05T13:15:12+00:00","og_image":[{"width":200,"height":200,"url":"https:\/\/bmf-fvm.org\/wp-content\/uploads\/2022\/04\/bmf-fb-logo.jpg","type":"image\/jpeg"}],"twitter_card":"summary_large_image","twitter_misc":{"Est. reading time":"3 minutua"},"schema":{"@context":"https:\/\/schema.org","@graph":[{"@type":"WebPage","@id":"https:\/\/bmf-fvm.org\/eu\/bizkaiko-xendazaletasun-liga\/","url":"https:\/\/bmf-fvm.org\/eu\/bizkaiko-xendazaletasun-liga\/","name":"Bizkaiko Xendazaletasun Liga - Bizkaiko Mendizale Federazioa","isPartOf":{"@id":"https:\/\/bmf-fvm.org\/#website"},"datePublished":"2018-02-13T10:23:20+00:00","dateModified":"2026-02-05T13:15:12+00:00","breadcrumb":{"@id":"https:\/\/bmf-fvm.org\/eu\/bizkaiko-xendazaletasun-liga\/#breadcrumb"},"inLanguage":"eu","potentialAction":[{"@type":"ReadAction","target":["https:\/\/bmf-fvm.org\/eu\/bizkaiko-xendazaletasun-liga\/"]}]},{"@type":"BreadcrumbList","@id":"https:\/\/bmf-fvm.org\/eu\/bizkaiko-xendazaletasun-liga\/#breadcrumb","itemListElement":[{"@type":"ListItem","position":1,"name":"Portada","item":"https:\/\/bmf-fvm.org\/eu\/"},{"@type":"ListItem","position":2,"name":"Bizkaiko Xendazaletasun Liga"}]},{"@type":"WebSite","@id":"https:\/\/bmf-fvm.org\/#website","url":"https:\/\/bmf-fvm.org\/","name":"Bizkaiko Mendizale Federazioa","description":"Bizkaiko Mendizale Federazioa","publisher":{"@id":"https:\/\/bmf-fvm.org\/#organization"},"potentialAction":[{"@type":"SearchAction","target":{"@type":"EntryPoint","urlTemplate":"https:\/\/bmf-fvm.org\/?s={search_term_string}"},"query-input":{"@type":"PropertyValueSpecification","valueRequired":true,"valueName":"search_term_string"}}],"inLanguage":"eu"},{"@type":"Organization","@id":"https:\/\/bmf-fvm.org\/#organization","name":"Federaci\u00f3n Vizca\u00edna de Monta\u00f1a","url":"https:\/\/bmf-fvm.org\/","logo":{"@type":"ImageObject","inLanguage":"eu","@id":"https:\/\/bmf-fvm.org\/#\/schema\/logo\/image\/","url":"https:\/\/bmf-fvm.org\/wp-content\/uploads\/2022\/03\/bmf-logo-trans.png","contentUrl":"https:\/\/bmf-fvm.org\/wp-content\/uploads\/2022\/03\/bmf-logo-trans.png","width":41,"height":61,"caption":"Federaci\u00f3n Vizca\u00edna de Monta\u00f1a"},"image":{"@id":"https:\/\/bmf-fvm.org\/#\/schema\/logo\/image\/"},"sameAs":["https:\/\/facebook.com\/pages\/Bmf-Fvm\/597553177057267"]}]}},"_links":{"self":[{"href":"https:\/\/bmf-fvm.org\/eu\/wp-json\/wp\/v2\/pages\/80421","targetHints":{"allow":["GET"]}}],"collection":[{"href":"https:\/\/bmf-fvm.org\/eu\/wp-json\/wp\/v2\/pages"}],"about":[{"href":"https:\/\/bmf-fvm.org\/eu\/wp-json\/wp\/v2\/types\/page"}],"author":[{"embeddable":true,"href":"https:\/\/bmf-fvm.org\/eu\/wp-json\/wp\/v2\/users\/1"}],"replies":[{"embeddable":true,"href":"https:\/\/bmf-fvm.org\/eu\/wp-json\/wp\/v2\/comments?post=80421"}],"version-history":[{"count":7,"href":"https:\/\/bmf-fvm.org\/eu\/wp-json\/wp\/v2\/pages\/80421\/revisions"}],"predecessor-version":[{"id":123142,"href":"https:\/\/bmf-fvm.org\/eu\/wp-json\/wp\/v2\/pages\/80421\/revisions\/123142"}],"wp:attachment":[{"href":"https:\/\/bmf-fvm.org\/eu\/wp-json\/wp\/v2\/media?parent=80421"}],"curies":[{"name":"wp","href":"https:\/\/api.w.org\/{rel}","templated":true}]}}