{"id":71960,"date":"2017-11-23T11:34:14","date_gmt":"2017-11-23T10:34:14","guid":{"rendered":"https:\/\/bmf-fvm.org\/eskola-kirola\/actividades-de-competicion\/orientazio-liga\/"},"modified":"2025-09-04T15:45:22","modified_gmt":"2025-09-04T13:45:22","slug":"orientazio-liga","status":"publish","type":"page","link":"https:\/\/bmf-fvm.org\/eu\/eskola-kirola\/actividades-de-competicion\/orientazio-liga\/","title":{"rendered":"Orientazio Liga"},"content":{"rendered":"<div class=\"wpb-content-wrapper\"><p>[vc_row][vc_column][vc_column_text css=&#8221;&#8221;]Aurten ere, COBI Bizkaiko Orientazioaren laguntzaz eskola arteko ORIENTAZIO TXAPELKETA antolatuko dugu. Txapelketa Bizkaiko geografian zehar banatutako 3 jardunaldi puntuagarriz osatutako programa da.<\/p>\n<p>Ligan parte hartzeko ezinbestekoa da Bizkaiko Foru Aldundiako web orrian altan ematea. Behin hori eginda jardunaldi bakoitzean parte hartzeko izen-emateak eta partaide bakoitzeko <span class=\"pasta\">4\u20ac<\/span>-ko ordainketa Cobiren web orrian dagoen plataforman egin behar dira. Partaideek lehiatzeko pintza elektronikoa izan ezean 1\u20acko alokairua ordaindu beharko dute. (Ikus Araudia eta inskripzio prozesuko arloa).<\/p>\n<p>Jarraian orientazio txapelketarako programatutako egutegia:[\/vc_column_text][\/vc_column][\/vc_row][vc_row][vc_column width=&#8221;1\/2&#8243;][vc_column_text]<p class=\"sin-datos\">Ez dago gertaerarik erakusteko.<\/p>[\/vc_column_text][\/vc_column][vc_column width=&#8221;1\/2&#8243;][\/vc_column][\/vc_row][vc_row][vc_column][vc_column_text css=&#8221;&#8221;]<strong>OHARRA:<\/strong> Kurtsoa aurreratu ahala, baliteke data edota tokiren batek aldaketak jasatea.<\/p>\n<h3>ARAUDIA<\/h3>\n<h4>Kategoriak<\/h4>\n<ul>\n<li>TXIKIAK : 2014-2017. Open horia.<\/li>\n<li>NAGUSIAK: 2008-2013. Open Laranja.<\/li>\n<\/ul>\n<p>Eskola Kirolerako kategoria itxiak izango dira, berezko sailkapenarekin. Txikien kategorian, arduradun batekin joatea hautazkoa izango da, nagusien kategorian ere ez dira arduradun batekin joan beharko, baina taldeka lehiatu ahalko dute.<\/p>\n<p>Kategoria bakoitzeko sailkapen bat publikatuko da.<\/p>\n<h4>Puntuaketa<\/h4>\n<ul>\n<li>Ligak 3 froga ditu, sailkapen orokorrari begira ligan zehar bakarka lortutako 3 frogetako puntuazioak kontatuko dira.<\/li>\n<li>Sailkapen orokorrean berdinketa bat egonez gero, azken frogan hoberen gelditu denak aurre hartuko dio besteari. Azken horretan ere gauza bera gertatuz gero, aurreko txapelketako sailkapena kontuan hartuko da eta horrela bata bestearen segidan. Hori dena podiumean lehiatzen daudenei soilik eragingo die.<\/li>\n<li>Froga amaitutakoan sailkapen orokorra egiteko puntuak gehituko dira eta bataz bestekoa horrela egingo da:\n<ul>\n<li>1puntu<\/li>\n<li>10 puntu<\/li>\n<li>15 puntu<\/li>\n<li>20 puntu<\/li>\n<li>21 puntu<\/li>\n<li>22 puntu<\/li>\n<li>23 puntu<\/li>\n<li>24 puntu<\/li>\n<li>25 puntu<\/li>\n<li>26 puntu<\/li>\n<li>27 puntu<\/li>\n<li>Etab.<\/li>\n<\/ul>\n<\/li>\n<li>Txapelketa 3 jardunaldietan zehar puntu gutxien dituenak irabaziko du.<\/li>\n<li>Jardunaldia taldeka egiten dutenek bakarka puntuatuko dute pintza elektronikoak markatzen duen hurrenkera errespetatuz.<\/li>\n<li>Txikien kategoriako laguntzailearen lana partaideak galtzen ez direla kontrolatzea da, epaileren batek laguntzailea balizak bilatzen dituela ikusten badu automatikoki partaidea jardunaldi horretatik kanpo geldituko da jardunaldi horretan lortu daitekeen puntuaziorik altuena lortuz.<\/li>\n<\/ul>\n<h4>Jardunaldiaren garapena eta kontuan hartzekoa<\/h4>\n<ul>\n<li>Txikiak:\n<ul>\n<li>Arduradun batekin parte hartzea hautazkoa da.<\/li>\n<li>Bakarka edo taldeka joan daitezke (askoz jota 5eko taldeak izango dira).<\/li>\n<\/ul>\n<\/li>\n<li>Nagusiak:\n<ul>\n<li>Arduradun gabe joan behar dira.<\/li>\n<li>Bakarka edo taldeka joan daitezke (askoz jota 5eko taldeak izango dira).<\/li>\n<\/ul>\n<\/li>\n<li>Jardunaldi bakoitza baino arinago gutxieneko oinarriak izateko Breafing bat egongo da.<\/li>\n<li>3 jardunaldiko txapelketako puntuazio sistema publikatuko da.<\/li>\n<\/ul>\n<h3>PARTAIDEA ORIENTAZIO TXAPELKETAN INSKRIBATZEKO PROZESUA<\/h3>\n<h4>Eskola kiroleko lehiaketa arloan parte hartzen duen lehen urtea<\/h4>\n<p>Sekula ere Eskola Kiroleko LEHIAKETAN parte hartu ez dutenentzako pausoak:<\/p>\n<p>Gurasoek Bizkaiko Foru Aldundiako plataforman partaideak erregistratu behar dituzte, <a href=\"https:\/\/www.bizkaia.eus\/eskolakirola\" target=\"_blank\" rel=\"noopener\">www.bizkaia.eus\/eskolakirola<\/a> web guneko &#8220;ESKOLA KIROLEAN ALTA BERRIA&#8221; arloan.<\/p>\n<p>Hurrengo pausoa baino lehen guraso bakoitzak umearen izen-ematea egin beharko du.<\/p>\n<h4><\/h4>\n<h4>ORIENTAZIO LIGAKO IZEN-EMATEAK<\/h4>\n<p>Bizkaiko Foru Aldundiako web orrian egin behr dira, horretarako ikastetxeak, taldeak edo elkarteak erabiltzailea eta gakoa izan behar dituzte. 2 aukera daude prozesua egiteko: A) Ikastetxe edo elkartearen bidez. B) COBI-ren bidez:<\/p>\n<h5>Ikastetxe edo elkartearen bidez<\/h5>\n<ul>\n<li>Erabiltzaile eta gakoarekin <a href=\"https:\/\/www.bizkaia.eus\/eskolakirola\" target=\"_blank\" rel=\"noopener\">www.bizkaia.eus\/eskolakirola<\/a> web gunean sartu.<\/li>\n<li><strong>Lehiaketa<\/strong> arloan izen emateak egin. Partaide bakoitzeko hurrengo dokumentazioa igo behar da:\n<ul>\n<li>Argazki digitala.<\/li>\n<li>Errolda agiria.<\/li>\n<li>Ikastetxearen ziurtagiria<\/li>\n<li>Kirolariaren ama, aita edo tutoreak gurasoentzako formakuntzaren diploma izatea.<\/li>\n<\/ul>\n<\/li>\n<\/ul>\n<p><strong>OHARRA:<\/strong> Partaideek aurreko urtean dokumentazioa aurkeztu bazuten aurten ez dute berriz ere aurkeztu behar.<\/p>\n<h5>COBI (Bizkaiko Orientazio Elkartearen) bidez<\/h5>\n<p>COBI-k daukan web orrian <a href=\"http:\/\/www.cobidea.com\" target=\"_blank\" rel=\"noopener\">www.cobidea.com<\/a>, ORIENTAZIO TXAPELKETA arloan, txapelketan altan emateko beharrezko informazioa lortzeko galdetegi bat jarriko dute:<\/p>\n<ul>\n<li>Izen-abizenak<\/li>\n<li>Jaiotze data.<\/li>\n<li>Helbidea.<\/li>\n<li>Ikastetxea.<\/li>\n<li>Helbide elektronikoa eta aita-amaren telefono zenbakia.<\/li>\n<li>Kategoria.<\/li>\n<\/ul>\n<p>Galdetegian, partaidea altan emateko beharrezko dokumentazioa atxikitzeko atal bat egongo da:<\/p>\n<ul>\n<li>Argazki digitala.<\/li>\n<li>Errolda agiria.<\/li>\n<li>Ikastetxearen ziurtagiria<\/li>\n<li>Kirolariaren ama, aita edo tutoreak gurasoentzako formakuntzaren diploma izatea.<\/li>\n<\/ul>\n<p><strong>OHARRA:<\/strong> Partaideek aurreko urtean dokumentazioa aurkeztu bazuten aurten ez dute berriz ere aurkeztu behar.<\/p>\n<p>Galdetegi hori <span style=\"text-decoration: underline\">ORIENTAZIO TXAPELKETAN<\/span> parte hartzeko interesa duten umeak dituzten guraso, ikastetxe, mendi \u2013taldek\u2026 bete dezakete.<\/p>\n<h3>JARDUNALDI BAKOITZEAN IZEN-EMATEAK EGITEKO PROZESUA<\/h3>\n<ul>\n<li>Jardunaldiko data baino 15 egun arinago izen-emateak irekiko dira. Partaideak soilik apuntatu behar dira, nagusi-arduradunak ez.<\/li>\n<li><a href=\"http:\/\/www.cobidea.com\/\" target=\"_blank\" rel=\"noopener\">COBI<\/a>-ren web gunean, www.cobidea.com, &#8220;ESKOLA ARTEKO ORIENTAZIO TXAPELKETA&#8221; arloan, izen-emateak on-line egiteko plataforma sartzeko link bat egongo da bertan jardunaldi bakoitzean parte hartzeko izen-emateak egin beharko dira.<\/li>\n<li>Prezioa <span class=\"pasta\">4\u20ac<\/span>koa da. Lehiatzeko pintza izan ezean alokairuagatik 1\u20ac ordaindu beharko da.<\/li>\n<li>Egunean bertan ez dira izen-emateak onartuko.<\/li>\n<\/ul>\n<p>[\/vc_column_text][\/vc_column][\/vc_row]<\/p>\n<\/div>","protected":false},"excerpt":{"rendered":"<p>[vc_row][vc_column][vc_column_text css=&#8221;&#8221;]Aurten ere, COBI Bizkaiko Orientazioaren laguntzaz eskola arteko ORIENTAZIO TXAPELKETA antolatuko dugu. Txapelketa Bizkaiko geografian zehar banatutako 3 jardunaldi&hellip;<\/p>\n","protected":false},"author":20,"featured_media":71991,"parent":71954,"menu_order":13,"comment_status":"closed","ping_status":"closed","template":"","meta":{"_acf_changed":false,"footnotes":""},"class_list":["post-71960","page","type-page","status-publish","has-post-thumbnail","hentry","seccion-orientazio-liga"],"acf":[],"yoast_head":"<!-- This site is optimized with the Yoast SEO plugin v27.3 - https:\/\/yoast.com\/product\/yoast-seo-wordpress\/ -->\n<title>Orientazio Liga - Bizkaiko Mendizale Federazioa<\/title>\n<meta name=\"robots\" content=\"index, follow, max-snippet:-1, max-image-preview:large, max-video-preview:-1\" \/>\n<link rel=\"canonical\" href=\"https:\/\/bmf-fvm.org\/eu\/eskola-kirola\/actividades-de-competicion\/orientazio-liga\/\" \/>\n<meta property=\"og:locale\" content=\"en_US\" \/>\n<meta property=\"og:type\" content=\"article\" \/>\n<meta property=\"og:title\" content=\"Orientazio Liga - Bizkaiko Mendizale Federazioa\" \/>\n<meta property=\"og:description\" content=\"[vc_row][vc_column][vc_column_text css=&#8221;&#8221;]Aurten ere, COBI Bizkaiko Orientazioaren laguntzaz eskola arteko ORIENTAZIO TXAPELKETA antolatuko dugu. Txapelketa Bizkaiko geografian zehar banatutako 3 jardunaldi&hellip;\" \/>\n<meta property=\"og:url\" content=\"https:\/\/bmf-fvm.org\/eu\/eskola-kirola\/actividades-de-competicion\/orientazio-liga\/\" \/>\n<meta property=\"og:site_name\" content=\"Bizkaiko Mendizale Federazioa\" \/>\n<meta property=\"article:publisher\" content=\"https:\/\/facebook.com\/pages\/Bmf-Fvm\/597553177057267\" \/>\n<meta property=\"article:modified_time\" content=\"2025-09-04T13:45:22+00:00\" \/>\n<meta property=\"og:image\" content=\"https:\/\/bmf-fvm.org\/wp-content\/uploads\/2021\/12\/brujula.jpg\" \/>\n\t<meta property=\"og:image:width\" content=\"1200\" \/>\n\t<meta property=\"og:image:height\" content=\"675\" \/>\n\t<meta property=\"og:image:type\" content=\"image\/jpeg\" \/>\n<meta name=\"twitter:card\" content=\"summary_large_image\" \/>\n<meta name=\"twitter:label1\" content=\"Est. reading time\" \/>\n\t<meta name=\"twitter:data1\" content=\"3 minutua\" \/>\n<script type=\"application\/ld+json\" class=\"yoast-schema-graph\">{\"@context\":\"https:\\\/\\\/schema.org\",\"@graph\":[{\"@type\":\"WebPage\",\"@id\":\"https:\\\/\\\/bmf-fvm.org\\\/eu\\\/eskola-kirola\\\/actividades-de-competicion\\\/orientazio-liga\\\/\",\"url\":\"https:\\\/\\\/bmf-fvm.org\\\/eu\\\/eskola-kirola\\\/actividades-de-competicion\\\/orientazio-liga\\\/\",\"name\":\"Orientazio Liga - Bizkaiko Mendizale Federazioa\",\"isPartOf\":{\"@id\":\"https:\\\/\\\/bmf-fvm.org\\\/#website\"},\"primaryImageOfPage\":{\"@id\":\"https:\\\/\\\/bmf-fvm.org\\\/eu\\\/eskola-kirola\\\/actividades-de-competicion\\\/orientazio-liga\\\/#primaryimage\"},\"image\":{\"@id\":\"https:\\\/\\\/bmf-fvm.org\\\/eu\\\/eskola-kirola\\\/actividades-de-competicion\\\/orientazio-liga\\\/#primaryimage\"},\"thumbnailUrl\":\"https:\\\/\\\/bmf-fvm.org\\\/wp-content\\\/uploads\\\/2021\\\/12\\\/brujula.jpg\",\"datePublished\":\"2017-11-23T10:34:14+00:00\",\"dateModified\":\"2025-09-04T13:45:22+00:00\",\"breadcrumb\":{\"@id\":\"https:\\\/\\\/bmf-fvm.org\\\/eu\\\/eskola-kirola\\\/actividades-de-competicion\\\/orientazio-liga\\\/#breadcrumb\"},\"inLanguage\":\"eu\",\"potentialAction\":[{\"@type\":\"ReadAction\",\"target\":[\"https:\\\/\\\/bmf-fvm.org\\\/eu\\\/eskola-kirola\\\/actividades-de-competicion\\\/orientazio-liga\\\/\"]}]},{\"@type\":\"ImageObject\",\"inLanguage\":\"eu\",\"@id\":\"https:\\\/\\\/bmf-fvm.org\\\/eu\\\/eskola-kirola\\\/actividades-de-competicion\\\/orientazio-liga\\\/#primaryimage\",\"url\":\"https:\\\/\\\/bmf-fvm.org\\\/wp-content\\\/uploads\\\/2021\\\/12\\\/brujula.jpg\",\"contentUrl\":\"https:\\\/\\\/bmf-fvm.org\\\/wp-content\\\/uploads\\\/2021\\\/12\\\/brujula.jpg\",\"width\":1200,\"height\":675},{\"@type\":\"BreadcrumbList\",\"@id\":\"https:\\\/\\\/bmf-fvm.org\\\/eu\\\/eskola-kirola\\\/actividades-de-competicion\\\/orientazio-liga\\\/#breadcrumb\",\"itemListElement\":[{\"@type\":\"ListItem\",\"position\":1,\"name\":\"Portada\",\"item\":\"https:\\\/\\\/bmf-fvm.org\\\/eu\\\/\"},{\"@type\":\"ListItem\",\"position\":2,\"name\":\"Eskola kirola\",\"item\":\"https:\\\/\\\/bmf-fvm.org\\\/eu\\\/eskola-kirola\\\/\"},{\"@type\":\"ListItem\",\"position\":3,\"name\":\"Lehiaketako jarduerak\",\"item\":\"https:\\\/\\\/bmf-fvm.org\\\/eu\\\/eskola-kirola\\\/actividades-de-competicion\\\/\"},{\"@type\":\"ListItem\",\"position\":4,\"name\":\"Orientazio Liga\"}]},{\"@type\":\"WebSite\",\"@id\":\"https:\\\/\\\/bmf-fvm.org\\\/#website\",\"url\":\"https:\\\/\\\/bmf-fvm.org\\\/\",\"name\":\"Bizkaiko Mendizale Federazioa\",\"description\":\"Bizkaiko Mendizale Federazioa\",\"publisher\":{\"@id\":\"https:\\\/\\\/bmf-fvm.org\\\/#organization\"},\"potentialAction\":[{\"@type\":\"SearchAction\",\"target\":{\"@type\":\"EntryPoint\",\"urlTemplate\":\"https:\\\/\\\/bmf-fvm.org\\\/?s={search_term_string}\"},\"query-input\":{\"@type\":\"PropertyValueSpecification\",\"valueRequired\":true,\"valueName\":\"search_term_string\"}}],\"inLanguage\":\"eu\"},{\"@type\":\"Organization\",\"@id\":\"https:\\\/\\\/bmf-fvm.org\\\/#organization\",\"name\":\"Federaci\u00f3n Vizca\u00edna de Monta\u00f1a\",\"url\":\"https:\\\/\\\/bmf-fvm.org\\\/\",\"logo\":{\"@type\":\"ImageObject\",\"inLanguage\":\"eu\",\"@id\":\"https:\\\/\\\/bmf-fvm.org\\\/#\\\/schema\\\/logo\\\/image\\\/\",\"url\":\"https:\\\/\\\/bmf-fvm.org\\\/wp-content\\\/uploads\\\/2022\\\/03\\\/bmf-logo-trans.png\",\"contentUrl\":\"https:\\\/\\\/bmf-fvm.org\\\/wp-content\\\/uploads\\\/2022\\\/03\\\/bmf-logo-trans.png\",\"width\":41,\"height\":61,\"caption\":\"Federaci\u00f3n Vizca\u00edna de Monta\u00f1a\"},\"image\":{\"@id\":\"https:\\\/\\\/bmf-fvm.org\\\/#\\\/schema\\\/logo\\\/image\\\/\"},\"sameAs\":[\"https:\\\/\\\/facebook.com\\\/pages\\\/Bmf-Fvm\\\/597553177057267\"]}]}<\/script>\n<!-- \/ Yoast SEO plugin. -->","yoast_head_json":{"title":"Orientazio Liga - Bizkaiko Mendizale Federazioa","robots":{"index":"index","follow":"follow","max-snippet":"max-snippet:-1","max-image-preview":"max-image-preview:large","max-video-preview":"max-video-preview:-1"},"canonical":"https:\/\/bmf-fvm.org\/eu\/eskola-kirola\/actividades-de-competicion\/orientazio-liga\/","og_locale":"en_US","og_type":"article","og_title":"Orientazio Liga - Bizkaiko Mendizale Federazioa","og_description":"[vc_row][vc_column][vc_column_text css=&#8221;&#8221;]Aurten ere, COBI Bizkaiko Orientazioaren laguntzaz eskola arteko ORIENTAZIO TXAPELKETA antolatuko dugu. Txapelketa Bizkaiko geografian zehar banatutako 3 jardunaldi&hellip;","og_url":"https:\/\/bmf-fvm.org\/eu\/eskola-kirola\/actividades-de-competicion\/orientazio-liga\/","og_site_name":"Bizkaiko Mendizale Federazioa","article_publisher":"https:\/\/facebook.com\/pages\/Bmf-Fvm\/597553177057267","article_modified_time":"2025-09-04T13:45:22+00:00","og_image":[{"width":1200,"height":675,"url":"https:\/\/bmf-fvm.org\/wp-content\/uploads\/2021\/12\/brujula.jpg","type":"image\/jpeg"}],"twitter_card":"summary_large_image","twitter_misc":{"Est. reading time":"3 minutua"},"schema":{"@context":"https:\/\/schema.org","@graph":[{"@type":"WebPage","@id":"https:\/\/bmf-fvm.org\/eu\/eskola-kirola\/actividades-de-competicion\/orientazio-liga\/","url":"https:\/\/bmf-fvm.org\/eu\/eskola-kirola\/actividades-de-competicion\/orientazio-liga\/","name":"Orientazio Liga - Bizkaiko Mendizale Federazioa","isPartOf":{"@id":"https:\/\/bmf-fvm.org\/#website"},"primaryImageOfPage":{"@id":"https:\/\/bmf-fvm.org\/eu\/eskola-kirola\/actividades-de-competicion\/orientazio-liga\/#primaryimage"},"image":{"@id":"https:\/\/bmf-fvm.org\/eu\/eskola-kirola\/actividades-de-competicion\/orientazio-liga\/#primaryimage"},"thumbnailUrl":"https:\/\/bmf-fvm.org\/wp-content\/uploads\/2021\/12\/brujula.jpg","datePublished":"2017-11-23T10:34:14+00:00","dateModified":"2025-09-04T13:45:22+00:00","breadcrumb":{"@id":"https:\/\/bmf-fvm.org\/eu\/eskola-kirola\/actividades-de-competicion\/orientazio-liga\/#breadcrumb"},"inLanguage":"eu","potentialAction":[{"@type":"ReadAction","target":["https:\/\/bmf-fvm.org\/eu\/eskola-kirola\/actividades-de-competicion\/orientazio-liga\/"]}]},{"@type":"ImageObject","inLanguage":"eu","@id":"https:\/\/bmf-fvm.org\/eu\/eskola-kirola\/actividades-de-competicion\/orientazio-liga\/#primaryimage","url":"https:\/\/bmf-fvm.org\/wp-content\/uploads\/2021\/12\/brujula.jpg","contentUrl":"https:\/\/bmf-fvm.org\/wp-content\/uploads\/2021\/12\/brujula.jpg","width":1200,"height":675},{"@type":"BreadcrumbList","@id":"https:\/\/bmf-fvm.org\/eu\/eskola-kirola\/actividades-de-competicion\/orientazio-liga\/#breadcrumb","itemListElement":[{"@type":"ListItem","position":1,"name":"Portada","item":"https:\/\/bmf-fvm.org\/eu\/"},{"@type":"ListItem","position":2,"name":"Eskola kirola","item":"https:\/\/bmf-fvm.org\/eu\/eskola-kirola\/"},{"@type":"ListItem","position":3,"name":"Lehiaketako jarduerak","item":"https:\/\/bmf-fvm.org\/eu\/eskola-kirola\/actividades-de-competicion\/"},{"@type":"ListItem","position":4,"name":"Orientazio Liga"}]},{"@type":"WebSite","@id":"https:\/\/bmf-fvm.org\/#website","url":"https:\/\/bmf-fvm.org\/","name":"Bizkaiko Mendizale Federazioa","description":"Bizkaiko Mendizale Federazioa","publisher":{"@id":"https:\/\/bmf-fvm.org\/#organization"},"potentialAction":[{"@type":"SearchAction","target":{"@type":"EntryPoint","urlTemplate":"https:\/\/bmf-fvm.org\/?s={search_term_string}"},"query-input":{"@type":"PropertyValueSpecification","valueRequired":true,"valueName":"search_term_string"}}],"inLanguage":"eu"},{"@type":"Organization","@id":"https:\/\/bmf-fvm.org\/#organization","name":"Federaci\u00f3n Vizca\u00edna de Monta\u00f1a","url":"https:\/\/bmf-fvm.org\/","logo":{"@type":"ImageObject","inLanguage":"eu","@id":"https:\/\/bmf-fvm.org\/#\/schema\/logo\/image\/","url":"https:\/\/bmf-fvm.org\/wp-content\/uploads\/2022\/03\/bmf-logo-trans.png","contentUrl":"https:\/\/bmf-fvm.org\/wp-content\/uploads\/2022\/03\/bmf-logo-trans.png","width":41,"height":61,"caption":"Federaci\u00f3n Vizca\u00edna de Monta\u00f1a"},"image":{"@id":"https:\/\/bmf-fvm.org\/#\/schema\/logo\/image\/"},"sameAs":["https:\/\/facebook.com\/pages\/Bmf-Fvm\/597553177057267"]}]}},"_links":{"self":[{"href":"https:\/\/bmf-fvm.org\/eu\/wp-json\/wp\/v2\/pages\/71960","targetHints":{"allow":["GET"]}}],"collection":[{"href":"https:\/\/bmf-fvm.org\/eu\/wp-json\/wp\/v2\/pages"}],"about":[{"href":"https:\/\/bmf-fvm.org\/eu\/wp-json\/wp\/v2\/types\/page"}],"author":[{"embeddable":true,"href":"https:\/\/bmf-fvm.org\/eu\/wp-json\/wp\/v2\/users\/20"}],"replies":[{"embeddable":true,"href":"https:\/\/bmf-fvm.org\/eu\/wp-json\/wp\/v2\/comments?post=71960"}],"version-history":[{"count":0,"href":"https:\/\/bmf-fvm.org\/eu\/wp-json\/wp\/v2\/pages\/71960\/revisions"}],"up":[{"embeddable":true,"href":"https:\/\/bmf-fvm.org\/eu\/wp-json\/wp\/v2\/pages\/71954"}],"wp:featuredmedia":[{"embeddable":true,"href":"https:\/\/bmf-fvm.org\/eu\/wp-json\/wp\/v2\/media\/71991"}],"wp:attachment":[{"href":"https:\/\/bmf-fvm.org\/eu\/wp-json\/wp\/v2\/media?parent=71960"}],"curies":[{"name":"wp","href":"https:\/\/api.w.org\/{rel}","templated":true}]}}