{"id":71956,"date":"2009-10-13T19:42:13","date_gmt":"2009-10-13T17:42:13","guid":{"rendered":"https:\/\/bmf-fvm.org\/eskola-kirola\/actividades-de-competicion\/escalada-deportiva-y-boulder\/"},"modified":"2025-12-30T15:21:31","modified_gmt":"2025-12-30T14:21:31","slug":"escalada-deportiva-y-boulder","status":"publish","type":"page","link":"https:\/\/bmf-fvm.org\/eu\/eskola-kirola\/actividades-de-competicion\/escalada-deportiva-y-boulder\/","title":{"rendered":"Kirol eskalada eta Boulder-a"},"content":{"rendered":"<div class=\"wpb-content-wrapper\"><p>[vc_row][vc_column][vc_column_text css=&#8221;&#8221;]Aurten ere Bizkaiko Eskola Kiroleko Eskalada Liga egingo dugu. Liga hori Bizkaiko geografian zehar banatutako 5 jardunaldi puntuagarriz osatutako programa da.<\/p>\n<p>Txapelketan Eskola Kiroleko adin tartean sartzen den oro parte har dezake, alegia, 2017-2010 urte bitartekoek parte har dezakete. 2008 eta 2009an jaiotakoek federazio txartela aurkeztu beharko dute. Jardunaldi bakoitzean parte-hartzaile bakoitzak 3\u20ac ordaindu beharko ditu.<\/p>\n<p>Jardunaldietan parte hartzeko izen-emate epea froga bakoitzaren aurreko ostegunean amaitzen da, egun hori baino lehen, izen-emate zerrenda eta ordainagiria emailez hurrengo helbide elektronikora bidali behar da: <a href=\"mailto:mendieskolakirola@bmf-fvm.org\">mendieskolakirola@bmf-fvm.org<\/a><\/p>\n<p>Hemen eskalada txapelketako datetako behin behineko egutegia:[\/vc_column_text][\/vc_column][\/vc_row][vc_row][vc_column width=&#8221;1\/2&#8243;][vc_column_text css=&#8221;&#8221;]\r\n\t\t<table id='' class=\"table table-striped table-bordered table-hover\" >\r\n\t\t\t<thead>\r\n\t\t<tr >\r\n\t\t\t<th   style=\"width:7em\">Data<\/th><th   >Lekua<\/th>\r\n\t\t<\/tr>\r\n\t<\/thead><tbody>\r\n\t\t<tr >\r\n\t\t\t<td   >2025-11-15<\/td><td   >Arbide eskalada aretoa (Ondarru) <\/td>\r\n\t\t<\/tr>\r\n\t\r\n\t\t<tr >\r\n\t\t\t<td   >2025-12-13<\/td><td   >Sakoneta kiroldegia (Leioa) <\/td>\r\n\t\t<\/tr>\r\n\t\r\n\t\t<tr >\r\n\t\t\t<td   >2026-01-24<\/td><td   >Climbat aretoa (Barakaldo) <\/td>\r\n\t\t<\/tr>\r\n\t\r\n\t\t<tr >\r\n\t\t\t<td   >2026-03-14<\/td><td   >Sputnik aretoa (Berango) <\/td>\r\n\t\t<\/tr>\r\n\t\r\n\t\t<tr >\r\n\t\t\t<td   >2026-04-18<\/td><td   >Lemoa <\/td>\r\n\t\t<\/tr>\r\n\t<\/tbody>\r\n\t\t<\/table>\r\n\t[\/vc_column_text][\/vc_column][vc_column width=&#8221;1\/2&#8243;][\/vc_column][\/vc_row][vc_row][vc_column][vc_column_text]<strong>OHARRA:<\/strong> Denboraldia aurrera joan ahala, baliteke data edota tokiren batek aldaketak izatea.[\/vc_column_text][\/vc_column][\/vc_row][vc_row][vc_column][vc_column_text css=&#8221;&#8221;]<\/p>\n<h2>Bideoak<\/h2>\n<div class=\"row lab-blog-posts posts-layout-top cols-2\">\r\n\t\t\t\t\t\t\t\t\t\t\t\r\n\t\t\t\t\t\t\t\t\t\t\t\t\r\n\t\t\t\t\t\t<div class=\"blog-post-column\">\r\n\t\t\t\t\t\t\t<div class=\"blog-post-entry post-117041 video type-video status-publish hentry seccion-kirol-eskalada-eta-boulder-a\">\r\n\t\t\t\t\t\t\t\t<div class=\"blog-post-image\">\r\n\t\t\t\t\t\t\t\t\t[vc_video link=\"https:\/\/vimeo.com\/790738287\"]\t\t\t\t\t\t\t\t<\/div>\r\n\t\t\t\t\t\t\t\r\n\t\t\t\t\t\t\t\t<div class=\"blog-post-content-container\">\r\n\t\t\t\t\t\t\t\t\t\t\t\t\t\t\t\t\t\t\r\n\t\t\t\t\t\t\t\t\t<h3 class=\"blog-post-title\">\r\n\t\t\t\t\t\t\t\t\t\t<a href=\"https:\/\/bmf-fvm.org\/eu\/video\/bbt-2022\/\" rel=\"bookmark\">BBT 2022<\/a>\r\n\t\t\t\t\t\t\t\t\t<\/h3>\r\n\r\n\t\t\t\t\t\t\t\t\t<div class=\"blog-post-excerpt\">\r\n\t\t\t\t\t\t\t\t\t\t\t\t\t\t\t\t\t\t\t<\/div>\r\n\r\n\t\t\t\t\t\t\t\t\t\t\t\t<div class=\"post-meta category\">\r\n\t\t\t\t<i class=\"icon icon-basic-folder-multiple\"><\/i>\r\n\t\t\t\t<a href='https:\/\/bmf-fvm.org\/eu\/vids\/?seccion=kirol-eskalada-eta-boulder-a' title='Kirol eskalada eta boulder-a (Eskola Kirola)ko bideoak'>Kirol eskalada eta boulder-a (Eskola Kirola)<\/a>\t\t\t<\/div>\r\n\t\t\t\t\t\t\t\t\t\t<\/div>\r\n\t\t\t\t\t\t\t<\/div>\r\n\t\t\t\t\t\t\t\r\n\t\t\t\t\t\t<\/div>\r\n\t\t\t\t\t\t\r\n\t\t\t\t\t\t\t\t\t\t\t\t\t\t\t<\/div>\r\n\t\t\t\t[\/vc_column_text][\/vc_column][\/vc_row]<\/p>\n<\/div>","protected":false},"excerpt":{"rendered":"<p>[vc_row][vc_column][vc_column_text css=&#8221;&#8221;]Aurten ere Bizkaiko Eskola Kiroleko Eskalada Liga egingo dugu. Liga hori Bizkaiko geografian zehar banatutako 5 jardunaldi puntuagarriz osatutako&hellip;<\/p>\n","protected":false},"author":20,"featured_media":71979,"parent":71954,"menu_order":11,"comment_status":"closed","ping_status":"closed","template":"","meta":{"_acf_changed":false,"footnotes":""},"class_list":["post-71956","page","type-page","status-publish","has-post-thumbnail","hentry","seccion-kirol-eskalada-eta-boulder-a"],"acf":[],"yoast_head":"<!-- This site is optimized with the Yoast SEO plugin v27.3 - https:\/\/yoast.com\/product\/yoast-seo-wordpress\/ -->\n<title>Kirol eskalada eta Boulder-a - Bizkaiko Mendizale Federazioa<\/title>\n<meta name=\"robots\" content=\"index, follow, max-snippet:-1, max-image-preview:large, max-video-preview:-1\" \/>\n<link rel=\"canonical\" href=\"https:\/\/bmf-fvm.org\/eu\/eskola-kirola\/actividades-de-competicion\/escalada-deportiva-y-boulder\/\" \/>\n<meta property=\"og:locale\" content=\"en_US\" \/>\n<meta property=\"og:type\" content=\"article\" \/>\n<meta property=\"og:title\" content=\"Kirol eskalada eta Boulder-a - Bizkaiko Mendizale Federazioa\" \/>\n<meta property=\"og:description\" content=\"[vc_row][vc_column][vc_column_text css=&#8221;&#8221;]Aurten ere Bizkaiko Eskola Kiroleko Eskalada Liga egingo dugu. Liga hori Bizkaiko geografian zehar banatutako 5 jardunaldi puntuagarriz osatutako&hellip;\" \/>\n<meta property=\"og:url\" content=\"https:\/\/bmf-fvm.org\/eu\/eskola-kirola\/actividades-de-competicion\/escalada-deportiva-y-boulder\/\" \/>\n<meta property=\"og:site_name\" content=\"Bizkaiko Mendizale Federazioa\" \/>\n<meta property=\"article:publisher\" content=\"https:\/\/facebook.com\/pages\/Bmf-Fvm\/597553177057267\" \/>\n<meta property=\"article:modified_time\" content=\"2025-12-30T14:21:31+00:00\" \/>\n<meta property=\"og:image\" content=\"https:\/\/bmf-fvm.org\/wp-content\/uploads\/2021\/12\/boulder.jpg\" \/>\n\t<meta property=\"og:image:width\" content=\"1200\" \/>\n\t<meta property=\"og:image:height\" content=\"800\" \/>\n\t<meta property=\"og:image:type\" content=\"image\/jpeg\" \/>\n<meta name=\"twitter:card\" content=\"summary_large_image\" \/>\n<meta name=\"twitter:label1\" content=\"Est. reading time\" \/>\n\t<meta name=\"twitter:data1\" content=\"1 minutua\" \/>\n<script type=\"application\/ld+json\" class=\"yoast-schema-graph\">{\"@context\":\"https:\\\/\\\/schema.org\",\"@graph\":[{\"@type\":\"WebPage\",\"@id\":\"https:\\\/\\\/bmf-fvm.org\\\/eu\\\/eskola-kirola\\\/actividades-de-competicion\\\/escalada-deportiva-y-boulder\\\/\",\"url\":\"https:\\\/\\\/bmf-fvm.org\\\/eu\\\/eskola-kirola\\\/actividades-de-competicion\\\/escalada-deportiva-y-boulder\\\/\",\"name\":\"Kirol eskalada eta Boulder-a - Bizkaiko Mendizale Federazioa\",\"isPartOf\":{\"@id\":\"https:\\\/\\\/bmf-fvm.org\\\/#website\"},\"primaryImageOfPage\":{\"@id\":\"https:\\\/\\\/bmf-fvm.org\\\/eu\\\/eskola-kirola\\\/actividades-de-competicion\\\/escalada-deportiva-y-boulder\\\/#primaryimage\"},\"image\":{\"@id\":\"https:\\\/\\\/bmf-fvm.org\\\/eu\\\/eskola-kirola\\\/actividades-de-competicion\\\/escalada-deportiva-y-boulder\\\/#primaryimage\"},\"thumbnailUrl\":\"https:\\\/\\\/bmf-fvm.org\\\/wp-content\\\/uploads\\\/2021\\\/12\\\/boulder.jpg\",\"datePublished\":\"2009-10-13T17:42:13+00:00\",\"dateModified\":\"2025-12-30T14:21:31+00:00\",\"breadcrumb\":{\"@id\":\"https:\\\/\\\/bmf-fvm.org\\\/eu\\\/eskola-kirola\\\/actividades-de-competicion\\\/escalada-deportiva-y-boulder\\\/#breadcrumb\"},\"inLanguage\":\"eu\",\"potentialAction\":[{\"@type\":\"ReadAction\",\"target\":[\"https:\\\/\\\/bmf-fvm.org\\\/eu\\\/eskola-kirola\\\/actividades-de-competicion\\\/escalada-deportiva-y-boulder\\\/\"]}]},{\"@type\":\"ImageObject\",\"inLanguage\":\"eu\",\"@id\":\"https:\\\/\\\/bmf-fvm.org\\\/eu\\\/eskola-kirola\\\/actividades-de-competicion\\\/escalada-deportiva-y-boulder\\\/#primaryimage\",\"url\":\"https:\\\/\\\/bmf-fvm.org\\\/wp-content\\\/uploads\\\/2021\\\/12\\\/boulder.jpg\",\"contentUrl\":\"https:\\\/\\\/bmf-fvm.org\\\/wp-content\\\/uploads\\\/2021\\\/12\\\/boulder.jpg\",\"width\":1200,\"height\":800},{\"@type\":\"BreadcrumbList\",\"@id\":\"https:\\\/\\\/bmf-fvm.org\\\/eu\\\/eskola-kirola\\\/actividades-de-competicion\\\/escalada-deportiva-y-boulder\\\/#breadcrumb\",\"itemListElement\":[{\"@type\":\"ListItem\",\"position\":1,\"name\":\"Portada\",\"item\":\"https:\\\/\\\/bmf-fvm.org\\\/eu\\\/\"},{\"@type\":\"ListItem\",\"position\":2,\"name\":\"Eskola kirola\",\"item\":\"https:\\\/\\\/bmf-fvm.org\\\/eu\\\/eskola-kirola\\\/\"},{\"@type\":\"ListItem\",\"position\":3,\"name\":\"Lehiaketako jarduerak\",\"item\":\"https:\\\/\\\/bmf-fvm.org\\\/eu\\\/eskola-kirola\\\/actividades-de-competicion\\\/\"},{\"@type\":\"ListItem\",\"position\":4,\"name\":\"Kirol eskalada eta Boulder-a\"}]},{\"@type\":\"WebSite\",\"@id\":\"https:\\\/\\\/bmf-fvm.org\\\/#website\",\"url\":\"https:\\\/\\\/bmf-fvm.org\\\/\",\"name\":\"Bizkaiko Mendizale Federazioa\",\"description\":\"Bizkaiko Mendizale Federazioa\",\"publisher\":{\"@id\":\"https:\\\/\\\/bmf-fvm.org\\\/#organization\"},\"potentialAction\":[{\"@type\":\"SearchAction\",\"target\":{\"@type\":\"EntryPoint\",\"urlTemplate\":\"https:\\\/\\\/bmf-fvm.org\\\/?s={search_term_string}\"},\"query-input\":{\"@type\":\"PropertyValueSpecification\",\"valueRequired\":true,\"valueName\":\"search_term_string\"}}],\"inLanguage\":\"eu\"},{\"@type\":\"Organization\",\"@id\":\"https:\\\/\\\/bmf-fvm.org\\\/#organization\",\"name\":\"Federaci\u00f3n Vizca\u00edna de Monta\u00f1a\",\"url\":\"https:\\\/\\\/bmf-fvm.org\\\/\",\"logo\":{\"@type\":\"ImageObject\",\"inLanguage\":\"eu\",\"@id\":\"https:\\\/\\\/bmf-fvm.org\\\/#\\\/schema\\\/logo\\\/image\\\/\",\"url\":\"https:\\\/\\\/bmf-fvm.org\\\/wp-content\\\/uploads\\\/2022\\\/03\\\/bmf-logo-trans.png\",\"contentUrl\":\"https:\\\/\\\/bmf-fvm.org\\\/wp-content\\\/uploads\\\/2022\\\/03\\\/bmf-logo-trans.png\",\"width\":41,\"height\":61,\"caption\":\"Federaci\u00f3n Vizca\u00edna de Monta\u00f1a\"},\"image\":{\"@id\":\"https:\\\/\\\/bmf-fvm.org\\\/#\\\/schema\\\/logo\\\/image\\\/\"},\"sameAs\":[\"https:\\\/\\\/facebook.com\\\/pages\\\/Bmf-Fvm\\\/597553177057267\"]}]}<\/script>\n<!-- \/ Yoast SEO plugin. -->","yoast_head_json":{"title":"Kirol eskalada eta Boulder-a - Bizkaiko Mendizale Federazioa","robots":{"index":"index","follow":"follow","max-snippet":"max-snippet:-1","max-image-preview":"max-image-preview:large","max-video-preview":"max-video-preview:-1"},"canonical":"https:\/\/bmf-fvm.org\/eu\/eskola-kirola\/actividades-de-competicion\/escalada-deportiva-y-boulder\/","og_locale":"en_US","og_type":"article","og_title":"Kirol eskalada eta Boulder-a - Bizkaiko Mendizale Federazioa","og_description":"[vc_row][vc_column][vc_column_text css=&#8221;&#8221;]Aurten ere Bizkaiko Eskola Kiroleko Eskalada Liga egingo dugu. Liga hori Bizkaiko geografian zehar banatutako 5 jardunaldi puntuagarriz osatutako&hellip;","og_url":"https:\/\/bmf-fvm.org\/eu\/eskola-kirola\/actividades-de-competicion\/escalada-deportiva-y-boulder\/","og_site_name":"Bizkaiko Mendizale Federazioa","article_publisher":"https:\/\/facebook.com\/pages\/Bmf-Fvm\/597553177057267","article_modified_time":"2025-12-30T14:21:31+00:00","og_image":[{"width":1200,"height":800,"url":"https:\/\/bmf-fvm.org\/wp-content\/uploads\/2021\/12\/boulder.jpg","type":"image\/jpeg"}],"twitter_card":"summary_large_image","twitter_misc":{"Est. reading time":"1 minutua"},"schema":{"@context":"https:\/\/schema.org","@graph":[{"@type":"WebPage","@id":"https:\/\/bmf-fvm.org\/eu\/eskola-kirola\/actividades-de-competicion\/escalada-deportiva-y-boulder\/","url":"https:\/\/bmf-fvm.org\/eu\/eskola-kirola\/actividades-de-competicion\/escalada-deportiva-y-boulder\/","name":"Kirol eskalada eta Boulder-a - Bizkaiko Mendizale Federazioa","isPartOf":{"@id":"https:\/\/bmf-fvm.org\/#website"},"primaryImageOfPage":{"@id":"https:\/\/bmf-fvm.org\/eu\/eskola-kirola\/actividades-de-competicion\/escalada-deportiva-y-boulder\/#primaryimage"},"image":{"@id":"https:\/\/bmf-fvm.org\/eu\/eskola-kirola\/actividades-de-competicion\/escalada-deportiva-y-boulder\/#primaryimage"},"thumbnailUrl":"https:\/\/bmf-fvm.org\/wp-content\/uploads\/2021\/12\/boulder.jpg","datePublished":"2009-10-13T17:42:13+00:00","dateModified":"2025-12-30T14:21:31+00:00","breadcrumb":{"@id":"https:\/\/bmf-fvm.org\/eu\/eskola-kirola\/actividades-de-competicion\/escalada-deportiva-y-boulder\/#breadcrumb"},"inLanguage":"eu","potentialAction":[{"@type":"ReadAction","target":["https:\/\/bmf-fvm.org\/eu\/eskola-kirola\/actividades-de-competicion\/escalada-deportiva-y-boulder\/"]}]},{"@type":"ImageObject","inLanguage":"eu","@id":"https:\/\/bmf-fvm.org\/eu\/eskola-kirola\/actividades-de-competicion\/escalada-deportiva-y-boulder\/#primaryimage","url":"https:\/\/bmf-fvm.org\/wp-content\/uploads\/2021\/12\/boulder.jpg","contentUrl":"https:\/\/bmf-fvm.org\/wp-content\/uploads\/2021\/12\/boulder.jpg","width":1200,"height":800},{"@type":"BreadcrumbList","@id":"https:\/\/bmf-fvm.org\/eu\/eskola-kirola\/actividades-de-competicion\/escalada-deportiva-y-boulder\/#breadcrumb","itemListElement":[{"@type":"ListItem","position":1,"name":"Portada","item":"https:\/\/bmf-fvm.org\/eu\/"},{"@type":"ListItem","position":2,"name":"Eskola kirola","item":"https:\/\/bmf-fvm.org\/eu\/eskola-kirola\/"},{"@type":"ListItem","position":3,"name":"Lehiaketako jarduerak","item":"https:\/\/bmf-fvm.org\/eu\/eskola-kirola\/actividades-de-competicion\/"},{"@type":"ListItem","position":4,"name":"Kirol eskalada eta Boulder-a"}]},{"@type":"WebSite","@id":"https:\/\/bmf-fvm.org\/#website","url":"https:\/\/bmf-fvm.org\/","name":"Bizkaiko Mendizale Federazioa","description":"Bizkaiko Mendizale Federazioa","publisher":{"@id":"https:\/\/bmf-fvm.org\/#organization"},"potentialAction":[{"@type":"SearchAction","target":{"@type":"EntryPoint","urlTemplate":"https:\/\/bmf-fvm.org\/?s={search_term_string}"},"query-input":{"@type":"PropertyValueSpecification","valueRequired":true,"valueName":"search_term_string"}}],"inLanguage":"eu"},{"@type":"Organization","@id":"https:\/\/bmf-fvm.org\/#organization","name":"Federaci\u00f3n Vizca\u00edna de Monta\u00f1a","url":"https:\/\/bmf-fvm.org\/","logo":{"@type":"ImageObject","inLanguage":"eu","@id":"https:\/\/bmf-fvm.org\/#\/schema\/logo\/image\/","url":"https:\/\/bmf-fvm.org\/wp-content\/uploads\/2022\/03\/bmf-logo-trans.png","contentUrl":"https:\/\/bmf-fvm.org\/wp-content\/uploads\/2022\/03\/bmf-logo-trans.png","width":41,"height":61,"caption":"Federaci\u00f3n Vizca\u00edna de Monta\u00f1a"},"image":{"@id":"https:\/\/bmf-fvm.org\/#\/schema\/logo\/image\/"},"sameAs":["https:\/\/facebook.com\/pages\/Bmf-Fvm\/597553177057267"]}]}},"_links":{"self":[{"href":"https:\/\/bmf-fvm.org\/eu\/wp-json\/wp\/v2\/pages\/71956","targetHints":{"allow":["GET"]}}],"collection":[{"href":"https:\/\/bmf-fvm.org\/eu\/wp-json\/wp\/v2\/pages"}],"about":[{"href":"https:\/\/bmf-fvm.org\/eu\/wp-json\/wp\/v2\/types\/page"}],"author":[{"embeddable":true,"href":"https:\/\/bmf-fvm.org\/eu\/wp-json\/wp\/v2\/users\/20"}],"replies":[{"embeddable":true,"href":"https:\/\/bmf-fvm.org\/eu\/wp-json\/wp\/v2\/comments?post=71956"}],"version-history":[{"count":2,"href":"https:\/\/bmf-fvm.org\/eu\/wp-json\/wp\/v2\/pages\/71956\/revisions"}],"predecessor-version":[{"id":122100,"href":"https:\/\/bmf-fvm.org\/eu\/wp-json\/wp\/v2\/pages\/71956\/revisions\/122100"}],"up":[{"embeddable":true,"href":"https:\/\/bmf-fvm.org\/eu\/wp-json\/wp\/v2\/pages\/71954"}],"wp:featuredmedia":[{"embeddable":true,"href":"https:\/\/bmf-fvm.org\/eu\/wp-json\/wp\/v2\/media\/71979"}],"wp:attachment":[{"href":"https:\/\/bmf-fvm.org\/eu\/wp-json\/wp\/v2\/media?parent=71956"}],"curies":[{"name":"wp","href":"https:\/\/api.w.org\/{rel}","templated":true}]}}