{"id":71954,"date":"2009-10-13T19:37:38","date_gmt":"2009-10-13T17:37:38","guid":{"rendered":"https:\/\/bmf-fvm.org\/eskola-kirola\/actividades-de-competicion\/"},"modified":"2023-02-06T11:11:34","modified_gmt":"2023-02-06T10:11:34","slug":"actividades-de-competicion","status":"publish","type":"page","link":"https:\/\/bmf-fvm.org\/eu\/eskola-kirola\/actividades-de-competicion\/","title":{"rendered":"Lehiaketako jarduerak"},"content":{"rendered":"<div class=\"wpb-content-wrapper\"><p>[vc_row][vc_column][vc_column_text]Lehiaketa-jarduera honek mendiarekin erlazionatua dauden modalitate eta jarduerak lantzea du helburu, hain zuzen ere, gaur-egun maila desberdinetako lehiaketak barne dutenak: lokalak, eskualdekoak, nazio eta nazioartekoak.<\/p>\n<p>Jarduera hauekin lortu nahi dugun helburu nagusia kirolen jarraitutasuna da. Parte hartzaileei, beraien garapena, ahalmenak eta trebetasunak hobetzeko behar duten baliabideez hornituz, kirol praktika eta errendimenduan hobetzeko.<\/p>\n<p>Lana, parte-hartzaileak errespetatuz orientatzea nahi dugu, bere alderdi guztietan eta ez soilik kiroletako errendimenduan. Enfasi handiagoa egitean egongo da, ez emaitzan. Garapen pertsonala, erlazio sozialak, taldea, gozamena, jokoa, trebetasun teknikoak, ahalmenak&#8230; kontuan ditugun ezaugarri garrantzitsuak izanik gure programa diseinatu eta egiteko orduan.<\/p>\n<p>Jarduera honen garapena Bizkaiko lurraldeko espazio anitzetan egingo da, formakuntza eta jazarpenak zentralizatuko direnik.<\/p>\n<p>3 lehiaketa-jarduera aurkezten ditugu:[\/vc_column_text][\/vc_column][\/vc_row]<\/p>\n[vc_row][vc_column][vc_text_separator el_class=\"separador-elementos-hijos\" color=\"\" title=\"Erlazionatuak\" title_align=\"separator_align_left\"][\/vc_column][\/vc_row][vc_row  equal_height='yes' el_class='' css='']\r\n\t\t\t\r\n\t\t[vc_column width='1\/3' el_class='cuadro-hijas']\r\n\t\t\t<div class=\"ult-content-box-container  cuadro-foto\" >\t\t<div class=\"ult-content-box\" style=\"background-color:#fafafa;-webkit-transition: all 700ms ease;-moz-transition: all 700ms ease;-ms-transition: all 700ms ease;-o-transition: all 700ms ease;transition: all 700ms ease;\"     data-bg=\"#fafafa\" >\r\n\t\t\t\t\r\n\t\t[vc_single_image\r\n\t\t\tsource='media_library'\r\n\t\t\tcustom_src=''\r\n\t\t\timage='71979'\r\n\t\t\timg_size='cuadro-imagen'\r\n\t\t\talignment='center'\r\n\t\t\tonclick=''\r\n\t\t\tlink='https:\/\/bmf-fvm.org\/eu\/eskola-kirola\/actividades-de-competicion\/escalada-deportiva-y-boulder\/'\r\n\t\t\tel_class=''\r\n\t\t\tstyle=''\r\n\t\t\tadd_caption=''\r\n\t\t]\r\n\t\r\n\t\t\t\t\r\n\t\t\t\t[vc_column_text el_class='titulo-cuadro']\r\n\t\t\t\t\t<h4><a href=\"https:\/\/bmf-fvm.org\/eu\/eskola-kirola\/actividades-de-competicion\/escalada-deportiva-y-boulder\/\">Kirol eskalada eta Boulder-a<\/a><\/h4>\r\n\t\t\t\t\t\r\n\t\t\t\t[\/vc_column_text]\r\n\t\t\t\t\t<\/div><\/div>\r\n\t\t[\/vc_column]\r\n\t\r\n\t\t[vc_column width='1\/3' el_class='cuadro-hijas']\r\n\t\t\t<div class=\"ult-content-box-container  cuadro-foto\" >\t\t<div class=\"ult-content-box\" style=\"background-color:#fafafa;-webkit-transition: all 700ms ease;-moz-transition: all 700ms ease;-ms-transition: all 700ms ease;-o-transition: all 700ms ease;transition: all 700ms ease;\"     data-bg=\"#fafafa\" >\r\n\t\t\t\t\r\n\t\t[vc_single_image\r\n\t\t\tsource='media_library'\r\n\t\t\tcustom_src=''\r\n\t\t\timage='71991'\r\n\t\t\timg_size='cuadro-imagen'\r\n\t\t\talignment='center'\r\n\t\t\tonclick=''\r\n\t\t\tlink='https:\/\/bmf-fvm.org\/eu\/eskola-kirola\/actividades-de-competicion\/orientazio-liga\/'\r\n\t\t\tel_class=''\r\n\t\t\tstyle=''\r\n\t\t\tadd_caption=''\r\n\t\t]\r\n\t\r\n\t\t\t\t\r\n\t\t\t\t[vc_column_text el_class='titulo-cuadro']\r\n\t\t\t\t\t<h4><a href=\"https:\/\/bmf-fvm.org\/eu\/eskola-kirola\/actividades-de-competicion\/orientazio-liga\/\">Orientazio Liga<\/a><\/h4>\r\n\t\t\t\t\t\r\n\t\t\t\t[\/vc_column_text]\r\n\t\t\t\t\t<\/div><\/div>\r\n\t\t[\/vc_column]\r\n\t\r\n\t\t[vc_column width='1\/3' el_class='cuadro-hijas']\r\n\t\t\t<div class=\"ult-content-box-container  cuadro-foto\" >\t\t<div class=\"ult-content-box\" style=\"background-color:#fafafa;-webkit-transition: all 700ms ease;-moz-transition: all 700ms ease;-ms-transition: all 700ms ease;-o-transition: all 700ms ease;transition: all 700ms ease;\"     data-bg=\"#fafafa\" >\r\n\t\t\t\t\r\n\t\t[vc_single_image\r\n\t\t\tsource='media_library'\r\n\t\t\tcustom_src=''\r\n\t\t\timage='72000'\r\n\t\t\timg_size='cuadro-imagen'\r\n\t\t\talignment='center'\r\n\t\t\tonclick=''\r\n\t\t\tlink='https:\/\/bmf-fvm.org\/eu\/eskola-kirola\/actividades-de-competicion\/araudia\/'\r\n\t\t\tel_class=''\r\n\t\t\tstyle=''\r\n\t\t\tadd_caption=''\r\n\t\t]\r\n\t\r\n\t\t\t\t\r\n\t\t\t\t[vc_column_text el_class='titulo-cuadro']\r\n\t\t\t\t\t<h4><a href=\"https:\/\/bmf-fvm.org\/eu\/eskola-kirola\/actividades-de-competicion\/araudia\/\">Eskalada ligako araudia<\/a><\/h4>\r\n\t\t\t\t\t\r\n\t\t\t\t[\/vc_column_text]\r\n\t\t\t\t\t<\/div><\/div>\r\n\t\t[\/vc_column]\r\n\t\r\n\t\t[\/vc_row]<\/div>","protected":false},"excerpt":{"rendered":"<p>[vc_row][vc_column][vc_column_text]Lehiaketa-jarduera honek mendiarekin erlazionatua dauden modalitate eta jarduerak lantzea du helburu, hain zuzen ere, gaur-egun maila desberdinetako lehiaketak barne dutenak:&hellip;<\/p>\n","protected":false},"author":20,"featured_media":71979,"parent":71952,"menu_order":13,"comment_status":"closed","ping_status":"closed","template":"","meta":{"_acf_changed":false,"footnotes":""},"class_list":["post-71954","page","type-page","status-publish","has-post-thumbnail","hentry","seccion-eskola-kirola"],"acf":[],"yoast_head":"<!-- This site is optimized with the Yoast SEO plugin v27.3 - https:\/\/yoast.com\/product\/yoast-seo-wordpress\/ -->\n<title>Lehiaketako jarduerak - Bizkaiko Mendizale Federazioa<\/title>\n<meta name=\"robots\" content=\"index, follow, max-snippet:-1, max-image-preview:large, max-video-preview:-1\" \/>\n<link rel=\"canonical\" href=\"https:\/\/bmf-fvm.org\/eu\/eskola-kirola\/actividades-de-competicion\/\" \/>\n<meta property=\"og:locale\" content=\"en_US\" \/>\n<meta property=\"og:type\" content=\"article\" \/>\n<meta property=\"og:title\" content=\"Lehiaketako jarduerak - Bizkaiko Mendizale Federazioa\" \/>\n<meta property=\"og:description\" content=\"[vc_row][vc_column][vc_column_text]Lehiaketa-jarduera honek mendiarekin erlazionatua dauden modalitate eta jarduerak lantzea du helburu, hain zuzen ere, gaur-egun maila desberdinetako lehiaketak barne dutenak:&hellip;\" \/>\n<meta property=\"og:url\" content=\"https:\/\/bmf-fvm.org\/eu\/eskola-kirola\/actividades-de-competicion\/\" \/>\n<meta property=\"og:site_name\" content=\"Bizkaiko Mendizale Federazioa\" \/>\n<meta property=\"article:publisher\" content=\"https:\/\/facebook.com\/pages\/Bmf-Fvm\/597553177057267\" \/>\n<meta property=\"article:modified_time\" content=\"2023-02-06T10:11:34+00:00\" \/>\n<meta property=\"og:image\" content=\"https:\/\/bmf-fvm.org\/wp-content\/uploads\/2021\/12\/boulder.jpg\" \/>\n\t<meta property=\"og:image:width\" content=\"1200\" \/>\n\t<meta property=\"og:image:height\" content=\"800\" \/>\n\t<meta property=\"og:image:type\" content=\"image\/jpeg\" \/>\n<meta name=\"twitter:card\" content=\"summary_large_image\" \/>\n<meta name=\"twitter:label1\" content=\"Est. reading time\" \/>\n\t<meta name=\"twitter:data1\" content=\"1 minutua\" \/>\n<script type=\"application\/ld+json\" class=\"yoast-schema-graph\">{\"@context\":\"https:\\\/\\\/schema.org\",\"@graph\":[{\"@type\":\"WebPage\",\"@id\":\"https:\\\/\\\/bmf-fvm.org\\\/eu\\\/eskola-kirola\\\/actividades-de-competicion\\\/\",\"url\":\"https:\\\/\\\/bmf-fvm.org\\\/eu\\\/eskola-kirola\\\/actividades-de-competicion\\\/\",\"name\":\"Lehiaketako jarduerak - Bizkaiko Mendizale Federazioa\",\"isPartOf\":{\"@id\":\"https:\\\/\\\/bmf-fvm.org\\\/#website\"},\"primaryImageOfPage\":{\"@id\":\"https:\\\/\\\/bmf-fvm.org\\\/eu\\\/eskola-kirola\\\/actividades-de-competicion\\\/#primaryimage\"},\"image\":{\"@id\":\"https:\\\/\\\/bmf-fvm.org\\\/eu\\\/eskola-kirola\\\/actividades-de-competicion\\\/#primaryimage\"},\"thumbnailUrl\":\"https:\\\/\\\/bmf-fvm.org\\\/wp-content\\\/uploads\\\/2021\\\/12\\\/boulder.jpg\",\"datePublished\":\"2009-10-13T17:37:38+00:00\",\"dateModified\":\"2023-02-06T10:11:34+00:00\",\"breadcrumb\":{\"@id\":\"https:\\\/\\\/bmf-fvm.org\\\/eu\\\/eskola-kirola\\\/actividades-de-competicion\\\/#breadcrumb\"},\"inLanguage\":\"eu\",\"potentialAction\":[{\"@type\":\"ReadAction\",\"target\":[\"https:\\\/\\\/bmf-fvm.org\\\/eu\\\/eskola-kirola\\\/actividades-de-competicion\\\/\"]}]},{\"@type\":\"ImageObject\",\"inLanguage\":\"eu\",\"@id\":\"https:\\\/\\\/bmf-fvm.org\\\/eu\\\/eskola-kirola\\\/actividades-de-competicion\\\/#primaryimage\",\"url\":\"https:\\\/\\\/bmf-fvm.org\\\/wp-content\\\/uploads\\\/2021\\\/12\\\/boulder.jpg\",\"contentUrl\":\"https:\\\/\\\/bmf-fvm.org\\\/wp-content\\\/uploads\\\/2021\\\/12\\\/boulder.jpg\",\"width\":1200,\"height\":800},{\"@type\":\"BreadcrumbList\",\"@id\":\"https:\\\/\\\/bmf-fvm.org\\\/eu\\\/eskola-kirola\\\/actividades-de-competicion\\\/#breadcrumb\",\"itemListElement\":[{\"@type\":\"ListItem\",\"position\":1,\"name\":\"Portada\",\"item\":\"https:\\\/\\\/bmf-fvm.org\\\/eu\\\/\"},{\"@type\":\"ListItem\",\"position\":2,\"name\":\"Eskola kirola\",\"item\":\"https:\\\/\\\/bmf-fvm.org\\\/eu\\\/eskola-kirola\\\/\"},{\"@type\":\"ListItem\",\"position\":3,\"name\":\"Lehiaketako jarduerak\"}]},{\"@type\":\"WebSite\",\"@id\":\"https:\\\/\\\/bmf-fvm.org\\\/#website\",\"url\":\"https:\\\/\\\/bmf-fvm.org\\\/\",\"name\":\"Bizkaiko Mendizale Federazioa\",\"description\":\"Bizkaiko Mendizale Federazioa\",\"publisher\":{\"@id\":\"https:\\\/\\\/bmf-fvm.org\\\/#organization\"},\"potentialAction\":[{\"@type\":\"SearchAction\",\"target\":{\"@type\":\"EntryPoint\",\"urlTemplate\":\"https:\\\/\\\/bmf-fvm.org\\\/?s={search_term_string}\"},\"query-input\":{\"@type\":\"PropertyValueSpecification\",\"valueRequired\":true,\"valueName\":\"search_term_string\"}}],\"inLanguage\":\"eu\"},{\"@type\":\"Organization\",\"@id\":\"https:\\\/\\\/bmf-fvm.org\\\/#organization\",\"name\":\"Federaci\u00f3n Vizca\u00edna de Monta\u00f1a\",\"url\":\"https:\\\/\\\/bmf-fvm.org\\\/\",\"logo\":{\"@type\":\"ImageObject\",\"inLanguage\":\"eu\",\"@id\":\"https:\\\/\\\/bmf-fvm.org\\\/#\\\/schema\\\/logo\\\/image\\\/\",\"url\":\"https:\\\/\\\/bmf-fvm.org\\\/wp-content\\\/uploads\\\/2022\\\/03\\\/bmf-logo-trans.png\",\"contentUrl\":\"https:\\\/\\\/bmf-fvm.org\\\/wp-content\\\/uploads\\\/2022\\\/03\\\/bmf-logo-trans.png\",\"width\":41,\"height\":61,\"caption\":\"Federaci\u00f3n Vizca\u00edna de Monta\u00f1a\"},\"image\":{\"@id\":\"https:\\\/\\\/bmf-fvm.org\\\/#\\\/schema\\\/logo\\\/image\\\/\"},\"sameAs\":[\"https:\\\/\\\/facebook.com\\\/pages\\\/Bmf-Fvm\\\/597553177057267\"]}]}<\/script>\n<!-- \/ Yoast SEO plugin. -->","yoast_head_json":{"title":"Lehiaketako jarduerak - Bizkaiko Mendizale Federazioa","robots":{"index":"index","follow":"follow","max-snippet":"max-snippet:-1","max-image-preview":"max-image-preview:large","max-video-preview":"max-video-preview:-1"},"canonical":"https:\/\/bmf-fvm.org\/eu\/eskola-kirola\/actividades-de-competicion\/","og_locale":"en_US","og_type":"article","og_title":"Lehiaketako jarduerak - Bizkaiko Mendizale Federazioa","og_description":"[vc_row][vc_column][vc_column_text]Lehiaketa-jarduera honek mendiarekin erlazionatua dauden modalitate eta jarduerak lantzea du helburu, hain zuzen ere, gaur-egun maila desberdinetako lehiaketak barne dutenak:&hellip;","og_url":"https:\/\/bmf-fvm.org\/eu\/eskola-kirola\/actividades-de-competicion\/","og_site_name":"Bizkaiko Mendizale Federazioa","article_publisher":"https:\/\/facebook.com\/pages\/Bmf-Fvm\/597553177057267","article_modified_time":"2023-02-06T10:11:34+00:00","og_image":[{"width":1200,"height":800,"url":"https:\/\/bmf-fvm.org\/wp-content\/uploads\/2021\/12\/boulder.jpg","type":"image\/jpeg"}],"twitter_card":"summary_large_image","twitter_misc":{"Est. reading time":"1 minutua"},"schema":{"@context":"https:\/\/schema.org","@graph":[{"@type":"WebPage","@id":"https:\/\/bmf-fvm.org\/eu\/eskola-kirola\/actividades-de-competicion\/","url":"https:\/\/bmf-fvm.org\/eu\/eskola-kirola\/actividades-de-competicion\/","name":"Lehiaketako jarduerak - Bizkaiko Mendizale Federazioa","isPartOf":{"@id":"https:\/\/bmf-fvm.org\/#website"},"primaryImageOfPage":{"@id":"https:\/\/bmf-fvm.org\/eu\/eskola-kirola\/actividades-de-competicion\/#primaryimage"},"image":{"@id":"https:\/\/bmf-fvm.org\/eu\/eskola-kirola\/actividades-de-competicion\/#primaryimage"},"thumbnailUrl":"https:\/\/bmf-fvm.org\/wp-content\/uploads\/2021\/12\/boulder.jpg","datePublished":"2009-10-13T17:37:38+00:00","dateModified":"2023-02-06T10:11:34+00:00","breadcrumb":{"@id":"https:\/\/bmf-fvm.org\/eu\/eskola-kirola\/actividades-de-competicion\/#breadcrumb"},"inLanguage":"eu","potentialAction":[{"@type":"ReadAction","target":["https:\/\/bmf-fvm.org\/eu\/eskola-kirola\/actividades-de-competicion\/"]}]},{"@type":"ImageObject","inLanguage":"eu","@id":"https:\/\/bmf-fvm.org\/eu\/eskola-kirola\/actividades-de-competicion\/#primaryimage","url":"https:\/\/bmf-fvm.org\/wp-content\/uploads\/2021\/12\/boulder.jpg","contentUrl":"https:\/\/bmf-fvm.org\/wp-content\/uploads\/2021\/12\/boulder.jpg","width":1200,"height":800},{"@type":"BreadcrumbList","@id":"https:\/\/bmf-fvm.org\/eu\/eskola-kirola\/actividades-de-competicion\/#breadcrumb","itemListElement":[{"@type":"ListItem","position":1,"name":"Portada","item":"https:\/\/bmf-fvm.org\/eu\/"},{"@type":"ListItem","position":2,"name":"Eskola kirola","item":"https:\/\/bmf-fvm.org\/eu\/eskola-kirola\/"},{"@type":"ListItem","position":3,"name":"Lehiaketako jarduerak"}]},{"@type":"WebSite","@id":"https:\/\/bmf-fvm.org\/#website","url":"https:\/\/bmf-fvm.org\/","name":"Bizkaiko Mendizale Federazioa","description":"Bizkaiko Mendizale Federazioa","publisher":{"@id":"https:\/\/bmf-fvm.org\/#organization"},"potentialAction":[{"@type":"SearchAction","target":{"@type":"EntryPoint","urlTemplate":"https:\/\/bmf-fvm.org\/?s={search_term_string}"},"query-input":{"@type":"PropertyValueSpecification","valueRequired":true,"valueName":"search_term_string"}}],"inLanguage":"eu"},{"@type":"Organization","@id":"https:\/\/bmf-fvm.org\/#organization","name":"Federaci\u00f3n Vizca\u00edna de Monta\u00f1a","url":"https:\/\/bmf-fvm.org\/","logo":{"@type":"ImageObject","inLanguage":"eu","@id":"https:\/\/bmf-fvm.org\/#\/schema\/logo\/image\/","url":"https:\/\/bmf-fvm.org\/wp-content\/uploads\/2022\/03\/bmf-logo-trans.png","contentUrl":"https:\/\/bmf-fvm.org\/wp-content\/uploads\/2022\/03\/bmf-logo-trans.png","width":41,"height":61,"caption":"Federaci\u00f3n Vizca\u00edna de Monta\u00f1a"},"image":{"@id":"https:\/\/bmf-fvm.org\/#\/schema\/logo\/image\/"},"sameAs":["https:\/\/facebook.com\/pages\/Bmf-Fvm\/597553177057267"]}]}},"_links":{"self":[{"href":"https:\/\/bmf-fvm.org\/eu\/wp-json\/wp\/v2\/pages\/71954","targetHints":{"allow":["GET"]}}],"collection":[{"href":"https:\/\/bmf-fvm.org\/eu\/wp-json\/wp\/v2\/pages"}],"about":[{"href":"https:\/\/bmf-fvm.org\/eu\/wp-json\/wp\/v2\/types\/page"}],"author":[{"embeddable":true,"href":"https:\/\/bmf-fvm.org\/eu\/wp-json\/wp\/v2\/users\/20"}],"replies":[{"embeddable":true,"href":"https:\/\/bmf-fvm.org\/eu\/wp-json\/wp\/v2\/comments?post=71954"}],"version-history":[{"count":0,"href":"https:\/\/bmf-fvm.org\/eu\/wp-json\/wp\/v2\/pages\/71954\/revisions"}],"up":[{"embeddable":true,"href":"https:\/\/bmf-fvm.org\/eu\/wp-json\/wp\/v2\/pages\/71952"}],"wp:featuredmedia":[{"embeddable":true,"href":"https:\/\/bmf-fvm.org\/eu\/wp-json\/wp\/v2\/media\/71979"}],"wp:attachment":[{"href":"https:\/\/bmf-fvm.org\/eu\/wp-json\/wp\/v2\/media?parent=71954"}],"curies":[{"name":"wp","href":"https:\/\/api.w.org\/{rel}","templated":true}]}}