{"id":71952,"date":"2008-12-05T18:16:20","date_gmt":"2008-12-05T17:16:20","guid":{"rendered":"https:\/\/bmf-fvm.org\/eskola-kirola\/"},"modified":"2023-02-06T11:47:38","modified_gmt":"2023-02-06T10:47:38","slug":"eskola-kirola","status":"publish","type":"page","link":"https:\/\/bmf-fvm.org\/eu\/eskola-kirola\/","title":{"rendered":"Eskola kirola"},"content":{"rendered":"<div class=\"wpb-content-wrapper\"><p>[vc_row][vc_column][vc_column_text]Mendiko eskola-kirola programak eboluzionatzen jarraitzen du eta aldaketetara moldatuz goaz. Azken urte hauetan zehar gure filosofiarekin eta gaurko joerekin zerikusi handiagoa duen proiektu berria birplanteatzen eta marrazten joan gara.<\/p>\n<p>Bultzatzen ditugun jarduera eta metodologiek programa guztia birkokatu dituzte. Eboluzionatu eta hazten doazen jarduerak ditugu, baita espero genuen fruitua eman ez duten beste batzuk ere. Programak ematen digun feedback horretatik, bertan parte hartzen duten entitateak eta parte-hartzaileak, programa eguneratu eta gaurkotuagoa landuz eta sortuz goaz.<\/p>\n<p>Une honetatik landu dugu eta aurkezten dugu 2021\/2022 ikasturterako Mendiko Eskola-Kirol proiektu eguneratua, aurreko programei dagokienez aldaketa adierazgarriekin. Parte-hartzaile bakoitzaren garapen pertsonala bilatzen dugu, taldearen bidez pertsonekin funtzionatzen dugu, jarduerak sozializatuz, erlazio interpertsonalei, ohitura osasungarriei, inguruneari, programan parte hartzen duten agenteei, kirol, adimen, jarduera fisiko eta teknikoei garrantzi handia emanez. Lan guzti hori, pertsona, jarduera eta ingurunearekiko egokitzapen handiagoa baimentzen diguten pertsona gai eta arduratsuei esker lortuz. Une honetatik aurrera daukagun erronka eta desioa mendian egin daitezkeen modalitate guztiak gazteei eskaintzea da, era horretan Eskola Kiroleko adinean dauden gazteek Federazioari dagozkion modalitate guztiak frogatu ahalko dituzte, (espeleologia, arroila jaitsiera, eskalada, mendiko eskia\u2026).<\/p>\n<p>BMF-tik, bizitzako bide honetan hazi eta mendian zein honekin zuzenean erlazionatutako jardueren ezaguera, heziketa, profesionaltasuna eta gazteekin egiten den lan esperientzia, zabaldu nahi dugu. Mendi Eskola Kirol kanpainetan parte hartzen duten entitate eta pertsonek eskatutako interesei erantzutea nahi dugu, baita gizarte, gazte eta labirinto korapilatsua osatzen duten, klub, eskola eta jarduera eta bizitza-forma horretan interesa duten administrazio eta eskolen eskari berrietara irekitako lan-alor berriak zabaltzea nahi dugu.<\/p>\n<p>https:\/\/vimeo.com\/796208551[\/vc_column_text][\/vc_column][\/vc_row]<\/p>\n[vc_row][vc_column][vc_text_separator el_class=\"separador-elementos-hijos\" color=\"\" title=\"Erlazionatuak\" title_align=\"separator_align_left\"][\/vc_column][\/vc_row][vc_row  equal_height='yes' el_class='' css='']\r\n\t\t\t\r\n\t\t[vc_column width='1\/4' el_class='cuadro-hijas']\r\n\t\t\t<div class=\"ult-content-box-container  cuadro-foto\" >\t\t<div class=\"ult-content-box\" style=\"background-color:#fafafa;-webkit-transition: all 700ms ease;-moz-transition: all 700ms ease;-ms-transition: all 700ms ease;-o-transition: all 700ms ease;transition: all 700ms ease;\"     data-bg=\"#fafafa\" >\r\n\t\t\t\t\r\n\t\t[vc_single_image\r\n\t\t\tsource='media_library'\r\n\t\t\tcustom_src=''\r\n\t\t\timage='71979'\r\n\t\t\timg_size='cuadro-imagen'\r\n\t\t\talignment='center'\r\n\t\t\tonclick=''\r\n\t\t\tlink='https:\/\/bmf-fvm.org\/eu\/eskola-kirola\/actividades-de-competicion\/'\r\n\t\t\tel_class=''\r\n\t\t\tstyle=''\r\n\t\t\tadd_caption=''\r\n\t\t]\r\n\t\r\n\t\t\t\t\r\n\t\t\t\t[vc_column_text el_class='titulo-cuadro']\r\n\t\t\t\t\t<h4><a href=\"https:\/\/bmf-fvm.org\/eu\/eskola-kirola\/actividades-de-competicion\/\">Lehiaketako jarduerak<\/a><\/h4>\r\n\t\t\t\t\t\r\n\t\t\t\t[\/vc_column_text]\r\n\t\t\t\t\t<\/div><\/div>\r\n\t\t[\/vc_column]\r\n\t\r\n\t\t[vc_column width='1\/4' el_class='cuadro-hijas']\r\n\t\t\t<div class=\"ult-content-box-container  cuadro-foto\" >\t\t<div class=\"ult-content-box\" style=\"background-color:#fafafa;-webkit-transition: all 700ms ease;-moz-transition: all 700ms ease;-ms-transition: all 700ms ease;-o-transition: all 700ms ease;transition: all 700ms ease;\"     data-bg=\"#fafafa\" >\r\n\t\t\t\t\r\n\t\t[vc_single_image\r\n\t\t\tsource='media_library'\r\n\t\t\tcustom_src=''\r\n\t\t\timage='2273'\r\n\t\t\timg_size='cuadro-imagen'\r\n\t\t\talignment='center'\r\n\t\t\tonclick=''\r\n\t\t\tlink='https:\/\/bmf-fvm.org\/eu\/eskola-kirola\/hastapen-eta-josteta-jarduerak\/'\r\n\t\t\tel_class=''\r\n\t\t\tstyle=''\r\n\t\t\tadd_caption=''\r\n\t\t]\r\n\t\r\n\t\t\t\t\r\n\t\t\t\t[vc_column_text el_class='titulo-cuadro']\r\n\t\t\t\t\t<h4><a href=\"https:\/\/bmf-fvm.org\/eu\/eskola-kirola\/hastapen-eta-josteta-jarduerak\/\">Hastapen eta josteta jarduerak<\/a><\/h4>\r\n\t\t\t\t\t\r\n\t\t\t\t[\/vc_column_text]\r\n\t\t\t\t\t<\/div><\/div>\r\n\t\t[\/vc_column]\r\n\t\r\n\t\t[vc_column width='1\/4' el_class='cuadro-hijas']\r\n\t\t\t<div class=\"ult-content-box-container  cuadro-foto\" >\t\t<div class=\"ult-content-box\" style=\"background-color:#fafafa;-webkit-transition: all 700ms ease;-moz-transition: all 700ms ease;-ms-transition: all 700ms ease;-o-transition: all 700ms ease;transition: all 700ms ease;\"     data-bg=\"#fafafa\" >\r\n\t\t\t\t\r\n\t\t[vc_single_image\r\n\t\t\tsource='media_library'\r\n\t\t\tcustom_src=''\r\n\t\t\timage='104747'\r\n\t\t\timg_size='cuadro-imagen'\r\n\t\t\talignment='center'\r\n\t\t\tonclick=''\r\n\t\t\tlink='https:\/\/bmf-fvm.org\/eu\/eskola-kirola\/erronka\/'\r\n\t\t\tel_class=''\r\n\t\t\tstyle=''\r\n\t\t\tadd_caption=''\r\n\t\t]\r\n\t\r\n\t\t\t\t\r\n\t\t\t\t[vc_column_text el_class='titulo-cuadro']\r\n\t\t\t\t\t<h4><a href=\"https:\/\/bmf-fvm.org\/eu\/eskola-kirola\/erronka\/\">Erronka<\/a><\/h4>\r\n\t\t\t\t\t\r\n\t\t\t\t[\/vc_column_text]\r\n\t\t\t\t\t<\/div><\/div>\r\n\t\t[\/vc_column]\r\n\t\r\n\t\t[vc_column width='1\/4' el_class='cuadro-hijas']\r\n\t\t\t<div class=\"ult-content-box-container  cuadro-foto\" >\t\t<div class=\"ult-content-box\" style=\"background-color:#fafafa;-webkit-transition: all 700ms ease;-moz-transition: all 700ms ease;-ms-transition: all 700ms ease;-o-transition: all 700ms ease;transition: all 700ms ease;\"     data-bg=\"#fafafa\" >\r\n\t\t\t\t\r\n\t\t[vc_single_image\r\n\t\t\tsource='media_library'\r\n\t\t\tcustom_src=''\r\n\t\t\timage='92110'\r\n\t\t\timg_size='cuadro-imagen'\r\n\t\t\talignment='center'\r\n\t\t\tonclick=''\r\n\t\t\tlink='\/eu\/monitores-deporte-escolar'\r\n\t\t\tel_class=''\r\n\t\t\tstyle=''\r\n\t\t\tadd_caption=''\r\n\t\t]\r\n\t\r\n\t\t\t\t\r\n\t\t\t\t[vc_column_text el_class='titulo-cuadro']\r\n\t\t\t\t\t<h4><a href=\"\/eu\/monitores-deporte-escolar\">Irakasleak<\/a><\/h4>\r\n\t\t\t\t\t\r\n\t\t\t\t[\/vc_column_text]\r\n\t\t\t\t\t<\/div><\/div>\r\n\t\t[\/vc_column]\r\n\t\r\n\t\t[\/vc_row]<\/div>","protected":false},"excerpt":{"rendered":"<p>[vc_row][vc_column][vc_column_text]Mendiko eskola-kirola programak eboluzionatzen jarraitzen du eta aldaketetara moldatuz goaz. Azken urte hauetan zehar gure filosofiarekin eta gaurko joerekin zerikusi&hellip;<\/p>\n","protected":false},"author":20,"featured_media":0,"parent":0,"menu_order":16,"comment_status":"closed","ping_status":"closed","template":"","meta":{"_acf_changed":false,"footnotes":""},"class_list":["post-71952","page","type-page","status-publish","hentry","seccion-eskola-kirola"],"acf":[],"yoast_head":"<!-- This site is optimized with the Yoast SEO plugin v27.3 - https:\/\/yoast.com\/product\/yoast-seo-wordpress\/ -->\n<title>Eskola kirola - Bizkaiko Mendizale Federazioa<\/title>\n<meta name=\"robots\" content=\"index, follow, max-snippet:-1, max-image-preview:large, max-video-preview:-1\" \/>\n<link rel=\"canonical\" href=\"https:\/\/bmf-fvm.org\/eu\/eskola-kirola\/\" \/>\n<meta property=\"og:locale\" content=\"en_US\" \/>\n<meta property=\"og:type\" content=\"article\" \/>\n<meta property=\"og:title\" content=\"Eskola kirola - Bizkaiko Mendizale Federazioa\" \/>\n<meta property=\"og:description\" content=\"[vc_row][vc_column][vc_column_text]Mendiko eskola-kirola programak eboluzionatzen jarraitzen du eta aldaketetara moldatuz goaz. Azken urte hauetan zehar gure filosofiarekin eta gaurko joerekin zerikusi&hellip;\" \/>\n<meta property=\"og:url\" content=\"https:\/\/bmf-fvm.org\/eu\/eskola-kirola\/\" \/>\n<meta property=\"og:site_name\" content=\"Bizkaiko Mendizale Federazioa\" \/>\n<meta property=\"article:publisher\" content=\"https:\/\/facebook.com\/pages\/Bmf-Fvm\/597553177057267\" \/>\n<meta property=\"article:modified_time\" content=\"2023-02-06T10:47:38+00:00\" \/>\n<meta property=\"og:image\" content=\"https:\/\/bmf-fvm.org\/wp-content\/uploads\/2022\/04\/bmf-fb-logo.jpg\" \/>\n\t<meta property=\"og:image:width\" content=\"200\" \/>\n\t<meta property=\"og:image:height\" content=\"200\" \/>\n\t<meta property=\"og:image:type\" content=\"image\/jpeg\" \/>\n<meta name=\"twitter:card\" content=\"summary_large_image\" \/>\n<meta name=\"twitter:label1\" content=\"Est. reading time\" \/>\n\t<meta name=\"twitter:data1\" content=\"1 minutua\" \/>\n<script type=\"application\/ld+json\" class=\"yoast-schema-graph\">{\"@context\":\"https:\\\/\\\/schema.org\",\"@graph\":[{\"@type\":\"WebPage\",\"@id\":\"https:\\\/\\\/bmf-fvm.org\\\/eu\\\/eskola-kirola\\\/\",\"url\":\"https:\\\/\\\/bmf-fvm.org\\\/eu\\\/eskola-kirola\\\/\",\"name\":\"Eskola kirola - Bizkaiko Mendizale Federazioa\",\"isPartOf\":{\"@id\":\"https:\\\/\\\/bmf-fvm.org\\\/#website\"},\"datePublished\":\"2008-12-05T17:16:20+00:00\",\"dateModified\":\"2023-02-06T10:47:38+00:00\",\"breadcrumb\":{\"@id\":\"https:\\\/\\\/bmf-fvm.org\\\/eu\\\/eskola-kirola\\\/#breadcrumb\"},\"inLanguage\":\"eu\",\"potentialAction\":[{\"@type\":\"ReadAction\",\"target\":[\"https:\\\/\\\/bmf-fvm.org\\\/eu\\\/eskola-kirola\\\/\"]}]},{\"@type\":\"BreadcrumbList\",\"@id\":\"https:\\\/\\\/bmf-fvm.org\\\/eu\\\/eskola-kirola\\\/#breadcrumb\",\"itemListElement\":[{\"@type\":\"ListItem\",\"position\":1,\"name\":\"Portada\",\"item\":\"https:\\\/\\\/bmf-fvm.org\\\/eu\\\/\"},{\"@type\":\"ListItem\",\"position\":2,\"name\":\"Eskola kirola\"}]},{\"@type\":\"WebSite\",\"@id\":\"https:\\\/\\\/bmf-fvm.org\\\/#website\",\"url\":\"https:\\\/\\\/bmf-fvm.org\\\/\",\"name\":\"Bizkaiko Mendizale Federazioa\",\"description\":\"Bizkaiko Mendizale Federazioa\",\"publisher\":{\"@id\":\"https:\\\/\\\/bmf-fvm.org\\\/#organization\"},\"potentialAction\":[{\"@type\":\"SearchAction\",\"target\":{\"@type\":\"EntryPoint\",\"urlTemplate\":\"https:\\\/\\\/bmf-fvm.org\\\/?s={search_term_string}\"},\"query-input\":{\"@type\":\"PropertyValueSpecification\",\"valueRequired\":true,\"valueName\":\"search_term_string\"}}],\"inLanguage\":\"eu\"},{\"@type\":\"Organization\",\"@id\":\"https:\\\/\\\/bmf-fvm.org\\\/#organization\",\"name\":\"Federaci\u00f3n Vizca\u00edna de Monta\u00f1a\",\"url\":\"https:\\\/\\\/bmf-fvm.org\\\/\",\"logo\":{\"@type\":\"ImageObject\",\"inLanguage\":\"eu\",\"@id\":\"https:\\\/\\\/bmf-fvm.org\\\/#\\\/schema\\\/logo\\\/image\\\/\",\"url\":\"https:\\\/\\\/bmf-fvm.org\\\/wp-content\\\/uploads\\\/2022\\\/03\\\/bmf-logo-trans.png\",\"contentUrl\":\"https:\\\/\\\/bmf-fvm.org\\\/wp-content\\\/uploads\\\/2022\\\/03\\\/bmf-logo-trans.png\",\"width\":41,\"height\":61,\"caption\":\"Federaci\u00f3n Vizca\u00edna de Monta\u00f1a\"},\"image\":{\"@id\":\"https:\\\/\\\/bmf-fvm.org\\\/#\\\/schema\\\/logo\\\/image\\\/\"},\"sameAs\":[\"https:\\\/\\\/facebook.com\\\/pages\\\/Bmf-Fvm\\\/597553177057267\"]}]}<\/script>\n<!-- \/ Yoast SEO plugin. -->","yoast_head_json":{"title":"Eskola kirola - Bizkaiko Mendizale Federazioa","robots":{"index":"index","follow":"follow","max-snippet":"max-snippet:-1","max-image-preview":"max-image-preview:large","max-video-preview":"max-video-preview:-1"},"canonical":"https:\/\/bmf-fvm.org\/eu\/eskola-kirola\/","og_locale":"en_US","og_type":"article","og_title":"Eskola kirola - Bizkaiko Mendizale Federazioa","og_description":"[vc_row][vc_column][vc_column_text]Mendiko eskola-kirola programak eboluzionatzen jarraitzen du eta aldaketetara moldatuz goaz. Azken urte hauetan zehar gure filosofiarekin eta gaurko joerekin zerikusi&hellip;","og_url":"https:\/\/bmf-fvm.org\/eu\/eskola-kirola\/","og_site_name":"Bizkaiko Mendizale Federazioa","article_publisher":"https:\/\/facebook.com\/pages\/Bmf-Fvm\/597553177057267","article_modified_time":"2023-02-06T10:47:38+00:00","og_image":[{"width":200,"height":200,"url":"https:\/\/bmf-fvm.org\/wp-content\/uploads\/2022\/04\/bmf-fb-logo.jpg","type":"image\/jpeg"}],"twitter_card":"summary_large_image","twitter_misc":{"Est. reading time":"1 minutua"},"schema":{"@context":"https:\/\/schema.org","@graph":[{"@type":"WebPage","@id":"https:\/\/bmf-fvm.org\/eu\/eskola-kirola\/","url":"https:\/\/bmf-fvm.org\/eu\/eskola-kirola\/","name":"Eskola kirola - Bizkaiko Mendizale Federazioa","isPartOf":{"@id":"https:\/\/bmf-fvm.org\/#website"},"datePublished":"2008-12-05T17:16:20+00:00","dateModified":"2023-02-06T10:47:38+00:00","breadcrumb":{"@id":"https:\/\/bmf-fvm.org\/eu\/eskola-kirola\/#breadcrumb"},"inLanguage":"eu","potentialAction":[{"@type":"ReadAction","target":["https:\/\/bmf-fvm.org\/eu\/eskola-kirola\/"]}]},{"@type":"BreadcrumbList","@id":"https:\/\/bmf-fvm.org\/eu\/eskola-kirola\/#breadcrumb","itemListElement":[{"@type":"ListItem","position":1,"name":"Portada","item":"https:\/\/bmf-fvm.org\/eu\/"},{"@type":"ListItem","position":2,"name":"Eskola kirola"}]},{"@type":"WebSite","@id":"https:\/\/bmf-fvm.org\/#website","url":"https:\/\/bmf-fvm.org\/","name":"Bizkaiko Mendizale Federazioa","description":"Bizkaiko Mendizale Federazioa","publisher":{"@id":"https:\/\/bmf-fvm.org\/#organization"},"potentialAction":[{"@type":"SearchAction","target":{"@type":"EntryPoint","urlTemplate":"https:\/\/bmf-fvm.org\/?s={search_term_string}"},"query-input":{"@type":"PropertyValueSpecification","valueRequired":true,"valueName":"search_term_string"}}],"inLanguage":"eu"},{"@type":"Organization","@id":"https:\/\/bmf-fvm.org\/#organization","name":"Federaci\u00f3n Vizca\u00edna de Monta\u00f1a","url":"https:\/\/bmf-fvm.org\/","logo":{"@type":"ImageObject","inLanguage":"eu","@id":"https:\/\/bmf-fvm.org\/#\/schema\/logo\/image\/","url":"https:\/\/bmf-fvm.org\/wp-content\/uploads\/2022\/03\/bmf-logo-trans.png","contentUrl":"https:\/\/bmf-fvm.org\/wp-content\/uploads\/2022\/03\/bmf-logo-trans.png","width":41,"height":61,"caption":"Federaci\u00f3n Vizca\u00edna de Monta\u00f1a"},"image":{"@id":"https:\/\/bmf-fvm.org\/#\/schema\/logo\/image\/"},"sameAs":["https:\/\/facebook.com\/pages\/Bmf-Fvm\/597553177057267"]}]}},"_links":{"self":[{"href":"https:\/\/bmf-fvm.org\/eu\/wp-json\/wp\/v2\/pages\/71952","targetHints":{"allow":["GET"]}}],"collection":[{"href":"https:\/\/bmf-fvm.org\/eu\/wp-json\/wp\/v2\/pages"}],"about":[{"href":"https:\/\/bmf-fvm.org\/eu\/wp-json\/wp\/v2\/types\/page"}],"author":[{"embeddable":true,"href":"https:\/\/bmf-fvm.org\/eu\/wp-json\/wp\/v2\/users\/20"}],"replies":[{"embeddable":true,"href":"https:\/\/bmf-fvm.org\/eu\/wp-json\/wp\/v2\/comments?post=71952"}],"version-history":[{"count":0,"href":"https:\/\/bmf-fvm.org\/eu\/wp-json\/wp\/v2\/pages\/71952\/revisions"}],"wp:attachment":[{"href":"https:\/\/bmf-fvm.org\/eu\/wp-json\/wp\/v2\/media?parent=71952"}],"curies":[{"name":"wp","href":"https:\/\/api.w.org\/{rel}","templated":true}]}}