{"id":71817,"date":"2018-07-10T12:06:22","date_gmt":"2018-07-10T10:06:22","guid":{"rendered":"https:\/\/bmf-fvm.org\/lasterketak\/bizkaiko-mendi-lasterketen-liga\/"},"modified":"2023-09-07T19:26:38","modified_gmt":"2023-09-07T17:26:38","slug":"bizkaiko-mendi-lasterketen-liga","status":"publish","type":"page","link":"https:\/\/bmf-fvm.org\/eu\/lasterketak\/bizkaiko-mendi-lasterketen-liga\/","title":{"rendered":"Bizkaiko Mendi Lasterketen Liga"},"content":{"rendered":"<div class=\"wpb-content-wrapper\"><p>[vc_row][vc_column][vc_column_text]<\/p>\n<h4>Partaidetza<\/h4>\n<p>Puntuagarriak diren probetan parte hartze librea izango da lasterketa bakoitzaren araudiaren arabera. Bizkaiko Mendi Lasterketen Txapelketa eta Ligan parte hartzeko eta bertan ematen diren opariak jaso ahal izateko, derrigorrezkoa da BMF-FVM-n federatuta izatea eta araudi hau betetzea.<\/p>\n<h4>Ligan puntuagarri diren lasterketak<\/h4>\n<ul>\n<li><span style=\"text-decoration: underline;\">Maila absolutua<\/span>\n<ul>\n<li><strong>Urt 29:<\/strong> Sodupe (G\u00fce\u00f1es) \u2013 <a href=\"https:\/\/www.facebook.com\/trailmartxasodupe\" target=\"_blank\" rel=\"noopener\">Sodupe negu lasterketa<\/a> \u2013 18,0 km<\/li>\n<li><strong>Ots 12:<\/strong> Zaramillo (G\u00fce\u00f1es) \u2013 <a href=\"https:\/\/www.apukoigoera.com\/\" target=\"_blank\" rel=\"noopener\">Apuko igoera Zaramillo Enkarterri<\/a> \u2013 30,0 km<\/li>\n<li><strong>Mar 26:<\/strong> Bilbao \u2013 <a href=\"https:\/\/www.artxandaut.com\/\" target=\"_blank\" rel=\"noopener\">Artxanda urban trail<\/a> \u2013 22,0 km<\/li>\n<li><strong>Api 23:<\/strong> Bilbao\u2013 <a href=\"https:\/\/laboralkutxabilbaomenditrail.com\/\" target=\"_blank\" rel=\"noopener\">Bilbao mendi trail<\/a> \u2013 21,0 km<\/li>\n<li><strong>Api 29:<\/strong> Galdakao\u2013 <a href=\"https:\/\/www.gangurenmt.net\/index.php?option=com_content&amp;view=article&amp;id=738:zazpi-trokak-2023&amp;catid=9&amp;Itemid=63&amp;lang=es-ES\" target=\"_blank\" rel=\"noopener\">Zazpitroka mendi lasterketa<\/a> \u2013 23,0 km<\/li>\n<li><strong>Mai 21<\/strong>: Getxo \u2013 <span style=\"color: #0000ff;\"><a style=\"color: #0000ff;\" href=\"https:\/\/etorkimenditrail.com\/\" target=\"_blank\" rel=\"noopener\">Etorki mendi trail (<strong>Campeonato de Bizkaia<\/strong>)<\/a> <\/span>\u2013 27,0 km<\/li>\n<li><strong>Eka 03<\/strong>: Galdames \u2013 <a href=\"https:\/\/www.facebook.com\/GALDAMESMENDIBIRA\/\" target=\"_blank\" rel=\"noopener\">Galdames mendi bira<\/a> \u2013 34,0 km<\/li>\n<li><strong>Eka 11:<\/strong> Zierbena \u2013 <a href=\"https:\/\/www.facebook.com\/GalipaMendiBira\/\" target=\"_blank\" rel=\"noopener\">Galipa mendi bira<\/a> \u2013 21,0 km<\/li>\n<li><strong>Ira 03:<\/strong> Lezama \u2013 <a href=\"http:\/\/lezamakomugetatik.com\/\" target=\"_blank\" rel=\"noopener\">Lezamako mugetatik<\/a> \u2013 25,0 km<\/li>\n<li><strong>Ira 09<\/strong>: Atxondo \u2013 <a href=\"https:\/\/www.sorginenlasterketa.com\/\" target=\"_blank\" rel=\"noopener\">Sorgi\u00f1en lasterketa<\/a> \u2013 20,0 km<\/li>\n<li><strong>Ira 16:<\/strong> Ermua \u2013 <a href=\"https:\/\/www.hirutxikiak.com\/\" target=\"_blank\" rel=\"noopener\">Hiru txikiak trail<\/a> \u2013 42,0 km<\/li>\n<li><strong>Ira 23:<\/strong> Zeanuri \u2013 <a href=\"https:\/\/www.gorbeiasuzien.eus\/\" target=\"_blank\" rel=\"noopener\">Gorbeia Suzien (ISF World Series 2023)<\/a> \u2013 21,0 km<\/li>\n<li><strong>Ira 23:<\/strong> Elorrio \u2013 Elorrixoko mendi lasterketa \u2013 25,0 km<\/li>\n<li><strong>Urr 01:<\/strong> Santurtzi \u2013 <a href=\"https:\/\/www.serantesigoera.eus\/\" target=\"_blank\" rel=\"noopener\">Serantes igoera<\/a> \u2013 12,0 km<\/li>\n<li><strong>Urr 07:<\/strong> Atxondo \u2013 <a href=\"http:\/\/anbotokb.eus\/\" target=\"_blank\" rel=\"noopener\">Anboto KB<\/a> \u2013 3,8 km<\/li>\n<li><strong>Urr 08:<\/strong> Amorebieta \u2013 <a href=\"https:\/\/aramotzmendilasterketa.eus\/\" target=\"_blank\" rel=\"noopener\">Aramotz mendi lasterketak<\/a> \u2013 28,0 km<\/li>\n<li><strong>Urr 15:<\/strong> Balmaseda \u2013 <a href=\"https:\/\/www.kolitzabalmatrail.com\/\" target=\"_blank\" rel=\"noopener\">Kolitza balmatrail<\/a> \u2013 25,0 km<\/li>\n<li><strong>Urr 28:<\/strong> Arrankudiaga \u2013 Arrankudiaga-Zolloko trail \u2013 16,0 km<\/li>\n<li><strong>Urr 29:<\/strong> Galdames \u2013 <a href=\"https:\/\/www.buscametas.com\/web\/verticalpicolacruz\/\" target=\"_blank\" rel=\"noopener\">Vertical Pico la cruz<\/a> \u2013 6,5 km<\/li>\n<li><strong>Aza 12:<\/strong> Urdu\u00f1a \u2013 <a href=\"https:\/\/urdunakomendilasterketa.com\/\" target=\"_blank\" rel=\"noopener\">Urdu\u00f1ako mendi lasterketa<\/a> \u2013 33,0 km<\/li>\n<li><strong>Aza 19:<\/strong> Lemoa \u2013 <a href=\"http:\/\/www.ganzabalmt.org\/lemoatx-trail\/\" target=\"_blank\" rel=\"noopener\">Lemoatx Trail<\/a> \u2013 25,0 km<\/li>\n<li><strong>Abe 03:<\/strong>\u00a0Etxebarri \u2013\u00a0<a href=\"https:\/\/www.facebook.com\/EtxebarriXTREME\/\" target=\"_blank\" rel=\"noopener\">Etxebarri Xtreme<\/a> \u2013 35,0 km<\/li>\n<\/ul>\n<\/li>\n<li><span style=\"text-decoration: underline;\">Junior maila<\/span>\n<ul>\n<li><strong>Mar 26:<\/strong> Bilbao \u2013 <a href=\"https:\/\/www.artxandaut.com\/\" target=\"_blank\" rel=\"noopener\">Artxanda urban trail<\/a> \u2013 12,0 km<\/li>\n<li><strong>Api 30:<\/strong> Gernika \u2013 <a href=\"http:\/\/www.urdaibaikopa.eus\/\" target=\"_blank\" rel=\"noopener\">Gernika mendi Jaiak<\/a> \u2013 9,0 km<\/li>\n<li><strong>Mai 21:<\/strong> Getxo\u2013 <span style=\"color: #0000ff;\"><a style=\"color: #0000ff;\" href=\"https:\/\/etorkimenditrail.com\/\" target=\"_blank\" rel=\"noopener\">Etorki mendi trail (<strong>Campeonato de Bizkaia<\/strong>)<\/a><\/span> \u2013 12,0 km<\/li>\n<li><strong>Eka 11:<\/strong> Zierbena \u2013 <a href=\"https:\/\/www.facebook.com\/GalipaMendiBira\/\" target=\"_blank\" rel=\"noopener\">Galipa mendi bira<\/a> \u2013 12,0 km<\/li>\n<li><strong>Ira 03:<\/strong> Lezama \u2013 <a href=\"http:\/\/lezamakomugetatik.com\/\" target=\"_blank\" rel=\"noopener\">Lezamako mugetatik<\/a> \u2013 12,0 km<\/li>\n<li><strong>Ira 16:<\/strong> Ermua \u2013 <a href=\"https:\/\/www.hirutxikiak.com\/\" target=\"_blank\" rel=\"noopener\">Hiru txikiak trail<\/a> \u2013 12,0 km<\/li>\n<li><strong>Urr 01:<\/strong> Santurtzi \u2013 <a href=\"https:\/\/www.serantesigoera.eus\/\" target=\"_blank\" rel=\"noopener\">Serantes igoera<\/a> \u2013 12,0 km<\/li>\n<li><strong>Urr 29:<\/strong> Galdames \u2013 <a href=\"https:\/\/www.buscametas.com\/web\/verticalpicolacruz\/\" target=\"_blank\" rel=\"noopener\">Vertical Pico la cruz<\/a> \u2013 6,5 km<\/li>\n<li><strong>Aza 19:<\/strong>\u00a0Lemoa \u2013\u00a0<a href=\"http:\/\/www.ganzabalmt.org\/lemoatx-trail\/\" target=\"_blank\" rel=\"noopener\">Lemoatx Trail<\/a> \u2013 16,0 km<\/li>\n<\/ul>\n<\/li>\n<\/ul>\n<h4>Izen emateak<\/h4>\n<p>Izen emateak lasterketa bakoitzeko izen emate plataformen bitartez burutuko dira.<\/p>\n<h4>Araudia<\/h4>\n<p>Bizkaiko Mendi Lasterketen Liga araudi honen arabera jokatuko da eta bertan agertzen den ez guztietan <a href=\"https:\/\/emf-fvm.com\/Docs\/Reglamento_CxM_EMF_2023_Eus-A27may23.pdf\" target=\"_blank\" rel=\"noopener\">Euskal Mendizale Federazioaren Mendi Lasterketen araudipean.<\/a><\/p>\n<h4>Mailak<\/h4>\n<ul>\n<li>Absolutua maila: 2004-arte (barne) jaiotakoak.<\/li>\n<li>Junior maila: 2005, 2006, 2007 eta 2008an jaiotakoak.<\/li>\n<li>Taldeka (Txapelketan bakarrik): korrikalari bakoitzak, dagokion urtean, federatu txartela tramitatu duen taldearentzat lortuko ditu puntuak.<\/li>\n<\/ul>\n<h4>Puntuazio sistema<\/h4>\n<p>BMF-FVM proban federatutako korrikalariek baino ez dute puntuatuko.<\/p>\n<p>Ligak sailkapen orokorra ezarriko du, bere proba puntuagarrietan lortutako puntuen arabera.<\/p>\n<p>Puntuak honela banatuko dira:<\/p>\n<ul>\n<li>1.Sailkatua, 100 puntu.<\/li>\n<li>2.Sailkatua, 90 puntu.<\/li>\n<li>3.Sailkatua, 80 puntu.<\/li>\n<li>4.Sailkatua, 75 puntu.<\/li>\n<li>5.Sailkatua, 74 puntu.<\/li>\n<\/ul>\n<p>Eta horrela hurrenez urren puntu bakarrera iritsi arte. 78 korrikalari baino gehiago egonez gero, postu horretatik aurrera puntu bat jasoko dute.<\/p>\n<p><strong>Azken sailkapenerako 8 emaitzarik onenak puntuatuko dute (4 Junior mailan)<\/strong>, eta proba horietan gutxienez parte hartu beharko dute.<\/p>\n<p>Puntu-berdinketa gertatuz gero, berdinduta daudenek bat egin duten probetako postuak hartuko dira kontuan. Berdinketak jarraitzen badu, azken proba puntuagarriaren postuaren arabera ebatziko da.<\/p>\n<h4>Emaitzak<\/h4>\n<p>Proben emaitzak lasterketa bakoitzeko erakundeek emandako ofizialak izango dira, eta, beraz, edozein alegazio, proba bakoitzaren antolatzaileari egin beharko zaio, bere araudiaren arabera.<\/p>\n<h4>Txapelketa<\/h4>\n<p>Txapelketa egun bakarreko proba izango da, Bizkaiko Txapeldunak izendatuz maila bakoitzean.<\/p>\n<p>Taldeen kasuan, talde mistoak izango dira Absolutu mailan. Talde bakoitzeko lehen sailkatuak emango diote puntuak dagokion taldeari. Talde bakoitzetik gehienez 6 korrikalarik puntuatuko dute eta gehienez maila\u00a0 akoitzetik (sexu bakoitzetik) 4 korrikalarik puntuatuko dute. Taldekako sailkapenean izateko, gutxienez 4 korrikalarik puntuatu behar izango dute.<\/p>\n<h4>Sariak<\/h4>\n<p>Ligan, maila bakoitzeko lehen 10 sailkatuen saria jasoko dute (zehazteke).<\/p>\n<p>Txapelketan, maila bakoitzeko irabazleek txapel bana jasoko dute eta maila bakoitzeko lehen hiru sailkatuek garaikur bana.<\/p>\n<h4>Ligako Finisher-ak<\/h4>\n<p><strong>Ligako 10 lasterketa bukatzen duten guztiak (4 gazte mailan)<\/strong>, Finisherrak izango dira eta hori dela eta opari bat izango dute (zehazteke).<\/p>\n<p>Probaren bat bertan behera geratu ezkero, konputu hau ospatutako lasterketa guztien %50ean ezarriko da. Beti ere, aurrez ezarritako topearekin.[\/vc_column_text][\/vc_column][\/vc_row]<\/p>\n<\/div>","protected":false},"excerpt":{"rendered":"<p>[vc_row][vc_column][vc_column_text] Partaidetza Puntuagarriak diren probetan parte hartze librea izango da lasterketa bakoitzaren araudiaren arabera. Bizkaiko Mendi Lasterketen Txapelketa eta Ligan&hellip;<\/p>\n","protected":false},"author":1,"featured_media":71879,"parent":71803,"menu_order":50,"comment_status":"closed","ping_status":"closed","template":"","meta":{"_acf_changed":false,"footnotes":""},"class_list":["post-71817","page","type-page","status-publish","has-post-thumbnail","hentry","seccion-mendi-lasterketak"],"acf":[],"yoast_head":"<!-- This site is optimized with the Yoast SEO plugin v27.3 - https:\/\/yoast.com\/product\/yoast-seo-wordpress\/ -->\n<title>Bizkaiko Mendi Lasterketen Liga - Bizkaiko Mendizale Federazioa<\/title>\n<meta name=\"robots\" content=\"index, follow, max-snippet:-1, max-image-preview:large, max-video-preview:-1\" \/>\n<link rel=\"canonical\" href=\"https:\/\/bmf-fvm.org\/eu\/lasterketak\/bizkaiko-mendi-lasterketen-liga\/\" \/>\n<meta property=\"og:locale\" content=\"en_US\" \/>\n<meta property=\"og:type\" content=\"article\" \/>\n<meta property=\"og:title\" content=\"Bizkaiko Mendi Lasterketen Liga - Bizkaiko Mendizale Federazioa\" \/>\n<meta property=\"og:description\" content=\"[vc_row][vc_column][vc_column_text] Partaidetza Puntuagarriak diren probetan parte hartze librea izango da lasterketa bakoitzaren araudiaren arabera. Bizkaiko Mendi Lasterketen Txapelketa eta Ligan&hellip;\" \/>\n<meta property=\"og:url\" content=\"https:\/\/bmf-fvm.org\/eu\/lasterketak\/bizkaiko-mendi-lasterketen-liga\/\" \/>\n<meta property=\"og:site_name\" content=\"Bizkaiko Mendizale Federazioa\" \/>\n<meta property=\"article:publisher\" content=\"https:\/\/facebook.com\/pages\/Bmf-Fvm\/597553177057267\" \/>\n<meta property=\"article:modified_time\" content=\"2023-09-07T17:26:38+00:00\" \/>\n<meta property=\"og:image\" content=\"https:\/\/bmf-fvm.org\/wp-content\/uploads\/2021\/12\/meta.jpg\" \/>\n\t<meta property=\"og:image:width\" content=\"1200\" \/>\n\t<meta property=\"og:image:height\" content=\"675\" \/>\n\t<meta property=\"og:image:type\" content=\"image\/jpeg\" \/>\n<meta name=\"twitter:card\" content=\"summary_large_image\" \/>\n<meta name=\"twitter:label1\" content=\"Est. reading time\" \/>\n\t<meta name=\"twitter:data1\" content=\"3 minutua\" \/>\n<script type=\"application\/ld+json\" class=\"yoast-schema-graph\">{\"@context\":\"https:\\\/\\\/schema.org\",\"@graph\":[{\"@type\":\"WebPage\",\"@id\":\"https:\\\/\\\/bmf-fvm.org\\\/eu\\\/lasterketak\\\/bizkaiko-mendi-lasterketen-liga\\\/\",\"url\":\"https:\\\/\\\/bmf-fvm.org\\\/eu\\\/lasterketak\\\/bizkaiko-mendi-lasterketen-liga\\\/\",\"name\":\"Bizkaiko Mendi Lasterketen Liga - Bizkaiko Mendizale Federazioa\",\"isPartOf\":{\"@id\":\"https:\\\/\\\/bmf-fvm.org\\\/#website\"},\"primaryImageOfPage\":{\"@id\":\"https:\\\/\\\/bmf-fvm.org\\\/eu\\\/lasterketak\\\/bizkaiko-mendi-lasterketen-liga\\\/#primaryimage\"},\"image\":{\"@id\":\"https:\\\/\\\/bmf-fvm.org\\\/eu\\\/lasterketak\\\/bizkaiko-mendi-lasterketen-liga\\\/#primaryimage\"},\"thumbnailUrl\":\"https:\\\/\\\/bmf-fvm.org\\\/wp-content\\\/uploads\\\/2021\\\/12\\\/meta.jpg\",\"datePublished\":\"2018-07-10T10:06:22+00:00\",\"dateModified\":\"2023-09-07T17:26:38+00:00\",\"breadcrumb\":{\"@id\":\"https:\\\/\\\/bmf-fvm.org\\\/eu\\\/lasterketak\\\/bizkaiko-mendi-lasterketen-liga\\\/#breadcrumb\"},\"inLanguage\":\"eu\",\"potentialAction\":[{\"@type\":\"ReadAction\",\"target\":[\"https:\\\/\\\/bmf-fvm.org\\\/eu\\\/lasterketak\\\/bizkaiko-mendi-lasterketen-liga\\\/\"]}]},{\"@type\":\"ImageObject\",\"inLanguage\":\"eu\",\"@id\":\"https:\\\/\\\/bmf-fvm.org\\\/eu\\\/lasterketak\\\/bizkaiko-mendi-lasterketen-liga\\\/#primaryimage\",\"url\":\"https:\\\/\\\/bmf-fvm.org\\\/wp-content\\\/uploads\\\/2021\\\/12\\\/meta.jpg\",\"contentUrl\":\"https:\\\/\\\/bmf-fvm.org\\\/wp-content\\\/uploads\\\/2021\\\/12\\\/meta.jpg\",\"width\":1200,\"height\":675},{\"@type\":\"BreadcrumbList\",\"@id\":\"https:\\\/\\\/bmf-fvm.org\\\/eu\\\/lasterketak\\\/bizkaiko-mendi-lasterketen-liga\\\/#breadcrumb\",\"itemListElement\":[{\"@type\":\"ListItem\",\"position\":1,\"name\":\"Portada\",\"item\":\"https:\\\/\\\/bmf-fvm.org\\\/eu\\\/\"},{\"@type\":\"ListItem\",\"position\":2,\"name\":\"Lasterketak\",\"item\":\"https:\\\/\\\/bmf-fvm.org\\\/eu\\\/lasterketak\\\/\"},{\"@type\":\"ListItem\",\"position\":3,\"name\":\"Bizkaiko Mendi Lasterketen Liga\"}]},{\"@type\":\"WebSite\",\"@id\":\"https:\\\/\\\/bmf-fvm.org\\\/#website\",\"url\":\"https:\\\/\\\/bmf-fvm.org\\\/\",\"name\":\"Bizkaiko Mendizale Federazioa\",\"description\":\"Bizkaiko Mendizale Federazioa\",\"publisher\":{\"@id\":\"https:\\\/\\\/bmf-fvm.org\\\/#organization\"},\"potentialAction\":[{\"@type\":\"SearchAction\",\"target\":{\"@type\":\"EntryPoint\",\"urlTemplate\":\"https:\\\/\\\/bmf-fvm.org\\\/?s={search_term_string}\"},\"query-input\":{\"@type\":\"PropertyValueSpecification\",\"valueRequired\":true,\"valueName\":\"search_term_string\"}}],\"inLanguage\":\"eu\"},{\"@type\":\"Organization\",\"@id\":\"https:\\\/\\\/bmf-fvm.org\\\/#organization\",\"name\":\"Federaci\u00f3n Vizca\u00edna de Monta\u00f1a\",\"url\":\"https:\\\/\\\/bmf-fvm.org\\\/\",\"logo\":{\"@type\":\"ImageObject\",\"inLanguage\":\"eu\",\"@id\":\"https:\\\/\\\/bmf-fvm.org\\\/#\\\/schema\\\/logo\\\/image\\\/\",\"url\":\"https:\\\/\\\/bmf-fvm.org\\\/wp-content\\\/uploads\\\/2022\\\/03\\\/bmf-logo-trans.png\",\"contentUrl\":\"https:\\\/\\\/bmf-fvm.org\\\/wp-content\\\/uploads\\\/2022\\\/03\\\/bmf-logo-trans.png\",\"width\":41,\"height\":61,\"caption\":\"Federaci\u00f3n Vizca\u00edna de Monta\u00f1a\"},\"image\":{\"@id\":\"https:\\\/\\\/bmf-fvm.org\\\/#\\\/schema\\\/logo\\\/image\\\/\"},\"sameAs\":[\"https:\\\/\\\/facebook.com\\\/pages\\\/Bmf-Fvm\\\/597553177057267\"]}]}<\/script>\n<!-- \/ Yoast SEO plugin. -->","yoast_head_json":{"title":"Bizkaiko Mendi Lasterketen Liga - Bizkaiko Mendizale Federazioa","robots":{"index":"index","follow":"follow","max-snippet":"max-snippet:-1","max-image-preview":"max-image-preview:large","max-video-preview":"max-video-preview:-1"},"canonical":"https:\/\/bmf-fvm.org\/eu\/lasterketak\/bizkaiko-mendi-lasterketen-liga\/","og_locale":"en_US","og_type":"article","og_title":"Bizkaiko Mendi Lasterketen Liga - Bizkaiko Mendizale Federazioa","og_description":"[vc_row][vc_column][vc_column_text] Partaidetza Puntuagarriak diren probetan parte hartze librea izango da lasterketa bakoitzaren araudiaren arabera. Bizkaiko Mendi Lasterketen Txapelketa eta Ligan&hellip;","og_url":"https:\/\/bmf-fvm.org\/eu\/lasterketak\/bizkaiko-mendi-lasterketen-liga\/","og_site_name":"Bizkaiko Mendizale Federazioa","article_publisher":"https:\/\/facebook.com\/pages\/Bmf-Fvm\/597553177057267","article_modified_time":"2023-09-07T17:26:38+00:00","og_image":[{"width":1200,"height":675,"url":"https:\/\/bmf-fvm.org\/wp-content\/uploads\/2021\/12\/meta.jpg","type":"image\/jpeg"}],"twitter_card":"summary_large_image","twitter_misc":{"Est. reading time":"3 minutua"},"schema":{"@context":"https:\/\/schema.org","@graph":[{"@type":"WebPage","@id":"https:\/\/bmf-fvm.org\/eu\/lasterketak\/bizkaiko-mendi-lasterketen-liga\/","url":"https:\/\/bmf-fvm.org\/eu\/lasterketak\/bizkaiko-mendi-lasterketen-liga\/","name":"Bizkaiko Mendi Lasterketen Liga - Bizkaiko Mendizale Federazioa","isPartOf":{"@id":"https:\/\/bmf-fvm.org\/#website"},"primaryImageOfPage":{"@id":"https:\/\/bmf-fvm.org\/eu\/lasterketak\/bizkaiko-mendi-lasterketen-liga\/#primaryimage"},"image":{"@id":"https:\/\/bmf-fvm.org\/eu\/lasterketak\/bizkaiko-mendi-lasterketen-liga\/#primaryimage"},"thumbnailUrl":"https:\/\/bmf-fvm.org\/wp-content\/uploads\/2021\/12\/meta.jpg","datePublished":"2018-07-10T10:06:22+00:00","dateModified":"2023-09-07T17:26:38+00:00","breadcrumb":{"@id":"https:\/\/bmf-fvm.org\/eu\/lasterketak\/bizkaiko-mendi-lasterketen-liga\/#breadcrumb"},"inLanguage":"eu","potentialAction":[{"@type":"ReadAction","target":["https:\/\/bmf-fvm.org\/eu\/lasterketak\/bizkaiko-mendi-lasterketen-liga\/"]}]},{"@type":"ImageObject","inLanguage":"eu","@id":"https:\/\/bmf-fvm.org\/eu\/lasterketak\/bizkaiko-mendi-lasterketen-liga\/#primaryimage","url":"https:\/\/bmf-fvm.org\/wp-content\/uploads\/2021\/12\/meta.jpg","contentUrl":"https:\/\/bmf-fvm.org\/wp-content\/uploads\/2021\/12\/meta.jpg","width":1200,"height":675},{"@type":"BreadcrumbList","@id":"https:\/\/bmf-fvm.org\/eu\/lasterketak\/bizkaiko-mendi-lasterketen-liga\/#breadcrumb","itemListElement":[{"@type":"ListItem","position":1,"name":"Portada","item":"https:\/\/bmf-fvm.org\/eu\/"},{"@type":"ListItem","position":2,"name":"Lasterketak","item":"https:\/\/bmf-fvm.org\/eu\/lasterketak\/"},{"@type":"ListItem","position":3,"name":"Bizkaiko Mendi Lasterketen Liga"}]},{"@type":"WebSite","@id":"https:\/\/bmf-fvm.org\/#website","url":"https:\/\/bmf-fvm.org\/","name":"Bizkaiko Mendizale Federazioa","description":"Bizkaiko Mendizale Federazioa","publisher":{"@id":"https:\/\/bmf-fvm.org\/#organization"},"potentialAction":[{"@type":"SearchAction","target":{"@type":"EntryPoint","urlTemplate":"https:\/\/bmf-fvm.org\/?s={search_term_string}"},"query-input":{"@type":"PropertyValueSpecification","valueRequired":true,"valueName":"search_term_string"}}],"inLanguage":"eu"},{"@type":"Organization","@id":"https:\/\/bmf-fvm.org\/#organization","name":"Federaci\u00f3n Vizca\u00edna de Monta\u00f1a","url":"https:\/\/bmf-fvm.org\/","logo":{"@type":"ImageObject","inLanguage":"eu","@id":"https:\/\/bmf-fvm.org\/#\/schema\/logo\/image\/","url":"https:\/\/bmf-fvm.org\/wp-content\/uploads\/2022\/03\/bmf-logo-trans.png","contentUrl":"https:\/\/bmf-fvm.org\/wp-content\/uploads\/2022\/03\/bmf-logo-trans.png","width":41,"height":61,"caption":"Federaci\u00f3n Vizca\u00edna de Monta\u00f1a"},"image":{"@id":"https:\/\/bmf-fvm.org\/#\/schema\/logo\/image\/"},"sameAs":["https:\/\/facebook.com\/pages\/Bmf-Fvm\/597553177057267"]}]}},"_links":{"self":[{"href":"https:\/\/bmf-fvm.org\/eu\/wp-json\/wp\/v2\/pages\/71817","targetHints":{"allow":["GET"]}}],"collection":[{"href":"https:\/\/bmf-fvm.org\/eu\/wp-json\/wp\/v2\/pages"}],"about":[{"href":"https:\/\/bmf-fvm.org\/eu\/wp-json\/wp\/v2\/types\/page"}],"author":[{"embeddable":true,"href":"https:\/\/bmf-fvm.org\/eu\/wp-json\/wp\/v2\/users\/1"}],"replies":[{"embeddable":true,"href":"https:\/\/bmf-fvm.org\/eu\/wp-json\/wp\/v2\/comments?post=71817"}],"version-history":[{"count":0,"href":"https:\/\/bmf-fvm.org\/eu\/wp-json\/wp\/v2\/pages\/71817\/revisions"}],"up":[{"embeddable":true,"href":"https:\/\/bmf-fvm.org\/eu\/wp-json\/wp\/v2\/pages\/71803"}],"wp:featuredmedia":[{"embeddable":true,"href":"https:\/\/bmf-fvm.org\/eu\/wp-json\/wp\/v2\/media\/71879"}],"wp:attachment":[{"href":"https:\/\/bmf-fvm.org\/eu\/wp-json\/wp\/v2\/media?parent=71817"}],"curies":[{"name":"wp","href":"https:\/\/api.w.org\/{rel}","templated":true}]}}