{"id":71700,"date":"2014-10-16T08:59:11","date_gmt":"2014-10-16T06:59:11","guid":{"rendered":"https:\/\/bmf-fvm.org\/eskalada\/croquis\/"},"modified":"2025-10-20T14:58:27","modified_gmt":"2025-10-20T12:58:27","slug":"croquis","status":"publish","type":"page","link":"https:\/\/bmf-fvm.org\/eu\/goimendi-eskola\/eskalada\/croquis\/","title":{"rendered":"Croquis"},"content":{"rendered":"<div class=\"wpb-content-wrapper\"><p>[vc_row][vc_column width=&#8221;2\/3&#8243;][vc_column_text css=&#8221;&#8221;]<\/p>\n<ol>\n<li><a href=\"https:\/\/igertu.blogspot.com.es\/2013\/09\/escuela-de-escalada-de-indusi.html\" target=\"_blank\" rel=\"noopener\"><strong>ARRATIA INDUSI<\/strong><\/a><\/li>\n<li><strong>ATXARTE:<\/strong> <a href=\"https:\/\/gantxosplomosyrockandroll.blogspot.com.es\/search\/label\/Atxarte\" target=\"_blank\" rel=\"noopener\">1<\/a> &#8211;\u00a0<a href=\"https:\/\/ametsek.blogspot.com.es\/search\/label\/Rese%C3%B1as%20Atxarte\" target=\"_blank\" rel=\"noopener\">2<\/a> &#8211;\u00a0<a href=\"https:\/\/ametsek.blogspot.com.es\/search\/label\/Rese%C3%B1as%20Untzillaitz\" target=\"_blank\" rel=\"noopener\">3<\/a>\n<ul>\n<li><a href=\"https:\/\/nosvemosenlaroca.blogspot.com.es\/p\/croquis-de-escalada.html\" target=\"_blank\" rel=\"noopener\">ARRUKOATXA<\/a><\/li>\n<li>PRIMER ESPOL\u00d3N: <a href=\"https:\/\/www.enlavertical.com\/img\/uploads\/originales\/2011\/Primer_Espol%C3%B3n_De.___1414.jpg\">1<\/a> &#8211;\u00a0<a href=\"https:\/\/www.enlavertical.com\/img\/uploads\/originales\/2011\/Primer_Espol%C3%B3n_Iz.___1413.jpg\">2<\/a><\/li>\n<li>SEGUNDO ESPOL\u00d3N: <a href=\"https:\/\/www.enlavertical.com\/img\/uploads\/originales\/2011\/Segundo_Espol%C3%B3n_Iz.___1412.jpg\">1<\/a> &#8211; <a href=\"https:\/\/www.enlavertical.com\/img\/uploads\/originales\/2011\/Segundo_Espol%C3%B3n_De.___1409.jpg\">2<\/a><\/li>\n<li>TERCER ESPOL\u00d3N: <a href=\"https:\/\/www.enlavertical.com\/img\/uploads\/originales\/2011\/Tercer_Espol%C3%B3n_De.___1411.jpg\">1<\/a> &#8211;\u00a0<a href=\"https:\/\/www.enlavertical.com\/img\/uploads\/originales\/2011\/Tercer_Espol%C3%B3n_Iz.___1410.jpg\">2<\/a><\/li>\n<li><a href=\"https:\/\/atxarte.blogspot.com.es\/\" target=\"_blank\" rel=\"noopener\">UNTZILLATX SUR<\/a><\/li>\n<\/ul>\n<\/li>\n<li><strong>BEDARTZANDI<\/strong>\n<ul>\n<li>Mapa general: <a class=\"nofancybox\" href=\"https:\/\/bmf-fvm.org\/wp-content\/uploads\/2025\/09\/Croquis-Bedartzandi-Mapa-general.jpg\" target=\"_blank\" rel=\"noopener\">Mapa ikusi<\/a><\/li>\n<li>Zona baja: <a class=\"nofancybox\" href=\"https:\/\/bmf-fvm.org\/wp-content\/uploads\/2025\/09\/Croquis-Bedartzandi-Beheko-sektorea-A.jpg\" target=\"_blank\" rel=\"noopener\">A gunea<\/a>, <a class=\"nofancybox\" href=\"https:\/\/bmf-fvm.org\/wp-content\/uploads\/2025\/09\/Croquis-Bedartzandi-Beheko-sektorea-B.jpg\" target=\"_blank\" rel=\"noopener\">B gunea<\/a>, <a class=\"nofancybox\" href=\"https:\/\/bmf-fvm.org\/wp-content\/uploads\/2025\/09\/Croquis-Bedartzandi-Beheko-sektorea-C.jpg\" target=\"_blank\" rel=\"noopener\">C gunea<\/a>.<\/li>\n<li>Zona media: <a class=\"nofancybox\" href=\"https:\/\/bmf-fvm.org\/wp-content\/uploads\/2025\/09\/Croquis-Bedartzandi-Erdiko-gunea.jpg\" target=\"_blank\" rel=\"noopener\">Krokisa ikusi<\/a><\/li>\n<li>Zona alta: <a class=\"nofancybox\" href=\"https:\/\/bmf-fvm.org\/wp-content\/uploads\/2025\/09\/Croquis-Bedartzandi-Goiko-sektorea.jpg\" target=\"_blank\" rel=\"noopener\">Krokisa ikusi<\/a><\/li>\n<\/ul>\n<\/li>\n<li><a href=\"https:\/\/sugandillak.blogspot.com.es\/2011\/02\/galdames-eko-krokisak.html\" target=\"_blank\" rel=\"noopener\"><strong>GALDAMES<\/strong><\/a><\/li>\n<li><strong>BENTATXURI-BALTZOLA:<\/strong> 1<\/li>\n<li><strong>BALTZOLA:<\/strong> <a href=\"https:\/\/1.bp.blogspot.com\/-UBxSMc_jUmU\/UopyaYxUJ6I\/AAAAAAAAA3k\/UISSS4SOFNE\/s1600\/baltzola+1-1.jpg\" target=\"_blank\" rel=\"noopener\">1<\/a> &#8211; <a href=\"https:\/\/4.bp.blogspot.com\/-nEmdQlVlnIg\/UopyaDHQqNI\/AAAAAAAAA3g\/rZVr6e7_tQc\/s1600\/baltzola+1.jpg\" target=\"_blank\" rel=\"noopener\">2<\/a> &#8211;\u00a0<a href=\"https:\/\/3.bp.blogspot.com\/-Lj8cexOU1lc\/UopyfpBQCQI\/AAAAAAAAA34\/VcGz4ZIRtag\/s1600\/baltzola+2.jpg\" target=\"_blank\" rel=\"noopener\">3<\/a> &#8211;\u00a0<a href=\"https:\/\/3.bp.blogspot.com\/-5mzfc8YRhZs\/UopyYy_mhPI\/AAAAAAAAA3Y\/_sUpUi6oEfU\/s1600\/baltzola+2-2.jpg\" target=\"_blank\" rel=\"noopener\">4<\/a> &#8211;\u00a0<a href=\"https:\/\/4.bp.blogspot.com\/-Z3qzy8Ojcas\/Uopydm8mmFI\/AAAAAAAAA3w\/jHek_tETkGA\/s1600\/baltzola+3-3.jpg\" target=\"_blank\" rel=\"noopener\">5<\/a> &#8211;\u00a0<a href=\"https:\/\/2.bp.blogspot.com\/-CZLHydJxTz8\/UopygBszfVI\/AAAAAAAAA38\/_pZagbekSZE\/s1600\/baltzola+3.jpg\" target=\"_blank\" rel=\"noopener\">6<\/a> &#8211;\u00a0<a href=\"https:\/\/2.bp.blogspot.com\/-CZLHydJxTz8\/UopygBszfVI\/AAAAAAAAA38\/_pZagbekSZE\/s1600\/baltzola+3.jpg\" target=\"_blank\" rel=\"noopener\">7<\/a> &#8211;\u00a0<a href=\"https:\/\/4.bp.blogspot.com\/-dVpCE-UJC-E\/UopygvQnpEI\/AAAAAAAAA4E\/WWS2fVaVj5M\/s1600\/baltzola+4.jpg\" target=\"_blank\" rel=\"noopener\">8<\/a><\/li>\n<li><a href=\"https:\/\/mendiaetaeskalada.blogspot.com.es\/search\/label\/Itxina\" target=\"_blank\" rel=\"noopener\"><strong>GORBEA itxina<\/strong><\/a><\/li>\n<li><a href=\"https:\/\/ladogface.blogspot.com.es\/2011\/11\/escalando-en-el-laberinto-de-la.html\" target=\"_blank\" rel=\"noopener\"><strong>LA ARBOLEDA-PE\u00d1AS NEGRAS<\/strong><\/a><\/li>\n<li><strong>OGO\u00d1O:<\/strong> <a href=\"https:\/\/www.picoseuropa.net\/escaladas\/foro-post\/Ogono%20_%20krok.pdf\">1<\/a> &#8211;\u00a0<a href=\"https:\/\/orekagalduz.blogspot.com.es\/2011_11_01_archive.html\" target=\"_blank\" rel=\"noopener\">2<\/a> &#8211;\u00a0<a href=\"https:\/\/www.nevasport.com\/phorum\/read.php?31,2600656\" target=\"_blank\" rel=\"noopener\">3<\/a> &#8211;\u00a0<a href=\"https:\/\/photos1.blogger.com\/hello\/93\/11476\/1024\/ogono.1.jpg\" target=\"_blank\" rel=\"noopener\">4<\/a> &#8211;\u00a0<a href=\"https:\/\/laleyendacontinua-oscar-mikel.blogspot.com.es\/search\/label\/Ogo%C3%B1o\" target=\"_blank\" rel=\"noopener\">5<\/a><\/li>\n<li><strong>ORDU\u00d1A:<\/strong> <a href=\"https:\/\/marrujontaldea.wordpress.com\/2011\/04\/04\/\" target=\"_blank\" rel=\"noopener\">Pico del Fraile<\/a><\/li>\n<li><a href=\"https:\/\/otsogorricroquis.blogspot.com.es\/p\/bizkaia.html\" target=\"_blank\" rel=\"noopener\"><strong>OTOIO<\/strong><\/a><\/li>\n<li><strong>PAGASARRI:<\/strong> <a href=\"https:\/\/www.gailurra.org\/webgailurra\/escaladaenelpagasarri\/\" target=\"_blank\" rel=\"noopener\">1<\/a> &#8211;\u00a0<a href=\"https:\/\/www.gailurra.org\/webgailurra\/escaladaenelpagasarri\/escalones.htm\" target=\"_blank\" rel=\"noopener\">2<\/a><\/li>\n<li><strong>URDULIZ:<\/strong> <a href=\"https:\/\/2.bp.blogspot.com\/-rJ6R62Aexyk\/Uopz8f6yXwI\/AAAAAAAAA5A\/Zhvns7XlDm0\/s1600\/uduliz+1.jpg\" target=\"_blank\" rel=\"noopener\">1<\/a> &#8211;\u00a0<a href=\"https:\/\/3.bp.blogspot.com\/-pPH3N_M7ybE\/Uopz8Wl-CuI\/AAAAAAAAA5E\/loS-iqCsIGM\/s1600\/urdliz+2.jpg\" target=\"_blank\" rel=\"noopener\">2<\/a><\/li>\n<\/ol>\n<p><a href=\"https:\/\/bmf-fvm.org\/wp-content\/uploads\/2014\/10\/Links-a-las-escuelas-de-escalada-de-Bizkaia.pdf\">Links a las escuelas de escalada de Bizkaia<\/a> (2 MB)<\/p>\n<p><a href=\"https:\/\/bmf-fvm.org\/wp-content\/uploads\/2018\/05\/Memoria-Inventario-2018-Zonas-de-Escalada-Bizkaia.pdf\">Memoria Inventario 2018 Zonas de Escalada Bizkaia<\/a> (Autor Josu Linaza y Comit\u00e9 de Reequipamiento)[\/vc_column_text][\/vc_column][vc_column width=&#8221;1\/3&#8243;][vc_single_image image=&#8221;71694&#8243; img_size=&#8221;full&#8221; onclick=&#8221;link_image&#8221;][\/vc_column][\/vc_row]<\/p>\n<\/div>","protected":false},"excerpt":{"rendered":"<p>[vc_row][vc_column width=&#8221;2\/3&#8243;][vc_column_text css=&#8221;&#8221;] ARRATIA INDUSI ATXARTE: 1 &#8211;\u00a02 &#8211;\u00a03 ARRUKOATXA PRIMER ESPOL\u00d3N: 1 &#8211;\u00a02 SEGUNDO ESPOL\u00d3N: 1 &#8211; 2 TERCER&hellip;<\/p>\n","protected":false},"author":19,"featured_media":92259,"parent":71682,"menu_order":73,"comment_status":"closed","ping_status":"closed","template":"","meta":{"_acf_changed":false,"footnotes":""},"class_list":["post-71700","page","type-page","status-publish","has-post-thumbnail","hentry"],"acf":[],"yoast_head":"<!-- This site is optimized with the Yoast SEO plugin v27.3 - https:\/\/yoast.com\/product\/yoast-seo-wordpress\/ -->\n<title>Croquis - Bizkaiko Mendizale Federazioa<\/title>\n<meta name=\"robots\" content=\"index, follow, max-snippet:-1, max-image-preview:large, max-video-preview:-1\" \/>\n<link rel=\"canonical\" href=\"https:\/\/bmf-fvm.org\/eu\/goimendi-eskola\/eskalada\/croquis\/\" \/>\n<meta property=\"og:locale\" content=\"en_US\" \/>\n<meta property=\"og:type\" content=\"article\" \/>\n<meta property=\"og:title\" content=\"Croquis - Bizkaiko Mendizale Federazioa\" \/>\n<meta property=\"og:description\" content=\"[vc_row][vc_column width=&#8221;2\/3&#8243;][vc_column_text css=&#8221;&#8221;] ARRATIA INDUSI ATXARTE: 1 &#8211;\u00a02 &#8211;\u00a03 ARRUKOATXA PRIMER ESPOL\u00d3N: 1 &#8211;\u00a02 SEGUNDO ESPOL\u00d3N: 1 &#8211; 2 TERCER&hellip;\" \/>\n<meta property=\"og:url\" content=\"https:\/\/bmf-fvm.org\/eu\/goimendi-eskola\/eskalada\/croquis\/\" \/>\n<meta property=\"og:site_name\" content=\"Bizkaiko Mendizale Federazioa\" \/>\n<meta property=\"article:publisher\" content=\"https:\/\/facebook.com\/pages\/Bmf-Fvm\/597553177057267\" \/>\n<meta property=\"article:modified_time\" content=\"2025-10-20T12:58:27+00:00\" \/>\n<meta property=\"og:image\" content=\"https:\/\/bmf-fvm.org\/wp-content\/uploads\/2022\/11\/Croquis.jpg\" \/>\n\t<meta property=\"og:image:width\" content=\"1900\" \/>\n\t<meta property=\"og:image:height\" content=\"886\" \/>\n\t<meta property=\"og:image:type\" content=\"image\/jpeg\" \/>\n<meta name=\"twitter:card\" content=\"summary_large_image\" \/>\n<meta name=\"twitter:label1\" content=\"Est. reading time\" \/>\n\t<meta name=\"twitter:data1\" content=\"1 minutua\" \/>\n<script type=\"application\/ld+json\" class=\"yoast-schema-graph\">{\"@context\":\"https:\\\/\\\/schema.org\",\"@graph\":[{\"@type\":\"WebPage\",\"@id\":\"https:\\\/\\\/bmf-fvm.org\\\/eu\\\/goimendi-eskola\\\/eskalada\\\/croquis\\\/\",\"url\":\"https:\\\/\\\/bmf-fvm.org\\\/eu\\\/goimendi-eskola\\\/eskalada\\\/croquis\\\/\",\"name\":\"Croquis - Bizkaiko Mendizale Federazioa\",\"isPartOf\":{\"@id\":\"https:\\\/\\\/bmf-fvm.org\\\/#website\"},\"primaryImageOfPage\":{\"@id\":\"https:\\\/\\\/bmf-fvm.org\\\/eu\\\/goimendi-eskola\\\/eskalada\\\/croquis\\\/#primaryimage\"},\"image\":{\"@id\":\"https:\\\/\\\/bmf-fvm.org\\\/eu\\\/goimendi-eskola\\\/eskalada\\\/croquis\\\/#primaryimage\"},\"thumbnailUrl\":\"https:\\\/\\\/bmf-fvm.org\\\/wp-content\\\/uploads\\\/2022\\\/11\\\/Croquis.jpg\",\"datePublished\":\"2014-10-16T06:59:11+00:00\",\"dateModified\":\"2025-10-20T12:58:27+00:00\",\"breadcrumb\":{\"@id\":\"https:\\\/\\\/bmf-fvm.org\\\/eu\\\/goimendi-eskola\\\/eskalada\\\/croquis\\\/#breadcrumb\"},\"inLanguage\":\"eu\",\"potentialAction\":[{\"@type\":\"ReadAction\",\"target\":[\"https:\\\/\\\/bmf-fvm.org\\\/eu\\\/goimendi-eskola\\\/eskalada\\\/croquis\\\/\"]}]},{\"@type\":\"ImageObject\",\"inLanguage\":\"eu\",\"@id\":\"https:\\\/\\\/bmf-fvm.org\\\/eu\\\/goimendi-eskola\\\/eskalada\\\/croquis\\\/#primaryimage\",\"url\":\"https:\\\/\\\/bmf-fvm.org\\\/wp-content\\\/uploads\\\/2022\\\/11\\\/Croquis.jpg\",\"contentUrl\":\"https:\\\/\\\/bmf-fvm.org\\\/wp-content\\\/uploads\\\/2022\\\/11\\\/Croquis.jpg\",\"width\":1900,\"height\":886},{\"@type\":\"BreadcrumbList\",\"@id\":\"https:\\\/\\\/bmf-fvm.org\\\/eu\\\/goimendi-eskola\\\/eskalada\\\/croquis\\\/#breadcrumb\",\"itemListElement\":[{\"@type\":\"ListItem\",\"position\":1,\"name\":\"Portada\",\"item\":\"https:\\\/\\\/bmf-fvm.org\\\/eu\\\/\"},{\"@type\":\"ListItem\",\"position\":2,\"name\":\"Goimendi eskola\",\"item\":\"https:\\\/\\\/bmf-fvm.org\\\/eu\\\/goimendi-eskola\\\/\"},{\"@type\":\"ListItem\",\"position\":3,\"name\":\"Eskalada\",\"item\":\"https:\\\/\\\/bmf-fvm.org\\\/eu\\\/goimendi-eskola\\\/eskalada\\\/\"},{\"@type\":\"ListItem\",\"position\":4,\"name\":\"Croquis\"}]},{\"@type\":\"WebSite\",\"@id\":\"https:\\\/\\\/bmf-fvm.org\\\/#website\",\"url\":\"https:\\\/\\\/bmf-fvm.org\\\/\",\"name\":\"Bizkaiko Mendizale Federazioa\",\"description\":\"Bizkaiko Mendizale Federazioa\",\"publisher\":{\"@id\":\"https:\\\/\\\/bmf-fvm.org\\\/#organization\"},\"potentialAction\":[{\"@type\":\"SearchAction\",\"target\":{\"@type\":\"EntryPoint\",\"urlTemplate\":\"https:\\\/\\\/bmf-fvm.org\\\/?s={search_term_string}\"},\"query-input\":{\"@type\":\"PropertyValueSpecification\",\"valueRequired\":true,\"valueName\":\"search_term_string\"}}],\"inLanguage\":\"eu\"},{\"@type\":\"Organization\",\"@id\":\"https:\\\/\\\/bmf-fvm.org\\\/#organization\",\"name\":\"Federaci\u00f3n Vizca\u00edna de Monta\u00f1a\",\"url\":\"https:\\\/\\\/bmf-fvm.org\\\/\",\"logo\":{\"@type\":\"ImageObject\",\"inLanguage\":\"eu\",\"@id\":\"https:\\\/\\\/bmf-fvm.org\\\/#\\\/schema\\\/logo\\\/image\\\/\",\"url\":\"https:\\\/\\\/bmf-fvm.org\\\/wp-content\\\/uploads\\\/2022\\\/03\\\/bmf-logo-trans.png\",\"contentUrl\":\"https:\\\/\\\/bmf-fvm.org\\\/wp-content\\\/uploads\\\/2022\\\/03\\\/bmf-logo-trans.png\",\"width\":41,\"height\":61,\"caption\":\"Federaci\u00f3n Vizca\u00edna de Monta\u00f1a\"},\"image\":{\"@id\":\"https:\\\/\\\/bmf-fvm.org\\\/#\\\/schema\\\/logo\\\/image\\\/\"},\"sameAs\":[\"https:\\\/\\\/facebook.com\\\/pages\\\/Bmf-Fvm\\\/597553177057267\"]}]}<\/script>\n<!-- \/ Yoast SEO plugin. -->","yoast_head_json":{"title":"Croquis - Bizkaiko Mendizale Federazioa","robots":{"index":"index","follow":"follow","max-snippet":"max-snippet:-1","max-image-preview":"max-image-preview:large","max-video-preview":"max-video-preview:-1"},"canonical":"https:\/\/bmf-fvm.org\/eu\/goimendi-eskola\/eskalada\/croquis\/","og_locale":"en_US","og_type":"article","og_title":"Croquis - Bizkaiko Mendizale Federazioa","og_description":"[vc_row][vc_column width=&#8221;2\/3&#8243;][vc_column_text css=&#8221;&#8221;] ARRATIA INDUSI ATXARTE: 1 &#8211;\u00a02 &#8211;\u00a03 ARRUKOATXA PRIMER ESPOL\u00d3N: 1 &#8211;\u00a02 SEGUNDO ESPOL\u00d3N: 1 &#8211; 2 TERCER&hellip;","og_url":"https:\/\/bmf-fvm.org\/eu\/goimendi-eskola\/eskalada\/croquis\/","og_site_name":"Bizkaiko Mendizale Federazioa","article_publisher":"https:\/\/facebook.com\/pages\/Bmf-Fvm\/597553177057267","article_modified_time":"2025-10-20T12:58:27+00:00","og_image":[{"width":1900,"height":886,"url":"https:\/\/bmf-fvm.org\/wp-content\/uploads\/2022\/11\/Croquis.jpg","type":"image\/jpeg"}],"twitter_card":"summary_large_image","twitter_misc":{"Est. reading time":"1 minutua"},"schema":{"@context":"https:\/\/schema.org","@graph":[{"@type":"WebPage","@id":"https:\/\/bmf-fvm.org\/eu\/goimendi-eskola\/eskalada\/croquis\/","url":"https:\/\/bmf-fvm.org\/eu\/goimendi-eskola\/eskalada\/croquis\/","name":"Croquis - Bizkaiko Mendizale Federazioa","isPartOf":{"@id":"https:\/\/bmf-fvm.org\/#website"},"primaryImageOfPage":{"@id":"https:\/\/bmf-fvm.org\/eu\/goimendi-eskola\/eskalada\/croquis\/#primaryimage"},"image":{"@id":"https:\/\/bmf-fvm.org\/eu\/goimendi-eskola\/eskalada\/croquis\/#primaryimage"},"thumbnailUrl":"https:\/\/bmf-fvm.org\/wp-content\/uploads\/2022\/11\/Croquis.jpg","datePublished":"2014-10-16T06:59:11+00:00","dateModified":"2025-10-20T12:58:27+00:00","breadcrumb":{"@id":"https:\/\/bmf-fvm.org\/eu\/goimendi-eskola\/eskalada\/croquis\/#breadcrumb"},"inLanguage":"eu","potentialAction":[{"@type":"ReadAction","target":["https:\/\/bmf-fvm.org\/eu\/goimendi-eskola\/eskalada\/croquis\/"]}]},{"@type":"ImageObject","inLanguage":"eu","@id":"https:\/\/bmf-fvm.org\/eu\/goimendi-eskola\/eskalada\/croquis\/#primaryimage","url":"https:\/\/bmf-fvm.org\/wp-content\/uploads\/2022\/11\/Croquis.jpg","contentUrl":"https:\/\/bmf-fvm.org\/wp-content\/uploads\/2022\/11\/Croquis.jpg","width":1900,"height":886},{"@type":"BreadcrumbList","@id":"https:\/\/bmf-fvm.org\/eu\/goimendi-eskola\/eskalada\/croquis\/#breadcrumb","itemListElement":[{"@type":"ListItem","position":1,"name":"Portada","item":"https:\/\/bmf-fvm.org\/eu\/"},{"@type":"ListItem","position":2,"name":"Goimendi eskola","item":"https:\/\/bmf-fvm.org\/eu\/goimendi-eskola\/"},{"@type":"ListItem","position":3,"name":"Eskalada","item":"https:\/\/bmf-fvm.org\/eu\/goimendi-eskola\/eskalada\/"},{"@type":"ListItem","position":4,"name":"Croquis"}]},{"@type":"WebSite","@id":"https:\/\/bmf-fvm.org\/#website","url":"https:\/\/bmf-fvm.org\/","name":"Bizkaiko Mendizale Federazioa","description":"Bizkaiko Mendizale Federazioa","publisher":{"@id":"https:\/\/bmf-fvm.org\/#organization"},"potentialAction":[{"@type":"SearchAction","target":{"@type":"EntryPoint","urlTemplate":"https:\/\/bmf-fvm.org\/?s={search_term_string}"},"query-input":{"@type":"PropertyValueSpecification","valueRequired":true,"valueName":"search_term_string"}}],"inLanguage":"eu"},{"@type":"Organization","@id":"https:\/\/bmf-fvm.org\/#organization","name":"Federaci\u00f3n Vizca\u00edna de Monta\u00f1a","url":"https:\/\/bmf-fvm.org\/","logo":{"@type":"ImageObject","inLanguage":"eu","@id":"https:\/\/bmf-fvm.org\/#\/schema\/logo\/image\/","url":"https:\/\/bmf-fvm.org\/wp-content\/uploads\/2022\/03\/bmf-logo-trans.png","contentUrl":"https:\/\/bmf-fvm.org\/wp-content\/uploads\/2022\/03\/bmf-logo-trans.png","width":41,"height":61,"caption":"Federaci\u00f3n Vizca\u00edna de Monta\u00f1a"},"image":{"@id":"https:\/\/bmf-fvm.org\/#\/schema\/logo\/image\/"},"sameAs":["https:\/\/facebook.com\/pages\/Bmf-Fvm\/597553177057267"]}]}},"_links":{"self":[{"href":"https:\/\/bmf-fvm.org\/eu\/wp-json\/wp\/v2\/pages\/71700","targetHints":{"allow":["GET"]}}],"collection":[{"href":"https:\/\/bmf-fvm.org\/eu\/wp-json\/wp\/v2\/pages"}],"about":[{"href":"https:\/\/bmf-fvm.org\/eu\/wp-json\/wp\/v2\/types\/page"}],"author":[{"embeddable":true,"href":"https:\/\/bmf-fvm.org\/eu\/wp-json\/wp\/v2\/users\/19"}],"replies":[{"embeddable":true,"href":"https:\/\/bmf-fvm.org\/eu\/wp-json\/wp\/v2\/comments?post=71700"}],"version-history":[{"count":0,"href":"https:\/\/bmf-fvm.org\/eu\/wp-json\/wp\/v2\/pages\/71700\/revisions"}],"up":[{"embeddable":true,"href":"https:\/\/bmf-fvm.org\/eu\/wp-json\/wp\/v2\/pages\/71682"}],"wp:featuredmedia":[{"embeddable":true,"href":"https:\/\/bmf-fvm.org\/eu\/wp-json\/wp\/v2\/media\/92259"}],"wp:attachment":[{"href":"https:\/\/bmf-fvm.org\/eu\/wp-json\/wp\/v2\/media?parent=71700"}],"curies":[{"name":"wp","href":"https:\/\/api.w.org\/{rel}","templated":true}]}}