{"id":71692,"date":"2014-10-16T08:57:22","date_gmt":"2014-10-16T06:57:22","guid":{"rendered":"https:\/\/bmf-fvm.org\/eskalada\/comite-de-equipamiento\/"},"modified":"2022-11-30T09:29:36","modified_gmt":"2022-11-30T08:29:36","slug":"ekipamendua","status":"publish","type":"page","link":"https:\/\/bmf-fvm.org\/eu\/goimendi-eskola\/ekipamendua\/","title":{"rendered":"Ekipamendua"},"content":{"rendered":"<div class=\"wpb-content-wrapper\"><p>[vc_row][vc_column][vc_column_text]BMFko ekipamenduen eta birekipamenduen batzordeak hamarkada bat baino gehiago darama Bizkaian eskalada-guneak mantentzen, eta 2010az geroztik 200 bide baino gehiagotan jardun du. Batzorde honen eginkizunen artean dago antzinako ainguraketen ordez beste batzuk jartzea, bide berriak irekitzea, eremuak garbitzea eta eskalatzaileentzat arriskutsuak izan daitezkeen eremuetan jardutea.[\/vc_column_text][\/vc_column][\/vc_row][vc_row][vc_column width=&#8221;1\/2&#8243;][vc_column_text el_class=&#8221;bloque-texto-destacado&#8221;]<\/p>\n<ul>\n<li><a href=\"https:\/\/bmf-fvm.org\/wp-content\/uploads\/2015\/02\/MEMORIA-EQUIPAMIENTO-2011-14.pdf\"><strong>Memoria equipamiento 2011-14<\/strong><\/a><\/li>\n<li><strong><a href=\"https:\/\/bmf-fvm.org\/wp-content\/uploads\/2018\/01\/Memoria-equipamiento-2015.pdf\">Memoria equipamiento 2015<\/a><\/strong><\/li>\n<li><strong><a href=\"https:\/\/bmf-fvm.org\/wp-content\/uploads\/2018\/01\/Memoria-equipamiento-2016.pdf\">Memoria equipamiento 2016<\/a><\/strong><\/li>\n<li><strong><a href=\"https:\/\/bmf-fvm.org\/wp-content\/uploads\/2018\/01\/Memoria-equipamiento-2017.pdf\">Memoria equipamiento 2017<\/a><\/strong><\/li>\n<\/ul>\n<p>[\/vc_column_text][\/vc_column][vc_column width=&#8221;1\/2&#8243;][\/vc_column][\/vc_row]<\/p>\n<\/div>","protected":false},"excerpt":{"rendered":"<p>[vc_row][vc_column][vc_column_text]BMFko ekipamenduen eta birekipamenduen batzordeak hamarkada bat baino gehiago darama Bizkaian eskalada-guneak mantentzen, eta 2010az geroztik 200 bide baino gehiagotan&hellip;<\/p>\n","protected":false},"author":19,"featured_media":92179,"parent":71590,"menu_order":77,"comment_status":"closed","ping_status":"closed","template":"","meta":{"_acf_changed":false,"footnotes":""},"class_list":["post-71692","page","type-page","status-publish","has-post-thumbnail","hentry"],"acf":[],"yoast_head":"<!-- This site is optimized with the Yoast SEO plugin v27.3 - https:\/\/yoast.com\/product\/yoast-seo-wordpress\/ -->\n<title>Ekipamendua - Bizkaiko Mendizale Federazioa<\/title>\n<meta name=\"robots\" content=\"index, follow, max-snippet:-1, max-image-preview:large, max-video-preview:-1\" \/>\n<link rel=\"canonical\" href=\"https:\/\/bmf-fvm.org\/eu\/goimendi-eskola\/ekipamendua\/\" \/>\n<meta property=\"og:locale\" content=\"en_US\" \/>\n<meta property=\"og:type\" content=\"article\" \/>\n<meta property=\"og:title\" content=\"Ekipamendua - Bizkaiko Mendizale Federazioa\" \/>\n<meta property=\"og:description\" content=\"[vc_row][vc_column][vc_column_text]BMFko ekipamenduen eta birekipamenduen batzordeak hamarkada bat baino gehiago darama Bizkaian eskalada-guneak mantentzen, eta 2010az geroztik 200 bide baino gehiagotan&hellip;\" \/>\n<meta property=\"og:url\" content=\"https:\/\/bmf-fvm.org\/eu\/goimendi-eskola\/ekipamendua\/\" \/>\n<meta property=\"og:site_name\" content=\"Bizkaiko Mendizale Federazioa\" \/>\n<meta property=\"article:publisher\" content=\"https:\/\/facebook.com\/pages\/Bmf-Fvm\/597553177057267\" \/>\n<meta property=\"article:modified_time\" content=\"2022-11-30T08:29:36+00:00\" \/>\n<meta property=\"og:image\" content=\"https:\/\/bmf-fvm.org\/wp-content\/uploads\/2022\/11\/Equipamiento.jpg\" \/>\n\t<meta property=\"og:image:width\" content=\"1900\" \/>\n\t<meta property=\"og:image:height\" content=\"877\" \/>\n\t<meta property=\"og:image:type\" content=\"image\/jpeg\" \/>\n<meta name=\"twitter:card\" content=\"summary_large_image\" \/>\n<script type=\"application\/ld+json\" class=\"yoast-schema-graph\">{\"@context\":\"https:\\\/\\\/schema.org\",\"@graph\":[{\"@type\":\"WebPage\",\"@id\":\"https:\\\/\\\/bmf-fvm.org\\\/eu\\\/goimendi-eskola\\\/ekipamendua\\\/\",\"url\":\"https:\\\/\\\/bmf-fvm.org\\\/eu\\\/goimendi-eskola\\\/ekipamendua\\\/\",\"name\":\"Ekipamendua - Bizkaiko Mendizale Federazioa\",\"isPartOf\":{\"@id\":\"https:\\\/\\\/bmf-fvm.org\\\/#website\"},\"primaryImageOfPage\":{\"@id\":\"https:\\\/\\\/bmf-fvm.org\\\/eu\\\/goimendi-eskola\\\/ekipamendua\\\/#primaryimage\"},\"image\":{\"@id\":\"https:\\\/\\\/bmf-fvm.org\\\/eu\\\/goimendi-eskola\\\/ekipamendua\\\/#primaryimage\"},\"thumbnailUrl\":\"https:\\\/\\\/bmf-fvm.org\\\/wp-content\\\/uploads\\\/2022\\\/11\\\/Equipamiento.jpg\",\"datePublished\":\"2014-10-16T06:57:22+00:00\",\"dateModified\":\"2022-11-30T08:29:36+00:00\",\"breadcrumb\":{\"@id\":\"https:\\\/\\\/bmf-fvm.org\\\/eu\\\/goimendi-eskola\\\/ekipamendua\\\/#breadcrumb\"},\"inLanguage\":\"eu\",\"potentialAction\":[{\"@type\":\"ReadAction\",\"target\":[\"https:\\\/\\\/bmf-fvm.org\\\/eu\\\/goimendi-eskola\\\/ekipamendua\\\/\"]}]},{\"@type\":\"ImageObject\",\"inLanguage\":\"eu\",\"@id\":\"https:\\\/\\\/bmf-fvm.org\\\/eu\\\/goimendi-eskola\\\/ekipamendua\\\/#primaryimage\",\"url\":\"https:\\\/\\\/bmf-fvm.org\\\/wp-content\\\/uploads\\\/2022\\\/11\\\/Equipamiento.jpg\",\"contentUrl\":\"https:\\\/\\\/bmf-fvm.org\\\/wp-content\\\/uploads\\\/2022\\\/11\\\/Equipamiento.jpg\",\"width\":1900,\"height\":877},{\"@type\":\"BreadcrumbList\",\"@id\":\"https:\\\/\\\/bmf-fvm.org\\\/eu\\\/goimendi-eskola\\\/ekipamendua\\\/#breadcrumb\",\"itemListElement\":[{\"@type\":\"ListItem\",\"position\":1,\"name\":\"Portada\",\"item\":\"https:\\\/\\\/bmf-fvm.org\\\/eu\\\/\"},{\"@type\":\"ListItem\",\"position\":2,\"name\":\"Goimendi eskola\",\"item\":\"https:\\\/\\\/bmf-fvm.org\\\/eu\\\/goimendi-eskola\\\/\"},{\"@type\":\"ListItem\",\"position\":3,\"name\":\"Ekipamendua\"}]},{\"@type\":\"WebSite\",\"@id\":\"https:\\\/\\\/bmf-fvm.org\\\/#website\",\"url\":\"https:\\\/\\\/bmf-fvm.org\\\/\",\"name\":\"Bizkaiko Mendizale Federazioa\",\"description\":\"Bizkaiko Mendizale Federazioa\",\"publisher\":{\"@id\":\"https:\\\/\\\/bmf-fvm.org\\\/#organization\"},\"potentialAction\":[{\"@type\":\"SearchAction\",\"target\":{\"@type\":\"EntryPoint\",\"urlTemplate\":\"https:\\\/\\\/bmf-fvm.org\\\/?s={search_term_string}\"},\"query-input\":{\"@type\":\"PropertyValueSpecification\",\"valueRequired\":true,\"valueName\":\"search_term_string\"}}],\"inLanguage\":\"eu\"},{\"@type\":\"Organization\",\"@id\":\"https:\\\/\\\/bmf-fvm.org\\\/#organization\",\"name\":\"Federaci\u00f3n Vizca\u00edna de Monta\u00f1a\",\"url\":\"https:\\\/\\\/bmf-fvm.org\\\/\",\"logo\":{\"@type\":\"ImageObject\",\"inLanguage\":\"eu\",\"@id\":\"https:\\\/\\\/bmf-fvm.org\\\/#\\\/schema\\\/logo\\\/image\\\/\",\"url\":\"https:\\\/\\\/bmf-fvm.org\\\/wp-content\\\/uploads\\\/2022\\\/03\\\/bmf-logo-trans.png\",\"contentUrl\":\"https:\\\/\\\/bmf-fvm.org\\\/wp-content\\\/uploads\\\/2022\\\/03\\\/bmf-logo-trans.png\",\"width\":41,\"height\":61,\"caption\":\"Federaci\u00f3n Vizca\u00edna de Monta\u00f1a\"},\"image\":{\"@id\":\"https:\\\/\\\/bmf-fvm.org\\\/#\\\/schema\\\/logo\\\/image\\\/\"},\"sameAs\":[\"https:\\\/\\\/facebook.com\\\/pages\\\/Bmf-Fvm\\\/597553177057267\"]}]}<\/script>\n<!-- \/ Yoast SEO plugin. -->","yoast_head_json":{"title":"Ekipamendua - Bizkaiko Mendizale Federazioa","robots":{"index":"index","follow":"follow","max-snippet":"max-snippet:-1","max-image-preview":"max-image-preview:large","max-video-preview":"max-video-preview:-1"},"canonical":"https:\/\/bmf-fvm.org\/eu\/goimendi-eskola\/ekipamendua\/","og_locale":"en_US","og_type":"article","og_title":"Ekipamendua - Bizkaiko Mendizale Federazioa","og_description":"[vc_row][vc_column][vc_column_text]BMFko ekipamenduen eta birekipamenduen batzordeak hamarkada bat baino gehiago darama Bizkaian eskalada-guneak mantentzen, eta 2010az geroztik 200 bide baino gehiagotan&hellip;","og_url":"https:\/\/bmf-fvm.org\/eu\/goimendi-eskola\/ekipamendua\/","og_site_name":"Bizkaiko Mendizale Federazioa","article_publisher":"https:\/\/facebook.com\/pages\/Bmf-Fvm\/597553177057267","article_modified_time":"2022-11-30T08:29:36+00:00","og_image":[{"width":1900,"height":877,"url":"https:\/\/bmf-fvm.org\/wp-content\/uploads\/2022\/11\/Equipamiento.jpg","type":"image\/jpeg"}],"twitter_card":"summary_large_image","schema":{"@context":"https:\/\/schema.org","@graph":[{"@type":"WebPage","@id":"https:\/\/bmf-fvm.org\/eu\/goimendi-eskola\/ekipamendua\/","url":"https:\/\/bmf-fvm.org\/eu\/goimendi-eskola\/ekipamendua\/","name":"Ekipamendua - Bizkaiko Mendizale Federazioa","isPartOf":{"@id":"https:\/\/bmf-fvm.org\/#website"},"primaryImageOfPage":{"@id":"https:\/\/bmf-fvm.org\/eu\/goimendi-eskola\/ekipamendua\/#primaryimage"},"image":{"@id":"https:\/\/bmf-fvm.org\/eu\/goimendi-eskola\/ekipamendua\/#primaryimage"},"thumbnailUrl":"https:\/\/bmf-fvm.org\/wp-content\/uploads\/2022\/11\/Equipamiento.jpg","datePublished":"2014-10-16T06:57:22+00:00","dateModified":"2022-11-30T08:29:36+00:00","breadcrumb":{"@id":"https:\/\/bmf-fvm.org\/eu\/goimendi-eskola\/ekipamendua\/#breadcrumb"},"inLanguage":"eu","potentialAction":[{"@type":"ReadAction","target":["https:\/\/bmf-fvm.org\/eu\/goimendi-eskola\/ekipamendua\/"]}]},{"@type":"ImageObject","inLanguage":"eu","@id":"https:\/\/bmf-fvm.org\/eu\/goimendi-eskola\/ekipamendua\/#primaryimage","url":"https:\/\/bmf-fvm.org\/wp-content\/uploads\/2022\/11\/Equipamiento.jpg","contentUrl":"https:\/\/bmf-fvm.org\/wp-content\/uploads\/2022\/11\/Equipamiento.jpg","width":1900,"height":877},{"@type":"BreadcrumbList","@id":"https:\/\/bmf-fvm.org\/eu\/goimendi-eskola\/ekipamendua\/#breadcrumb","itemListElement":[{"@type":"ListItem","position":1,"name":"Portada","item":"https:\/\/bmf-fvm.org\/eu\/"},{"@type":"ListItem","position":2,"name":"Goimendi eskola","item":"https:\/\/bmf-fvm.org\/eu\/goimendi-eskola\/"},{"@type":"ListItem","position":3,"name":"Ekipamendua"}]},{"@type":"WebSite","@id":"https:\/\/bmf-fvm.org\/#website","url":"https:\/\/bmf-fvm.org\/","name":"Bizkaiko Mendizale Federazioa","description":"Bizkaiko Mendizale Federazioa","publisher":{"@id":"https:\/\/bmf-fvm.org\/#organization"},"potentialAction":[{"@type":"SearchAction","target":{"@type":"EntryPoint","urlTemplate":"https:\/\/bmf-fvm.org\/?s={search_term_string}"},"query-input":{"@type":"PropertyValueSpecification","valueRequired":true,"valueName":"search_term_string"}}],"inLanguage":"eu"},{"@type":"Organization","@id":"https:\/\/bmf-fvm.org\/#organization","name":"Federaci\u00f3n Vizca\u00edna de Monta\u00f1a","url":"https:\/\/bmf-fvm.org\/","logo":{"@type":"ImageObject","inLanguage":"eu","@id":"https:\/\/bmf-fvm.org\/#\/schema\/logo\/image\/","url":"https:\/\/bmf-fvm.org\/wp-content\/uploads\/2022\/03\/bmf-logo-trans.png","contentUrl":"https:\/\/bmf-fvm.org\/wp-content\/uploads\/2022\/03\/bmf-logo-trans.png","width":41,"height":61,"caption":"Federaci\u00f3n Vizca\u00edna de Monta\u00f1a"},"image":{"@id":"https:\/\/bmf-fvm.org\/#\/schema\/logo\/image\/"},"sameAs":["https:\/\/facebook.com\/pages\/Bmf-Fvm\/597553177057267"]}]}},"_links":{"self":[{"href":"https:\/\/bmf-fvm.org\/eu\/wp-json\/wp\/v2\/pages\/71692","targetHints":{"allow":["GET"]}}],"collection":[{"href":"https:\/\/bmf-fvm.org\/eu\/wp-json\/wp\/v2\/pages"}],"about":[{"href":"https:\/\/bmf-fvm.org\/eu\/wp-json\/wp\/v2\/types\/page"}],"author":[{"embeddable":true,"href":"https:\/\/bmf-fvm.org\/eu\/wp-json\/wp\/v2\/users\/19"}],"replies":[{"embeddable":true,"href":"https:\/\/bmf-fvm.org\/eu\/wp-json\/wp\/v2\/comments?post=71692"}],"version-history":[{"count":0,"href":"https:\/\/bmf-fvm.org\/eu\/wp-json\/wp\/v2\/pages\/71692\/revisions"}],"up":[{"embeddable":true,"href":"https:\/\/bmf-fvm.org\/eu\/wp-json\/wp\/v2\/pages\/71590"}],"wp:featuredmedia":[{"embeddable":true,"href":"https:\/\/bmf-fvm.org\/eu\/wp-json\/wp\/v2\/media\/92179"}],"wp:attachment":[{"href":"https:\/\/bmf-fvm.org\/eu\/wp-json\/wp\/v2\/media?parent=71692"}],"curies":[{"name":"wp","href":"https:\/\/api.w.org\/{rel}","templated":true}]}}