{"id":71682,"date":"2014-10-16T08:55:53","date_gmt":"2014-10-16T06:55:53","guid":{"rendered":"https:\/\/bmf-fvm.org\/eskalada\/"},"modified":"2025-04-28T16:30:42","modified_gmt":"2025-04-28T14:30:42","slug":"eskalada","status":"publish","type":"page","link":"https:\/\/bmf-fvm.org\/eu\/goimendi-eskola\/eskalada\/","title":{"rendered":"Eskalada"},"content":{"rendered":"<div class=\"wpb-content-wrapper\"><p>[vc_row][vc_column][vc_column_text css=&#8221;&#8221;]<\/p>\n<h2>Bideoak<\/h2>\n\t\t\t\t\r\n\t\t\t\t\t\t\t\t\r\n\t\t\t\t<div class=\"row lab-blog-posts posts-layout-top cols-3\">\r\n\t\t\t\t\t\t\t\t\t\t\t\r\n\t\t\t\t\t\t\t\t\t\t\t\t\r\n\t\t\t\t\t\t<div class=\"blog-post-column\">\r\n\t\t\t\t\t\t\t<div class=\"blog-post-entry post-120085 video type-video status-publish hentry seccion-eskalada\">\r\n\t\t\t\t\t\t\t\t<div class=\"blog-post-image\">\r\n\t\t\t\t\t\t\t\t\t[vc_video link=\"https:\/\/vimeo.com\/1128855300\"]\t\t\t\t\t\t\t\t<\/div>\r\n\t\t\t\t\t\t\t\r\n\t\t\t\t\t\t\t\t<div class=\"blog-post-content-container\">\r\n\t\t\t\t\t\t\t\t\t\t\t\t\t\t\t\t\t\t\r\n\t\t\t\t\t\t\t\t\t<h3 class=\"blog-post-title\">\r\n\t\t\t\t\t\t\t\t\t\t<a href=\"https:\/\/bmf-fvm.org\/eu\/video\/bedartzandi-eskalada-eskola\/\" rel=\"bookmark\">Bedartzandi eskalada eskola<\/a>\r\n\t\t\t\t\t\t\t\t\t<\/h3>\r\n\r\n\t\t\t\t\t\t\t\t\t<div class=\"blog-post-excerpt\">\r\n\t\t\t\t\t\t\t\t\t\t<p>Bizkaiko Mendi Federazioak Bizkaiko Foru Aldundiarekin batera Aulestin eskalada eskola berria sortu du. III. gradutik VII. gradu arteko bideak ditugu.&hellip;<\/p>\n\t\t\t\t\t\t\t\t\t<\/div>\r\n\r\n\t\t\t\t\t\t\t\t\t\t\t\t<div class=\"post-meta category\">\r\n\t\t\t\t<i class=\"icon icon-basic-folder-multiple\"><\/i>\r\n\t\t\t\t<a href='https:\/\/bmf-fvm.org\/eu\/vids\/?seccion=eskalada' title='Eskaladako bideoak'>Eskalada<\/a>\t\t\t<\/div>\r\n\t\t\t\t\t\t\t\t\t\t<\/div>\r\n\t\t\t\t\t\t\t<\/div>\r\n\t\t\t\t\t\t\t\r\n\t\t\t\t\t\t<\/div>\r\n\t\t\t\t\t\t\r\n\t\t\t\t\t\t\t\t\t\t\t\t\t\t\t\t\t\r\n\t\t\t\t\t\t\t\t\t\t\t\t\r\n\t\t\t\t\t\t<div class=\"blog-post-column\">\r\n\t\t\t\t\t\t\t<div class=\"blog-post-entry post-117049 video type-video status-publish hentry seccion-goimendi-eskola seccion-eskalada\">\r\n\t\t\t\t\t\t\t\t<div class=\"blog-post-image\">\r\n\t\t\t\t\t\t\t\t\t[vc_video link=\"https:\/\/vimeo.com\/831827745\"]\t\t\t\t\t\t\t\t<\/div>\r\n\t\t\t\t\t\t\t\r\n\t\t\t\t\t\t\t\t<div class=\"blog-post-content-container\">\r\n\t\t\t\t\t\t\t\t\t\t\t\t\t\t\t\t\t\t\r\n\t\t\t\t\t\t\t\t\t<h3 class=\"blog-post-title\">\r\n\t\t\t\t\t\t\t\t\t\t<a href=\"https:\/\/bmf-fvm.org\/eu\/video\/intro\/\" rel=\"bookmark\">Intro<\/a>\r\n\t\t\t\t\t\t\t\t\t<\/h3>\r\n\r\n\t\t\t\t\t\t\t\t\t<div class=\"blog-post-excerpt\">\r\n\t\t\t\t\t\t\t\t\t\t\t\t\t\t\t\t\t\t\t<\/div>\r\n\r\n\t\t\t\t\t\t\t\t\t\t\t\t<div class=\"post-meta category\">\r\n\t\t\t\t<i class=\"icon icon-basic-folder-multiple\"><\/i>\r\n\t\t\t\t<a href='https:\/\/bmf-fvm.org\/eu\/vids\/?seccion=goimendi-eskola' title='Goimendi eskolako bideoak'>Goimendi eskola<\/a>, <a href='https:\/\/bmf-fvm.org\/eu\/vids\/?seccion=eskalada' title='Eskaladako bideoak'>Eskalada<\/a>\t\t\t<\/div>\r\n\t\t\t\t\t\t\t\t\t\t<\/div>\r\n\t\t\t\t\t\t\t<\/div>\r\n\t\t\t\t\t\t\t\r\n\t\t\t\t\t\t<\/div>\r\n\t\t\t\t\t\t\r\n\t\t\t\t\t\t\t\t\t\t\t\t\t\t\t\t\t\r\n\t\t\t\t\t\t\t\t\t\t\t\t\r\n\t\t\t\t\t\t<div class=\"blog-post-column\">\r\n\t\t\t\t\t\t\t<div class=\"blog-post-entry post-117050 video type-video status-publish hentry seccion-goimendi-eskola seccion-eskalada\">\r\n\t\t\t\t\t\t\t\t<div class=\"blog-post-image\">\r\n\t\t\t\t\t\t\t\t\t[vc_video link=\"https:\/\/vimeo.com\/831844715\"]\t\t\t\t\t\t\t\t<\/div>\r\n\t\t\t\t\t\t\t\r\n\t\t\t\t\t\t\t\t<div class=\"blog-post-content-container\">\r\n\t\t\t\t\t\t\t\t\t\t\t\t\t\t\t\t\t\t\r\n\t\t\t\t\t\t\t\t\t<h3 class=\"blog-post-title\">\r\n\t\t\t\t\t\t\t\t\t\t<a href=\"https:\/\/bmf-fvm.org\/eu\/video\/arnesa-eta-kaskoa\/\" rel=\"bookmark\">Arnesa eta kaskoa<\/a>\r\n\t\t\t\t\t\t\t\t\t<\/h3>\r\n\r\n\t\t\t\t\t\t\t\t\t<div class=\"blog-post-excerpt\">\r\n\t\t\t\t\t\t\t\t\t\t\t\t\t\t\t\t\t\t\t<\/div>\r\n\r\n\t\t\t\t\t\t\t\t\t\t\t\t<div class=\"post-meta category\">\r\n\t\t\t\t<i class=\"icon icon-basic-folder-multiple\"><\/i>\r\n\t\t\t\t<a href='https:\/\/bmf-fvm.org\/eu\/vids\/?seccion=goimendi-eskola' title='Goimendi eskolako bideoak'>Goimendi eskola<\/a>, <a href='https:\/\/bmf-fvm.org\/eu\/vids\/?seccion=eskalada' title='Eskaladako bideoak'>Eskalada<\/a>\t\t\t<\/div>\r\n\t\t\t\t\t\t\t\t\t\t<\/div>\r\n\t\t\t\t\t\t\t<\/div>\r\n\t\t\t\t\t\t\t\r\n\t\t\t\t\t\t<\/div>\r\n\t\t\t\t\t\t\r\n\t\t\t\t\t\t\t\t\t\t\t\t\t\t\t\t\t\r\n\t\t\t\t\t\t\t\t\t\t\t\t\r\n\t\t\t\t\t\t<div class=\"blog-post-column\">\r\n\t\t\t\t\t\t\t<div class=\"blog-post-entry post-117051 video type-video status-publish hentry seccion-goimendi-eskola seccion-eskalada\">\r\n\t\t\t\t\t\t\t\t<div class=\"blog-post-image\">\r\n\t\t\t\t\t\t\t\t\t[vc_video link=\"https:\/\/vimeo.com\/831853686\"]\t\t\t\t\t\t\t\t<\/div>\r\n\t\t\t\t\t\t\t\r\n\t\t\t\t\t\t\t\t<div class=\"blog-post-content-container\">\r\n\t\t\t\t\t\t\t\t\t\t\t\t\t\t\t\t\t\t\r\n\t\t\t\t\t\t\t\t\t<h3 class=\"blog-post-title\">\r\n\t\t\t\t\t\t\t\t\t\t<a href=\"https:\/\/bmf-fvm.org\/eu\/video\/zortziko-soka-eta-korapiloa\/\" rel=\"bookmark\">Zortziko soka eta korapiloa<\/a>\r\n\t\t\t\t\t\t\t\t\t<\/h3>\r\n\r\n\t\t\t\t\t\t\t\t\t<div class=\"blog-post-excerpt\">\r\n\t\t\t\t\t\t\t\t\t\t\t\t\t\t\t\t\t\t\t<\/div>\r\n\r\n\t\t\t\t\t\t\t\t\t\t\t\t<div class=\"post-meta category\">\r\n\t\t\t\t<i class=\"icon icon-basic-folder-multiple\"><\/i>\r\n\t\t\t\t<a href='https:\/\/bmf-fvm.org\/eu\/vids\/?seccion=goimendi-eskola' title='Goimendi eskolako bideoak'>Goimendi eskola<\/a>, <a href='https:\/\/bmf-fvm.org\/eu\/vids\/?seccion=eskalada' title='Eskaladako bideoak'>Eskalada<\/a>\t\t\t<\/div>\r\n\t\t\t\t\t\t\t\t\t\t<\/div>\r\n\t\t\t\t\t\t\t<\/div>\r\n\t\t\t\t\t\t\t\r\n\t\t\t\t\t\t<\/div>\r\n\t\t\t\t\t\t\r\n\t\t\t\t\t\t\t\t\t\t\t\t\t\t\t\t\t\r\n\t\t\t\t\t\t\t\t\t\t\t\t\r\n\t\t\t\t\t\t<div class=\"blog-post-column\">\r\n\t\t\t\t\t\t\t<div class=\"blog-post-entry post-117053 video type-video status-publish hentry seccion-goimendi-eskola seccion-eskalada\">\r\n\t\t\t\t\t\t\t\t<div class=\"blog-post-image\">\r\n\t\t\t\t\t\t\t\t\t[vc_video link=\"https:\/\/vimeo.com\/832196123\"]\t\t\t\t\t\t\t\t<\/div>\r\n\t\t\t\t\t\t\t\r\n\t\t\t\t\t\t\t\t<div class=\"blog-post-content-container\">\r\n\t\t\t\t\t\t\t\t\t\t\t\t\t\t\t\t\t\t\r\n\t\t\t\t\t\t\t\t\t<h3 class=\"blog-post-title\">\r\n\t\t\t\t\t\t\t\t\t\t<a href=\"https:\/\/bmf-fvm.org\/eu\/video\/segurtatze\/\" rel=\"bookmark\">Segurtatze<\/a>\r\n\t\t\t\t\t\t\t\t\t<\/h3>\r\n\r\n\t\t\t\t\t\t\t\t\t<div class=\"blog-post-excerpt\">\r\n\t\t\t\t\t\t\t\t\t\t\t\t\t\t\t\t\t\t\t<\/div>\r\n\r\n\t\t\t\t\t\t\t\t\t\t\t\t<div class=\"post-meta category\">\r\n\t\t\t\t<i class=\"icon icon-basic-folder-multiple\"><\/i>\r\n\t\t\t\t<a href='https:\/\/bmf-fvm.org\/eu\/vids\/?seccion=goimendi-eskola' title='Goimendi eskolako bideoak'>Goimendi eskola<\/a>, <a href='https:\/\/bmf-fvm.org\/eu\/vids\/?seccion=eskalada' title='Eskaladako bideoak'>Eskalada<\/a>\t\t\t<\/div>\r\n\t\t\t\t\t\t\t\t\t\t<\/div>\r\n\t\t\t\t\t\t\t<\/div>\r\n\t\t\t\t\t\t\t\r\n\t\t\t\t\t\t<\/div>\r\n\t\t\t\t\t\t\r\n\t\t\t\t\t\t\t\t\t\t\t\t\t\t\t\t\t\r\n\t\t\t\t\t\t\t\t\t\t\t\t\r\n\t\t\t\t\t\t<div class=\"blog-post-column\">\r\n\t\t\t\t\t\t\t<div class=\"blog-post-entry post-117054 video type-video status-publish hentry seccion-eskalada seccion-goimendi-eskola\">\r\n\t\t\t\t\t\t\t\t<div class=\"blog-post-image\">\r\n\t\t\t\t\t\t\t\t\t[vc_video link=\"https:\/\/vimeo.com\/832198370\"]\t\t\t\t\t\t\t\t<\/div>\r\n\t\t\t\t\t\t\t\r\n\t\t\t\t\t\t\t\t<div class=\"blog-post-content-container\">\r\n\t\t\t\t\t\t\t\t\t\t\t\t\t\t\t\t\t\t\r\n\t\t\t\t\t\t\t\t\t<h3 class=\"blog-post-title\">\r\n\t\t\t\t\t\t\t\t\t\t<a href=\"https:\/\/bmf-fvm.org\/eu\/video\/aseguruak-eta-express-zintak\/\" rel=\"bookmark\">Aseguruak eta express zintak<\/a>\r\n\t\t\t\t\t\t\t\t\t<\/h3>\r\n\r\n\t\t\t\t\t\t\t\t\t<div class=\"blog-post-excerpt\">\r\n\t\t\t\t\t\t\t\t\t\t\t\t\t\t\t\t\t\t\t<\/div>\r\n\r\n\t\t\t\t\t\t\t\t\t\t\t\t<div class=\"post-meta category\">\r\n\t\t\t\t<i class=\"icon icon-basic-folder-multiple\"><\/i>\r\n\t\t\t\t<a href='https:\/\/bmf-fvm.org\/eu\/vids\/?seccion=eskalada' title='Eskaladako bideoak'>Eskalada<\/a>, <a href='https:\/\/bmf-fvm.org\/eu\/vids\/?seccion=goimendi-eskola' title='Goimendi eskolako bideoak'>Goimendi eskola<\/a>\t\t\t<\/div>\r\n\t\t\t\t\t\t\t\t\t\t<\/div>\r\n\t\t\t\t\t\t\t<\/div>\r\n\t\t\t\t\t\t\t\r\n\t\t\t\t\t\t<\/div>\r\n\t\t\t\t\t\t\r\n\t\t\t\t\t\t\t\t\t\t\t\t\t\t\t<\/div>\r\n\t\t\t\t\n<p>[\/vc_column_text][\/vc_column][\/vc_row]<\/p>\n[vc_row][vc_column][vc_text_separator el_class=\"separador-elementos-hijos\" color=\"\" title=\"Erlazionatuak\" title_align=\"separator_align_left\"][\/vc_column][\/vc_row][vc_row  equal_height='yes' el_class='' css='']\r\n\t\t\t\r\n\t\t[vc_column width='1\/3' el_class='cuadro-hijas']\r\n\t\t\t<div class=\"ult-content-box-container  cuadro-foto\" >\t\t<div class=\"ult-content-box\" style=\"background-color:#fafafa;-webkit-transition: all 700ms ease;-moz-transition: all 700ms ease;-ms-transition: all 700ms ease;-o-transition: all 700ms ease;transition: all 700ms ease;\"     data-bg=\"#fafafa\" >\r\n\t\t\t\t\r\n\t\t[vc_single_image\r\n\t\t\tsource='media_library'\r\n\t\t\tcustom_src=''\r\n\t\t\timage='92259'\r\n\t\t\timg_size='cuadro-imagen'\r\n\t\t\talignment='center'\r\n\t\t\tonclick=''\r\n\t\t\tlink='https:\/\/bmf-fvm.org\/eu\/goimendi-eskola\/eskalada\/croquis\/'\r\n\t\t\tel_class=''\r\n\t\t\tstyle=''\r\n\t\t\tadd_caption=''\r\n\t\t]\r\n\t\r\n\t\t\t\t\r\n\t\t\t\t[vc_column_text el_class='titulo-cuadro']\r\n\t\t\t\t\t<h4><a href=\"https:\/\/bmf-fvm.org\/eu\/goimendi-eskola\/eskalada\/croquis\/\">Croquis<\/a><\/h4>\r\n\t\t\t\t\t\r\n\t\t\t\t[\/vc_column_text]\r\n\t\t\t\t\t<\/div><\/div>\r\n\t\t[\/vc_column]\r\n\t\r\n\t\t[vc_column width='1\/3' el_class='cuadro-hijas']\r\n\t\t\t<div class=\"ult-content-box-container  cuadro-foto\" >\t\t<div class=\"ult-content-box\" style=\"background-color:#fafafa;-webkit-transition: all 700ms ease;-moz-transition: all 700ms ease;-ms-transition: all 700ms ease;-o-transition: all 700ms ease;transition: all 700ms ease;\"     data-bg=\"#fafafa\" >\r\n\t\t\t\t\r\n\t\t[vc_single_image\r\n\t\t\tsource='media_library'\r\n\t\t\tcustom_src=''\r\n\t\t\timage='92253'\r\n\t\t\timg_size='cuadro-imagen'\r\n\t\t\talignment='center'\r\n\t\t\tonclick=''\r\n\t\t\tlink='https:\/\/bmf-fvm.org\/eu\/goimendi-eskola\/eskalada\/erregulazioa\/'\r\n\t\t\tel_class=''\r\n\t\t\tstyle=''\r\n\t\t\tadd_caption=''\r\n\t\t]\r\n\t\r\n\t\t\t\t\r\n\t\t\t\t[vc_column_text el_class='titulo-cuadro']\r\n\t\t\t\t\t<h4><a href=\"https:\/\/bmf-fvm.org\/eu\/goimendi-eskola\/eskalada\/erregulazioa\/\">Erregulazioa<\/a><\/h4>\r\n\t\t\t\t\t\r\n\t\t\t\t[\/vc_column_text]\r\n\t\t\t\t\t<\/div><\/div>\r\n\t\t[\/vc_column]\r\n\t\r\n\t\t[\/vc_row]<\/div>","protected":false},"excerpt":{"rendered":"<p>[vc_row][vc_column][vc_column_text css=&#8221;&#8221;] Bideoak [\/vc_column_text][\/vc_column][\/vc_row]<\/p>\n","protected":false},"author":19,"featured_media":92499,"parent":71590,"menu_order":80,"comment_status":"closed","ping_status":"closed","template":"","meta":{"_acf_changed":false,"footnotes":""},"class_list":["post-71682","page","type-page","status-publish","has-post-thumbnail","hentry"],"acf":[],"yoast_head":"<!-- This site is optimized with the Yoast SEO plugin v27.3 - https:\/\/yoast.com\/product\/yoast-seo-wordpress\/ -->\n<title>Eskalada - Bizkaiko Mendizale Federazioa<\/title>\n<meta name=\"robots\" content=\"index, follow, max-snippet:-1, max-image-preview:large, max-video-preview:-1\" \/>\n<link rel=\"canonical\" href=\"https:\/\/bmf-fvm.org\/eu\/goimendi-eskola\/eskalada\/\" \/>\n<meta property=\"og:locale\" content=\"en_US\" \/>\n<meta property=\"og:type\" content=\"article\" \/>\n<meta property=\"og:title\" content=\"Eskalada - Bizkaiko Mendizale Federazioa\" \/>\n<meta property=\"og:description\" content=\"[vc_row][vc_column][vc_column_text css=&#8221;&#8221;] Bideoak [\/vc_column_text][\/vc_column][\/vc_row]\" \/>\n<meta property=\"og:url\" content=\"https:\/\/bmf-fvm.org\/eu\/goimendi-eskola\/eskalada\/\" \/>\n<meta property=\"og:site_name\" content=\"Bizkaiko Mendizale Federazioa\" \/>\n<meta property=\"article:publisher\" content=\"https:\/\/facebook.com\/pages\/Bmf-Fvm\/597553177057267\" \/>\n<meta property=\"article:modified_time\" content=\"2025-04-28T14:30:42+00:00\" \/>\n<meta property=\"og:image\" content=\"https:\/\/bmf-fvm.org\/wp-content\/uploads\/2022\/11\/Croquis-1-scaled.jpg\" \/>\n\t<meta property=\"og:image:width\" content=\"2560\" \/>\n\t<meta property=\"og:image:height\" content=\"1440\" \/>\n\t<meta property=\"og:image:type\" content=\"image\/jpeg\" \/>\n<meta name=\"twitter:card\" content=\"summary_large_image\" \/>\n<script type=\"application\/ld+json\" class=\"yoast-schema-graph\">{\"@context\":\"https:\\\/\\\/schema.org\",\"@graph\":[{\"@type\":\"WebPage\",\"@id\":\"https:\\\/\\\/bmf-fvm.org\\\/eu\\\/goimendi-eskola\\\/eskalada\\\/\",\"url\":\"https:\\\/\\\/bmf-fvm.org\\\/eu\\\/goimendi-eskola\\\/eskalada\\\/\",\"name\":\"Eskalada - Bizkaiko Mendizale Federazioa\",\"isPartOf\":{\"@id\":\"https:\\\/\\\/bmf-fvm.org\\\/#website\"},\"primaryImageOfPage\":{\"@id\":\"https:\\\/\\\/bmf-fvm.org\\\/eu\\\/goimendi-eskola\\\/eskalada\\\/#primaryimage\"},\"image\":{\"@id\":\"https:\\\/\\\/bmf-fvm.org\\\/eu\\\/goimendi-eskola\\\/eskalada\\\/#primaryimage\"},\"thumbnailUrl\":\"https:\\\/\\\/bmf-fvm.org\\\/wp-content\\\/uploads\\\/2022\\\/11\\\/Croquis-1-scaled.jpg\",\"datePublished\":\"2014-10-16T06:55:53+00:00\",\"dateModified\":\"2025-04-28T14:30:42+00:00\",\"breadcrumb\":{\"@id\":\"https:\\\/\\\/bmf-fvm.org\\\/eu\\\/goimendi-eskola\\\/eskalada\\\/#breadcrumb\"},\"inLanguage\":\"eu\",\"potentialAction\":[{\"@type\":\"ReadAction\",\"target\":[\"https:\\\/\\\/bmf-fvm.org\\\/eu\\\/goimendi-eskola\\\/eskalada\\\/\"]}]},{\"@type\":\"ImageObject\",\"inLanguage\":\"eu\",\"@id\":\"https:\\\/\\\/bmf-fvm.org\\\/eu\\\/goimendi-eskola\\\/eskalada\\\/#primaryimage\",\"url\":\"https:\\\/\\\/bmf-fvm.org\\\/wp-content\\\/uploads\\\/2022\\\/11\\\/Croquis-1-scaled.jpg\",\"contentUrl\":\"https:\\\/\\\/bmf-fvm.org\\\/wp-content\\\/uploads\\\/2022\\\/11\\\/Croquis-1-scaled.jpg\",\"width\":2560,\"height\":1440},{\"@type\":\"BreadcrumbList\",\"@id\":\"https:\\\/\\\/bmf-fvm.org\\\/eu\\\/goimendi-eskola\\\/eskalada\\\/#breadcrumb\",\"itemListElement\":[{\"@type\":\"ListItem\",\"position\":1,\"name\":\"Portada\",\"item\":\"https:\\\/\\\/bmf-fvm.org\\\/eu\\\/\"},{\"@type\":\"ListItem\",\"position\":2,\"name\":\"Goimendi eskola\",\"item\":\"https:\\\/\\\/bmf-fvm.org\\\/eu\\\/goimendi-eskola\\\/\"},{\"@type\":\"ListItem\",\"position\":3,\"name\":\"Eskalada\"}]},{\"@type\":\"WebSite\",\"@id\":\"https:\\\/\\\/bmf-fvm.org\\\/#website\",\"url\":\"https:\\\/\\\/bmf-fvm.org\\\/\",\"name\":\"Bizkaiko Mendizale Federazioa\",\"description\":\"Bizkaiko Mendizale Federazioa\",\"publisher\":{\"@id\":\"https:\\\/\\\/bmf-fvm.org\\\/#organization\"},\"potentialAction\":[{\"@type\":\"SearchAction\",\"target\":{\"@type\":\"EntryPoint\",\"urlTemplate\":\"https:\\\/\\\/bmf-fvm.org\\\/?s={search_term_string}\"},\"query-input\":{\"@type\":\"PropertyValueSpecification\",\"valueRequired\":true,\"valueName\":\"search_term_string\"}}],\"inLanguage\":\"eu\"},{\"@type\":\"Organization\",\"@id\":\"https:\\\/\\\/bmf-fvm.org\\\/#organization\",\"name\":\"Federaci\u00f3n Vizca\u00edna de Monta\u00f1a\",\"url\":\"https:\\\/\\\/bmf-fvm.org\\\/\",\"logo\":{\"@type\":\"ImageObject\",\"inLanguage\":\"eu\",\"@id\":\"https:\\\/\\\/bmf-fvm.org\\\/#\\\/schema\\\/logo\\\/image\\\/\",\"url\":\"https:\\\/\\\/bmf-fvm.org\\\/wp-content\\\/uploads\\\/2022\\\/03\\\/bmf-logo-trans.png\",\"contentUrl\":\"https:\\\/\\\/bmf-fvm.org\\\/wp-content\\\/uploads\\\/2022\\\/03\\\/bmf-logo-trans.png\",\"width\":41,\"height\":61,\"caption\":\"Federaci\u00f3n Vizca\u00edna de Monta\u00f1a\"},\"image\":{\"@id\":\"https:\\\/\\\/bmf-fvm.org\\\/#\\\/schema\\\/logo\\\/image\\\/\"},\"sameAs\":[\"https:\\\/\\\/facebook.com\\\/pages\\\/Bmf-Fvm\\\/597553177057267\"]}]}<\/script>\n<!-- \/ Yoast SEO plugin. -->","yoast_head_json":{"title":"Eskalada - Bizkaiko Mendizale Federazioa","robots":{"index":"index","follow":"follow","max-snippet":"max-snippet:-1","max-image-preview":"max-image-preview:large","max-video-preview":"max-video-preview:-1"},"canonical":"https:\/\/bmf-fvm.org\/eu\/goimendi-eskola\/eskalada\/","og_locale":"en_US","og_type":"article","og_title":"Eskalada - Bizkaiko Mendizale Federazioa","og_description":"[vc_row][vc_column][vc_column_text css=&#8221;&#8221;] Bideoak [\/vc_column_text][\/vc_column][\/vc_row]","og_url":"https:\/\/bmf-fvm.org\/eu\/goimendi-eskola\/eskalada\/","og_site_name":"Bizkaiko Mendizale Federazioa","article_publisher":"https:\/\/facebook.com\/pages\/Bmf-Fvm\/597553177057267","article_modified_time":"2025-04-28T14:30:42+00:00","og_image":[{"width":2560,"height":1440,"url":"https:\/\/bmf-fvm.org\/wp-content\/uploads\/2022\/11\/Croquis-1-scaled.jpg","type":"image\/jpeg"}],"twitter_card":"summary_large_image","schema":{"@context":"https:\/\/schema.org","@graph":[{"@type":"WebPage","@id":"https:\/\/bmf-fvm.org\/eu\/goimendi-eskola\/eskalada\/","url":"https:\/\/bmf-fvm.org\/eu\/goimendi-eskola\/eskalada\/","name":"Eskalada - Bizkaiko Mendizale Federazioa","isPartOf":{"@id":"https:\/\/bmf-fvm.org\/#website"},"primaryImageOfPage":{"@id":"https:\/\/bmf-fvm.org\/eu\/goimendi-eskola\/eskalada\/#primaryimage"},"image":{"@id":"https:\/\/bmf-fvm.org\/eu\/goimendi-eskola\/eskalada\/#primaryimage"},"thumbnailUrl":"https:\/\/bmf-fvm.org\/wp-content\/uploads\/2022\/11\/Croquis-1-scaled.jpg","datePublished":"2014-10-16T06:55:53+00:00","dateModified":"2025-04-28T14:30:42+00:00","breadcrumb":{"@id":"https:\/\/bmf-fvm.org\/eu\/goimendi-eskola\/eskalada\/#breadcrumb"},"inLanguage":"eu","potentialAction":[{"@type":"ReadAction","target":["https:\/\/bmf-fvm.org\/eu\/goimendi-eskola\/eskalada\/"]}]},{"@type":"ImageObject","inLanguage":"eu","@id":"https:\/\/bmf-fvm.org\/eu\/goimendi-eskola\/eskalada\/#primaryimage","url":"https:\/\/bmf-fvm.org\/wp-content\/uploads\/2022\/11\/Croquis-1-scaled.jpg","contentUrl":"https:\/\/bmf-fvm.org\/wp-content\/uploads\/2022\/11\/Croquis-1-scaled.jpg","width":2560,"height":1440},{"@type":"BreadcrumbList","@id":"https:\/\/bmf-fvm.org\/eu\/goimendi-eskola\/eskalada\/#breadcrumb","itemListElement":[{"@type":"ListItem","position":1,"name":"Portada","item":"https:\/\/bmf-fvm.org\/eu\/"},{"@type":"ListItem","position":2,"name":"Goimendi eskola","item":"https:\/\/bmf-fvm.org\/eu\/goimendi-eskola\/"},{"@type":"ListItem","position":3,"name":"Eskalada"}]},{"@type":"WebSite","@id":"https:\/\/bmf-fvm.org\/#website","url":"https:\/\/bmf-fvm.org\/","name":"Bizkaiko Mendizale Federazioa","description":"Bizkaiko Mendizale Federazioa","publisher":{"@id":"https:\/\/bmf-fvm.org\/#organization"},"potentialAction":[{"@type":"SearchAction","target":{"@type":"EntryPoint","urlTemplate":"https:\/\/bmf-fvm.org\/?s={search_term_string}"},"query-input":{"@type":"PropertyValueSpecification","valueRequired":true,"valueName":"search_term_string"}}],"inLanguage":"eu"},{"@type":"Organization","@id":"https:\/\/bmf-fvm.org\/#organization","name":"Federaci\u00f3n Vizca\u00edna de Monta\u00f1a","url":"https:\/\/bmf-fvm.org\/","logo":{"@type":"ImageObject","inLanguage":"eu","@id":"https:\/\/bmf-fvm.org\/#\/schema\/logo\/image\/","url":"https:\/\/bmf-fvm.org\/wp-content\/uploads\/2022\/03\/bmf-logo-trans.png","contentUrl":"https:\/\/bmf-fvm.org\/wp-content\/uploads\/2022\/03\/bmf-logo-trans.png","width":41,"height":61,"caption":"Federaci\u00f3n Vizca\u00edna de Monta\u00f1a"},"image":{"@id":"https:\/\/bmf-fvm.org\/#\/schema\/logo\/image\/"},"sameAs":["https:\/\/facebook.com\/pages\/Bmf-Fvm\/597553177057267"]}]}},"_links":{"self":[{"href":"https:\/\/bmf-fvm.org\/eu\/wp-json\/wp\/v2\/pages\/71682","targetHints":{"allow":["GET"]}}],"collection":[{"href":"https:\/\/bmf-fvm.org\/eu\/wp-json\/wp\/v2\/pages"}],"about":[{"href":"https:\/\/bmf-fvm.org\/eu\/wp-json\/wp\/v2\/types\/page"}],"author":[{"embeddable":true,"href":"https:\/\/bmf-fvm.org\/eu\/wp-json\/wp\/v2\/users\/19"}],"replies":[{"embeddable":true,"href":"https:\/\/bmf-fvm.org\/eu\/wp-json\/wp\/v2\/comments?post=71682"}],"version-history":[{"count":0,"href":"https:\/\/bmf-fvm.org\/eu\/wp-json\/wp\/v2\/pages\/71682\/revisions"}],"up":[{"embeddable":true,"href":"https:\/\/bmf-fvm.org\/eu\/wp-json\/wp\/v2\/pages\/71590"}],"wp:featuredmedia":[{"embeddable":true,"href":"https:\/\/bmf-fvm.org\/eu\/wp-json\/wp\/v2\/media\/92499"}],"wp:attachment":[{"href":"https:\/\/bmf-fvm.org\/eu\/wp-json\/wp\/v2\/media?parent=71682"}],"curies":[{"name":"wp","href":"https:\/\/api.w.org\/{rel}","templated":true}]}}