{"id":71600,"date":"2021-11-04T17:45:07","date_gmt":"2021-11-04T16:45:07","guid":{"rendered":"https:\/\/bmf-fvm.org\/?page_id=71600"},"modified":"2025-04-28T17:44:43","modified_gmt":"2025-04-28T15:44:43","slug":"ibilbideak","status":"publish","type":"page","link":"https:\/\/bmf-fvm.org\/eu\/ibilbideak\/","title":{"rendered":"Ibilbideak"},"content":{"rendered":"<div class=\"wpb-content-wrapper\"><p>[vc_row][vc_column][vc_column_text]Bizkaiko Mendizale Federazioak (BMF-FVM), Zendazaletasun Batzordearen bidez, jarduera hauek gauzatzen ditu: mendiko ibilbide laburrak (PR) eta ibilbide luzeak (GR) ikuskatzea eta homologatzea, horien kokaguneei buruzko txostenak idaztea, Bizkaiko Bidezidorren Erregistroa eguneratzea, mendi-ibiliak kirol, kultura eta ingurumen alorretako jarduera gisa helaraztea eta bidezidorren kudeaketa profesionalizatzeko prestakuntza-ekintzak burutzea.[\/vc_column_text][\/vc_column][\/vc_row][vc_row][vc_column width=&#8221;1\/3&#8243;]\n<div tabindex=\"0\" id=\"interactive-banner-1-wrap-7718\" class=\"ult-banner-block ult-adjust-bottom-margin ult-bb-box ult-banner-block-custom-height banner-style03 \"   style=\"height:250px;\">\n\t<img decoding=\"async\" src=\"https:\/\/bmf-fvm.org\/wp-content\/uploads\/2017\/10\/senderismo.jpg\" alt=\"null\">\n\t<h3  data-ultimate-target='#interactive-banner-1-wrap-7718 .bb-top-title '  data-responsive-json-new='{\"font-size\":\"\",\"line-height\":\"\"}'  class=\"title-center bb-top-title ult-responsive\" style=\"font-weight:normal;background:#242424;color:#ffffff;\">PR\u00ae IBILBIDEAK<\/h3>\n\t<div class=\"mask opaque-background\" style=\"background:rgba(36,36,36,0.5);\">\n\t\t<div  data-ultimate-target='#interactive-banner-1-wrap-7718 .bb-description'  data-responsive-json-new='{\"font-size\":\"\",\"line-height\":\"\"}'  class=\"bb-description ult-responsive\" style=\"font-weight:normal;color:#ffffff;\">Bizkaiko PR ibilbideekin lotutako informazio guztia: luzera, estatua, sustatzaileak, etab...<\/div>\n\t<\/div><a class=\"bb-link\" href=\"https:\/\/bmf-fvm.org\/eu\/ibilbideak\/pr-ibilbideak\/\" title=\"PR ibilbideak\" ><\/a>\n<\/div>[\/vc_column][vc_column width=&#8221;1\/3&#8243;]\n<div tabindex=\"0\" id=\"interactive-banner-1-wrap-8121\" class=\"ult-banner-block ult-adjust-bottom-margin ult-bb-box ult-banner-block-custom-height banner-style04 \"   style=\"height:250px;\">\n\t<img decoding=\"async\" src=\"https:\/\/bmf-fvm.org\/wp-content\/uploads\/2022\/04\/sendero-largo.jpg\" alt=\"null\">\n\t<h3  data-ultimate-target='#interactive-banner-1-wrap-8121 .bb-top-title '  data-responsive-json-new='{\"font-size\":\"\",\"line-height\":\"\"}'  class=\"title-center bb-top-title ult-responsive\" style=\"font-weight:normal;background:#242424;color:#ffffff;\">GR\u00ae IBILBIDEAK<\/h3>\n\t<div class=\"mask opaque-background\" style=\"background:rgba(36,36,36,0.5);\">\n\t\t<div  data-ultimate-target='#interactive-banner-1-wrap-8121 .bb-description'  data-responsive-json-new='{\"font-size\":\"\",\"line-height\":\"\"}'  class=\"bb-description ult-responsive\" style=\"font-weight:normal;color:#ffffff;\">Bizkaiko GR ibilbideekin lotutako informazio guztia: luzera, estatua, sustatzaileak, etab...<\/div>\n\t<\/div><a class=\"bb-link\" href=\"https:\/\/bmf-fvm.org\/eu\/ibilbideak\/gr-ibilbideak\/\" title=\"GR ibilbideak\" ><\/a>\n<\/div>[\/vc_column][vc_column width=&#8221;1\/3&#8243;][\/vc_column][\/vc_row][vc_row][vc_column][vc_column_text css=&#8221;&#8221;]<\/p>\n<h2>Bideoak<\/h2>\n<div class=\"row lab-blog-posts posts-layout-top cols-3\">\r\n\t\t\t\t\t\t\t\t\t\t\t\r\n\t\t\t\t\t\t\t\t\t\t\t\t\r\n\t\t\t\t\t\t<div class=\"blog-post-column\">\r\n\t\t\t\t\t\t\t<div class=\"blog-post-entry post-117097 video type-video status-publish hentry seccion-ibilbideak\">\r\n\t\t\t\t\t\t\t\t<div class=\"blog-post-image\">\r\n\t\t\t\t\t\t\t\t\t[vc_video link=\"https:\/\/vimeo.com\/511058262\"]\t\t\t\t\t\t\t\t<\/div>\r\n\t\t\t\t\t\t\t\r\n\t\t\t\t\t\t\t\t<div class=\"blog-post-content-container\">\r\n\t\t\t\t\t\t\t\t\t\t\t\t\t\t\t\t\t\t\r\n\t\t\t\t\t\t\t\t\t<h3 class=\"blog-post-title\">\r\n\t\t\t\t\t\t\t\t\t\t<a href=\"https:\/\/bmf-fvm.org\/eu\/video\/pr-bi-9-areatza-pagomakurre\/\" rel=\"bookmark\">PR-BI 9 Areatza-Pagomakurre<\/a>\r\n\t\t\t\t\t\t\t\t\t<\/h3>\r\n\r\n\t\t\t\t\t\t\t\t\t<div class=\"blog-post-excerpt\">\r\n\t\t\t\t\t\t\t\t\t\t\t\t\t\t\t\t\t\t\t<\/div>\r\n\r\n\t\t\t\t\t\t\t\t\t\t\t\t<div class=\"post-meta category\">\r\n\t\t\t\t<i class=\"icon icon-basic-folder-multiple\"><\/i>\r\n\t\t\t\t<a href='https:\/\/bmf-fvm.org\/eu\/vids\/?seccion=ibilbideak' title='Ibilbideakko bideoak'>Ibilbideak<\/a>\t\t\t<\/div>\r\n\t\t\t\t\t\t\t\t\t\t<\/div>\r\n\t\t\t\t\t\t\t<\/div>\r\n\t\t\t\t\t\t\t\r\n\t\t\t\t\t\t<\/div>\r\n\t\t\t\t\t\t\r\n\t\t\t\t\t\t\t\t\t\t\t\t\t\t\t\t\t\r\n\t\t\t\t\t\t\t\t\t\t\t\t\r\n\t\t\t\t\t\t<div class=\"blog-post-column\">\r\n\t\t\t\t\t\t\t<div class=\"blog-post-entry post-117072 video type-video status-publish hentry seccion-ibilbideak\">\r\n\t\t\t\t\t\t\t\t<div class=\"blog-post-image\">\r\n\t\t\t\t\t\t\t\t\t[vc_video link=\"https:\/\/vimeo.com\/652204509\"]\t\t\t\t\t\t\t\t<\/div>\r\n\t\t\t\t\t\t\t\r\n\t\t\t\t\t\t\t\t<div class=\"blog-post-content-container\">\r\n\t\t\t\t\t\t\t\t\t\t\t\t\t\t\t\t\t\t\r\n\t\t\t\t\t\t\t\t\t<h3 class=\"blog-post-title\">\r\n\t\t\t\t\t\t\t\t\t\t<a href=\"https:\/\/bmf-fvm.org\/eu\/video\/bide-publikoak-eta-xendazaletasuna\/\" rel=\"bookmark\">Bide publikoak eta Xendazaletasuna<\/a>\r\n\t\t\t\t\t\t\t\t\t<\/h3>\r\n\r\n\t\t\t\t\t\t\t\t\t<div class=\"blog-post-excerpt\">\r\n\t\t\t\t\t\t\t\t\t\t\t\t\t\t\t\t\t\t\t<\/div>\r\n\r\n\t\t\t\t\t\t\t\t\t\t\t\t<div class=\"post-meta category\">\r\n\t\t\t\t<i class=\"icon icon-basic-folder-multiple\"><\/i>\r\n\t\t\t\t<a href='https:\/\/bmf-fvm.org\/eu\/vids\/?seccion=ibilbideak' title='Ibilbideakko bideoak'>Ibilbideak<\/a>\t\t\t<\/div>\r\n\t\t\t\t\t\t\t\t\t\t<\/div>\r\n\t\t\t\t\t\t\t<\/div>\r\n\t\t\t\t\t\t\t\r\n\t\t\t\t\t\t<\/div>\r\n\t\t\t\t\t\t\r\n\t\t\t\t\t\t\t\t\t\t\t\t\t\t\t\t\t\r\n\t\t\t\t\t\t\t\t\t\t\t\t\r\n\t\t\t\t\t\t<div class=\"blog-post-column\">\r\n\t\t\t\t\t\t\t<div class=\"blog-post-entry post-117066 video type-video status-publish hentry seccion-ibilbideak\">\r\n\t\t\t\t\t\t\t\t<div class=\"blog-post-image\">\r\n\t\t\t\t\t\t\t\t\t[vc_video link=\"https:\/\/vimeo.com\/777464434\"]\t\t\t\t\t\t\t\t<\/div>\r\n\t\t\t\t\t\t\t\r\n\t\t\t\t\t\t\t\t<div class=\"blog-post-content-container\">\r\n\t\t\t\t\t\t\t\t\t\t\t\t\t\t\t\t\t\t\r\n\t\t\t\t\t\t\t\t\t<h3 class=\"blog-post-title\">\r\n\t\t\t\t\t\t\t\t\t\t<a href=\"https:\/\/bmf-fvm.org\/eu\/video\/xendazaletasun-liga\/\" rel=\"bookmark\">Xendazaletasun Liga<\/a>\r\n\t\t\t\t\t\t\t\t\t<\/h3>\r\n\r\n\t\t\t\t\t\t\t\t\t<div class=\"blog-post-excerpt\">\r\n\t\t\t\t\t\t\t\t\t\t\t\t\t\t\t\t\t\t\t<\/div>\r\n\r\n\t\t\t\t\t\t\t\t\t\t\t\t<div class=\"post-meta category\">\r\n\t\t\t\t<i class=\"icon icon-basic-folder-multiple\"><\/i>\r\n\t\t\t\t<a href='https:\/\/bmf-fvm.org\/eu\/vids\/?seccion=ibilbideak' title='Ibilbideakko bideoak'>Ibilbideak<\/a>\t\t\t<\/div>\r\n\t\t\t\t\t\t\t\t\t\t<\/div>\r\n\t\t\t\t\t\t\t<\/div>\r\n\t\t\t\t\t\t\t\r\n\t\t\t\t\t\t<\/div>\r\n\t\t\t\t\t\t\r\n\t\t\t\t\t\t\t\t\t\t\t\t\t\t\t\t\t\r\n\t\t\t\t\t\t\t\t\t\t\t\t\r\n\t\t\t\t\t\t<div class=\"blog-post-column\">\r\n\t\t\t\t\t\t\t<div class=\"blog-post-entry post-117064 video type-video status-publish hentry seccion-ibilbideak\">\r\n\t\t\t\t\t\t\t\t<div class=\"blog-post-image\">\r\n\t\t\t\t\t\t\t\t\t[vc_video link=\"https:\/\/vimeo.com\/520257208\"]\t\t\t\t\t\t\t\t<\/div>\r\n\t\t\t\t\t\t\t\r\n\t\t\t\t\t\t\t\t<div class=\"blog-post-content-container\">\r\n\t\t\t\t\t\t\t\t\t\t\t\t\t\t\t\t\t\t\r\n\t\t\t\t\t\t\t\t\t<h3 class=\"blog-post-title\">\r\n\t\t\t\t\t\t\t\t\t\t<a href=\"https:\/\/bmf-fvm.org\/eu\/video\/pr-bi-101-penas-blancas\/\" rel=\"bookmark\">PR-BI 101 &#8211; Pe\u00f1as Blancas<\/a>\r\n\t\t\t\t\t\t\t\t\t<\/h3>\r\n\r\n\t\t\t\t\t\t\t\t\t<div class=\"blog-post-excerpt\">\r\n\t\t\t\t\t\t\t\t\t\t\t\t\t\t\t\t\t\t\t<\/div>\r\n\r\n\t\t\t\t\t\t\t\t\t\t\t\t<div class=\"post-meta category\">\r\n\t\t\t\t<i class=\"icon icon-basic-folder-multiple\"><\/i>\r\n\t\t\t\t<a href='https:\/\/bmf-fvm.org\/eu\/vids\/?seccion=ibilbideak' title='Ibilbideakko bideoak'>Ibilbideak<\/a>\t\t\t<\/div>\r\n\t\t\t\t\t\t\t\t\t\t<\/div>\r\n\t\t\t\t\t\t\t<\/div>\r\n\t\t\t\t\t\t\t\r\n\t\t\t\t\t\t<\/div>\r\n\t\t\t\t\t\t\r\n\t\t\t\t\t\t\t\t\t\t\t\t\t\t\t\t\t\r\n\t\t\t\t\t\t\t\t\t\t\t\t\r\n\t\t\t\t\t\t<div class=\"blog-post-column\">\r\n\t\t\t\t\t\t\t<div class=\"blog-post-entry post-117062 video type-video status-publish hentry seccion-ibilbideak\">\r\n\t\t\t\t\t\t\t\t<div class=\"blog-post-image\">\r\n\t\t\t\t\t\t\t\t\t[vc_video link=\"https:\/\/vimeo.com\/512324008\"]\t\t\t\t\t\t\t\t<\/div>\r\n\t\t\t\t\t\t\t\r\n\t\t\t\t\t\t\t\t<div class=\"blog-post-content-container\">\r\n\t\t\t\t\t\t\t\t\t\t\t\t\t\t\t\t\t\t\r\n\t\t\t\t\t\t\t\t\t<h3 class=\"blog-post-title\">\r\n\t\t\t\t\t\t\t\t\t\t<a href=\"https:\/\/bmf-fvm.org\/eu\/video\/pr-bi-210-el-camino-del-agua\/\" rel=\"bookmark\">PR-BI 210 &#8211; El camino del agua<\/a>\r\n\t\t\t\t\t\t\t\t\t<\/h3>\r\n\r\n\t\t\t\t\t\t\t\t\t<div class=\"blog-post-excerpt\">\r\n\t\t\t\t\t\t\t\t\t\t\t\t\t\t\t\t\t\t\t<\/div>\r\n\r\n\t\t\t\t\t\t\t\t\t\t\t\t<div class=\"post-meta category\">\r\n\t\t\t\t<i class=\"icon icon-basic-folder-multiple\"><\/i>\r\n\t\t\t\t<a href='https:\/\/bmf-fvm.org\/eu\/vids\/?seccion=ibilbideak' title='Ibilbideakko bideoak'>Ibilbideak<\/a>\t\t\t<\/div>\r\n\t\t\t\t\t\t\t\t\t\t<\/div>\r\n\t\t\t\t\t\t\t<\/div>\r\n\t\t\t\t\t\t\t\r\n\t\t\t\t\t\t<\/div>\r\n\t\t\t\t\t\t\r\n\t\t\t\t\t\t\t\t\t\t\t\t\t\t\t\t\t\r\n\t\t\t\t\t\t\t\t\t\t\t\t\r\n\t\t\t\t\t\t<div class=\"blog-post-column\">\r\n\t\t\t\t\t\t\t<div class=\"blog-post-entry post-117018 video type-video status-publish hentry seccion-ibilbideak\">\r\n\t\t\t\t\t\t\t\t<div class=\"blog-post-image\">\r\n\t\t\t\t\t\t\t\t\t[vc_video link=\"https:\/\/vimeo.com\/505412102\"]\t\t\t\t\t\t\t\t<\/div>\r\n\t\t\t\t\t\t\t\r\n\t\t\t\t\t\t\t\t<div class=\"blog-post-content-container\">\r\n\t\t\t\t\t\t\t\t\t\t\t\t\t\t\t\t\t\t\r\n\t\t\t\t\t\t\t\t\t<h3 class=\"blog-post-title\">\r\n\t\t\t\t\t\t\t\t\t\t<a href=\"https:\/\/bmf-fvm.org\/eu\/video\/pr-bi-56-lemoatxa-1937\/\" rel=\"bookmark\">PR-BI 56 Lemoatxa 1937<\/a>\r\n\t\t\t\t\t\t\t\t\t<\/h3>\r\n\r\n\t\t\t\t\t\t\t\t\t<div class=\"blog-post-excerpt\">\r\n\t\t\t\t\t\t\t\t\t\t\t\t\t\t\t\t\t\t\t<\/div>\r\n\r\n\t\t\t\t\t\t\t\t\t\t\t\t<div class=\"post-meta category\">\r\n\t\t\t\t<i class=\"icon icon-basic-folder-multiple\"><\/i>\r\n\t\t\t\t<a href='https:\/\/bmf-fvm.org\/eu\/vids\/?seccion=ibilbideak' title='Ibilbideakko bideoak'>Ibilbideak<\/a>\t\t\t<\/div>\r\n\t\t\t\t\t\t\t\t\t\t<\/div>\r\n\t\t\t\t\t\t\t<\/div>\r\n\t\t\t\t\t\t\t\r\n\t\t\t\t\t\t<\/div>\r\n\t\t\t\t\t\t\r\n\t\t\t\t\t\t\t\t\t\t\t\t\t\t\t\t\t\r\n\t\t\t\t\t\t\t\t\t\t\t\t\r\n\t\t\t\t\t\t<div class=\"blog-post-column\">\r\n\t\t\t\t\t\t\t<div class=\"blog-post-entry post-117015 video type-video status-publish hentry seccion-ibilbideak\">\r\n\t\t\t\t\t\t\t\t<div class=\"blog-post-image\">\r\n\t\t\t\t\t\t\t\t\t[vc_video link=\"https:\/\/vimeo.com\/505847687\"]\t\t\t\t\t\t\t\t<\/div>\r\n\t\t\t\t\t\t\t\r\n\t\t\t\t\t\t\t\t<div class=\"blog-post-content-container\">\r\n\t\t\t\t\t\t\t\t\t\t\t\t\t\t\t\t\t\t\r\n\t\t\t\t\t\t\t\t\t<h3 class=\"blog-post-title\">\r\n\t\t\t\t\t\t\t\t\t\t<a href=\"https:\/\/bmf-fvm.org\/eu\/video\/pr-bi-28-bolivar-kortaguren-baserria\/\" rel=\"bookmark\">PR BI 28 Bolivar-Kortaguren baserria<\/a>\r\n\t\t\t\t\t\t\t\t\t<\/h3>\r\n\r\n\t\t\t\t\t\t\t\t\t<div class=\"blog-post-excerpt\">\r\n\t\t\t\t\t\t\t\t\t\t\t\t\t\t\t\t\t\t\t<\/div>\r\n\r\n\t\t\t\t\t\t\t\t\t\t\t\t<div class=\"post-meta category\">\r\n\t\t\t\t<i class=\"icon icon-basic-folder-multiple\"><\/i>\r\n\t\t\t\t<a href='https:\/\/bmf-fvm.org\/eu\/vids\/?seccion=ibilbideak' title='Ibilbideakko bideoak'>Ibilbideak<\/a>\t\t\t<\/div>\r\n\t\t\t\t\t\t\t\t\t\t<\/div>\r\n\t\t\t\t\t\t\t<\/div>\r\n\t\t\t\t\t\t\t\r\n\t\t\t\t\t\t<\/div>\r\n\t\t\t\t\t\t\r\n\t\t\t\t\t\t\t\t\t\t\t\t\t\t\t<\/div>\r\n\t\t\t\t[\/vc_column_text][\/vc_column][\/vc_row]<\/p>\n<\/div>","protected":false},"excerpt":{"rendered":"<p>[vc_row][vc_column][vc_column_text]Bizkaiko Mendizale Federazioak (BMF-FVM), Zendazaletasun Batzordearen bidez, jarduera hauek gauzatzen ditu: mendiko ibilbide laburrak (PR) eta ibilbide luzeak (GR) ikuskatzea&hellip;<\/p>\n","protected":false},"author":10,"featured_media":0,"parent":0,"menu_order":19,"comment_status":"closed","ping_status":"closed","template":"","meta":{"_acf_changed":false,"footnotes":""},"class_list":["post-71600","page","type-page","status-publish","hentry","seccion-ibilbideak"],"acf":[],"yoast_head":"<!-- This site is optimized with the Yoast SEO plugin v27.3 - https:\/\/yoast.com\/product\/yoast-seo-wordpress\/ -->\n<title>Ibilbideak - Bizkaiko Mendizale Federazioa<\/title>\n<meta name=\"robots\" content=\"index, follow, max-snippet:-1, max-image-preview:large, max-video-preview:-1\" \/>\n<link rel=\"canonical\" href=\"https:\/\/bmf-fvm.org\/eu\/ibilbideak\/\" \/>\n<meta property=\"og:locale\" content=\"en_US\" \/>\n<meta property=\"og:type\" content=\"article\" \/>\n<meta property=\"og:title\" content=\"Ibilbideak - Bizkaiko Mendizale Federazioa\" \/>\n<meta property=\"og:description\" content=\"[vc_row][vc_column][vc_column_text]Bizkaiko Mendizale Federazioak (BMF-FVM), Zendazaletasun Batzordearen bidez, jarduera hauek gauzatzen ditu: mendiko ibilbide laburrak (PR) eta ibilbide luzeak (GR) ikuskatzea&hellip;\" \/>\n<meta property=\"og:url\" content=\"https:\/\/bmf-fvm.org\/eu\/ibilbideak\/\" \/>\n<meta property=\"og:site_name\" content=\"Bizkaiko Mendizale Federazioa\" \/>\n<meta property=\"article:publisher\" content=\"https:\/\/facebook.com\/pages\/Bmf-Fvm\/597553177057267\" \/>\n<meta property=\"article:modified_time\" content=\"2025-04-28T15:44:43+00:00\" \/>\n<meta property=\"og:image\" content=\"https:\/\/bmf-fvm.org\/wp-content\/uploads\/2022\/04\/bmf-fb-logo.jpg\" \/>\n\t<meta property=\"og:image:width\" content=\"200\" \/>\n\t<meta property=\"og:image:height\" content=\"200\" \/>\n\t<meta property=\"og:image:type\" content=\"image\/jpeg\" \/>\n<meta name=\"twitter:card\" content=\"summary_large_image\" \/>\n<meta name=\"twitter:label1\" content=\"Est. reading time\" \/>\n\t<meta name=\"twitter:data1\" content=\"1 minutua\" \/>\n<script type=\"application\/ld+json\" class=\"yoast-schema-graph\">{\"@context\":\"https:\\\/\\\/schema.org\",\"@graph\":[{\"@type\":\"WebPage\",\"@id\":\"https:\\\/\\\/bmf-fvm.org\\\/eu\\\/ibilbideak\\\/\",\"url\":\"https:\\\/\\\/bmf-fvm.org\\\/eu\\\/ibilbideak\\\/\",\"name\":\"Ibilbideak - Bizkaiko Mendizale Federazioa\",\"isPartOf\":{\"@id\":\"https:\\\/\\\/bmf-fvm.org\\\/#website\"},\"datePublished\":\"2021-11-04T16:45:07+00:00\",\"dateModified\":\"2025-04-28T15:44:43+00:00\",\"breadcrumb\":{\"@id\":\"https:\\\/\\\/bmf-fvm.org\\\/eu\\\/ibilbideak\\\/#breadcrumb\"},\"inLanguage\":\"eu\",\"potentialAction\":[{\"@type\":\"ReadAction\",\"target\":[\"https:\\\/\\\/bmf-fvm.org\\\/eu\\\/ibilbideak\\\/\"]}]},{\"@type\":\"BreadcrumbList\",\"@id\":\"https:\\\/\\\/bmf-fvm.org\\\/eu\\\/ibilbideak\\\/#breadcrumb\",\"itemListElement\":[{\"@type\":\"ListItem\",\"position\":1,\"name\":\"Portada\",\"item\":\"https:\\\/\\\/bmf-fvm.org\\\/eu\\\/\"},{\"@type\":\"ListItem\",\"position\":2,\"name\":\"Ibilbideak\"}]},{\"@type\":\"WebSite\",\"@id\":\"https:\\\/\\\/bmf-fvm.org\\\/#website\",\"url\":\"https:\\\/\\\/bmf-fvm.org\\\/\",\"name\":\"Bizkaiko Mendizale Federazioa\",\"description\":\"Bizkaiko Mendizale Federazioa\",\"publisher\":{\"@id\":\"https:\\\/\\\/bmf-fvm.org\\\/#organization\"},\"potentialAction\":[{\"@type\":\"SearchAction\",\"target\":{\"@type\":\"EntryPoint\",\"urlTemplate\":\"https:\\\/\\\/bmf-fvm.org\\\/?s={search_term_string}\"},\"query-input\":{\"@type\":\"PropertyValueSpecification\",\"valueRequired\":true,\"valueName\":\"search_term_string\"}}],\"inLanguage\":\"eu\"},{\"@type\":\"Organization\",\"@id\":\"https:\\\/\\\/bmf-fvm.org\\\/#organization\",\"name\":\"Federaci\u00f3n Vizca\u00edna de Monta\u00f1a\",\"url\":\"https:\\\/\\\/bmf-fvm.org\\\/\",\"logo\":{\"@type\":\"ImageObject\",\"inLanguage\":\"eu\",\"@id\":\"https:\\\/\\\/bmf-fvm.org\\\/#\\\/schema\\\/logo\\\/image\\\/\",\"url\":\"https:\\\/\\\/bmf-fvm.org\\\/wp-content\\\/uploads\\\/2022\\\/03\\\/bmf-logo-trans.png\",\"contentUrl\":\"https:\\\/\\\/bmf-fvm.org\\\/wp-content\\\/uploads\\\/2022\\\/03\\\/bmf-logo-trans.png\",\"width\":41,\"height\":61,\"caption\":\"Federaci\u00f3n Vizca\u00edna de Monta\u00f1a\"},\"image\":{\"@id\":\"https:\\\/\\\/bmf-fvm.org\\\/#\\\/schema\\\/logo\\\/image\\\/\"},\"sameAs\":[\"https:\\\/\\\/facebook.com\\\/pages\\\/Bmf-Fvm\\\/597553177057267\"]}]}<\/script>\n<!-- \/ Yoast SEO plugin. -->","yoast_head_json":{"title":"Ibilbideak - Bizkaiko Mendizale Federazioa","robots":{"index":"index","follow":"follow","max-snippet":"max-snippet:-1","max-image-preview":"max-image-preview:large","max-video-preview":"max-video-preview:-1"},"canonical":"https:\/\/bmf-fvm.org\/eu\/ibilbideak\/","og_locale":"en_US","og_type":"article","og_title":"Ibilbideak - Bizkaiko Mendizale Federazioa","og_description":"[vc_row][vc_column][vc_column_text]Bizkaiko Mendizale Federazioak (BMF-FVM), Zendazaletasun Batzordearen bidez, jarduera hauek gauzatzen ditu: mendiko ibilbide laburrak (PR) eta ibilbide luzeak (GR) ikuskatzea&hellip;","og_url":"https:\/\/bmf-fvm.org\/eu\/ibilbideak\/","og_site_name":"Bizkaiko Mendizale Federazioa","article_publisher":"https:\/\/facebook.com\/pages\/Bmf-Fvm\/597553177057267","article_modified_time":"2025-04-28T15:44:43+00:00","og_image":[{"width":200,"height":200,"url":"https:\/\/bmf-fvm.org\/wp-content\/uploads\/2022\/04\/bmf-fb-logo.jpg","type":"image\/jpeg"}],"twitter_card":"summary_large_image","twitter_misc":{"Est. reading time":"1 minutua"},"schema":{"@context":"https:\/\/schema.org","@graph":[{"@type":"WebPage","@id":"https:\/\/bmf-fvm.org\/eu\/ibilbideak\/","url":"https:\/\/bmf-fvm.org\/eu\/ibilbideak\/","name":"Ibilbideak - Bizkaiko Mendizale Federazioa","isPartOf":{"@id":"https:\/\/bmf-fvm.org\/#website"},"datePublished":"2021-11-04T16:45:07+00:00","dateModified":"2025-04-28T15:44:43+00:00","breadcrumb":{"@id":"https:\/\/bmf-fvm.org\/eu\/ibilbideak\/#breadcrumb"},"inLanguage":"eu","potentialAction":[{"@type":"ReadAction","target":["https:\/\/bmf-fvm.org\/eu\/ibilbideak\/"]}]},{"@type":"BreadcrumbList","@id":"https:\/\/bmf-fvm.org\/eu\/ibilbideak\/#breadcrumb","itemListElement":[{"@type":"ListItem","position":1,"name":"Portada","item":"https:\/\/bmf-fvm.org\/eu\/"},{"@type":"ListItem","position":2,"name":"Ibilbideak"}]},{"@type":"WebSite","@id":"https:\/\/bmf-fvm.org\/#website","url":"https:\/\/bmf-fvm.org\/","name":"Bizkaiko Mendizale Federazioa","description":"Bizkaiko Mendizale Federazioa","publisher":{"@id":"https:\/\/bmf-fvm.org\/#organization"},"potentialAction":[{"@type":"SearchAction","target":{"@type":"EntryPoint","urlTemplate":"https:\/\/bmf-fvm.org\/?s={search_term_string}"},"query-input":{"@type":"PropertyValueSpecification","valueRequired":true,"valueName":"search_term_string"}}],"inLanguage":"eu"},{"@type":"Organization","@id":"https:\/\/bmf-fvm.org\/#organization","name":"Federaci\u00f3n Vizca\u00edna de Monta\u00f1a","url":"https:\/\/bmf-fvm.org\/","logo":{"@type":"ImageObject","inLanguage":"eu","@id":"https:\/\/bmf-fvm.org\/#\/schema\/logo\/image\/","url":"https:\/\/bmf-fvm.org\/wp-content\/uploads\/2022\/03\/bmf-logo-trans.png","contentUrl":"https:\/\/bmf-fvm.org\/wp-content\/uploads\/2022\/03\/bmf-logo-trans.png","width":41,"height":61,"caption":"Federaci\u00f3n Vizca\u00edna de Monta\u00f1a"},"image":{"@id":"https:\/\/bmf-fvm.org\/#\/schema\/logo\/image\/"},"sameAs":["https:\/\/facebook.com\/pages\/Bmf-Fvm\/597553177057267"]}]}},"_links":{"self":[{"href":"https:\/\/bmf-fvm.org\/eu\/wp-json\/wp\/v2\/pages\/71600","targetHints":{"allow":["GET"]}}],"collection":[{"href":"https:\/\/bmf-fvm.org\/eu\/wp-json\/wp\/v2\/pages"}],"about":[{"href":"https:\/\/bmf-fvm.org\/eu\/wp-json\/wp\/v2\/types\/page"}],"author":[{"embeddable":true,"href":"https:\/\/bmf-fvm.org\/eu\/wp-json\/wp\/v2\/users\/10"}],"replies":[{"embeddable":true,"href":"https:\/\/bmf-fvm.org\/eu\/wp-json\/wp\/v2\/comments?post=71600"}],"version-history":[{"count":0,"href":"https:\/\/bmf-fvm.org\/eu\/wp-json\/wp\/v2\/pages\/71600\/revisions"}],"wp:attachment":[{"href":"https:\/\/bmf-fvm.org\/eu\/wp-json\/wp\/v2\/media?parent=71600"}],"curies":[{"name":"wp","href":"https:\/\/api.w.org\/{rel}","templated":true}]}}