{"id":71590,"date":"2021-11-25T11:38:46","date_gmt":"2021-11-25T10:38:46","guid":{"rendered":"https:\/\/bmf-fvm.org\/?page_id=71590"},"modified":"2024-02-22T11:08:01","modified_gmt":"2024-02-22T10:08:01","slug":"goimendi-eskola","status":"publish","type":"page","link":"https:\/\/bmf-fvm.org\/eu\/goimendi-eskola\/","title":{"rendered":"Goimendi eskola"},"content":{"rendered":"<div class=\"wpb-content-wrapper\"><p>[vc_row][vc_column][vc_column_text]Bizkaiko Goi Mendi Eskolak (BGME) Bizkaiko Mendizale Federazioaren atala da, eta federatuen formakuntzaz arduratzen da, besteak beste, mendiko, goi-mendiko edo eskaladako hainbat diziplinatan ikastaroak antolatuz.<\/p>\n<p>Hala ere, Bizkaiko kirol-eskaladako guneen ekipamendua eta mantentze-lanak kudeatzen dira, eskalada-bideen proiektuekin eta errekipamenduekin, ahalik eta segurtasun handiena bermatzeko.<\/p>\n<p>Bestalde, mendiko eta eskaladako diziplina batzuei buruzko lehiaketak, proiekzioak eta beste ekitaldi puntual batzuk egiten dira.[\/vc_column_text][\/vc_column][\/vc_row][vc_row disable_element=&#8221;yes&#8221; el_id=&#8221;ikastaroak&#8221;][vc_column][vc_column_text]<\/p>\n<h3>Ikastaroak<\/h3>\n<p>Bizkaiko Goi-mendi Eskolak ikastaroak Bizkaiko Mendizale Federazioko Klubei, eta lagun federatuei zuzentzen dizkie, mendiko ekimen (adibidez, eskalada, alpinismoa edota eskia) teorian, praktikan eta segurtasunean hasteko edota sakontzeko.<\/p>\n<p>\r\n\t\t<table id='' class=\"table table-striped table-bordered table-hover\" >\r\n\t\t\t<thead>\r\n\t\t<tr >\r\n\t\t\t<th   >Ikastaroa<\/th><th class=\"aligncenter\"  > EAEko eta Nafarroako prezioa (-10%)<\/th><th class=\"aligncenter\"  >EAEkoa edo Nafarroakoa ez den prezioa (-10%)<\/th>\r\n\t\t<\/tr>\r\n\t<\/thead><tbody>\r\n\t\t<tr >\r\n\t\t\t<td   ><a href='https:\/\/bmf-fvm.org\/wp-content\/uploads\/2022\/03\/Alpinismo_1_eusk.pdf'>Alpinismo 1 (hastapena)<\/a><\/td><td class=\"aligncenter\"  >138\u20ac<\/td><td class=\"aligncenter\"  >153\u20ac<\/td>\r\n\t\t<\/tr>\r\n\t\r\n\t\t<tr >\r\n\t\t\t<td   ><a href='https:\/\/bmf-fvm.org\/wp-content\/uploads\/2022\/03\/Alpinismo_2_eusk.pdf'>Alpinismo 2 (aurreratuta)<\/a><\/td><td class=\"aligncenter\"  >156\u20ac<\/td><td class=\"aligncenter\"  >173\u20ac<\/td>\r\n\t\t<\/tr>\r\n\t\r\n\t\t<tr >\r\n\t\t\t<td   ><a href='https:\/\/bmf-fvm.org\/wp-content\/uploads\/2022\/03\/Alpinismo_3_eusk.pdf'>Alpinismo 3 (hobekuntza)<\/a><\/td><td class=\"aligncenter\"  >198\u20ac<\/td><td class=\"aligncenter\"  >220\u20ac<\/td>\r\n\t\t<\/tr>\r\n\t\r\n\t\t<tr >\r\n\t\t\t<td   ><a href='https:\/\/bmf-fvm.org\/wp-content\/uploads\/2022\/03\/Descenso_de_barrancos_1_eus.pdf'>Arroilen jeitsiera 1 (hastapena)<\/a><\/td><td class=\"aligncenter\"  >108\u20ac<\/td><td class=\"aligncenter\"  >120\u20ac<\/td>\r\n\t\t<\/tr>\r\n\t\r\n\t\t<tr >\r\n\t\t\t<td   >Bihotz-biriketako bizkortzea eta desfibriladorea erabiltzea<\/td><td class=\"aligncenter\"  >15\u20ac<\/td><td class=\"aligncenter\"  >15\u20ac<\/td>\r\n\t\t<\/tr>\r\n\t\r\n\t\t<tr >\r\n\t\t\t<td   ><a href='https:\/\/bmf-fvm.org\/eu\/curso\/eskalada-1-hastapena\/'>Eskalada 1 (hastapena)<\/a><\/td><td class=\"aligncenter\"  >108\u20ac<\/td><td class=\"aligncenter\"  >120\u20ac<\/td>\r\n\t\t<\/tr>\r\n\t\r\n\t\t<tr >\r\n\t\t\t<td   ><a href='https:\/\/bmf-fvm.org\/eu\/curso\/eskalada-2-luzeetako-kirol-eskalada\/'>Eskalada 2 (luzeetako kirol eskalada)<\/a><\/td><td class=\"aligncenter\"  >132\u20ac<\/td><td class=\"aligncenter\"  >147\u20ac<\/td>\r\n\t\t<\/tr>\r\n\t\r\n\t\t<tr >\r\n\t\t\t<td   ><a href='https:\/\/bmf-fvm.org\/eu\/curso\/eskalada-3-abentura-eremukoa-eta-autobabesa\/'>Eskalada 3 (abentura eremukoa eta autobabesa)<\/a><\/td><td class=\"aligncenter\"  >156\u20ac<\/td><td class=\"aligncenter\"  >173\u20ac<\/td>\r\n\t\t<\/tr>\r\n\t\r\n\t\t<tr >\r\n\t\t\t<td   ><a href='https:\/\/bmf-fvm.org\/wp-content\/uploads\/2024\/12\/FREERIDE-EUS-1.pdf'>Eskia tratatu gabeko elurretan<\/a><\/td><td class=\"aligncenter\"  >174\u20ac<\/td><td class=\"aligncenter\"  >193\u20ac<\/td>\r\n\t\t<\/tr>\r\n\t\r\n\t\t<tr >\r\n\t\t\t<td   ><a href='https:\/\/bmf-fvm.org\/wp-content\/uploads\/2022\/03\/Manejo_de_gps_eus.pdf'>GPS-aren erabilera<\/a><\/td><td class=\"aligncenter\"  >108\u20ac<\/td><td class=\"aligncenter\"  >120\u20ac<\/td>\r\n\t\t<\/tr>\r\n\t\r\n\t\t<tr >\r\n\t\t\t<td   ><a href='https:\/\/bmf-fvm.org\/wp-content\/uploads\/2022\/03\/Izotz_eskalada.pdf'>Izotz eskalada<\/a><\/td><td class=\"aligncenter\"  >198\u20ac<\/td><td class=\"aligncenter\"  >220\u20ac<\/td>\r\n\t\t<\/tr>\r\n\t\r\n\t\t<tr >\r\n\t\t\t<td   ><a href='https:\/\/bmf-fvm.org\/eu\/curso\/lehen-laguntzak\/'>Lehen laguntzak<\/a><\/td><td class=\"aligncenter\"  >15\u20ac<\/td><td class=\"aligncenter\"  >15\u20ac<\/td>\r\n\t\t<\/tr>\r\n\t\r\n\t\t<tr >\r\n\t\t\t<td   ><a href='https:\/\/bmf-fvm.org\/eu\/curso\/marcha-nordica\/'>Martxa nordikoa<\/a><\/td><td class=\"aligncenter\"  >25-30\u20ac<\/td><td class=\"aligncenter\"  >30-35\u20ac<\/td>\r\n\t\t<\/tr>\r\n\t\r\n\t\t<tr >\r\n\t\t\t<td   ><a href='https:\/\/bmf-fvm.org\/wp-content\/uploads\/2022\/03\/Mendi_ertaina_neguan.pdf'>Mendi ertaina neguan<\/a><\/td><td class=\"aligncenter\"  >138\u20ac<\/td><td class=\"aligncenter\"  >153\u20ac<\/td>\r\n\t\t<\/tr>\r\n\t\r\n\t\t<tr >\r\n\t\t\t<td   ><a href='https:\/\/bmf-fvm.org\/wp-content\/uploads\/2022\/03\/Mendiko_eskia.pdf'>Mendiko eskia<\/a><\/td><td class=\"aligncenter\"  >156\u20ac<\/td><td class=\"aligncenter\"  >173\u20ac<\/td>\r\n\t\t<\/tr>\r\n\t\r\n\t\t<tr >\r\n\t\t\t<td   ><a href='https:\/\/bmf-fvm.org\/eu\/curso\/mendiko-teknikak\/'>Mendiko teknikak<\/a><\/td><td class=\"aligncenter\"  >90\u20ac<\/td><td class=\"aligncenter\"  >100\u20ac<\/td>\r\n\t\t<\/tr>\r\n\t\r\n\t\t<tr >\r\n\t\t\t<td   ><a href='https:\/\/bmf-fvm.org\/wp-content\/uploads\/2022\/03\/Orientazioa-1.pdf'>Orientazioa (mapa eta iparrorratza)<\/a><\/td><td class=\"aligncenter\"  >108\u20ac<\/td><td class=\"aligncenter\"  >120\u20ac<\/td>\r\n\t\t<\/tr>\r\n\t\r\n\t\t<tr >\r\n\t\t\t<td   ><a href='https:\/\/bmf-fvm.org\/eu\/curso\/rescate-1-autoerreskatea-paretan\/'>Reskate 1 (autoerreskatea paretan)<\/a><\/td><td class=\"aligncenter\"  >150\u20ac<\/td><td class=\"aligncenter\"  >167\u20ac<\/td>\r\n\t\t<\/tr>\r\n\t\r\n\t\t<tr >\r\n\t\t\t<td   ><a href='https:\/\/bmf-fvm.org\/eu\/curso\/rescate-2-erreskatea-paretan\/'>Reskate 2 (erreskatea paretan)<\/a><\/td><td class=\"aligncenter\"  >150\u20ac<\/td><td class=\"aligncenter\"  >167\u20ac<\/td>\r\n\t\t<\/tr>\r\n\t\r\n\t\t<tr >\r\n\t\t\t<td   ><a href='https:\/\/bmf-fvm.org\/wp-content\/uploads\/2022\/03\/Glaziarrak.pdf'>Sokaren erabilera eta erreskatea glaziarretan<\/a><\/td><td class=\"aligncenter\"  >150\u20ac<\/td><td class=\"aligncenter\"  >167\u20ac<\/td>\r\n\t\t<\/tr>\r\n\t\r\n\t\t<tr >\r\n\t\t\t<td   ><a href='https:\/\/bmf-fvm.org\/eu\/curso\/sokaren-erabilera-mendian-eta-ertzak\/'>Sokaren erabilera mendian eta ertzak<\/a><\/td><td class=\"aligncenter\"  >144\u20ac<\/td><td class=\"aligncenter\"  >160\u20ac<\/td>\r\n\t\t<\/tr>\r\n\t\r\n\t\t<tr >\r\n\t\t\t<td   ><a href='https:\/\/bmf-fvm.org\/wp-content\/uploads\/2024\/12\/Dossier-STA-1-eusk.pdf'>Ziurtasuna elur-jausietan (STA 1) ACNA<\/a><\/td><td class=\"aligncenter\"  >170\u20ac<\/td><td class=\"aligncenter\"  >190\u20ac<\/td>\r\n\t\t<\/tr>\r\n\t<\/tbody>\r\n\t\t<\/table>\r\n\t[\/vc_column_text][\/vc_column][\/vc_row][vc_row disable_element=&#8221;yes&#8221;][vc_column][vc_column_text]<\/p>\n<h4>Hurrengo ikastaroen datak<\/h4>\n<p><p class=\"sin-datos\">Laster ez dago ikastarorik.<\/p>[\/vc_column_text][\/vc_column][\/vc_row][vc_row disable_element=&#8221;yes&#8221;][vc_column][vc_column_text]<\/p>\n<h3>Klubentzako ikastaroak<\/h3>\n<p>Klub, elkarte eta lagun-talde federatuek haien beharrizanetara data eta edukietan egokitutako ikastaro bat eskatu ahal dute. Ikastaroa egiteko zortzi kide gutxienez izan behar dira.<\/p>\n<p>Ikastaroa eskatzeko orri hau bete eta bidali behar da posta elektronikoaren bidez <a href=\"mailto:goimendieskola@bmf-fvm.org\"><strong>goimendieskola@bmf-fvm.org<\/strong><\/a>.<\/p>\n<ul>\n<li><a href=\"https:\/\/bmf-fvm.org\/wp-content\/uploads\/2022\/04\/Solcitud-cursos-clubes.pdf\">Eskaera-inprimakia (PDF)<\/a><\/li>\n<li><a href=\"https:\/\/bmf-fvm.org\/wp-content\/uploads\/2022\/04\/Solcitud-cursos-clubes.doc\">Eskaera-inprimakia (Word)<\/a><\/li>\n<\/ul>\n<h3>Egutegiko ikastaroak<\/h3>\n<p>Pertsona federatuek izena eman dezakete Bizkaiko Goi Mendi Eskolaren egutegian antolatutako ikastaroetan.<\/p>\n<p>Ikastaroan izena emateko, izen-emate orria posta elektronikoaren bidez bidaliko da <a href=\"mailto:goimendieskola@bmf-fvm.org\"><strong>goimendieskola@bmf-fvm.org<\/strong><\/a>.<\/p>\n<ul>\n<li><a href=\"https:\/\/bmf-fvm.org\/wp-content\/uploads\/2022\/04\/Izen-emate-orria.pdf\">Izen-emate orria (PDF)<\/a><\/li>\n<li><a href=\"https:\/\/bmf-fvm.org\/wp-content\/uploads\/2022\/04\/Izen-emate-orria.docx\">Izen-emate orria (Word)<\/a><\/li>\n<\/ul>\n<p>EZ egin ordainketarik, izen-ematearen baiestapena posta elektronikoz jaso arte.<\/p>\n<p><strong>Oharra:<\/strong> Ikastaro aurreratuenetarako edo teknikoentzat, gutxieneko baldintza teknikoak eta esperientzia-baldintzak betetzen direla ziurtatu behar da.<\/p>\n<h3>Baldintzak<\/h3>\n<p>Ikastaroak egingo dituzten lagunek federazio-lizentzia eguneratuta egon behar dute.<\/p>\n<p>Prezioan barne:<\/p>\n<ul>\n<li>BGME-ko irakaslea.<\/li>\n<li>Material teknikoa.<\/li>\n<li>Material didaktikoa.<\/li>\n<\/ul>\n<p>Preziotik kanpo:<\/p>\n<ul>\n<li>Ostatua.<\/li>\n<li>Janaria.<\/li>\n<li>Garroia.<\/li>\n<\/ul>\n<h3>Harremanetarako<\/h3>\n<p><a href=\"mailto:goimendieskola@bmf-fvm.org\"><strong>goimendieskola@bmf-fvm.org<\/strong><\/a>[\/vc_column_text][\/vc_column][\/vc_row][vc_row full_width=&#8221;stretch_row&#8221;][vc_column][lab_heading title=&#8221;Bideoak&#8221;][\/lab_heading][vc_column_text]\t\t\t\t\r\n\t\t\t\t\t\t\t\t\r\n\t\t\t\t<div class=\"row lab-blog-posts posts-layout-top cols-3\">\r\n\t\t\t\t\t\t\t\t\t\t\t\r\n\t\t\t\t\t\t\t\t\t\t\t\t\r\n\t\t\t\t\t\t<div class=\"blog-post-column\">\r\n\t\t\t\t\t\t\t<div class=\"blog-post-entry post-117095 video type-video status-publish hentry seccion-goimendi-eskola\">\r\n\t\t\t\t\t\t\t\t<div class=\"blog-post-image\">\r\n\t\t\t\t\t\t\t\t\t[vc_video link=\"https:\/\/vimeo.com\/513341182\"]\t\t\t\t\t\t\t\t<\/div>\r\n\t\t\t\t\t\t\t\r\n\t\t\t\t\t\t\t\t<div class=\"blog-post-content-container\">\r\n\t\t\t\t\t\t\t\t\t\t\t\t\t\t\t\t\t\t\r\n\t\t\t\t\t\t\t\t\t<h3 class=\"blog-post-title\">\r\n\t\t\t\t\t\t\t\t\t\t<a href=\"https:\/\/bmf-fvm.org\/eu\/video\/vivac\/\" rel=\"bookmark\">Vivac<\/a>\r\n\t\t\t\t\t\t\t\t\t<\/h3>\r\n\r\n\t\t\t\t\t\t\t\t\t<div class=\"blog-post-excerpt\">\r\n\t\t\t\t\t\t\t\t\t\t\t\t\t\t\t\t\t\t\t<\/div>\r\n\r\n\t\t\t\t\t\t\t\t\t\t\t\t<div class=\"post-meta category\">\r\n\t\t\t\t<i class=\"icon icon-basic-folder-multiple\"><\/i>\r\n\t\t\t\t<a href='https:\/\/bmf-fvm.org\/eu\/vids\/?seccion=goimendi-eskola' title='Goimendi eskolako bideoak'>Goimendi eskola<\/a>\t\t\t<\/div>\r\n\t\t\t\t\t\t\t\t\t\t<\/div>\r\n\t\t\t\t\t\t\t<\/div>\r\n\t\t\t\t\t\t\t\r\n\t\t\t\t\t\t<\/div>\r\n\t\t\t\t\t\t\r\n\t\t\t\t\t\t\t\t\t\t\t\t\t\t\t\t\t\r\n\t\t\t\t\t\t\t\t\t\t\t\t\r\n\t\t\t\t\t\t<div class=\"blog-post-column\">\r\n\t\t\t\t\t\t\t<div class=\"blog-post-entry post-117092 video type-video status-publish hentry seccion-goimendi-eskola\">\r\n\t\t\t\t\t\t\t\t<div class=\"blog-post-image\">\r\n\t\t\t\t\t\t\t\t\t[vc_video link=\"https:\/\/vimeo.com\/513339464\"]\t\t\t\t\t\t\t\t<\/div>\r\n\t\t\t\t\t\t\t\r\n\t\t\t\t\t\t\t\t<div class=\"blog-post-content-container\">\r\n\t\t\t\t\t\t\t\t\t\t\t\t\t\t\t\t\t\t\r\n\t\t\t\t\t\t\t\t\t<h3 class=\"blog-post-title\">\r\n\t\t\t\t\t\t\t\t\t\t<a href=\"https:\/\/bmf-fvm.org\/eu\/video\/mochila-equipo-y-vestimenta\/\" rel=\"bookmark\">Mochila, equipo y vestimenta<\/a>\r\n\t\t\t\t\t\t\t\t\t<\/h3>\r\n\r\n\t\t\t\t\t\t\t\t\t<div class=\"blog-post-excerpt\">\r\n\t\t\t\t\t\t\t\t\t\t\t\t\t\t\t\t\t\t\t<\/div>\r\n\r\n\t\t\t\t\t\t\t\t\t\t\t\t<div class=\"post-meta category\">\r\n\t\t\t\t<i class=\"icon icon-basic-folder-multiple\"><\/i>\r\n\t\t\t\t<a href='https:\/\/bmf-fvm.org\/eu\/vids\/?seccion=goimendi-eskola' title='Goimendi eskolako bideoak'>Goimendi eskola<\/a>\t\t\t<\/div>\r\n\t\t\t\t\t\t\t\t\t\t<\/div>\r\n\t\t\t\t\t\t\t<\/div>\r\n\t\t\t\t\t\t\t\r\n\t\t\t\t\t\t<\/div>\r\n\t\t\t\t\t\t\r\n\t\t\t\t\t\t\t\t\t\t\t\t\t\t\t\t\t\r\n\t\t\t\t\t\t\t\t\t\t\t\t\r\n\t\t\t\t\t\t<div class=\"blog-post-column\">\r\n\t\t\t\t\t\t\t<div class=\"blog-post-entry post-117089 video type-video status-publish hentry seccion-goimendi-eskola\">\r\n\t\t\t\t\t\t\t\t<div class=\"blog-post-image\">\r\n\t\t\t\t\t\t\t\t\t[vc_video link=\"https:\/\/vimeo.com\/513339711\"]\t\t\t\t\t\t\t\t<\/div>\r\n\t\t\t\t\t\t\t\r\n\t\t\t\t\t\t\t\t<div class=\"blog-post-content-container\">\r\n\t\t\t\t\t\t\t\t\t\t\t\t\t\t\t\t\t\t\r\n\t\t\t\t\t\t\t\t\t<h3 class=\"blog-post-title\">\r\n\t\t\t\t\t\t\t\t\t\t<a href=\"https:\/\/bmf-fvm.org\/eu\/video\/cartografia-y-orientacion\/\" rel=\"bookmark\">Cartograf\u00eda y orientaci\u00f3n<\/a>\r\n\t\t\t\t\t\t\t\t\t<\/h3>\r\n\r\n\t\t\t\t\t\t\t\t\t<div class=\"blog-post-excerpt\">\r\n\t\t\t\t\t\t\t\t\t\t\t\t\t\t\t\t\t\t\t<\/div>\r\n\r\n\t\t\t\t\t\t\t\t\t\t\t\t<div class=\"post-meta category\">\r\n\t\t\t\t<i class=\"icon icon-basic-folder-multiple\"><\/i>\r\n\t\t\t\t<a href='https:\/\/bmf-fvm.org\/eu\/vids\/?seccion=goimendi-eskola' title='Goimendi eskolako bideoak'>Goimendi eskola<\/a>\t\t\t<\/div>\r\n\t\t\t\t\t\t\t\t\t\t<\/div>\r\n\t\t\t\t\t\t\t<\/div>\r\n\t\t\t\t\t\t\t\r\n\t\t\t\t\t\t<\/div>\r\n\t\t\t\t\t\t\r\n\t\t\t\t\t\t\t\t\t\t\t\t\t\t\t<\/div>\r\n\t\t\t\t[\/vc_column_text][vc_btn title=&#8221;Ikusi Goimendi Eskolako bideo guztiak&#8221; size=&#8221;lg&#8221; align=&#8221;right&#8221; i_align=&#8221;right&#8221; i_icon_fontawesome=&#8221;fas fa-angle-right&#8221; add_icon=&#8221;true&#8221; link=&#8221;url:%2Feu%2Fvids%2F%3Fseccion%3Dgoimendi-eskola|title:Goimendi%20Eskola&#8221;][\/vc_column][\/vc_row]<\/p>\n[vc_row][vc_column][vc_text_separator el_class=\"separador-elementos-hijos\" color=\"\" title=\"Erlazionatuak\" title_align=\"separator_align_left\"][\/vc_column][\/vc_row][vc_row  equal_height='yes' el_class='' css='']\r\n\t\t\t\r\n\t\t[vc_column width='1\/5' el_class='cuadro-hijas']\r\n\t\t\t<div class=\"ult-content-box-container  cuadro-foto\" >\t\t<div class=\"ult-content-box\" style=\"background-color:#fafafa;-webkit-transition: all 700ms ease;-moz-transition: all 700ms ease;-ms-transition: all 700ms ease;-o-transition: all 700ms ease;transition: all 700ms ease;\"     data-bg=\"#fafafa\" >\r\n\t\t\t\t\r\n\t\t[vc_single_image\r\n\t\t\tsource='media_library'\r\n\t\t\tcustom_src=''\r\n\t\t\timage='92110'\r\n\t\t\timg_size='cuadro-imagen'\r\n\t\t\talignment='center'\r\n\t\t\tonclick=''\r\n\t\t\tlink='https:\/\/bmf-fvm.org\/eu\/goimendi-eskola\/bgme-ikastaroak\/'\r\n\t\t\tel_class=''\r\n\t\t\tstyle=''\r\n\t\t\tadd_caption=''\r\n\t\t]\r\n\t\r\n\t\t\t\t\r\n\t\t\t\t[vc_column_text el_class='titulo-cuadro']\r\n\t\t\t\t\t<h4><a href=\"https:\/\/bmf-fvm.org\/eu\/goimendi-eskola\/bgme-ikastaroak\/\">BGME ikastaroak<\/a><\/h4>\r\n\t\t\t\t\t\r\n\t\t\t\t[\/vc_column_text]\r\n\t\t\t\t\t<\/div><\/div>\r\n\t\t[\/vc_column]\r\n\t\r\n\t\t[vc_column width='1\/5' el_class='cuadro-hijas']\r\n\t\t\t<div class=\"ult-content-box-container  cuadro-foto\" >\t\t<div class=\"ult-content-box\" style=\"background-color:#fafafa;-webkit-transition: all 700ms ease;-moz-transition: all 700ms ease;-ms-transition: all 700ms ease;-o-transition: all 700ms ease;transition: all 700ms ease;\"     data-bg=\"#fafafa\" >\r\n\t\t\t\t\r\n\t\t[vc_single_image\r\n\t\t\tsource='media_library'\r\n\t\t\tcustom_src=''\r\n\t\t\timage='92285'\r\n\t\t\timg_size='cuadro-imagen'\r\n\t\t\talignment='center'\r\n\t\t\tonclick=''\r\n\t\t\tlink='https:\/\/bmf-fvm.org\/eu\/goimendi-eskola\/txapelketa\/'\r\n\t\t\tel_class=''\r\n\t\t\tstyle=''\r\n\t\t\tadd_caption=''\r\n\t\t]\r\n\t\r\n\t\t\t\t\r\n\t\t\t\t[vc_column_text el_class='titulo-cuadro']\r\n\t\t\t\t\t<h4><a href=\"https:\/\/bmf-fvm.org\/eu\/goimendi-eskola\/txapelketa\/\">Txapelketa<\/a><\/h4>\r\n\t\t\t\t\t\r\n\t\t\t\t[\/vc_column_text]\r\n\t\t\t\t\t<\/div><\/div>\r\n\t\t[\/vc_column]\r\n\t\r\n\t\t[vc_column width='1\/5' el_class='cuadro-hijas']\r\n\t\t\t<div class=\"ult-content-box-container  cuadro-foto\" >\t\t<div class=\"ult-content-box\" style=\"background-color:#fafafa;-webkit-transition: all 700ms ease;-moz-transition: all 700ms ease;-ms-transition: all 700ms ease;-o-transition: all 700ms ease;transition: all 700ms ease;\"     data-bg=\"#fafafa\" >\r\n\t\t\t\t\r\n\t\t[vc_single_image\r\n\t\t\tsource='media_library'\r\n\t\t\tcustom_src=''\r\n\t\t\timage='92179'\r\n\t\t\timg_size='cuadro-imagen'\r\n\t\t\talignment='center'\r\n\t\t\tonclick=''\r\n\t\t\tlink='https:\/\/bmf-fvm.org\/eu\/goimendi-eskola\/ekipamendua\/'\r\n\t\t\tel_class=''\r\n\t\t\tstyle=''\r\n\t\t\tadd_caption=''\r\n\t\t]\r\n\t\r\n\t\t\t\t\r\n\t\t\t\t[vc_column_text el_class='titulo-cuadro']\r\n\t\t\t\t\t<h4><a href=\"https:\/\/bmf-fvm.org\/eu\/goimendi-eskola\/ekipamendua\/\">Ekipamendua<\/a><\/h4>\r\n\t\t\t\t\t\r\n\t\t\t\t[\/vc_column_text]\r\n\t\t\t\t\t<\/div><\/div>\r\n\t\t[\/vc_column]\r\n\t\r\n\t\t[vc_column width='1\/5' el_class='cuadro-hijas']\r\n\t\t\t<div class=\"ult-content-box-container  cuadro-foto\" >\t\t<div class=\"ult-content-box\" style=\"background-color:#fafafa;-webkit-transition: all 700ms ease;-moz-transition: all 700ms ease;-ms-transition: all 700ms ease;-o-transition: all 700ms ease;transition: all 700ms ease;\"     data-bg=\"#fafafa\" >\r\n\t\t\t\t\r\n\t\t[vc_single_image\r\n\t\t\tsource='media_library'\r\n\t\t\tcustom_src=''\r\n\t\t\timage='92499'\r\n\t\t\timg_size='cuadro-imagen'\r\n\t\t\talignment='center'\r\n\t\t\tonclick=''\r\n\t\t\tlink='https:\/\/bmf-fvm.org\/eu\/goimendi-eskola\/eskalada\/'\r\n\t\t\tel_class=''\r\n\t\t\tstyle=''\r\n\t\t\tadd_caption=''\r\n\t\t]\r\n\t\r\n\t\t\t\t\r\n\t\t\t\t[vc_column_text el_class='titulo-cuadro']\r\n\t\t\t\t\t<h4><a href=\"https:\/\/bmf-fvm.org\/eu\/goimendi-eskola\/eskalada\/\">Eskalada<\/a><\/h4>\r\n\t\t\t\t\t\r\n\t\t\t\t[\/vc_column_text]\r\n\t\t\t\t\t<\/div><\/div>\r\n\t\t[\/vc_column]\r\n\t\r\n\t\t[vc_column width='1\/5' el_class='cuadro-hijas']\r\n\t\t\t<div class=\"ult-content-box-container  cuadro-foto\" >\t\t<div class=\"ult-content-box\" style=\"background-color:#fafafa;-webkit-transition: all 700ms ease;-moz-transition: all 700ms ease;-ms-transition: all 700ms ease;-o-transition: all 700ms ease;transition: all 700ms ease;\"     data-bg=\"#fafafa\" >\r\n\t\t\t\t\r\n\t\t[vc_single_image\r\n\t\t\tsource='media_library'\r\n\t\t\tcustom_src=''\r\n\t\t\timage='92494'\r\n\t\t\timg_size='cuadro-imagen'\r\n\t\t\talignment='center'\r\n\t\t\tonclick=''\r\n\t\t\tlink='\/eu\/tecnicos'\r\n\t\t\tel_class=''\r\n\t\t\tstyle=''\r\n\t\t\tadd_caption=''\r\n\t\t]\r\n\t\r\n\t\t\t\t\r\n\t\t\t\t[vc_column_text el_class='titulo-cuadro']\r\n\t\t\t\t\t<h4><a href=\"\/eu\/tecnicos\">BGME-ko Teknikariak<\/a><\/h4>\r\n\t\t\t\t\t\r\n\t\t\t\t[\/vc_column_text]\r\n\t\t\t\t\t<\/div><\/div>\r\n\t\t[\/vc_column]\r\n\t\r\n\t\t[\/vc_row]<\/div>","protected":false},"excerpt":{"rendered":"<p>[vc_row][vc_column][vc_column_text]Bizkaiko Goi Mendi Eskolak (BGME) Bizkaiko Mendizale Federazioaren atala da, eta federatuen formakuntzaz arduratzen da, besteak beste, mendiko, goi-mendiko edo&hellip;<\/p>\n","protected":false},"author":19,"featured_media":0,"parent":0,"menu_order":4,"comment_status":"closed","ping_status":"closed","template":"","meta":{"_acf_changed":false,"footnotes":""},"class_list":["post-71590","page","type-page","status-publish","hentry","seccion-goimendi-eskola"],"acf":[],"yoast_head":"<!-- This site is optimized with the Yoast SEO plugin v27.3 - https:\/\/yoast.com\/product\/yoast-seo-wordpress\/ -->\n<title>Goimendi eskola - Bizkaiko Mendizale Federazioa<\/title>\n<meta name=\"robots\" content=\"index, follow, max-snippet:-1, max-image-preview:large, max-video-preview:-1\" \/>\n<link rel=\"canonical\" href=\"https:\/\/bmf-fvm.org\/eu\/goimendi-eskola\/\" \/>\n<meta property=\"og:locale\" content=\"en_US\" \/>\n<meta property=\"og:type\" content=\"article\" \/>\n<meta property=\"og:title\" content=\"Goimendi eskola - Bizkaiko Mendizale Federazioa\" \/>\n<meta property=\"og:description\" content=\"[vc_row][vc_column][vc_column_text]Bizkaiko Goi Mendi Eskolak (BGME) Bizkaiko Mendizale Federazioaren atala da, eta federatuen formakuntzaz arduratzen da, besteak beste, mendiko, goi-mendiko edo&hellip;\" \/>\n<meta property=\"og:url\" content=\"https:\/\/bmf-fvm.org\/eu\/goimendi-eskola\/\" \/>\n<meta property=\"og:site_name\" content=\"Bizkaiko Mendizale Federazioa\" \/>\n<meta property=\"article:publisher\" content=\"https:\/\/facebook.com\/pages\/Bmf-Fvm\/597553177057267\" \/>\n<meta property=\"article:modified_time\" content=\"2024-02-22T10:08:01+00:00\" \/>\n<meta property=\"og:image\" content=\"https:\/\/bmf-fvm.org\/wp-content\/uploads\/2022\/04\/bmf-fb-logo.jpg\" \/>\n\t<meta property=\"og:image:width\" content=\"200\" \/>\n\t<meta property=\"og:image:height\" content=\"200\" \/>\n\t<meta property=\"og:image:type\" content=\"image\/jpeg\" \/>\n<meta name=\"twitter:card\" content=\"summary_large_image\" \/>\n<meta name=\"twitter:label1\" content=\"Est. reading time\" \/>\n\t<meta name=\"twitter:data1\" content=\"2 minutua\" \/>\n<script type=\"application\/ld+json\" class=\"yoast-schema-graph\">{\"@context\":\"https:\\\/\\\/schema.org\",\"@graph\":[{\"@type\":\"WebPage\",\"@id\":\"https:\\\/\\\/bmf-fvm.org\\\/eu\\\/goimendi-eskola\\\/\",\"url\":\"https:\\\/\\\/bmf-fvm.org\\\/eu\\\/goimendi-eskola\\\/\",\"name\":\"Goimendi eskola - Bizkaiko Mendizale Federazioa\",\"isPartOf\":{\"@id\":\"https:\\\/\\\/bmf-fvm.org\\\/#website\"},\"datePublished\":\"2021-11-25T10:38:46+00:00\",\"dateModified\":\"2024-02-22T10:08:01+00:00\",\"breadcrumb\":{\"@id\":\"https:\\\/\\\/bmf-fvm.org\\\/eu\\\/goimendi-eskola\\\/#breadcrumb\"},\"inLanguage\":\"eu\",\"potentialAction\":[{\"@type\":\"ReadAction\",\"target\":[\"https:\\\/\\\/bmf-fvm.org\\\/eu\\\/goimendi-eskola\\\/\"]}]},{\"@type\":\"BreadcrumbList\",\"@id\":\"https:\\\/\\\/bmf-fvm.org\\\/eu\\\/goimendi-eskola\\\/#breadcrumb\",\"itemListElement\":[{\"@type\":\"ListItem\",\"position\":1,\"name\":\"Portada\",\"item\":\"https:\\\/\\\/bmf-fvm.org\\\/eu\\\/\"},{\"@type\":\"ListItem\",\"position\":2,\"name\":\"Goimendi eskola\"}]},{\"@type\":\"WebSite\",\"@id\":\"https:\\\/\\\/bmf-fvm.org\\\/#website\",\"url\":\"https:\\\/\\\/bmf-fvm.org\\\/\",\"name\":\"Bizkaiko Mendizale Federazioa\",\"description\":\"Bizkaiko Mendizale Federazioa\",\"publisher\":{\"@id\":\"https:\\\/\\\/bmf-fvm.org\\\/#organization\"},\"potentialAction\":[{\"@type\":\"SearchAction\",\"target\":{\"@type\":\"EntryPoint\",\"urlTemplate\":\"https:\\\/\\\/bmf-fvm.org\\\/?s={search_term_string}\"},\"query-input\":{\"@type\":\"PropertyValueSpecification\",\"valueRequired\":true,\"valueName\":\"search_term_string\"}}],\"inLanguage\":\"eu\"},{\"@type\":\"Organization\",\"@id\":\"https:\\\/\\\/bmf-fvm.org\\\/#organization\",\"name\":\"Federaci\u00f3n Vizca\u00edna de Monta\u00f1a\",\"url\":\"https:\\\/\\\/bmf-fvm.org\\\/\",\"logo\":{\"@type\":\"ImageObject\",\"inLanguage\":\"eu\",\"@id\":\"https:\\\/\\\/bmf-fvm.org\\\/#\\\/schema\\\/logo\\\/image\\\/\",\"url\":\"https:\\\/\\\/bmf-fvm.org\\\/wp-content\\\/uploads\\\/2022\\\/03\\\/bmf-logo-trans.png\",\"contentUrl\":\"https:\\\/\\\/bmf-fvm.org\\\/wp-content\\\/uploads\\\/2022\\\/03\\\/bmf-logo-trans.png\",\"width\":41,\"height\":61,\"caption\":\"Federaci\u00f3n Vizca\u00edna de Monta\u00f1a\"},\"image\":{\"@id\":\"https:\\\/\\\/bmf-fvm.org\\\/#\\\/schema\\\/logo\\\/image\\\/\"},\"sameAs\":[\"https:\\\/\\\/facebook.com\\\/pages\\\/Bmf-Fvm\\\/597553177057267\"]}]}<\/script>\n<!-- \/ Yoast SEO plugin. -->","yoast_head_json":{"title":"Goimendi eskola - Bizkaiko Mendizale Federazioa","robots":{"index":"index","follow":"follow","max-snippet":"max-snippet:-1","max-image-preview":"max-image-preview:large","max-video-preview":"max-video-preview:-1"},"canonical":"https:\/\/bmf-fvm.org\/eu\/goimendi-eskola\/","og_locale":"en_US","og_type":"article","og_title":"Goimendi eskola - Bizkaiko Mendizale Federazioa","og_description":"[vc_row][vc_column][vc_column_text]Bizkaiko Goi Mendi Eskolak (BGME) Bizkaiko Mendizale Federazioaren atala da, eta federatuen formakuntzaz arduratzen da, besteak beste, mendiko, goi-mendiko edo&hellip;","og_url":"https:\/\/bmf-fvm.org\/eu\/goimendi-eskola\/","og_site_name":"Bizkaiko Mendizale Federazioa","article_publisher":"https:\/\/facebook.com\/pages\/Bmf-Fvm\/597553177057267","article_modified_time":"2024-02-22T10:08:01+00:00","og_image":[{"width":200,"height":200,"url":"https:\/\/bmf-fvm.org\/wp-content\/uploads\/2022\/04\/bmf-fb-logo.jpg","type":"image\/jpeg"}],"twitter_card":"summary_large_image","twitter_misc":{"Est. reading time":"2 minutua"},"schema":{"@context":"https:\/\/schema.org","@graph":[{"@type":"WebPage","@id":"https:\/\/bmf-fvm.org\/eu\/goimendi-eskola\/","url":"https:\/\/bmf-fvm.org\/eu\/goimendi-eskola\/","name":"Goimendi eskola - Bizkaiko Mendizale Federazioa","isPartOf":{"@id":"https:\/\/bmf-fvm.org\/#website"},"datePublished":"2021-11-25T10:38:46+00:00","dateModified":"2024-02-22T10:08:01+00:00","breadcrumb":{"@id":"https:\/\/bmf-fvm.org\/eu\/goimendi-eskola\/#breadcrumb"},"inLanguage":"eu","potentialAction":[{"@type":"ReadAction","target":["https:\/\/bmf-fvm.org\/eu\/goimendi-eskola\/"]}]},{"@type":"BreadcrumbList","@id":"https:\/\/bmf-fvm.org\/eu\/goimendi-eskola\/#breadcrumb","itemListElement":[{"@type":"ListItem","position":1,"name":"Portada","item":"https:\/\/bmf-fvm.org\/eu\/"},{"@type":"ListItem","position":2,"name":"Goimendi eskola"}]},{"@type":"WebSite","@id":"https:\/\/bmf-fvm.org\/#website","url":"https:\/\/bmf-fvm.org\/","name":"Bizkaiko Mendizale Federazioa","description":"Bizkaiko Mendizale Federazioa","publisher":{"@id":"https:\/\/bmf-fvm.org\/#organization"},"potentialAction":[{"@type":"SearchAction","target":{"@type":"EntryPoint","urlTemplate":"https:\/\/bmf-fvm.org\/?s={search_term_string}"},"query-input":{"@type":"PropertyValueSpecification","valueRequired":true,"valueName":"search_term_string"}}],"inLanguage":"eu"},{"@type":"Organization","@id":"https:\/\/bmf-fvm.org\/#organization","name":"Federaci\u00f3n Vizca\u00edna de Monta\u00f1a","url":"https:\/\/bmf-fvm.org\/","logo":{"@type":"ImageObject","inLanguage":"eu","@id":"https:\/\/bmf-fvm.org\/#\/schema\/logo\/image\/","url":"https:\/\/bmf-fvm.org\/wp-content\/uploads\/2022\/03\/bmf-logo-trans.png","contentUrl":"https:\/\/bmf-fvm.org\/wp-content\/uploads\/2022\/03\/bmf-logo-trans.png","width":41,"height":61,"caption":"Federaci\u00f3n Vizca\u00edna de Monta\u00f1a"},"image":{"@id":"https:\/\/bmf-fvm.org\/#\/schema\/logo\/image\/"},"sameAs":["https:\/\/facebook.com\/pages\/Bmf-Fvm\/597553177057267"]}]}},"_links":{"self":[{"href":"https:\/\/bmf-fvm.org\/eu\/wp-json\/wp\/v2\/pages\/71590","targetHints":{"allow":["GET"]}}],"collection":[{"href":"https:\/\/bmf-fvm.org\/eu\/wp-json\/wp\/v2\/pages"}],"about":[{"href":"https:\/\/bmf-fvm.org\/eu\/wp-json\/wp\/v2\/types\/page"}],"author":[{"embeddable":true,"href":"https:\/\/bmf-fvm.org\/eu\/wp-json\/wp\/v2\/users\/19"}],"replies":[{"embeddable":true,"href":"https:\/\/bmf-fvm.org\/eu\/wp-json\/wp\/v2\/comments?post=71590"}],"version-history":[{"count":0,"href":"https:\/\/bmf-fvm.org\/eu\/wp-json\/wp\/v2\/pages\/71590\/revisions"}],"wp:attachment":[{"href":"https:\/\/bmf-fvm.org\/eu\/wp-json\/wp\/v2\/media?parent=71590"}],"curies":[{"name":"wp","href":"https:\/\/api.w.org\/{rel}","templated":true}]}}