{"id":71269,"date":"2018-07-10T12:52:37","date_gmt":"2018-07-10T10:52:37","guid":{"rendered":"https:\/\/bmf-fvm.org\/harremanetarako\/"},"modified":"2025-04-22T13:47:52","modified_gmt":"2025-04-22T11:47:52","slug":"harremanetarako","status":"publish","type":"page","link":"https:\/\/bmf-fvm.org\/eu\/harremanetarako\/","title":{"rendered":"Harremanetarako"},"content":{"rendered":"<div class=\"wpb-content-wrapper\"><p>[vc_row][vc_column width=&#8221;5\/12&#8243; css=&#8221;.vc_custom_1508324578283{padding-top: 25px !important;}&#8221;][lab_heading title_tag=&#8221;H3&#8243; title=&#8221;JARRI GUREKIN HARREMANETAN&#8221;][\/lab_heading][lab_contact_form name_title=&#8221;Izena:&#8221; email_title=&#8221;E-posta:&#8221; message_title=&#8221;Mezua:&#8221; show_subject_field=&#8221;&#8221; submit_title=&#8221;Bidali&#8221; submit_success=&#8221;Mezua bidali da&#8221; alert_errors=&#8221;&#8221; privacy_policy_text=&#8221;#E-8_SXJha3VycmklMjBldGElMjBvbmFydHplbiUyMGRpdHV0JTIwJTNDYSUyMGhyZWYlM0QlMjIlMkZldSUyRnByaWJhdHV0YXN1bi1wb2xpdGlrYSUyRiUyMiUzRXByaWJhdHV0YXN1bi1wb2xpdGlrYSUzQyUyRmElM0U=&#8221; email_receiver=&#8221;info@bmf-fvm.org&#8221; css=&#8221;.vc_custom_1654155769494{margin-bottom: 0px !important;}&#8221;][vc_column_text]<div class='aviso-legal'><p>Zure datu pertsonalak BIZKAIKO MENDIZALE FEDERAZIOAren ardurapeko fitxategietara eta tratamenduetara gehitu dira. Horren legitimazioa eta helburuak izango dira inskripzioak izapidetzeko, mendiko kirol-jarduerak antolatzeko eta sustatzeko, harremanari eusteko eta interesgarria den informazioa eskaintzeko, bai eta kontabilitatea, zerga eta administrazioa kudeatzeko ere. Baimenik ematen ez bada, kirol-jarduera ezin izango da egin. Datu horiek ez zaizkio beste ezein erakunderi lagako zure baimenik gabe, legez aurreikusitako lagapenak izan ezik.<\/p>\n<p>Zure eskubideak baliatzeko (datuetara sartzea, horiek zuzentzea, tratamendua mugatzea, datuak ezabatzea, datuen eramangarritasuna eskatzea eta tratamenduari aurka egitea) eta emandako baimena atzera botatzeko, idazki bat bidali behar duzu, honako helbide honetara: Mart\u00edn Barua Picaza kalea, 27 - 4\u00ba, 48003, Bilbao (Bizkaia) edo helbide elektroniko honetara: info@bmf-fvm.org. Zure eskubideak aintzat hartu ezean, erreklamazioa ere aurkez dezakezu Datuak Babesteko Espainiako Agentzian. Zure datu pertsonalen tratamenduari buruzko informazio gehiago www.bmf-fvm.org webgunean aurkituko duzu. <\/p>\n<\/div>[\/vc_column_text][\/vc_column][vc_column width=&#8221;1\/12&#8243;][\/vc_column][vc_column width=&#8221;6\/12&#8243; el_class=&#8221;contact-map-column&#8221;][vc_column_text]<div class=\"leaflet-map WPLeafletMap\" style=\"height:670px; width:100%;\"><\/div><script>\nwindow.WPLeafletMapPlugin = window.WPLeafletMapPlugin || [];\nwindow.WPLeafletMapPlugin.push(function WPLeafletMapShortcode() {\/*<script>*\/\nvar baseUrl = atob('aHR0cHM6Ly97c30udGlsZS5vcGVuc3RyZWV0bWFwLm9yZy97en0ve3h9L3t5fS5wbmc=');\nvar base = (!baseUrl && window.MQ) ?\n    window.MQ.mapLayer() : L.tileLayer(baseUrl,\n        L.Util.extend({}, {\n            detectRetina: 1,\n        },\n        {\"subdomains\":\"abc\",\"noWrap\":false,\"maxZoom\":20}        )\n    );\n    var options = L.Util.extend({}, {\n        layers: [base],\n        attributionControl: false\n    },\n    {\"zoomControl\":true,\"scrollWheelZoom\":true,\"doubleClickZoom\":true,\"fitBounds\":false,\"minZoom\":0,\"maxZoom\":20,\"maxBounds\":null,\"attribution\":\"<a href=\\\"http:\\\/\\\/leafletjs.com\\\" title=\\\"Una biblioteca JS para mapas interactivos\\\">Leaflet<\\\/a>; \\u00a9 <a href=\\\"http:\\\/\\\/www.openstreetmap.org\\\/copyright\\\">OpenStreetMap<\\\/a> colaboradores\"},\n    {});\nwindow.WPLeafletMapPlugin.createMap(options).setView([43.247626505838,-2.9277965601299],17);});<\/script><br \/>\n<script>\nwindow.WPLeafletMapPlugin = window.WPLeafletMapPlugin || [];\nwindow.WPLeafletMapPlugin.push(function WPLeafletMarkerShortcode() {\/*<script>*\/\nvar map = window.WPLeafletMapPlugin.getCurrentMap();\nvar group = window.WPLeafletMapPlugin.getCurrentGroup();\nvar marker_options = window.WPLeafletMapPlugin.getIconOptions({});\nvar marker = L.marker(\n    [0,0],\n    marker_options\n);\nvar is_image = map.is_image_map;\n    marker.setLatLng( map.getCenter() );\nif (marker_options.draggable) {\n    marker.on('dragend', function () {\n        var latlng = this.getLatLng();\n        var lat = latlng.lat;\n        var lng = latlng.lng;\n        if (is_image) {\n            console.log('leaflet-marker y=' + lat + ' x=' + lng);\n        } else {\n            console.log('leaflet-marker lat=' + lat + ' lng=' + lng);\n        }\n    });\n}\nmarker.addTo( group );\nmarker.bindPopup(window.WPLeafletMapPlugin.unescape('Bizkaiko Mendizale Federazioa'));window.WPLeafletMapPlugin.markers.push( marker );\n        });<\/script>[\/vc_column_text][\/vc_column][\/vc_row]<\/p>\n<\/div>","protected":false},"excerpt":{"rendered":"<p>[vc_row][vc_column width=&#8221;5\/12&#8243; css=&#8221;.vc_custom_1508324578283{padding-top: 25px !important;}&#8221;][lab_heading title_tag=&#8221;H3&#8243; title=&#8221;JARRI GUREKIN HARREMANETAN&#8221;][\/lab_heading][lab_contact_form name_title=&#8221;Izena:&#8221; email_title=&#8221;E-posta:&#8221; message_title=&#8221;Mezua:&#8221; show_subject_field=&#8221;&#8221; submit_title=&#8221;Bidali&#8221; submit_success=&#8221;Mezua bidali da&#8221; alert_errors=&#8221;&#8221; privacy_policy_text=&#8221;#E-8_SXJha3VycmklMjBldGElMjBvbmFydHplbiUyMGRpdHV0JTIwJTNDYSUyMGhyZWYlM0QlMjIlMkZldSUyRnByaWJhdHV0YXN1bi1wb2xpdGlrYSUyRiUyMiUzRXByaWJhdHV0YXN1bi1wb2xpdGlrYSUzQyUyRmElM0U=&#8221; email_receiver=&#8221;info@bmf-fvm.org&#8221;&hellip;<\/p>\n","protected":false},"author":1,"featured_media":0,"parent":0,"menu_order":23,"comment_status":"closed","ping_status":"closed","template":"","meta":{"_acf_changed":false,"footnotes":""},"class_list":["post-71269","page","type-page","status-publish","hentry"],"acf":[],"yoast_head":"<!-- This site is optimized with the Yoast SEO plugin v27.3 - https:\/\/yoast.com\/product\/yoast-seo-wordpress\/ -->\n<title>Harremanetarako - Bizkaiko Mendizale Federazioa<\/title>\n<meta name=\"robots\" content=\"index, follow, max-snippet:-1, max-image-preview:large, max-video-preview:-1\" \/>\n<link rel=\"canonical\" href=\"https:\/\/bmf-fvm.org\/eu\/harremanetarako\/\" \/>\n<meta property=\"og:locale\" content=\"en_US\" \/>\n<meta property=\"og:type\" content=\"article\" \/>\n<meta property=\"og:title\" content=\"Harremanetarako - Bizkaiko Mendizale Federazioa\" \/>\n<meta property=\"og:description\" content=\"[vc_row][vc_column width=&#8221;5\/12&#8243; css=&#8221;.vc_custom_1508324578283{padding-top: 25px !important;}&#8221;][lab_heading title_tag=&#8221;H3&#8243; title=&#8221;JARRI GUREKIN HARREMANETAN&#8221;][\/lab_heading][lab_contact_form name_title=&#8221;Izena:&#8221; email_title=&#8221;E-posta:&#8221; message_title=&#8221;Mezua:&#8221; show_subject_field=&#8221;&#8221; submit_title=&#8221;Bidali&#8221; submit_success=&#8221;Mezua bidali da&#8221; alert_errors=&#8221;&#8221; privacy_policy_text=&#8221;#E-8_SXJha3VycmklMjBldGElMjBvbmFydHplbiUyMGRpdHV0JTIwJTNDYSUyMGhyZWYlM0QlMjIlMkZldSUyRnByaWJhdHV0YXN1bi1wb2xpdGlrYSUyRiUyMiUzRXByaWJhdHV0YXN1bi1wb2xpdGlrYSUzQyUyRmElM0U=&#8221; email_receiver=&#8221;info@bmf-fvm.org&#8221;&hellip;\" \/>\n<meta property=\"og:url\" content=\"https:\/\/bmf-fvm.org\/eu\/harremanetarako\/\" \/>\n<meta property=\"og:site_name\" content=\"Bizkaiko Mendizale Federazioa\" \/>\n<meta property=\"article:publisher\" content=\"https:\/\/facebook.com\/pages\/Bmf-Fvm\/597553177057267\" \/>\n<meta property=\"article:modified_time\" content=\"2025-04-22T11:47:52+00:00\" \/>\n<meta property=\"og:image\" content=\"https:\/\/bmf-fvm.org\/wp-content\/uploads\/2022\/04\/bmf-fb-logo.jpg\" \/>\n\t<meta property=\"og:image:width\" content=\"200\" \/>\n\t<meta property=\"og:image:height\" content=\"200\" \/>\n\t<meta property=\"og:image:type\" content=\"image\/jpeg\" \/>\n<meta name=\"twitter:card\" content=\"summary_large_image\" \/>\n<meta name=\"twitter:label1\" content=\"Est. reading time\" \/>\n\t<meta name=\"twitter:data1\" content=\"1 minutua\" \/>\n<script type=\"application\/ld+json\" class=\"yoast-schema-graph\">{\"@context\":\"https:\\\/\\\/schema.org\",\"@graph\":[{\"@type\":\"WebPage\",\"@id\":\"https:\\\/\\\/bmf-fvm.org\\\/eu\\\/harremanetarako\\\/\",\"url\":\"https:\\\/\\\/bmf-fvm.org\\\/eu\\\/harremanetarako\\\/\",\"name\":\"Harremanetarako - Bizkaiko Mendizale Federazioa\",\"isPartOf\":{\"@id\":\"https:\\\/\\\/bmf-fvm.org\\\/#website\"},\"datePublished\":\"2018-07-10T10:52:37+00:00\",\"dateModified\":\"2025-04-22T11:47:52+00:00\",\"breadcrumb\":{\"@id\":\"https:\\\/\\\/bmf-fvm.org\\\/eu\\\/harremanetarako\\\/#breadcrumb\"},\"inLanguage\":\"eu\",\"potentialAction\":[{\"@type\":\"ReadAction\",\"target\":[\"https:\\\/\\\/bmf-fvm.org\\\/eu\\\/harremanetarako\\\/\"]}]},{\"@type\":\"BreadcrumbList\",\"@id\":\"https:\\\/\\\/bmf-fvm.org\\\/eu\\\/harremanetarako\\\/#breadcrumb\",\"itemListElement\":[{\"@type\":\"ListItem\",\"position\":1,\"name\":\"Portada\",\"item\":\"https:\\\/\\\/bmf-fvm.org\\\/eu\\\/\"},{\"@type\":\"ListItem\",\"position\":2,\"name\":\"Harremanetarako\"}]},{\"@type\":\"WebSite\",\"@id\":\"https:\\\/\\\/bmf-fvm.org\\\/#website\",\"url\":\"https:\\\/\\\/bmf-fvm.org\\\/\",\"name\":\"Bizkaiko Mendizale Federazioa\",\"description\":\"Bizkaiko Mendizale Federazioa\",\"publisher\":{\"@id\":\"https:\\\/\\\/bmf-fvm.org\\\/#organization\"},\"potentialAction\":[{\"@type\":\"SearchAction\",\"target\":{\"@type\":\"EntryPoint\",\"urlTemplate\":\"https:\\\/\\\/bmf-fvm.org\\\/?s={search_term_string}\"},\"query-input\":{\"@type\":\"PropertyValueSpecification\",\"valueRequired\":true,\"valueName\":\"search_term_string\"}}],\"inLanguage\":\"eu\"},{\"@type\":\"Organization\",\"@id\":\"https:\\\/\\\/bmf-fvm.org\\\/#organization\",\"name\":\"Federaci\u00f3n Vizca\u00edna de Monta\u00f1a\",\"url\":\"https:\\\/\\\/bmf-fvm.org\\\/\",\"logo\":{\"@type\":\"ImageObject\",\"inLanguage\":\"eu\",\"@id\":\"https:\\\/\\\/bmf-fvm.org\\\/#\\\/schema\\\/logo\\\/image\\\/\",\"url\":\"https:\\\/\\\/bmf-fvm.org\\\/wp-content\\\/uploads\\\/2022\\\/03\\\/bmf-logo-trans.png\",\"contentUrl\":\"https:\\\/\\\/bmf-fvm.org\\\/wp-content\\\/uploads\\\/2022\\\/03\\\/bmf-logo-trans.png\",\"width\":41,\"height\":61,\"caption\":\"Federaci\u00f3n Vizca\u00edna de Monta\u00f1a\"},\"image\":{\"@id\":\"https:\\\/\\\/bmf-fvm.org\\\/#\\\/schema\\\/logo\\\/image\\\/\"},\"sameAs\":[\"https:\\\/\\\/facebook.com\\\/pages\\\/Bmf-Fvm\\\/597553177057267\"]}]}<\/script>\n<!-- \/ Yoast SEO plugin. -->","yoast_head_json":{"title":"Harremanetarako - Bizkaiko Mendizale Federazioa","robots":{"index":"index","follow":"follow","max-snippet":"max-snippet:-1","max-image-preview":"max-image-preview:large","max-video-preview":"max-video-preview:-1"},"canonical":"https:\/\/bmf-fvm.org\/eu\/harremanetarako\/","og_locale":"en_US","og_type":"article","og_title":"Harremanetarako - Bizkaiko Mendizale Federazioa","og_description":"[vc_row][vc_column width=&#8221;5\/12&#8243; css=&#8221;.vc_custom_1508324578283{padding-top: 25px !important;}&#8221;][lab_heading title_tag=&#8221;H3&#8243; title=&#8221;JARRI GUREKIN HARREMANETAN&#8221;][\/lab_heading][lab_contact_form name_title=&#8221;Izena:&#8221; email_title=&#8221;E-posta:&#8221; message_title=&#8221;Mezua:&#8221; show_subject_field=&#8221;&#8221; submit_title=&#8221;Bidali&#8221; submit_success=&#8221;Mezua bidali da&#8221; alert_errors=&#8221;&#8221; privacy_policy_text=&#8221;#E-8_SXJha3VycmklMjBldGElMjBvbmFydHplbiUyMGRpdHV0JTIwJTNDYSUyMGhyZWYlM0QlMjIlMkZldSUyRnByaWJhdHV0YXN1bi1wb2xpdGlrYSUyRiUyMiUzRXByaWJhdHV0YXN1bi1wb2xpdGlrYSUzQyUyRmElM0U=&#8221; email_receiver=&#8221;info@bmf-fvm.org&#8221;&hellip;","og_url":"https:\/\/bmf-fvm.org\/eu\/harremanetarako\/","og_site_name":"Bizkaiko Mendizale Federazioa","article_publisher":"https:\/\/facebook.com\/pages\/Bmf-Fvm\/597553177057267","article_modified_time":"2025-04-22T11:47:52+00:00","og_image":[{"width":200,"height":200,"url":"https:\/\/bmf-fvm.org\/wp-content\/uploads\/2022\/04\/bmf-fb-logo.jpg","type":"image\/jpeg"}],"twitter_card":"summary_large_image","twitter_misc":{"Est. reading time":"1 minutua"},"schema":{"@context":"https:\/\/schema.org","@graph":[{"@type":"WebPage","@id":"https:\/\/bmf-fvm.org\/eu\/harremanetarako\/","url":"https:\/\/bmf-fvm.org\/eu\/harremanetarako\/","name":"Harremanetarako - Bizkaiko Mendizale Federazioa","isPartOf":{"@id":"https:\/\/bmf-fvm.org\/#website"},"datePublished":"2018-07-10T10:52:37+00:00","dateModified":"2025-04-22T11:47:52+00:00","breadcrumb":{"@id":"https:\/\/bmf-fvm.org\/eu\/harremanetarako\/#breadcrumb"},"inLanguage":"eu","potentialAction":[{"@type":"ReadAction","target":["https:\/\/bmf-fvm.org\/eu\/harremanetarako\/"]}]},{"@type":"BreadcrumbList","@id":"https:\/\/bmf-fvm.org\/eu\/harremanetarako\/#breadcrumb","itemListElement":[{"@type":"ListItem","position":1,"name":"Portada","item":"https:\/\/bmf-fvm.org\/eu\/"},{"@type":"ListItem","position":2,"name":"Harremanetarako"}]},{"@type":"WebSite","@id":"https:\/\/bmf-fvm.org\/#website","url":"https:\/\/bmf-fvm.org\/","name":"Bizkaiko Mendizale Federazioa","description":"Bizkaiko Mendizale Federazioa","publisher":{"@id":"https:\/\/bmf-fvm.org\/#organization"},"potentialAction":[{"@type":"SearchAction","target":{"@type":"EntryPoint","urlTemplate":"https:\/\/bmf-fvm.org\/?s={search_term_string}"},"query-input":{"@type":"PropertyValueSpecification","valueRequired":true,"valueName":"search_term_string"}}],"inLanguage":"eu"},{"@type":"Organization","@id":"https:\/\/bmf-fvm.org\/#organization","name":"Federaci\u00f3n Vizca\u00edna de Monta\u00f1a","url":"https:\/\/bmf-fvm.org\/","logo":{"@type":"ImageObject","inLanguage":"eu","@id":"https:\/\/bmf-fvm.org\/#\/schema\/logo\/image\/","url":"https:\/\/bmf-fvm.org\/wp-content\/uploads\/2022\/03\/bmf-logo-trans.png","contentUrl":"https:\/\/bmf-fvm.org\/wp-content\/uploads\/2022\/03\/bmf-logo-trans.png","width":41,"height":61,"caption":"Federaci\u00f3n Vizca\u00edna de Monta\u00f1a"},"image":{"@id":"https:\/\/bmf-fvm.org\/#\/schema\/logo\/image\/"},"sameAs":["https:\/\/facebook.com\/pages\/Bmf-Fvm\/597553177057267"]}]}},"_links":{"self":[{"href":"https:\/\/bmf-fvm.org\/eu\/wp-json\/wp\/v2\/pages\/71269","targetHints":{"allow":["GET"]}}],"collection":[{"href":"https:\/\/bmf-fvm.org\/eu\/wp-json\/wp\/v2\/pages"}],"about":[{"href":"https:\/\/bmf-fvm.org\/eu\/wp-json\/wp\/v2\/types\/page"}],"author":[{"embeddable":true,"href":"https:\/\/bmf-fvm.org\/eu\/wp-json\/wp\/v2\/users\/1"}],"replies":[{"embeddable":true,"href":"https:\/\/bmf-fvm.org\/eu\/wp-json\/wp\/v2\/comments?post=71269"}],"version-history":[{"count":0,"href":"https:\/\/bmf-fvm.org\/eu\/wp-json\/wp\/v2\/pages\/71269\/revisions"}],"wp:attachment":[{"href":"https:\/\/bmf-fvm.org\/eu\/wp-json\/wp\/v2\/media?parent=71269"}],"curies":[{"name":"wp","href":"https:\/\/api.w.org\/{rel}","templated":true}]}}