{"id":71259,"date":"2010-05-24T10:36:48","date_gmt":"2010-05-24T08:36:48","guid":{"rendered":"https:\/\/bmf-fvm.org\/lege-oharra\/"},"modified":"2022-11-04T17:00:59","modified_gmt":"2022-11-04T16:00:59","slug":"lege-oharra","status":"publish","type":"page","link":"https:\/\/bmf-fvm.org\/eu\/lege-oharra\/","title":{"rendered":"Lege-oharra"},"content":{"rendered":"<div class=\"wpb-content-wrapper\"><p>[vc_row][vc_column][vc_column_text]<\/p>\n<h3>1. Enpresaren datuak<\/h3>\n<p>Informazioaren gizarteko zerbitzuei eta merkataritza elektronikoari buruzko uztailaren 11ko 34\/2002 Legearen 10. artikuluan xedatutakoa betez, hona hemen enpresaren identifikazio-datuak.<\/p>\n<ul>\n<li>Entitatearen izena: <strong>FEDERACI\u00d3N VIZCAINA DE MONTA\u00d1A &#8211; BIZKAIKO MENDIZALE FEDERAZIOA<\/strong><\/li>\n<li>IFK\/IFZ: <strong>G48200208<\/strong><\/li>\n<li>Egoitza soziala: <strong>Mart\u00edn Barua Picaza kalea, 27 &#8211; 4\u00ba, 48003 Bilbao (Bizkaia)<\/strong><\/li>\n<li>Eusko Jaurlaritzako Kirol Erakundeen erregistroan inskribatua: 35.erregiztro zenbakia<\/li>\n<li>Telefonoa: <strong>944431734<\/strong><\/li>\n<li>Helbide elektronikoa: <strong>info@bmf-fvm.org<\/strong><\/li>\n<\/ul>\n<h3>2. Jabetza intelektuala<\/h3>\n<p>Webgune honen iturri-kodea, diseinu grafikoak, irudiak, argazkiak, soinuak, animazioak, softwarea, testuak, informazioa eta edukiak jabetza intelektualeko eta industrialeko eskubideei buruzko Espainiako legediak babesten ditu FEDERACI\u00d3N VIZCAINA DE MONTA\u00d1A &#8211; BIZKAIKO MENDIZALE FEDERAZIOAren alde, eta ezin da webgunea guztiz edo partzialki birsortu eta\/edo argitaratu, informatikoki tratatu, banatu, hedatu, aldatu, eraldatu edo deskonpilatu, ezta titularrari legez aitortutako bestelako eskubiderik erabili ere, FEDERACI\u00d3N VIZCAINA DE MONTA\u00d1A &#8211; BIZKAIKO MENDIZALE FEDERAZIOAren aurretiko eta idatzizko baimenik gabe.<\/p>\n<p>Erabiltzaileak modu pertsonal eta pribatuan bakarrik erabil dezake webgune honetan agertzen den materiala, eta debekatuta dago merkataritza-helburuetarako edo legez kontra erabiltzea. Jabetza intelektualeko eskubide guztiak FEDERACI\u00d3N VIZCAINA DE MONTA\u00d1A &#8211; BIZKAIKO MENDIZALE FEDERAZIOArenak dira.<\/p>\n<p>FEDERACI\u00d3N VIZCAINA DE MONTA\u00d1A &#8211; BIZKAIKO MENDIZALE FEDERAZIOAk aurretik jasotako baldintza horiek betetzen direla eta webgunean jasotako edukiak behar bezala erabiltzen direla zainduko du, eta dagozkion ekintza zibil eta penal guztiak baliatuko ditu erabiltzaileak arau-hausteren bat egiten badu edo baldintzok betetzen ez baditu.<\/p>\n<h3>3. Datu pertsonalen babesa<\/h3>\n<p>Zure datu pertsonalen tratamenduari buruzko informazio zehatza webgune honetako &#8220;Pribatutasun politika&#8221; atalean aurkituko duzu.<\/p>\n<h3>4. Askotarikoak<\/h3>\n<ol>\n<li>FEDERACI\u00d3N VIZCAINA DE MONTA\u00d1A &#8211; BIZKAIKO MENDIZALE FEDERAZIOAk aldatu ahal izango du, aurretik jakinarazi gabe, webgunean jasotako informazioa, baita haren konfigurazioa eta aurkezpena ere.<\/li>\n<li>FEDERACI\u00d3N VIZCAINA DE MONTA\u00d1A &#8211; BIZKAIKO MENDIZALE FEDERAZIOAk konpromisoa hartzen du bitarteko honen bidez PUBLIZITATE ENGAINAGARRIRIK EZ EGITEKO. Ondorio horietarako, ez dira publizitate engainagarritzat joko FEDERACI\u00d3N VIZCAINA DE MONTA\u00d1A &#8211; BIZKAIKO MENDIZALE FEDERAZIOAren webguneko ataletako edukian izan daitezkeen eta informazioaren mantentzea eta\/edo eguneraketa guztiz ez egitearen edo gaizki egitearen ondoriozkoak diren akats formal edo zenbakizkoak. FEDERACI\u00d3N VIZCAINA DE MONTA\u00d1A &#8211; BIZKAIKO MENDIZALE FEDERAZIOAk, atal honetan xedatutakoaren ondorioz, akatsok horien berri izan bezain laster konponduko ditu.<\/li>\n<li>FEDERACI\u00d3N VIZCAINA DE MONTA\u00d1A &#8211; BIZKAIKO MENDIZALE FEDERAZIOAk EZ DU MERKATARITZA-KOMUNIKAZIORIK BIDALIKO HALAKOAK DIRELA JAKINARAZI GABE, Informazioaren gizarteko zerbitzuei eta merkataritza elektronikoari buruzko 34\/2002 Legean xedatutakoarekin bat. Ondorio horietarako, ez da merkataritza-komunikaziotzat joko FEDERACI\u00d3N VIZCAINA DE MONTA\u00d1A &#8211; BIZKAIKO MENDIZALE FEDERAZIOAren FEDERATUEI bidaltzen zaien informazioa, baldin eta horren helburua federatuen eta FEDERACI\u00d3N VIZCAINA DE MONTA\u00d1A &#8211; BIZKAIKO MENDIZALE FEDERAZIOAren arteko harremanari eustea bada, baita interesgarria den informazioa emateko.<\/li>\n<li>Erabiltzaileak, webgune honetara sartzen denean edo horretan jasotako informazioak erabiltzen dituenean, arau aplikagarririk urratzen badu, FEDERACI\u00d3N VIZCAINA DE MONTA\u00d1A &#8211; BIZKAIKO MENDIZALE FEDERAZIOA ez da horren erantzule izango.<\/li>\n<li>FEDERACI\u00d3N VIZCAINA DE MONTA\u00d1A &#8211; BIZKAIKO MENDIZALE FEDERAZIOA ez da webgune honetako informazioa, materiak eta programak erabiltzearen ondoriozko kalte eta galeren erantzule izango, horien izaera gorabehera. Erabiltzaileari webgune honen bidez hirugarrenek eskaintzen dituzten prestazio eta zerbitzuetara sartzeko aukera ematen dieten estekak (linkak) eta hipertestua ez daude FEDERACI\u00d3N VIZCAINA DE MONTA\u00d1A &#8211; BIZKAIKO MENDIZALE FEDERAZIOAren kontrolpean; hortaz, erakundea ez da horietan jasotako informazioaren erantzule, ezta informazio horren ondoriozko efektuen erantzule ere.<\/li>\n<li>Hirugarren aldeek legez kontra erabiltzen badituzte aipatu erakundearenak izan gabe webgunean agertzen diren marka-izenak, produktu-izenak, merkataritza-markak, FEDERACI\u00d3N VIZCAINA DE MONTA\u00d1A &#8211; BIZKAIKO MENDIZALE FEDERAZIOA ez da horren erantzule izango. Ez da, halaber, webgune honetatik beste batzuetara joateko esteketako edukiaren osotasunaren, egiazkotasunaren eta zilegitasunaren erantzule izango.<\/li>\n<li>Azken batean, erabiltzaileak webgunean agertzen diren zerbitzuak, edukiak, estekak (linkak) eta hipertestuak nola erabiltzen dituen, horren erantzule bakar izango da.<\/li>\n<\/ol>\n<p>[\/vc_column_text][\/vc_column][\/vc_row]<\/p>\n<\/div>","protected":false},"excerpt":{"rendered":"<p>[vc_row][vc_column][vc_column_text] 1. Enpresaren datuak Informazioaren gizarteko zerbitzuei eta merkataritza elektronikoari buruzko uztailaren 11ko 34\/2002 Legearen 10. artikuluan xedatutakoa betez, hona&hellip;<\/p>\n","protected":false},"author":1,"featured_media":0,"parent":0,"menu_order":33,"comment_status":"closed","ping_status":"closed","template":"","meta":{"_acf_changed":false,"footnotes":""},"class_list":["post-71259","page","type-page","status-publish","hentry"],"acf":[],"yoast_head":"<!-- This site is optimized with the Yoast SEO plugin v27.3 - https:\/\/yoast.com\/product\/yoast-seo-wordpress\/ -->\n<title>Lege-oharra - Bizkaiko Mendizale Federazioa<\/title>\n<meta name=\"robots\" content=\"index, follow, max-snippet:-1, max-image-preview:large, max-video-preview:-1\" \/>\n<link rel=\"canonical\" href=\"https:\/\/bmf-fvm.org\/eu\/lege-oharra\/\" \/>\n<meta property=\"og:locale\" content=\"en_US\" \/>\n<meta property=\"og:type\" content=\"article\" \/>\n<meta property=\"og:title\" content=\"Lege-oharra - Bizkaiko Mendizale Federazioa\" \/>\n<meta property=\"og:description\" content=\"[vc_row][vc_column][vc_column_text] 1. Enpresaren datuak Informazioaren gizarteko zerbitzuei eta merkataritza elektronikoari buruzko uztailaren 11ko 34\/2002 Legearen 10. artikuluan xedatutakoa betez, hona&hellip;\" \/>\n<meta property=\"og:url\" content=\"https:\/\/bmf-fvm.org\/eu\/lege-oharra\/\" \/>\n<meta property=\"og:site_name\" content=\"Bizkaiko Mendizale Federazioa\" \/>\n<meta property=\"article:publisher\" content=\"https:\/\/facebook.com\/pages\/Bmf-Fvm\/597553177057267\" \/>\n<meta property=\"article:modified_time\" content=\"2022-11-04T16:00:59+00:00\" \/>\n<meta property=\"og:image\" content=\"https:\/\/bmf-fvm.org\/wp-content\/uploads\/2022\/04\/bmf-fb-logo.jpg\" \/>\n\t<meta property=\"og:image:width\" content=\"200\" \/>\n\t<meta property=\"og:image:height\" content=\"200\" \/>\n\t<meta property=\"og:image:type\" content=\"image\/jpeg\" \/>\n<meta name=\"twitter:card\" content=\"summary_large_image\" \/>\n<meta name=\"twitter:label1\" content=\"Est. reading time\" \/>\n\t<meta name=\"twitter:data1\" content=\"3 minutua\" \/>\n<script type=\"application\/ld+json\" class=\"yoast-schema-graph\">{\"@context\":\"https:\\\/\\\/schema.org\",\"@graph\":[{\"@type\":\"WebPage\",\"@id\":\"https:\\\/\\\/bmf-fvm.org\\\/eu\\\/lege-oharra\\\/\",\"url\":\"https:\\\/\\\/bmf-fvm.org\\\/eu\\\/lege-oharra\\\/\",\"name\":\"Lege-oharra - Bizkaiko Mendizale Federazioa\",\"isPartOf\":{\"@id\":\"https:\\\/\\\/bmf-fvm.org\\\/#website\"},\"datePublished\":\"2010-05-24T08:36:48+00:00\",\"dateModified\":\"2022-11-04T16:00:59+00:00\",\"breadcrumb\":{\"@id\":\"https:\\\/\\\/bmf-fvm.org\\\/eu\\\/lege-oharra\\\/#breadcrumb\"},\"inLanguage\":\"eu\",\"potentialAction\":[{\"@type\":\"ReadAction\",\"target\":[\"https:\\\/\\\/bmf-fvm.org\\\/eu\\\/lege-oharra\\\/\"]}]},{\"@type\":\"BreadcrumbList\",\"@id\":\"https:\\\/\\\/bmf-fvm.org\\\/eu\\\/lege-oharra\\\/#breadcrumb\",\"itemListElement\":[{\"@type\":\"ListItem\",\"position\":1,\"name\":\"Portada\",\"item\":\"https:\\\/\\\/bmf-fvm.org\\\/eu\\\/\"},{\"@type\":\"ListItem\",\"position\":2,\"name\":\"Lege-oharra\"}]},{\"@type\":\"WebSite\",\"@id\":\"https:\\\/\\\/bmf-fvm.org\\\/#website\",\"url\":\"https:\\\/\\\/bmf-fvm.org\\\/\",\"name\":\"Bizkaiko Mendizale Federazioa\",\"description\":\"Bizkaiko Mendizale Federazioa\",\"publisher\":{\"@id\":\"https:\\\/\\\/bmf-fvm.org\\\/#organization\"},\"potentialAction\":[{\"@type\":\"SearchAction\",\"target\":{\"@type\":\"EntryPoint\",\"urlTemplate\":\"https:\\\/\\\/bmf-fvm.org\\\/?s={search_term_string}\"},\"query-input\":{\"@type\":\"PropertyValueSpecification\",\"valueRequired\":true,\"valueName\":\"search_term_string\"}}],\"inLanguage\":\"eu\"},{\"@type\":\"Organization\",\"@id\":\"https:\\\/\\\/bmf-fvm.org\\\/#organization\",\"name\":\"Federaci\u00f3n Vizca\u00edna de Monta\u00f1a\",\"url\":\"https:\\\/\\\/bmf-fvm.org\\\/\",\"logo\":{\"@type\":\"ImageObject\",\"inLanguage\":\"eu\",\"@id\":\"https:\\\/\\\/bmf-fvm.org\\\/#\\\/schema\\\/logo\\\/image\\\/\",\"url\":\"https:\\\/\\\/bmf-fvm.org\\\/wp-content\\\/uploads\\\/2022\\\/03\\\/bmf-logo-trans.png\",\"contentUrl\":\"https:\\\/\\\/bmf-fvm.org\\\/wp-content\\\/uploads\\\/2022\\\/03\\\/bmf-logo-trans.png\",\"width\":41,\"height\":61,\"caption\":\"Federaci\u00f3n Vizca\u00edna de Monta\u00f1a\"},\"image\":{\"@id\":\"https:\\\/\\\/bmf-fvm.org\\\/#\\\/schema\\\/logo\\\/image\\\/\"},\"sameAs\":[\"https:\\\/\\\/facebook.com\\\/pages\\\/Bmf-Fvm\\\/597553177057267\"]}]}<\/script>\n<!-- \/ Yoast SEO plugin. -->","yoast_head_json":{"title":"Lege-oharra - Bizkaiko Mendizale Federazioa","robots":{"index":"index","follow":"follow","max-snippet":"max-snippet:-1","max-image-preview":"max-image-preview:large","max-video-preview":"max-video-preview:-1"},"canonical":"https:\/\/bmf-fvm.org\/eu\/lege-oharra\/","og_locale":"en_US","og_type":"article","og_title":"Lege-oharra - Bizkaiko Mendizale Federazioa","og_description":"[vc_row][vc_column][vc_column_text] 1. Enpresaren datuak Informazioaren gizarteko zerbitzuei eta merkataritza elektronikoari buruzko uztailaren 11ko 34\/2002 Legearen 10. artikuluan xedatutakoa betez, hona&hellip;","og_url":"https:\/\/bmf-fvm.org\/eu\/lege-oharra\/","og_site_name":"Bizkaiko Mendizale Federazioa","article_publisher":"https:\/\/facebook.com\/pages\/Bmf-Fvm\/597553177057267","article_modified_time":"2022-11-04T16:00:59+00:00","og_image":[{"width":200,"height":200,"url":"https:\/\/bmf-fvm.org\/wp-content\/uploads\/2022\/04\/bmf-fb-logo.jpg","type":"image\/jpeg"}],"twitter_card":"summary_large_image","twitter_misc":{"Est. reading time":"3 minutua"},"schema":{"@context":"https:\/\/schema.org","@graph":[{"@type":"WebPage","@id":"https:\/\/bmf-fvm.org\/eu\/lege-oharra\/","url":"https:\/\/bmf-fvm.org\/eu\/lege-oharra\/","name":"Lege-oharra - Bizkaiko Mendizale Federazioa","isPartOf":{"@id":"https:\/\/bmf-fvm.org\/#website"},"datePublished":"2010-05-24T08:36:48+00:00","dateModified":"2022-11-04T16:00:59+00:00","breadcrumb":{"@id":"https:\/\/bmf-fvm.org\/eu\/lege-oharra\/#breadcrumb"},"inLanguage":"eu","potentialAction":[{"@type":"ReadAction","target":["https:\/\/bmf-fvm.org\/eu\/lege-oharra\/"]}]},{"@type":"BreadcrumbList","@id":"https:\/\/bmf-fvm.org\/eu\/lege-oharra\/#breadcrumb","itemListElement":[{"@type":"ListItem","position":1,"name":"Portada","item":"https:\/\/bmf-fvm.org\/eu\/"},{"@type":"ListItem","position":2,"name":"Lege-oharra"}]},{"@type":"WebSite","@id":"https:\/\/bmf-fvm.org\/#website","url":"https:\/\/bmf-fvm.org\/","name":"Bizkaiko Mendizale Federazioa","description":"Bizkaiko Mendizale Federazioa","publisher":{"@id":"https:\/\/bmf-fvm.org\/#organization"},"potentialAction":[{"@type":"SearchAction","target":{"@type":"EntryPoint","urlTemplate":"https:\/\/bmf-fvm.org\/?s={search_term_string}"},"query-input":{"@type":"PropertyValueSpecification","valueRequired":true,"valueName":"search_term_string"}}],"inLanguage":"eu"},{"@type":"Organization","@id":"https:\/\/bmf-fvm.org\/#organization","name":"Federaci\u00f3n Vizca\u00edna de Monta\u00f1a","url":"https:\/\/bmf-fvm.org\/","logo":{"@type":"ImageObject","inLanguage":"eu","@id":"https:\/\/bmf-fvm.org\/#\/schema\/logo\/image\/","url":"https:\/\/bmf-fvm.org\/wp-content\/uploads\/2022\/03\/bmf-logo-trans.png","contentUrl":"https:\/\/bmf-fvm.org\/wp-content\/uploads\/2022\/03\/bmf-logo-trans.png","width":41,"height":61,"caption":"Federaci\u00f3n Vizca\u00edna de Monta\u00f1a"},"image":{"@id":"https:\/\/bmf-fvm.org\/#\/schema\/logo\/image\/"},"sameAs":["https:\/\/facebook.com\/pages\/Bmf-Fvm\/597553177057267"]}]}},"_links":{"self":[{"href":"https:\/\/bmf-fvm.org\/eu\/wp-json\/wp\/v2\/pages\/71259","targetHints":{"allow":["GET"]}}],"collection":[{"href":"https:\/\/bmf-fvm.org\/eu\/wp-json\/wp\/v2\/pages"}],"about":[{"href":"https:\/\/bmf-fvm.org\/eu\/wp-json\/wp\/v2\/types\/page"}],"author":[{"embeddable":true,"href":"https:\/\/bmf-fvm.org\/eu\/wp-json\/wp\/v2\/users\/1"}],"replies":[{"embeddable":true,"href":"https:\/\/bmf-fvm.org\/eu\/wp-json\/wp\/v2\/comments?post=71259"}],"version-history":[{"count":0,"href":"https:\/\/bmf-fvm.org\/eu\/wp-json\/wp\/v2\/pages\/71259\/revisions"}],"wp:attachment":[{"href":"https:\/\/bmf-fvm.org\/eu\/wp-json\/wp\/v2\/media?parent=71259"}],"curies":[{"name":"wp","href":"https:\/\/api.w.org\/{rel}","templated":true}]}}