{"id":127213,"date":"2026-04-16T08:28:58","date_gmt":"2026-04-16T06:28:58","guid":{"rendered":"https:\/\/bmf-fvm.org\/?page_id=127213"},"modified":"2026-04-16T09:13:59","modified_gmt":"2026-04-16T07:13:59","slug":"enaren-ibilbidea","status":"publish","type":"page","link":"https:\/\/bmf-fvm.org\/eu\/emakumea-eta-mendia\/enaren-ibilbidea\/","title":{"rendered":"Enaren Ibilbidea"},"content":{"rendered":"<div class=\"wpb-content-wrapper\"><p>[vc_row][vc_column width=&#8221;2\/3&#8243;][vc_column_text css=&#8221;&#8221;]Bizkaiko Mendizale Federazioko Berdintasun Batzordeak, emakumeek mendiko kiroletan duten parte-hartzea sustatzeko helburuarekin, <strong>\u201cEnaren Ibilbidea\u201d<\/strong> zeharkaldia antolatu du, emakumeei soilik zuzendua. Jarduera uztailaren 4an, 5ean, 6an eta 7an izango da.<\/p>\n<p>Pirinioetan egingo den zeharkaldi zorrotza da; beraz, parte hartu nahi duten emakumeek egoera fisiko ona izan beharko dute eta federatuta egon. Ibilbideak guztira 62 km izango ditu, gutxi gorabehera 3.500 metroko desnibel metatuarekin.<\/p>\n<p>Zeharkaldia Linzan hasiko da uztailaren 4an. Lehenengo gaua Belaguan igaroko dute, eta hurrengo biak Jeandel eta Laberouaten. Jarduera Linzan amaituko da uztailaren 7an.<\/p>\n<p>Jardueraren prezioa <strong>190 \u20ac<\/strong> da pertsonako. Zenbateko horrek barne hartzen ditu hiru pentsio erdi eta Belagua, Jeandel eta Laberouateko aterpeetako ostatua, eta % 25eko dirulaguntza du BMF-FVMren aldetik. Linzarainoko bidaia parte-hartzaileen kontura izango da.<\/p>\n<p>Plazak mugatuak dira (15 parte-hartzaile) eta, beraz, izen-ematea eskaeraren arabera egingo da, taldea osatu arte. Inskripzioa egiten den unean ordaindu beharko da. Behin izena emanda ezeztatuz gero, egoera bakoitzari dagozkion baldintza ekonomikoak aplikatuko dira.<\/p>\n<p>Plazak bete ondoren, itxaron-zerrenda bat sortuko da, bajaren bat gertatuko balitz ere.<\/p>\n<p>Informazio gehiago behar baduzu jar zaitez harremanetan honako helbide elektronikoaren bidez: <a href=\"mailto:emakumeaetamendia@bmf-fvm.org\">emakumeaetamendia@bmf-fvm.org<\/a>.[\/vc_column_text][vc_column_text css=&#8221;&#8221;][\/vc_column_text][\/vc_column][vc_column width=&#8221;1\/3&#8243;][vc_single_image image=&#8221;127206&#8243; img_size=&#8221;full&#8221; alignment=&#8221;center&#8221; onclick=&#8221;link_image&#8221; css=&#8221;&#8221;][\/vc_column][\/vc_row]<\/p>\n<\/div>","protected":false},"excerpt":{"rendered":"<p>[vc_row][vc_column width=&#8221;2\/3&#8243;][vc_column_text css=&#8221;&#8221;]Bizkaiko Mendizale Federazioko Berdintasun Batzordeak, emakumeek mendiko kiroletan duten parte-hartzea sustatzeko helburuarekin, \u201cEnaren Ibilbidea\u201d zeharkaldia antolatu du, emakumeei&hellip;<\/p>\n","protected":false},"author":1,"featured_media":127206,"parent":84176,"menu_order":0,"comment_status":"closed","ping_status":"closed","template":"","meta":{"_acf_changed":false,"footnotes":""},"class_list":["post-127213","page","type-page","status-publish","has-post-thumbnail","hentry","seccion-emakume-eta-mendia"],"acf":[],"yoast_head":"<!-- This site is optimized with the Yoast SEO plugin v27.3 - https:\/\/yoast.com\/product\/yoast-seo-wordpress\/ -->\n<title>Enaren Ibilbidea - Bizkaiko Mendizale Federazioa<\/title>\n<meta name=\"robots\" content=\"index, follow, max-snippet:-1, max-image-preview:large, max-video-preview:-1\" \/>\n<link rel=\"canonical\" href=\"https:\/\/bmf-fvm.org\/eu\/emakumea-eta-mendia\/enaren-ibilbidea\/\" \/>\n<meta property=\"og:locale\" content=\"en_US\" \/>\n<meta property=\"og:type\" content=\"article\" \/>\n<meta property=\"og:title\" content=\"Enaren Ibilbidea - Bizkaiko Mendizale Federazioa\" \/>\n<meta property=\"og:description\" content=\"[vc_row][vc_column width=&#8221;2\/3&#8243;][vc_column_text css=&#8221;&#8221;]Bizkaiko Mendizale Federazioko Berdintasun Batzordeak, emakumeek mendiko kiroletan duten parte-hartzea sustatzeko helburuarekin, \u201cEnaren Ibilbidea\u201d zeharkaldia antolatu du, emakumeei&hellip;\" \/>\n<meta property=\"og:url\" content=\"https:\/\/bmf-fvm.org\/eu\/emakumea-eta-mendia\/enaren-ibilbidea\/\" \/>\n<meta property=\"og:site_name\" content=\"Bizkaiko Mendizale Federazioa\" \/>\n<meta property=\"article:publisher\" content=\"https:\/\/facebook.com\/pages\/Bmf-Fvm\/597553177057267\" \/>\n<meta property=\"article:modified_time\" content=\"2026-04-16T07:13:59+00:00\" \/>\n<meta property=\"og:image\" content=\"https:\/\/bmf-fvm.org\/wp-content\/uploads\/2026\/04\/Cartel-Ruta-Golondrinas.jpg\" \/>\n\t<meta property=\"og:image:width\" content=\"763\" \/>\n\t<meta property=\"og:image:height\" content=\"1080\" \/>\n\t<meta property=\"og:image:type\" content=\"image\/jpeg\" \/>\n<meta name=\"twitter:card\" content=\"summary_large_image\" \/>\n<meta name=\"twitter:label1\" content=\"Est. reading time\" \/>\n\t<meta name=\"twitter:data1\" content=\"1 minutua\" \/>\n<script type=\"application\/ld+json\" class=\"yoast-schema-graph\">{\"@context\":\"https:\\\/\\\/schema.org\",\"@graph\":[{\"@type\":\"WebPage\",\"@id\":\"https:\\\/\\\/bmf-fvm.org\\\/eu\\\/emakumea-eta-mendia\\\/enaren-ibilbidea\\\/\",\"url\":\"https:\\\/\\\/bmf-fvm.org\\\/eu\\\/emakumea-eta-mendia\\\/enaren-ibilbidea\\\/\",\"name\":\"Enaren Ibilbidea - Bizkaiko Mendizale Federazioa\",\"isPartOf\":{\"@id\":\"https:\\\/\\\/bmf-fvm.org\\\/#website\"},\"primaryImageOfPage\":{\"@id\":\"https:\\\/\\\/bmf-fvm.org\\\/eu\\\/emakumea-eta-mendia\\\/enaren-ibilbidea\\\/#primaryimage\"},\"image\":{\"@id\":\"https:\\\/\\\/bmf-fvm.org\\\/eu\\\/emakumea-eta-mendia\\\/enaren-ibilbidea\\\/#primaryimage\"},\"thumbnailUrl\":\"https:\\\/\\\/bmf-fvm.org\\\/wp-content\\\/uploads\\\/2026\\\/04\\\/Cartel-Ruta-Golondrinas.jpg\",\"datePublished\":\"2026-04-16T06:28:58+00:00\",\"dateModified\":\"2026-04-16T07:13:59+00:00\",\"breadcrumb\":{\"@id\":\"https:\\\/\\\/bmf-fvm.org\\\/eu\\\/emakumea-eta-mendia\\\/enaren-ibilbidea\\\/#breadcrumb\"},\"inLanguage\":\"eu\",\"potentialAction\":[{\"@type\":\"ReadAction\",\"target\":[\"https:\\\/\\\/bmf-fvm.org\\\/eu\\\/emakumea-eta-mendia\\\/enaren-ibilbidea\\\/\"]}]},{\"@type\":\"ImageObject\",\"inLanguage\":\"eu\",\"@id\":\"https:\\\/\\\/bmf-fvm.org\\\/eu\\\/emakumea-eta-mendia\\\/enaren-ibilbidea\\\/#primaryimage\",\"url\":\"https:\\\/\\\/bmf-fvm.org\\\/wp-content\\\/uploads\\\/2026\\\/04\\\/Cartel-Ruta-Golondrinas.jpg\",\"contentUrl\":\"https:\\\/\\\/bmf-fvm.org\\\/wp-content\\\/uploads\\\/2026\\\/04\\\/Cartel-Ruta-Golondrinas.jpg\",\"width\":763,\"height\":1080},{\"@type\":\"BreadcrumbList\",\"@id\":\"https:\\\/\\\/bmf-fvm.org\\\/eu\\\/emakumea-eta-mendia\\\/enaren-ibilbidea\\\/#breadcrumb\",\"itemListElement\":[{\"@type\":\"ListItem\",\"position\":1,\"name\":\"Portada\",\"item\":\"https:\\\/\\\/bmf-fvm.org\\\/eu\\\/\"},{\"@type\":\"ListItem\",\"position\":2,\"name\":\"Emakumea eta Mendia\",\"item\":\"https:\\\/\\\/bmf-fvm.org\\\/eu\\\/emakumea-eta-mendia\\\/\"},{\"@type\":\"ListItem\",\"position\":3,\"name\":\"Enaren Ibilbidea\"}]},{\"@type\":\"WebSite\",\"@id\":\"https:\\\/\\\/bmf-fvm.org\\\/#website\",\"url\":\"https:\\\/\\\/bmf-fvm.org\\\/\",\"name\":\"Bizkaiko Mendizale Federazioa\",\"description\":\"Bizkaiko Mendizale Federazioa\",\"publisher\":{\"@id\":\"https:\\\/\\\/bmf-fvm.org\\\/#organization\"},\"potentialAction\":[{\"@type\":\"SearchAction\",\"target\":{\"@type\":\"EntryPoint\",\"urlTemplate\":\"https:\\\/\\\/bmf-fvm.org\\\/?s={search_term_string}\"},\"query-input\":{\"@type\":\"PropertyValueSpecification\",\"valueRequired\":true,\"valueName\":\"search_term_string\"}}],\"inLanguage\":\"eu\"},{\"@type\":\"Organization\",\"@id\":\"https:\\\/\\\/bmf-fvm.org\\\/#organization\",\"name\":\"Federaci\u00f3n Vizca\u00edna de Monta\u00f1a\",\"url\":\"https:\\\/\\\/bmf-fvm.org\\\/\",\"logo\":{\"@type\":\"ImageObject\",\"inLanguage\":\"eu\",\"@id\":\"https:\\\/\\\/bmf-fvm.org\\\/#\\\/schema\\\/logo\\\/image\\\/\",\"url\":\"https:\\\/\\\/bmf-fvm.org\\\/wp-content\\\/uploads\\\/2022\\\/03\\\/bmf-logo-trans.png\",\"contentUrl\":\"https:\\\/\\\/bmf-fvm.org\\\/wp-content\\\/uploads\\\/2022\\\/03\\\/bmf-logo-trans.png\",\"width\":41,\"height\":61,\"caption\":\"Federaci\u00f3n Vizca\u00edna de Monta\u00f1a\"},\"image\":{\"@id\":\"https:\\\/\\\/bmf-fvm.org\\\/#\\\/schema\\\/logo\\\/image\\\/\"},\"sameAs\":[\"https:\\\/\\\/facebook.com\\\/pages\\\/Bmf-Fvm\\\/597553177057267\"]}]}<\/script>\n<!-- \/ Yoast SEO plugin. -->","yoast_head_json":{"title":"Enaren Ibilbidea - Bizkaiko Mendizale Federazioa","robots":{"index":"index","follow":"follow","max-snippet":"max-snippet:-1","max-image-preview":"max-image-preview:large","max-video-preview":"max-video-preview:-1"},"canonical":"https:\/\/bmf-fvm.org\/eu\/emakumea-eta-mendia\/enaren-ibilbidea\/","og_locale":"en_US","og_type":"article","og_title":"Enaren Ibilbidea - Bizkaiko Mendizale Federazioa","og_description":"[vc_row][vc_column width=&#8221;2\/3&#8243;][vc_column_text css=&#8221;&#8221;]Bizkaiko Mendizale Federazioko Berdintasun Batzordeak, emakumeek mendiko kiroletan duten parte-hartzea sustatzeko helburuarekin, \u201cEnaren Ibilbidea\u201d zeharkaldia antolatu du, emakumeei&hellip;","og_url":"https:\/\/bmf-fvm.org\/eu\/emakumea-eta-mendia\/enaren-ibilbidea\/","og_site_name":"Bizkaiko Mendizale Federazioa","article_publisher":"https:\/\/facebook.com\/pages\/Bmf-Fvm\/597553177057267","article_modified_time":"2026-04-16T07:13:59+00:00","og_image":[{"width":763,"height":1080,"url":"https:\/\/bmf-fvm.org\/wp-content\/uploads\/2026\/04\/Cartel-Ruta-Golondrinas.jpg","type":"image\/jpeg"}],"twitter_card":"summary_large_image","twitter_misc":{"Est. reading time":"1 minutua"},"schema":{"@context":"https:\/\/schema.org","@graph":[{"@type":"WebPage","@id":"https:\/\/bmf-fvm.org\/eu\/emakumea-eta-mendia\/enaren-ibilbidea\/","url":"https:\/\/bmf-fvm.org\/eu\/emakumea-eta-mendia\/enaren-ibilbidea\/","name":"Enaren Ibilbidea - Bizkaiko Mendizale Federazioa","isPartOf":{"@id":"https:\/\/bmf-fvm.org\/#website"},"primaryImageOfPage":{"@id":"https:\/\/bmf-fvm.org\/eu\/emakumea-eta-mendia\/enaren-ibilbidea\/#primaryimage"},"image":{"@id":"https:\/\/bmf-fvm.org\/eu\/emakumea-eta-mendia\/enaren-ibilbidea\/#primaryimage"},"thumbnailUrl":"https:\/\/bmf-fvm.org\/wp-content\/uploads\/2026\/04\/Cartel-Ruta-Golondrinas.jpg","datePublished":"2026-04-16T06:28:58+00:00","dateModified":"2026-04-16T07:13:59+00:00","breadcrumb":{"@id":"https:\/\/bmf-fvm.org\/eu\/emakumea-eta-mendia\/enaren-ibilbidea\/#breadcrumb"},"inLanguage":"eu","potentialAction":[{"@type":"ReadAction","target":["https:\/\/bmf-fvm.org\/eu\/emakumea-eta-mendia\/enaren-ibilbidea\/"]}]},{"@type":"ImageObject","inLanguage":"eu","@id":"https:\/\/bmf-fvm.org\/eu\/emakumea-eta-mendia\/enaren-ibilbidea\/#primaryimage","url":"https:\/\/bmf-fvm.org\/wp-content\/uploads\/2026\/04\/Cartel-Ruta-Golondrinas.jpg","contentUrl":"https:\/\/bmf-fvm.org\/wp-content\/uploads\/2026\/04\/Cartel-Ruta-Golondrinas.jpg","width":763,"height":1080},{"@type":"BreadcrumbList","@id":"https:\/\/bmf-fvm.org\/eu\/emakumea-eta-mendia\/enaren-ibilbidea\/#breadcrumb","itemListElement":[{"@type":"ListItem","position":1,"name":"Portada","item":"https:\/\/bmf-fvm.org\/eu\/"},{"@type":"ListItem","position":2,"name":"Emakumea eta Mendia","item":"https:\/\/bmf-fvm.org\/eu\/emakumea-eta-mendia\/"},{"@type":"ListItem","position":3,"name":"Enaren Ibilbidea"}]},{"@type":"WebSite","@id":"https:\/\/bmf-fvm.org\/#website","url":"https:\/\/bmf-fvm.org\/","name":"Bizkaiko Mendizale Federazioa","description":"Bizkaiko Mendizale Federazioa","publisher":{"@id":"https:\/\/bmf-fvm.org\/#organization"},"potentialAction":[{"@type":"SearchAction","target":{"@type":"EntryPoint","urlTemplate":"https:\/\/bmf-fvm.org\/?s={search_term_string}"},"query-input":{"@type":"PropertyValueSpecification","valueRequired":true,"valueName":"search_term_string"}}],"inLanguage":"eu"},{"@type":"Organization","@id":"https:\/\/bmf-fvm.org\/#organization","name":"Federaci\u00f3n Vizca\u00edna de Monta\u00f1a","url":"https:\/\/bmf-fvm.org\/","logo":{"@type":"ImageObject","inLanguage":"eu","@id":"https:\/\/bmf-fvm.org\/#\/schema\/logo\/image\/","url":"https:\/\/bmf-fvm.org\/wp-content\/uploads\/2022\/03\/bmf-logo-trans.png","contentUrl":"https:\/\/bmf-fvm.org\/wp-content\/uploads\/2022\/03\/bmf-logo-trans.png","width":41,"height":61,"caption":"Federaci\u00f3n Vizca\u00edna de Monta\u00f1a"},"image":{"@id":"https:\/\/bmf-fvm.org\/#\/schema\/logo\/image\/"},"sameAs":["https:\/\/facebook.com\/pages\/Bmf-Fvm\/597553177057267"]}]}},"_links":{"self":[{"href":"https:\/\/bmf-fvm.org\/eu\/wp-json\/wp\/v2\/pages\/127213","targetHints":{"allow":["GET"]}}],"collection":[{"href":"https:\/\/bmf-fvm.org\/eu\/wp-json\/wp\/v2\/pages"}],"about":[{"href":"https:\/\/bmf-fvm.org\/eu\/wp-json\/wp\/v2\/types\/page"}],"author":[{"embeddable":true,"href":"https:\/\/bmf-fvm.org\/eu\/wp-json\/wp\/v2\/users\/1"}],"replies":[{"embeddable":true,"href":"https:\/\/bmf-fvm.org\/eu\/wp-json\/wp\/v2\/comments?post=127213"}],"version-history":[{"count":2,"href":"https:\/\/bmf-fvm.org\/eu\/wp-json\/wp\/v2\/pages\/127213\/revisions"}],"predecessor-version":[{"id":127215,"href":"https:\/\/bmf-fvm.org\/eu\/wp-json\/wp\/v2\/pages\/127213\/revisions\/127215"}],"up":[{"embeddable":true,"href":"https:\/\/bmf-fvm.org\/eu\/wp-json\/wp\/v2\/pages\/84176"}],"wp:featuredmedia":[{"embeddable":true,"href":"https:\/\/bmf-fvm.org\/eu\/wp-json\/wp\/v2\/media\/127206"}],"wp:attachment":[{"href":"https:\/\/bmf-fvm.org\/eu\/wp-json\/wp\/v2\/media?parent=127213"}],"curies":[{"name":"wp","href":"https:\/\/api.w.org\/{rel}","templated":true}]}}