{"id":124541,"date":"2026-02-16T15:57:24","date_gmt":"2026-02-16T14:57:24","guid":{"rendered":"https:\/\/bmf-fvm.org\/?page_id=124541"},"modified":"2026-03-23T15:52:14","modified_gmt":"2026-03-23T14:52:14","slug":"emakumeak-gailurretan","status":"publish","type":"page","link":"https:\/\/bmf-fvm.org\/eu\/emakumea-eta-mendia\/emakumeak-gailurretan\/","title":{"rendered":"Emakumeak gailurretan"},"content":{"rendered":"<div class=\"wpb-content-wrapper\"><p>[vc_row][vc_column width=&#8221;2\/3&#8243;][vc_column_text css=&#8221;&#8221;]<strong>Jarduera emakumeei zuzenduta dago, eta haiek izango dira izena eman ahal izango dutenak, mendian emakumeen presentzia ikusaraztea baita helburua. Gizonek laguntzaile gisa parte hartu ahal izango dute, jardunaldian emakumeek duten protagonismoa une oro errespetatuz eta federazioa ez da jardueran parte hartzen duten gizonek izan ditzaketen gorabeheren erantzule izango.<\/strong><\/p>\n<p>Bizkaia 2026ko Kirolaren Europako Eskualdea izendapenaren testuinguruan, Bizkaiko Foru Aldundiak, Bizkaiko Mendizale Federazioarekin elkarlanean, kirol-jarduera ikuspegi inklusibotik ikusarazteko eta indartzeko hainbat ekimen bultzatzen ditu, emakumeen parte-hartze aktiboan arreta berezia jarriz.<\/p>\n<p>Testuinguru honetan, Bizkaiko Mendizale Federazioko (BMF-FVM) Berdintasun batzordeak \u201cEmakumeak gailurrean\u201d jarduerarekin parte hartuko du datorren maiatzaren 16an. Bizkaiko gailurrak emakumez betetzea da ekimenaren helburua \u2014Gorbeiatik Pagasarriraino, Anbototik Kolitzaraino\u2014, emakumeek mendizaletasunean duten presentzia ikusarazteko eta gure mendietan duten lekua aldarrikatzeko.<\/p>\n<p>Igoko gara lehenago igo ziren emakumeengatik, eta jakina, igoko direnengatik eta elkarrekin ikusgarriagoak garelako. Ez dio axola adinak, ezta esperientziak ere: pausoa ematea eta lagunartean egitea garrantzitsua da.<\/p>\n<p>Gure herritik gertu dagoen Bizkaiko mendi bat aukeratu beharko dugu eta gutxienez bost emakumeko taldeetan tontor batera igo. 12:00etan tontorrak emakumez beteko ditugu, eta gure presentzia ikusaraziko dugu mendian, gure sare sozialetan zabalduko ditugun argazki eta bideoekin.<\/p>\n<p>Euro bateko ekarpen sinbolikoa ezarri da izen-ematea burutzeko eta martxan parte hartzeko konpromisoa bermatzeko. Gainera, parte hartzen duten emakume guztiek buff bat jasoko dute, emakumeentzat hain berezia izango den egun honen oroigarri gisa.<\/p>\n<p>Oparia eskuragarritasunaren arabera emango da, izakinak agortu arte. Behin opariak agortuta, ez da oparia entregatzea bermatuko, nahiz eta martxan parte hartu.<\/p>\n<p>Aurrerago zuekin harremanetan jarriko gara oparia non eta nola jaso ahal izango duzuen jakinarazteko<\/p>\n<p>Mendia zain dugu!<br \/>\nIgo gaitezen elkarrekin![\/vc_column_text][\/vc_column][vc_column width=&#8221;1\/3&#8243;][vc_single_image image=&#8221;124136&#8243; img_size=&#8221;full&#8221; alignment=&#8221;center&#8221; onclick=&#8221;link_image&#8221; css=&#8221;&#8221;][\/vc_column][\/vc_row][vc_row][vc_column][vc_column_text css=&#8221;&#8221;]<div class=\"\">\r\n\t\t<button type='button' class='button ' id='butt-69e74a203e2a262495'  >\r\n\t\t\t Izena eman nahi dut!\r\n\t\t<\/button>\r\n\t<\/div>[\/vc_column_text][\/vc_column][\/vc_row]<\/p>\n<\/div>","protected":false},"excerpt":{"rendered":"<p>[vc_row][vc_column width=&#8221;2\/3&#8243;][vc_column_text css=&#8221;&#8221;]Jarduera emakumeei zuzenduta dago, eta haiek izango dira izena eman ahal izango dutenak, mendian emakumeen presentzia ikusaraztea baita&hellip;<\/p>\n","protected":false},"author":1,"featured_media":0,"parent":84176,"menu_order":0,"comment_status":"closed","ping_status":"closed","template":"","meta":{"_acf_changed":false,"footnotes":""},"class_list":["post-124541","page","type-page","status-publish","hentry","seccion-emakume-eta-mendia"],"acf":[],"yoast_head":"<!-- This site is optimized with the Yoast SEO plugin v27.3 - https:\/\/yoast.com\/product\/yoast-seo-wordpress\/ -->\n<title>Emakumeak gailurretan - Bizkaiko Mendizale Federazioa<\/title>\n<meta name=\"robots\" content=\"index, follow, max-snippet:-1, max-image-preview:large, max-video-preview:-1\" \/>\n<link rel=\"canonical\" href=\"https:\/\/bmf-fvm.org\/eu\/emakumea-eta-mendia\/emakumeak-gailurretan\/\" \/>\n<meta property=\"og:locale\" content=\"en_US\" \/>\n<meta property=\"og:type\" content=\"article\" \/>\n<meta property=\"og:title\" content=\"Emakumeak gailurretan - Bizkaiko Mendizale Federazioa\" \/>\n<meta property=\"og:description\" content=\"[vc_row][vc_column width=&#8221;2\/3&#8243;][vc_column_text css=&#8221;&#8221;]Jarduera emakumeei zuzenduta dago, eta haiek izango dira izena eman ahal izango dutenak, mendian emakumeen presentzia ikusaraztea baita&hellip;\" \/>\n<meta property=\"og:url\" content=\"https:\/\/bmf-fvm.org\/eu\/emakumea-eta-mendia\/emakumeak-gailurretan\/\" \/>\n<meta property=\"og:site_name\" content=\"Bizkaiko Mendizale Federazioa\" \/>\n<meta property=\"article:publisher\" content=\"https:\/\/facebook.com\/pages\/Bmf-Fvm\/597553177057267\" \/>\n<meta property=\"article:modified_time\" content=\"2026-03-23T14:52:14+00:00\" \/>\n<meta property=\"og:image\" content=\"https:\/\/bmf-fvm.org\/wp-content\/uploads\/2022\/04\/bmf-fb-logo.jpg\" \/>\n\t<meta property=\"og:image:width\" content=\"200\" \/>\n\t<meta property=\"og:image:height\" content=\"200\" \/>\n\t<meta property=\"og:image:type\" content=\"image\/jpeg\" \/>\n<meta name=\"twitter:card\" content=\"summary_large_image\" \/>\n<meta name=\"twitter:label1\" content=\"Est. reading time\" \/>\n\t<meta name=\"twitter:data1\" content=\"2 minutua\" \/>\n<script type=\"application\/ld+json\" class=\"yoast-schema-graph\">{\"@context\":\"https:\\\/\\\/schema.org\",\"@graph\":[{\"@type\":\"WebPage\",\"@id\":\"https:\\\/\\\/bmf-fvm.org\\\/eu\\\/emakumea-eta-mendia\\\/emakumeak-gailurretan\\\/\",\"url\":\"https:\\\/\\\/bmf-fvm.org\\\/eu\\\/emakumea-eta-mendia\\\/emakumeak-gailurretan\\\/\",\"name\":\"Emakumeak gailurretan - Bizkaiko Mendizale Federazioa\",\"isPartOf\":{\"@id\":\"https:\\\/\\\/bmf-fvm.org\\\/#website\"},\"datePublished\":\"2026-02-16T14:57:24+00:00\",\"dateModified\":\"2026-03-23T14:52:14+00:00\",\"breadcrumb\":{\"@id\":\"https:\\\/\\\/bmf-fvm.org\\\/eu\\\/emakumea-eta-mendia\\\/emakumeak-gailurretan\\\/#breadcrumb\"},\"inLanguage\":\"eu\",\"potentialAction\":[{\"@type\":\"ReadAction\",\"target\":[\"https:\\\/\\\/bmf-fvm.org\\\/eu\\\/emakumea-eta-mendia\\\/emakumeak-gailurretan\\\/\"]}]},{\"@type\":\"BreadcrumbList\",\"@id\":\"https:\\\/\\\/bmf-fvm.org\\\/eu\\\/emakumea-eta-mendia\\\/emakumeak-gailurretan\\\/#breadcrumb\",\"itemListElement\":[{\"@type\":\"ListItem\",\"position\":1,\"name\":\"Portada\",\"item\":\"https:\\\/\\\/bmf-fvm.org\\\/eu\\\/\"},{\"@type\":\"ListItem\",\"position\":2,\"name\":\"Emakumea eta Mendia\",\"item\":\"https:\\\/\\\/bmf-fvm.org\\\/eu\\\/emakumea-eta-mendia\\\/\"},{\"@type\":\"ListItem\",\"position\":3,\"name\":\"Emakumeak gailurretan\"}]},{\"@type\":\"WebSite\",\"@id\":\"https:\\\/\\\/bmf-fvm.org\\\/#website\",\"url\":\"https:\\\/\\\/bmf-fvm.org\\\/\",\"name\":\"Bizkaiko Mendizale Federazioa\",\"description\":\"Bizkaiko Mendizale Federazioa\",\"publisher\":{\"@id\":\"https:\\\/\\\/bmf-fvm.org\\\/#organization\"},\"potentialAction\":[{\"@type\":\"SearchAction\",\"target\":{\"@type\":\"EntryPoint\",\"urlTemplate\":\"https:\\\/\\\/bmf-fvm.org\\\/?s={search_term_string}\"},\"query-input\":{\"@type\":\"PropertyValueSpecification\",\"valueRequired\":true,\"valueName\":\"search_term_string\"}}],\"inLanguage\":\"eu\"},{\"@type\":\"Organization\",\"@id\":\"https:\\\/\\\/bmf-fvm.org\\\/#organization\",\"name\":\"Federaci\u00f3n Vizca\u00edna de Monta\u00f1a\",\"url\":\"https:\\\/\\\/bmf-fvm.org\\\/\",\"logo\":{\"@type\":\"ImageObject\",\"inLanguage\":\"eu\",\"@id\":\"https:\\\/\\\/bmf-fvm.org\\\/#\\\/schema\\\/logo\\\/image\\\/\",\"url\":\"https:\\\/\\\/bmf-fvm.org\\\/wp-content\\\/uploads\\\/2022\\\/03\\\/bmf-logo-trans.png\",\"contentUrl\":\"https:\\\/\\\/bmf-fvm.org\\\/wp-content\\\/uploads\\\/2022\\\/03\\\/bmf-logo-trans.png\",\"width\":41,\"height\":61,\"caption\":\"Federaci\u00f3n Vizca\u00edna de Monta\u00f1a\"},\"image\":{\"@id\":\"https:\\\/\\\/bmf-fvm.org\\\/#\\\/schema\\\/logo\\\/image\\\/\"},\"sameAs\":[\"https:\\\/\\\/facebook.com\\\/pages\\\/Bmf-Fvm\\\/597553177057267\"]}]}<\/script>\n<!-- \/ Yoast SEO plugin. -->","yoast_head_json":{"title":"Emakumeak gailurretan - Bizkaiko Mendizale Federazioa","robots":{"index":"index","follow":"follow","max-snippet":"max-snippet:-1","max-image-preview":"max-image-preview:large","max-video-preview":"max-video-preview:-1"},"canonical":"https:\/\/bmf-fvm.org\/eu\/emakumea-eta-mendia\/emakumeak-gailurretan\/","og_locale":"en_US","og_type":"article","og_title":"Emakumeak gailurretan - Bizkaiko Mendizale Federazioa","og_description":"[vc_row][vc_column width=&#8221;2\/3&#8243;][vc_column_text css=&#8221;&#8221;]Jarduera emakumeei zuzenduta dago, eta haiek izango dira izena eman ahal izango dutenak, mendian emakumeen presentzia ikusaraztea baita&hellip;","og_url":"https:\/\/bmf-fvm.org\/eu\/emakumea-eta-mendia\/emakumeak-gailurretan\/","og_site_name":"Bizkaiko Mendizale Federazioa","article_publisher":"https:\/\/facebook.com\/pages\/Bmf-Fvm\/597553177057267","article_modified_time":"2026-03-23T14:52:14+00:00","og_image":[{"width":200,"height":200,"url":"https:\/\/bmf-fvm.org\/wp-content\/uploads\/2022\/04\/bmf-fb-logo.jpg","type":"image\/jpeg"}],"twitter_card":"summary_large_image","twitter_misc":{"Est. reading time":"2 minutua"},"schema":{"@context":"https:\/\/schema.org","@graph":[{"@type":"WebPage","@id":"https:\/\/bmf-fvm.org\/eu\/emakumea-eta-mendia\/emakumeak-gailurretan\/","url":"https:\/\/bmf-fvm.org\/eu\/emakumea-eta-mendia\/emakumeak-gailurretan\/","name":"Emakumeak gailurretan - Bizkaiko Mendizale Federazioa","isPartOf":{"@id":"https:\/\/bmf-fvm.org\/#website"},"datePublished":"2026-02-16T14:57:24+00:00","dateModified":"2026-03-23T14:52:14+00:00","breadcrumb":{"@id":"https:\/\/bmf-fvm.org\/eu\/emakumea-eta-mendia\/emakumeak-gailurretan\/#breadcrumb"},"inLanguage":"eu","potentialAction":[{"@type":"ReadAction","target":["https:\/\/bmf-fvm.org\/eu\/emakumea-eta-mendia\/emakumeak-gailurretan\/"]}]},{"@type":"BreadcrumbList","@id":"https:\/\/bmf-fvm.org\/eu\/emakumea-eta-mendia\/emakumeak-gailurretan\/#breadcrumb","itemListElement":[{"@type":"ListItem","position":1,"name":"Portada","item":"https:\/\/bmf-fvm.org\/eu\/"},{"@type":"ListItem","position":2,"name":"Emakumea eta Mendia","item":"https:\/\/bmf-fvm.org\/eu\/emakumea-eta-mendia\/"},{"@type":"ListItem","position":3,"name":"Emakumeak gailurretan"}]},{"@type":"WebSite","@id":"https:\/\/bmf-fvm.org\/#website","url":"https:\/\/bmf-fvm.org\/","name":"Bizkaiko Mendizale Federazioa","description":"Bizkaiko Mendizale Federazioa","publisher":{"@id":"https:\/\/bmf-fvm.org\/#organization"},"potentialAction":[{"@type":"SearchAction","target":{"@type":"EntryPoint","urlTemplate":"https:\/\/bmf-fvm.org\/?s={search_term_string}"},"query-input":{"@type":"PropertyValueSpecification","valueRequired":true,"valueName":"search_term_string"}}],"inLanguage":"eu"},{"@type":"Organization","@id":"https:\/\/bmf-fvm.org\/#organization","name":"Federaci\u00f3n Vizca\u00edna de Monta\u00f1a","url":"https:\/\/bmf-fvm.org\/","logo":{"@type":"ImageObject","inLanguage":"eu","@id":"https:\/\/bmf-fvm.org\/#\/schema\/logo\/image\/","url":"https:\/\/bmf-fvm.org\/wp-content\/uploads\/2022\/03\/bmf-logo-trans.png","contentUrl":"https:\/\/bmf-fvm.org\/wp-content\/uploads\/2022\/03\/bmf-logo-trans.png","width":41,"height":61,"caption":"Federaci\u00f3n Vizca\u00edna de Monta\u00f1a"},"image":{"@id":"https:\/\/bmf-fvm.org\/#\/schema\/logo\/image\/"},"sameAs":["https:\/\/facebook.com\/pages\/Bmf-Fvm\/597553177057267"]}]}},"_links":{"self":[{"href":"https:\/\/bmf-fvm.org\/eu\/wp-json\/wp\/v2\/pages\/124541","targetHints":{"allow":["GET"]}}],"collection":[{"href":"https:\/\/bmf-fvm.org\/eu\/wp-json\/wp\/v2\/pages"}],"about":[{"href":"https:\/\/bmf-fvm.org\/eu\/wp-json\/wp\/v2\/types\/page"}],"author":[{"embeddable":true,"href":"https:\/\/bmf-fvm.org\/eu\/wp-json\/wp\/v2\/users\/1"}],"replies":[{"embeddable":true,"href":"https:\/\/bmf-fvm.org\/eu\/wp-json\/wp\/v2\/comments?post=124541"}],"version-history":[{"count":3,"href":"https:\/\/bmf-fvm.org\/eu\/wp-json\/wp\/v2\/pages\/124541\/revisions"}],"predecessor-version":[{"id":126041,"href":"https:\/\/bmf-fvm.org\/eu\/wp-json\/wp\/v2\/pages\/124541\/revisions\/126041"}],"up":[{"embeddable":true,"href":"https:\/\/bmf-fvm.org\/eu\/wp-json\/wp\/v2\/pages\/84176"}],"wp:attachment":[{"href":"https:\/\/bmf-fvm.org\/eu\/wp-json\/wp\/v2\/media?parent=124541"}],"curies":[{"name":"wp","href":"https:\/\/api.w.org\/{rel}","templated":true}]}}