{"id":119131,"date":"2025-09-29T14:53:17","date_gmt":"2025-09-29T12:53:17","guid":{"rendered":"https:\/\/bmf-fvm.org\/?page_id=119131"},"modified":"2025-09-29T15:54:11","modified_gmt":"2025-09-29T13:54:11","slug":"mendiko-korrikalarien-tailerra","status":"publish","type":"page","link":"https:\/\/bmf-fvm.org\/eu\/emakumea-eta-mendia\/mendiko-korrikalarien-tailerra\/","title":{"rendered":"Mendiko korrikalarien tailerra"},"content":{"rendered":"<div class=\"wpb-content-wrapper\"><p>[vc_row][vc_column][vc_raw_html css=&#8221;&#8221;]JTVCaW5zY3JpcGNpb24lMEElMjAlMjB0aXBvcyUzRCUyMjElMkMyJTIyJTBBJTIwJTIwcHJlY2lvcyUzRCUyNyUyOCUwQSUyMCUyMCUyMCUyMCUyOCUyMCUyOCUyMCUyMlBvckZlZGVyJTNBZiUyMiUyMCUyOSUyQyUyMCUyMjE1JTIyJTIwJTI5JTJDJTBBJTIwJTIwJTIwJTIwJTI4JTIwJTI4JTIwJTIyUG9yRmVkZXIlM0FuJTIyJTIwJTI5JTJDJTIwJTIyMjAlMjIlMjAlMjklMEElMjAlMjAlMjklMjclMEElMjAlMjBtb2QtcHJlY2lvcyUzRCUyNyU3QiUwQSUyMCUyMCUyMCUyMCUyMlBvckZlZGVyJTIyJTNBJTIwJTdCJTBBJTIwJTIwJTIwJTIwJTIwJTIwJTIwJTIwJTIyc2VsZWN0b3IlMjIlM0ElMjAlMjJyJTIyJTJDJTBBJTIwJTIwJTIwJTIwJTIwJTIwJTIwJTIwJTIyZmVjaGEtbmFjaW0lMjIlM0ElMjAlMjJuJTIyJTJDJTBBJTIwJTIwJTIwJTIwJTIwJTIwJTIwJTIwJTIyZWxlbXMlMjIlM0ElMjAlN0IlMEElMjAlMjAlMjAlMjAlMjAlMjAlMjAlMjAlMjAlMjAlMjAlMjAlMjJmJTIyJTNBJTIwJTdCJTBBJTIwJTIwJTIwJTIwJTIwJTIwJTIwJTIwJTIwJTIwJTIwJTIwJTIwJTIwJTIwJTIwJTIydHh0JTIyJTNBJTIwJTIyRmVkZXJhdHVhJTIyJTJDJTBBJTIwJTIwJTIwJTIwJTIwJTIwJTIwJTIwJTIwJTIwJTIwJTIwJTIwJTIwJTIwJTIwJTIyc3VtYS1wcmVjaW8lMjIlM0ElMjAwJTBBJTIwJTIwJTIwJTIwJTIwJTIwJTIwJTIwJTIwJTIwJTIwJTIwJTdEJTJDJTBBJTIwJTIwJTIwJTIwJTIwJTIwJTIwJTIwJTIwJTIwJTIwJTIwJTIybiUyMiUzQSUyMCU3QiUwQSUyMCUyMCUyMCUyMCUyMCUyMCUyMCUyMCUyMCUyMCUyMCUyMCUyMCUyMCUyMCUyMCUyMnR4dCUyMiUzQSUyMCUyMkZlZGVyYXR1YSUyMGdhYmUlMjIlMkMlMEElMjAlMjAlMjAlMjAlMjAlMjAlMjAlMjAlMjAlMjAlMjAlMjAlMjAlMjAlMjAlMjAlMjJzdW1hLXByZWNpbyUyMiUzQSUyMDAlMEElMjAlMjAlMjAlMjAlMjAlMjAlMjAlMjAlMjAlMjAlMjAlMjAlN0QlMEElMjAlMjAlMjAlMjAlMjAlMjAlMjAlMjAlN0QlMEElMjAlMjAlMjAlMjAlN0QlMEElN0QlMjclMEElNUQlMEE=[\/vc_raw_html][\/vc_column][\/vc_row]<\/p>\n<\/div>","protected":false},"excerpt":{"rendered":"<p>[vc_row][vc_column][vc_raw_html css=&#8221;&#8221;]JTVCaW5zY3JpcGNpb24lMEElMjAlMjB0aXBvcyUzRCUyMjElMkMyJTIyJTBBJTIwJTIwcHJlY2lvcyUzRCUyNyUyOCUwQSUyMCUyMCUyMCUyMCUyOCUyMCUyOCUyMCUyMlBvckZlZGVyJTNBZiUyMiUyMCUyOSUyQyUyMCUyMjE1JTIyJTIwJTI5JTJDJTBBJTIwJTIwJTIwJTIwJTI4JTIwJTI4JTIwJTIyUG9yRmVkZXIlM0FuJTIyJTIwJTI5JTJDJTIwJTIyMjAlMjIlMjAlMjklMEElMjAlMjAlMjklMjclMEElMjAlMjBtb2QtcHJlY2lvcyUzRCUyNyU3QiUwQSUyMCUyMCUyMCUyMCUyMlBvckZlZGVyJTIyJTNBJTIwJTdCJTBBJTIwJTIwJTIwJTIwJTIwJTIwJTIwJTIwJTIyc2VsZWN0b3IlMjIlM0ElMjAlMjJyJTIyJTJDJTBBJTIwJTIwJTIwJTIwJTIwJTIwJTIwJTIwJTIyZmVjaGEtbmFjaW0lMjIlM0ElMjAlMjJuJTIyJTJDJTBBJTIwJTIwJTIwJTIwJTIwJTIwJTIwJTIwJTIyZWxlbXMlMjIlM0ElMjAlN0IlMEElMjAlMjAlMjAlMjAlMjAlMjAlMjAlMjAlMjAlMjAlMjAlMjAlMjJmJTIyJTNBJTIwJTdCJTBBJTIwJTIwJTIwJTIwJTIwJTIwJTIwJTIwJTIwJTIwJTIwJTIwJTIwJTIwJTIwJTIwJTIydHh0JTIyJTNBJTIwJTIyRmVkZXJhdHVhJTIyJTJDJTBBJTIwJTIwJTIwJTIwJTIwJTIwJTIwJTIwJTIwJTIwJTIwJTIwJTIwJTIwJTIwJTIwJTIyc3VtYS1wcmVjaW8lMjIlM0ElMjAwJTBBJTIwJTIwJTIwJTIwJTIwJTIwJTIwJTIwJTIwJTIwJTIwJTIwJTdEJTJDJTBBJTIwJTIwJTIwJTIwJTIwJTIwJTIwJTIwJTIwJTIwJTIwJTIwJTIybiUyMiUzQSUyMCU3QiUwQSUyMCUyMCUyMCUyMCUyMCUyMCUyMCUyMCUyMCUyMCUyMCUyMCUyMCUyMCUyMCUyMCUyMnR4dCUyMiUzQSUyMCUyMkZlZGVyYXR1YSUyMGdhYmUlMjIlMkMlMEElMjAlMjAlMjAlMjAlMjAlMjAlMjAlMjAlMjAlMjAlMjAlMjAlMjAlMjAlMjAlMjAlMjJzdW1hLXByZWNpbyUyMiUzQSUyMDAlMEElMjAlMjAlMjAlMjAlMjAlMjAlMjAlMjAlMjAlMjAlMjAlMjAlN0QlMEElMjAlMjAlMjAlMjAlMjAlMjAlMjAlMjAlN0QlMEElMjAlMjAlMjAlMjAlN0QlMEElN0QlMjclMEElNUQlMEE=[\/vc_raw_html][\/vc_column][\/vc_row]<\/p>\n","protected":false},"author":1,"featured_media":0,"parent":84176,"menu_order":0,"comment_status":"closed","ping_status":"closed","template":"","meta":{"_acf_changed":false,"footnotes":""},"class_list":["post-119131","page","type-page","status-publish","hentry"],"acf":[],"yoast_head":"<!-- This site is optimized with the Yoast SEO plugin v27.3 - https:\/\/yoast.com\/product\/yoast-seo-wordpress\/ -->\n<title>Mendiko korrikalarien tailerra - Bizkaiko Mendizale Federazioa<\/title>\n<meta name=\"robots\" content=\"index, follow, max-snippet:-1, max-image-preview:large, max-video-preview:-1\" \/>\n<link rel=\"canonical\" href=\"https:\/\/bmf-fvm.org\/eu\/emakumea-eta-mendia\/mendiko-korrikalarien-tailerra\/\" \/>\n<meta property=\"og:locale\" content=\"en_US\" \/>\n<meta property=\"og:type\" content=\"article\" \/>\n<meta property=\"og:title\" content=\"Mendiko korrikalarien tailerra - Bizkaiko Mendizale Federazioa\" \/>\n<meta property=\"og:description\" content=\"[vc_row][vc_column][vc_raw_html css=&#8221;&#8221;]JTVCaW5zY3JpcGNpb24lMEElMjAlMjB0aXBvcyUzRCUyMjElMkMyJTIyJTBBJTIwJTIwcHJlY2lvcyUzRCUyNyUyOCUwQSUyMCUyMCUyMCUyMCUyOCUyMCUyOCUyMCUyMlBvckZlZGVyJTNBZiUyMiUyMCUyOSUyQyUyMCUyMjE1JTIyJTIwJTI5JTJDJTBBJTIwJTIwJTIwJTIwJTI4JTIwJTI4JTIwJTIyUG9yRmVkZXIlM0FuJTIyJTIwJTI5JTJDJTIwJTIyMjAlMjIlMjAlMjklMEElMjAlMjAlMjklMjclMEElMjAlMjBtb2QtcHJlY2lvcyUzRCUyNyU3QiUwQSUyMCUyMCUyMCUyMCUyMlBvckZlZGVyJTIyJTNBJTIwJTdCJTBBJTIwJTIwJTIwJTIwJTIwJTIwJTIwJTIwJTIyc2VsZWN0b3IlMjIlM0ElMjAlMjJyJTIyJTJDJTBBJTIwJTIwJTIwJTIwJTIwJTIwJTIwJTIwJTIyZmVjaGEtbmFjaW0lMjIlM0ElMjAlMjJuJTIyJTJDJTBBJTIwJTIwJTIwJTIwJTIwJTIwJTIwJTIwJTIyZWxlbXMlMjIlM0ElMjAlN0IlMEElMjAlMjAlMjAlMjAlMjAlMjAlMjAlMjAlMjAlMjAlMjAlMjAlMjJmJTIyJTNBJTIwJTdCJTBBJTIwJTIwJTIwJTIwJTIwJTIwJTIwJTIwJTIwJTIwJTIwJTIwJTIwJTIwJTIwJTIwJTIydHh0JTIyJTNBJTIwJTIyRmVkZXJhdHVhJTIyJTJDJTBBJTIwJTIwJTIwJTIwJTIwJTIwJTIwJTIwJTIwJTIwJTIwJTIwJTIwJTIwJTIwJTIwJTIyc3VtYS1wcmVjaW8lMjIlM0ElMjAwJTBBJTIwJTIwJTIwJTIwJTIwJTIwJTIwJTIwJTIwJTIwJTIwJTIwJTdEJTJDJTBBJTIwJTIwJTIwJTIwJTIwJTIwJTIwJTIwJTIwJTIwJTIwJTIwJTIybiUyMiUzQSUyMCU3QiUwQSUyMCUyMCUyMCUyMCUyMCUyMCUyMCUyMCUyMCUyMCUyMCUyMCUyMCUyMCUyMCUyMCUyMnR4dCUyMiUzQSUyMCUyMkZlZGVyYXR1YSUyMGdhYmUlMjIlMkMlMEElMjAlMjAlMjAlMjAlMjAlMjAlMjAlMjAlMjAlMjAlMjAlMjAlMjAlMjAlMjAlMjAlMjJzdW1hLXByZWNpbyUyMiUzQSUyMDAlMEElMjAlMjAlMjAlMjAlMjAlMjAlMjAlMjAlMjAlMjAlMjAlMjAlN0QlMEElMjAlMjAlMjAlMjAlMjAlMjAlMjAlMjAlN0QlMEElMjAlMjAlMjAlMjAlN0QlMEElN0QlMjclMEElNUQlMEE=[\/vc_raw_html][\/vc_column][\/vc_row]\" \/>\n<meta property=\"og:url\" content=\"https:\/\/bmf-fvm.org\/eu\/emakumea-eta-mendia\/mendiko-korrikalarien-tailerra\/\" \/>\n<meta property=\"og:site_name\" content=\"Bizkaiko Mendizale Federazioa\" \/>\n<meta property=\"article:publisher\" content=\"https:\/\/facebook.com\/pages\/Bmf-Fvm\/597553177057267\" \/>\n<meta property=\"article:modified_time\" content=\"2025-09-29T13:54:11+00:00\" \/>\n<meta property=\"og:image\" content=\"https:\/\/bmf-fvm.org\/wp-content\/uploads\/2022\/04\/bmf-fb-logo.jpg\" \/>\n\t<meta property=\"og:image:width\" content=\"200\" \/>\n\t<meta property=\"og:image:height\" content=\"200\" \/>\n\t<meta property=\"og:image:type\" content=\"image\/jpeg\" \/>\n<meta name=\"twitter:card\" content=\"summary_large_image\" \/>\n<script type=\"application\/ld+json\" class=\"yoast-schema-graph\">{\"@context\":\"https:\\\/\\\/schema.org\",\"@graph\":[{\"@type\":\"WebPage\",\"@id\":\"https:\\\/\\\/bmf-fvm.org\\\/eu\\\/emakumea-eta-mendia\\\/mendiko-korrikalarien-tailerra\\\/\",\"url\":\"https:\\\/\\\/bmf-fvm.org\\\/eu\\\/emakumea-eta-mendia\\\/mendiko-korrikalarien-tailerra\\\/\",\"name\":\"Mendiko korrikalarien tailerra - Bizkaiko Mendizale Federazioa\",\"isPartOf\":{\"@id\":\"https:\\\/\\\/bmf-fvm.org\\\/#website\"},\"datePublished\":\"2025-09-29T12:53:17+00:00\",\"dateModified\":\"2025-09-29T13:54:11+00:00\",\"breadcrumb\":{\"@id\":\"https:\\\/\\\/bmf-fvm.org\\\/eu\\\/emakumea-eta-mendia\\\/mendiko-korrikalarien-tailerra\\\/#breadcrumb\"},\"inLanguage\":\"eu\",\"potentialAction\":[{\"@type\":\"ReadAction\",\"target\":[\"https:\\\/\\\/bmf-fvm.org\\\/eu\\\/emakumea-eta-mendia\\\/mendiko-korrikalarien-tailerra\\\/\"]}]},{\"@type\":\"BreadcrumbList\",\"@id\":\"https:\\\/\\\/bmf-fvm.org\\\/eu\\\/emakumea-eta-mendia\\\/mendiko-korrikalarien-tailerra\\\/#breadcrumb\",\"itemListElement\":[{\"@type\":\"ListItem\",\"position\":1,\"name\":\"Portada\",\"item\":\"https:\\\/\\\/bmf-fvm.org\\\/eu\\\/\"},{\"@type\":\"ListItem\",\"position\":2,\"name\":\"Emakumea eta Mendia\",\"item\":\"https:\\\/\\\/bmf-fvm.org\\\/eu\\\/emakumea-eta-mendia\\\/\"},{\"@type\":\"ListItem\",\"position\":3,\"name\":\"Mendiko korrikalarien tailerra\"}]},{\"@type\":\"WebSite\",\"@id\":\"https:\\\/\\\/bmf-fvm.org\\\/#website\",\"url\":\"https:\\\/\\\/bmf-fvm.org\\\/\",\"name\":\"Bizkaiko Mendizale Federazioa\",\"description\":\"Bizkaiko Mendizale Federazioa\",\"publisher\":{\"@id\":\"https:\\\/\\\/bmf-fvm.org\\\/#organization\"},\"potentialAction\":[{\"@type\":\"SearchAction\",\"target\":{\"@type\":\"EntryPoint\",\"urlTemplate\":\"https:\\\/\\\/bmf-fvm.org\\\/?s={search_term_string}\"},\"query-input\":{\"@type\":\"PropertyValueSpecification\",\"valueRequired\":true,\"valueName\":\"search_term_string\"}}],\"inLanguage\":\"eu\"},{\"@type\":\"Organization\",\"@id\":\"https:\\\/\\\/bmf-fvm.org\\\/#organization\",\"name\":\"Federaci\u00f3n Vizca\u00edna de Monta\u00f1a\",\"url\":\"https:\\\/\\\/bmf-fvm.org\\\/\",\"logo\":{\"@type\":\"ImageObject\",\"inLanguage\":\"eu\",\"@id\":\"https:\\\/\\\/bmf-fvm.org\\\/#\\\/schema\\\/logo\\\/image\\\/\",\"url\":\"https:\\\/\\\/bmf-fvm.org\\\/wp-content\\\/uploads\\\/2022\\\/03\\\/bmf-logo-trans.png\",\"contentUrl\":\"https:\\\/\\\/bmf-fvm.org\\\/wp-content\\\/uploads\\\/2022\\\/03\\\/bmf-logo-trans.png\",\"width\":41,\"height\":61,\"caption\":\"Federaci\u00f3n Vizca\u00edna de Monta\u00f1a\"},\"image\":{\"@id\":\"https:\\\/\\\/bmf-fvm.org\\\/#\\\/schema\\\/logo\\\/image\\\/\"},\"sameAs\":[\"https:\\\/\\\/facebook.com\\\/pages\\\/Bmf-Fvm\\\/597553177057267\"]}]}<\/script>\n<!-- \/ Yoast SEO plugin. -->","yoast_head_json":{"title":"Mendiko korrikalarien tailerra - Bizkaiko Mendizale Federazioa","robots":{"index":"index","follow":"follow","max-snippet":"max-snippet:-1","max-image-preview":"max-image-preview:large","max-video-preview":"max-video-preview:-1"},"canonical":"https:\/\/bmf-fvm.org\/eu\/emakumea-eta-mendia\/mendiko-korrikalarien-tailerra\/","og_locale":"en_US","og_type":"article","og_title":"Mendiko korrikalarien tailerra - Bizkaiko Mendizale Federazioa","og_description":"[vc_row][vc_column][vc_raw_html css=&#8221;&#8221;]JTVCaW5zY3JpcGNpb24lMEElMjAlMjB0aXBvcyUzRCUyMjElMkMyJTIyJTBBJTIwJTIwcHJlY2lvcyUzRCUyNyUyOCUwQSUyMCUyMCUyMCUyMCUyOCUyMCUyOCUyMCUyMlBvckZlZGVyJTNBZiUyMiUyMCUyOSUyQyUyMCUyMjE1JTIyJTIwJTI5JTJDJTBBJTIwJTIwJTIwJTIwJTI4JTIwJTI4JTIwJTIyUG9yRmVkZXIlM0FuJTIyJTIwJTI5JTJDJTIwJTIyMjAlMjIlMjAlMjklMEElMjAlMjAlMjklMjclMEElMjAlMjBtb2QtcHJlY2lvcyUzRCUyNyU3QiUwQSUyMCUyMCUyMCUyMCUyMlBvckZlZGVyJTIyJTNBJTIwJTdCJTBBJTIwJTIwJTIwJTIwJTIwJTIwJTIwJTIwJTIyc2VsZWN0b3IlMjIlM0ElMjAlMjJyJTIyJTJDJTBBJTIwJTIwJTIwJTIwJTIwJTIwJTIwJTIwJTIyZmVjaGEtbmFjaW0lMjIlM0ElMjAlMjJuJTIyJTJDJTBBJTIwJTIwJTIwJTIwJTIwJTIwJTIwJTIwJTIyZWxlbXMlMjIlM0ElMjAlN0IlMEElMjAlMjAlMjAlMjAlMjAlMjAlMjAlMjAlMjAlMjAlMjAlMjAlMjJmJTIyJTNBJTIwJTdCJTBBJTIwJTIwJTIwJTIwJTIwJTIwJTIwJTIwJTIwJTIwJTIwJTIwJTIwJTIwJTIwJTIwJTIydHh0JTIyJTNBJTIwJTIyRmVkZXJhdHVhJTIyJTJDJTBBJTIwJTIwJTIwJTIwJTIwJTIwJTIwJTIwJTIwJTIwJTIwJTIwJTIwJTIwJTIwJTIwJTIyc3VtYS1wcmVjaW8lMjIlM0ElMjAwJTBBJTIwJTIwJTIwJTIwJTIwJTIwJTIwJTIwJTIwJTIwJTIwJTIwJTdEJTJDJTBBJTIwJTIwJTIwJTIwJTIwJTIwJTIwJTIwJTIwJTIwJTIwJTIwJTIybiUyMiUzQSUyMCU3QiUwQSUyMCUyMCUyMCUyMCUyMCUyMCUyMCUyMCUyMCUyMCUyMCUyMCUyMCUyMCUyMCUyMCUyMnR4dCUyMiUzQSUyMCUyMkZlZGVyYXR1YSUyMGdhYmUlMjIlMkMlMEElMjAlMjAlMjAlMjAlMjAlMjAlMjAlMjAlMjAlMjAlMjAlMjAlMjAlMjAlMjAlMjAlMjJzdW1hLXByZWNpbyUyMiUzQSUyMDAlMEElMjAlMjAlMjAlMjAlMjAlMjAlMjAlMjAlMjAlMjAlMjAlMjAlN0QlMEElMjAlMjAlMjAlMjAlMjAlMjAlMjAlMjAlN0QlMEElMjAlMjAlMjAlMjAlN0QlMEElN0QlMjclMEElNUQlMEE=[\/vc_raw_html][\/vc_column][\/vc_row]","og_url":"https:\/\/bmf-fvm.org\/eu\/emakumea-eta-mendia\/mendiko-korrikalarien-tailerra\/","og_site_name":"Bizkaiko Mendizale Federazioa","article_publisher":"https:\/\/facebook.com\/pages\/Bmf-Fvm\/597553177057267","article_modified_time":"2025-09-29T13:54:11+00:00","og_image":[{"width":200,"height":200,"url":"https:\/\/bmf-fvm.org\/wp-content\/uploads\/2022\/04\/bmf-fb-logo.jpg","type":"image\/jpeg"}],"twitter_card":"summary_large_image","schema":{"@context":"https:\/\/schema.org","@graph":[{"@type":"WebPage","@id":"https:\/\/bmf-fvm.org\/eu\/emakumea-eta-mendia\/mendiko-korrikalarien-tailerra\/","url":"https:\/\/bmf-fvm.org\/eu\/emakumea-eta-mendia\/mendiko-korrikalarien-tailerra\/","name":"Mendiko korrikalarien tailerra - Bizkaiko Mendizale Federazioa","isPartOf":{"@id":"https:\/\/bmf-fvm.org\/#website"},"datePublished":"2025-09-29T12:53:17+00:00","dateModified":"2025-09-29T13:54:11+00:00","breadcrumb":{"@id":"https:\/\/bmf-fvm.org\/eu\/emakumea-eta-mendia\/mendiko-korrikalarien-tailerra\/#breadcrumb"},"inLanguage":"eu","potentialAction":[{"@type":"ReadAction","target":["https:\/\/bmf-fvm.org\/eu\/emakumea-eta-mendia\/mendiko-korrikalarien-tailerra\/"]}]},{"@type":"BreadcrumbList","@id":"https:\/\/bmf-fvm.org\/eu\/emakumea-eta-mendia\/mendiko-korrikalarien-tailerra\/#breadcrumb","itemListElement":[{"@type":"ListItem","position":1,"name":"Portada","item":"https:\/\/bmf-fvm.org\/eu\/"},{"@type":"ListItem","position":2,"name":"Emakumea eta Mendia","item":"https:\/\/bmf-fvm.org\/eu\/emakumea-eta-mendia\/"},{"@type":"ListItem","position":3,"name":"Mendiko korrikalarien tailerra"}]},{"@type":"WebSite","@id":"https:\/\/bmf-fvm.org\/#website","url":"https:\/\/bmf-fvm.org\/","name":"Bizkaiko Mendizale Federazioa","description":"Bizkaiko Mendizale Federazioa","publisher":{"@id":"https:\/\/bmf-fvm.org\/#organization"},"potentialAction":[{"@type":"SearchAction","target":{"@type":"EntryPoint","urlTemplate":"https:\/\/bmf-fvm.org\/?s={search_term_string}"},"query-input":{"@type":"PropertyValueSpecification","valueRequired":true,"valueName":"search_term_string"}}],"inLanguage":"eu"},{"@type":"Organization","@id":"https:\/\/bmf-fvm.org\/#organization","name":"Federaci\u00f3n Vizca\u00edna de Monta\u00f1a","url":"https:\/\/bmf-fvm.org\/","logo":{"@type":"ImageObject","inLanguage":"eu","@id":"https:\/\/bmf-fvm.org\/#\/schema\/logo\/image\/","url":"https:\/\/bmf-fvm.org\/wp-content\/uploads\/2022\/03\/bmf-logo-trans.png","contentUrl":"https:\/\/bmf-fvm.org\/wp-content\/uploads\/2022\/03\/bmf-logo-trans.png","width":41,"height":61,"caption":"Federaci\u00f3n Vizca\u00edna de Monta\u00f1a"},"image":{"@id":"https:\/\/bmf-fvm.org\/#\/schema\/logo\/image\/"},"sameAs":["https:\/\/facebook.com\/pages\/Bmf-Fvm\/597553177057267"]}]}},"_links":{"self":[{"href":"https:\/\/bmf-fvm.org\/eu\/wp-json\/wp\/v2\/pages\/119131","targetHints":{"allow":["GET"]}}],"collection":[{"href":"https:\/\/bmf-fvm.org\/eu\/wp-json\/wp\/v2\/pages"}],"about":[{"href":"https:\/\/bmf-fvm.org\/eu\/wp-json\/wp\/v2\/types\/page"}],"author":[{"embeddable":true,"href":"https:\/\/bmf-fvm.org\/eu\/wp-json\/wp\/v2\/users\/1"}],"replies":[{"embeddable":true,"href":"https:\/\/bmf-fvm.org\/eu\/wp-json\/wp\/v2\/comments?post=119131"}],"version-history":[{"count":0,"href":"https:\/\/bmf-fvm.org\/eu\/wp-json\/wp\/v2\/pages\/119131\/revisions"}],"up":[{"embeddable":true,"href":"https:\/\/bmf-fvm.org\/eu\/wp-json\/wp\/v2\/pages\/84176"}],"wp:attachment":[{"href":"https:\/\/bmf-fvm.org\/eu\/wp-json\/wp\/v2\/media?parent=119131"}],"curies":[{"name":"wp","href":"https:\/\/api.w.org\/{rel}","templated":true}]}}