{"id":111699,"date":"2024-09-10T14:15:34","date_gmt":"2024-09-10T12:15:34","guid":{"rendered":"https:\/\/bmf-fvm.org\/?page_id=111699"},"modified":"2024-09-17T12:33:23","modified_gmt":"2024-09-17T10:33:23","slug":"gr-123-14-etapa","status":"publish","type":"page","link":"https:\/\/bmf-fvm.org\/eu\/bizkaiko-xendazaletasun-liga\/gr-123-14-etapa\/","title":{"rendered":"GR\u00ae 123 14. Etapa"},"content":{"rendered":"<div class=\"wpb-content-wrapper\"><p>[vc_row][vc_column][vc_column_text css=&#8221;&#8221;]Hemen duzu <strong>BMF-FVM<\/strong>-k antolatutako jarduerari buruzko informazio guztia &#8220;Bizkaiko Xendazaletasun VII. Liga&#8221;.[\/vc_column_text][\/vc_column][\/vc_row][vc_row][vc_column][vc_message color=&#8221;info&#8221; style=&#8221;square&#8221; css=&#8221;&#8221;]Izen-emate data: <strong>irailak 16, astelehena<\/strong>[\/vc_message][\/vc_column][\/vc_row][vc_row][vc_column][vc_message color=&#8221;info&#8221; style=&#8221;square&#8221; css=&#8221;&#8221;]Izena emateko azken eguna: <strong>irailak 26, osteguna<\/strong>[\/vc_message][\/vc_column][\/vc_row][vc_row][vc_column][vc_row_inner][vc_column_inner width=&#8221;2\/3&#8243;]<div class=\"ult-content-box-container \" >\t\t<div class=\"ult-content-box\" style=\"box-shadow: px px px px none;border-style:solid;border-width:0px;padding:1em;-webkit-transition: all 700ms ease;-moz-transition: all 700ms ease;-ms-transition: all 700ms ease;-o-transition: all 700ms ease;transition: all 700ms ease;\"  data-hover_box_shadow=\"none\"     data-border_color=\"\" ><div class=\"uavc-list-icon uavc-list-icon-wrapper ult-adjust-bottom-margin   \"><ul class=\"uavc-list\"><li><div class=\"uavc-list-content\" id=\"list-icon-wrap-1685\">\n<div class=\"uavc-list-icon  \" data-animation=\"\" data-animation-delay=\"03\" style=\"margin-right:10px;\"><div class=\"ult-just-icon-wrapper  \"><div class=\"align-icon\" style=\"text-align:center;\">\n<div class=\"aio-icon none \"  style=\"color:#555555;font-size:16px;display:inline-block;\">\n\t<i class=\"Defaults-tag\"><\/i>\n<\/div><\/div><\/div>\n<\/div><span  data-ultimate-target='#list-icon-wrap-1685 .uavc-list-desc'  data-responsive-json-new='{\"font-size\":\"\",\"line-height\":\"\"}'  class=\"uavc-list-desc ult-responsive\" style=\"\">GR\u00ae 123 14. Etapa<\/span><\/div><\/li><li><div class=\"uavc-list-content\" id=\"list-icon-wrap-6342\">\n<div class=\"uavc-list-icon  \" data-animation=\"\" data-animation-delay=\"03\" style=\"margin-right:10px;\"><div class=\"ult-just-icon-wrapper  \"><div class=\"align-icon\" style=\"text-align:center;\">\n<div class=\"aio-icon none \"  style=\"color:#555555;font-size:16px;display:inline-block;\">\n\t<i class=\"Defaults-globe\"><\/i>\n<\/div><\/div><\/div>\n<\/div><span  data-ultimate-target='#list-icon-wrap-6342 .uavc-list-desc'  data-responsive-json-new='{\"font-size\":\"\",\"line-height\":\"\"}'  class=\"uavc-list-desc ult-responsive\" style=\"\">Parte-hartzaileen harrera Plentzian izango da<\/span><\/div><\/li><li><div class=\"uavc-list-content\" id=\"list-icon-wrap-7799\">\n<div class=\"uavc-list-icon  \" data-animation=\"\" data-animation-delay=\"03\" style=\"margin-right:10px;\"><div class=\"ult-just-icon-wrapper  \"><div class=\"align-icon\" style=\"text-align:center;\">\n<div class=\"aio-icon none \"  style=\"color:#555555;font-size:16px;display:inline-block;\">\n\t<i class=\"Defaults-calendar\"><\/i>\n<\/div><\/div><\/div>\n<\/div><span  data-ultimate-target='#list-icon-wrap-7799 .uavc-list-desc'  data-responsive-json-new='{\"font-size\":\"\",\"line-height\":\"\"}'  class=\"uavc-list-desc ult-responsive\" style=\"\">2024ko irailaren 29a<br \/>\n&#8220;<strong><em>Martxa luzeko<\/em><\/strong>&#8221; parte-hartzaileen harrera 8:30etatik 9:00etara izango da.<br \/>\n&#8220;<strong><em>Martxa motzeko<\/em><\/strong>&#8221; parte-hartzaileei harrera 9:15etik 9:45era izango da.<br \/>\n&#8220;<strong><em>Martxa luzeko<\/em><\/strong>&#8221; autobusak 9:00etan irtengo dira Getxorantz<br \/>\n&#8220;<strong><em>Martxa motzeko<\/em><\/strong>&#8221; autobusak 9:45ean irtengo dira Sopelarantz<\/p>\n<p><\/span><\/div><\/li><li><div class=\"uavc-list-content\" id=\"list-icon-wrap-2866\">\n<div class=\"uavc-list-icon  \" data-animation=\"\" data-animation-delay=\"03\" style=\"margin-right:10px;\"><div class=\"ult-just-icon-wrapper  \"><div class=\"align-icon\" style=\"text-align:center;\">\n<div class=\"aio-icon none \"  style=\"color:#555555;font-size:16px;display:inline-block;\">\n\t<i class=\"icomoon-map\"><\/i>\n<\/div><\/div><\/div>\n<\/div><span  data-ultimate-target='#list-icon-wrap-2866 .uavc-list-desc'  data-responsive-json-new='{\"font-size\":\"\",\"line-height\":\"\"}'  class=\"uavc-list-desc ult-responsive\" style=\"\">Ibilbide luzea: <a href=\"https:\/\/bmf-fvm.org\/wp-content\/uploads\/2024\/09\/GR\u00ae-123-Etapa-14-Plentzia-Areeta-marcha-larga.gpx\" target=\"_blank\" rel=\"noopener\">Track GPX<\/a>, <a href=\"https:\/\/bmf-fvm.org\/wp-content\/uploads\/2024\/09\/GR\u00ae-123-Etapa-14-Plentzia-Areeta-marcha-larga.kml\" target=\"_blank\" rel=\"noopener\">Track KML<\/a>, <a href=\"https:\/\/bmf-fvm.org\/wp-content\/uploads\/2024\/09\/Mapa-6a-salida-Liga-Senderismo-marcha-larga.pdf\" target=\"_blank\" rel=\"noopener\">Mapa<\/a><br \/>\nIbilbide laburra: <a href=\"https:\/\/bmf-fvm.org\/wp-content\/uploads\/2024\/09\/GR\u00ae-123-Etapa-14-Plentzia-Areeta-marcha-corta.gpx\" target=\"_blank\" rel=\"noopener\">Track GPX<\/a>, <a href=\"https:\/\/bmf-fvm.org\/wp-content\/uploads\/2024\/09\/GR\u00ae-123-Etapa-14-Plentzia-Areeta-marcha-corta.kml\" target=\"_blank\" rel=\"noopener\">Track KML<\/a>, <a href=\"https:\/\/bmf-fvm.org\/wp-content\/uploads\/2024\/09\/Mapa-6a-salida-Liga-Senderismo-marcha-corta.pdf\" target=\"_blank\" rel=\"noopener\">Mapa<\/a><br \/>\n<a href=\"https:\/\/bmf-fvm.org\/wp-content\/uploads\/2024\/09\/Diptico-salida-BFA-DFB.pdf\" target=\"_blank\" rel=\"noopener\">Diptikoa<\/a><\/span><\/div><\/li><li><div class=\"uavc-list-content\" id=\"list-icon-wrap-7710\">\n<div class=\"uavc-list-icon  \" data-animation=\"\" data-animation-delay=\"03\" style=\"margin-right:10px;\"><div class=\"ult-just-icon-wrapper  \"><div class=\"align-icon\" style=\"text-align:center;\">\n<div class=\"aio-icon none \"  style=\"color:#555555;font-size:16px;display:inline-block;\">\n\t<i class=\"icomoon-swap1\"><\/i>\n<\/div><\/div><\/div>\n<\/div><span  data-ultimate-target='#list-icon-wrap-7710 .uavc-list-desc'  data-responsive-json-new='{\"font-size\":\"\",\"line-height\":\"\"}'  class=\"uavc-list-desc ult-responsive\" style=\"\">Ibilbide luzea: 18,17 Km.<br \/>\nIbilbide laburra:\u00a0 9,07 Km.<\/span><\/div><\/li><li><div class=\"uavc-list-content\" id=\"list-icon-wrap-1765\">\n<div class=\"uavc-list-icon  \" data-animation=\"\" data-animation-delay=\"03\" style=\"margin-right:10px;\"><div class=\"ult-just-icon-wrapper  \"><div class=\"align-icon\" style=\"text-align:center;\">\n<div class=\"aio-icon none \"  style=\"color:#555555;font-size:16px;display:inline-block;\">\n\t<i class=\"icomoon-arrow-outline-up\"><\/i>\n<\/div><\/div><\/div>\n<\/div><span  data-ultimate-target='#list-icon-wrap-1765 .uavc-list-desc'  data-responsive-json-new='{\"font-size\":\"\",\"line-height\":\"\"}'  class=\"uavc-list-desc ult-responsive\" style=\"\">Ibilbide luzea: 395 m.<br \/>\nIbilbide laburra: 214 m.<\/span><\/div><\/li><li><div class=\"uavc-list-content\" id=\"list-icon-wrap-3545\">\n<div class=\"uavc-list-icon  \" data-animation=\"\" data-animation-delay=\"03\" style=\"margin-right:10px;\"><div class=\"ult-just-icon-wrapper  \"><div class=\"align-icon\" style=\"text-align:center;\">\n<div class=\"aio-icon none \"  style=\"color:#555555;font-size:16px;display:inline-block;\">\n\t<i class=\"icomoon-arrow-outline-down\"><\/i>\n<\/div><\/div><\/div>\n<\/div><span  data-ultimate-target='#list-icon-wrap-3545 .uavc-list-desc'  data-responsive-json-new='{\"font-size\":\"\",\"line-height\":\"\"}'  class=\"uavc-list-desc ult-responsive\" style=\"\">Ibilbide luzea: 397 m.<br \/>\nIbilbide laburra: 243 m.<\/span><\/div><\/li><li><div class=\"uavc-list-content\" id=\"list-icon-wrap-2691\">\n<div class=\"uavc-list-icon  \" data-animation=\"\" data-animation-delay=\"03\" style=\"margin-right:10px;\"><div class=\"ult-just-icon-wrapper  \"><div class=\"align-icon\" style=\"text-align:center;\">\n<div class=\"aio-icon none \"  style=\"color:#555555;font-size:16px;display:inline-block;\">\n\t<i class=\"Defaults-map-marker\"><\/i>\n<\/div><\/div><\/div>\n<\/div><span  data-ultimate-target='#list-icon-wrap-2691 .uavc-list-desc'  data-responsive-json-new='{\"font-size\":\"\",\"line-height\":\"\"}'  class=\"uavc-list-desc ult-responsive\" style=\"\">Parte-hartzaile guztien bertaratze-kontrola hemen egingo da:<br \/>\n<a href=\"https:\/\/maps.app.goo.gl\/FcfXhsYcDHkEmrYH8\" target=\"_blank\" rel=\"noopener\">Ayuntamiento de Plentzia(ko) Udaletxea \/\/ Astillero Plaza<\/a><\/span><\/div><\/li><li><div class=\"uavc-list-content\" id=\"list-icon-wrap-5219\">\n<div class=\"uavc-list-icon  \" data-animation=\"\" data-animation-delay=\"03\" style=\"margin-right:10px;\"><div class=\"ult-just-icon-wrapper  \"><div class=\"align-icon\" style=\"text-align:center;\">\n<div class=\"aio-icon none \"  style=\"color:#333333;font-size:16px;display:inline-block;\">\n\t<i class=\"Defaults-bus\"><\/i>\n<\/div><\/div><\/div>\n<\/div><span  data-ultimate-target='#list-icon-wrap-5219 .uavc-list-desc'  data-responsive-json-new='{\"font-size\":\"\",\"line-height\":\"\"}'  class=\"uavc-list-desc ult-responsive\" style=\"\">Garraiobideak: <a href=\"https:\/\/www.metrobilbao.eus\/\" target=\"_blank\" rel=\"noopener\">METRO BILBAO<\/a><br \/>\nAparkalekuak: <a href=\"https:\/\/maps.app.goo.gl\/3o3aN269BEKaX2W49\" target=\"_blank\" rel=\"noopener\">Aparkalekua 1 (Nagusia espazioaren arabera)<\/a>, <a href=\"https:\/\/maps.app.goo.gl\/SisUS2XMdNz2c5km8\" target=\"_blank\" rel=\"noopener\">Aparkalekua 2<\/a><\/span><\/div><\/li><li><div class=\"uavc-list-content\" id=\"list-icon-wrap-9065\">\n<div class=\"uavc-list-icon  \" data-animation=\"\" data-animation-delay=\"03\" style=\"margin-right:10px;\"><div class=\"ult-just-icon-wrapper  \"><div class=\"align-icon\" style=\"text-align:center;\">\n<div class=\"aio-icon none \"  style=\"color:#555555;font-size:16px;display:inline-block;\">\n\t<i class=\"Defaults-info-circle\"><\/i>\n<\/div><\/div><\/div>\n<\/div><span  data-ultimate-target='#list-icon-wrap-9065 .uavc-list-desc'  data-responsive-json-new='{\"font-size\":\"\",\"line-height\":\"\"}'  class=\"uavc-list-desc ult-responsive\" style=\"\">Ibilaldi luzearen ibilbidea Getxonn hasten da.<br \/>\nIbilbide laburra Sopelan hasten da.<br \/>\nParte-hartzaileak, harrera amaitu ondoren, autobusez joango dira martxaren hasieran.<\/p>\n<div class=\"embedly-responsive\" style=\"position: relative; padding-bottom: 78.2227%; height: 0; overflow: hidden;\"><iframe loading=\"lazy\" class=\"embedly-embed\" style=\"position: absolute; top: 0; left: 0; width: 100%; height: 100%;\" src=\"https:\/\/cdn.embedly.com\/widgets\/media.html?src=https:\/\/www.relive.cc\/view\/vE6JN52BYx6\/widget?r=embed-site&amp;url=https:\/\/www.relive.cc\/view\/vE6JN52BYx6?r=embed-site&amp;image=https:\/\/www.relive.cc\/view\/vE6JN52BYx6\/png?x-ref=embed-site&amp;key=f1631a41cb254ca5b035dc5747a5bd75&amp;type=text\/html&amp;schema=relive\" width=\"1024\" height=\"801\" frameborder=\"0\" scrolling=\"no\" allowfullscreen=\"allowfullscreen\" data-mce-fragment=\"1\"><\/iframe><\/div>\n<div class=\"embedly-responsive\" style=\"position: relative; padding-bottom: 78.2227%; height: 0; overflow: hidden;\"><iframe loading=\"lazy\" class=\"embedly-embed\" style=\"position: absolute; top: 0; left: 0; width: 100%; height: 100%;\" src=\"https:\/\/cdn.embedly.com\/widgets\/media.html?src=https:\/\/www.relive.cc\/view\/v8qVE5M4m36\/widget?r=embed-site&amp;url=https:\/\/www.relive.cc\/view\/v8qVE5M4m36?r=embed-site&amp;image=https:\/\/www.relive.cc\/view\/v8qVE5M4m36\/png?x-ref=embed-site&amp;key=f1631a41cb254ca5b035dc5747a5bd75&amp;type=text\/html&amp;schema=relive\" width=\"1024\" height=\"801\" frameborder=\"0\" scrolling=\"no\" allowfullscreen=\"allowfullscreen\" data-mce-fragment=\"1\"><\/iframe><\/div>\n<p><\/span><\/div><\/li><\/ul><\/div>\t\t<\/div><\/div>[\/vc_column_inner][vc_column_inner width=&#8221;1\/3&#8243;][vc_single_image image=&#8221;111670&#8243; img_size=&#8221;large&#8221; alignment=&#8221;center&#8221; style=&#8221;vc_box_shadow&#8221; onclick=&#8221;img_link_large&#8221; css=&#8221;&#8221;][\/vc_column_inner][\/vc_row_inner][\/vc_column][\/vc_row][vc_row][vc_column][vc_column_text css=&#8221;&#8221;][\/vc_column_text][\/vc_column][\/vc_row]<\/p>\n<\/div>","protected":false},"excerpt":{"rendered":"<p>[vc_row][vc_column][vc_column_text css=&#8221;&#8221;]Hemen duzu BMF-FVM-k antolatutako jarduerari buruzko informazio guztia &#8220;Bizkaiko Xendazaletasun VII. Liga&#8221;.[\/vc_column_text][\/vc_column][\/vc_row][vc_row][vc_column][vc_message color=&#8221;info&#8221; style=&#8221;square&#8221; css=&#8221;&#8221;]Izen-emate data: irailak 16, astelehena[\/vc_message][\/vc_column][\/vc_row][vc_row][vc_column][vc_message&hellip;<\/p>\n","protected":false},"author":1,"featured_media":0,"parent":80421,"menu_order":0,"comment_status":"closed","ping_status":"closed","template":"","meta":{"_acf_changed":false,"footnotes":""},"class_list":["post-111699","page","type-page","status-publish","hentry"],"acf":[],"yoast_head":"<!-- This site is optimized with the Yoast SEO plugin v27.3 - https:\/\/yoast.com\/product\/yoast-seo-wordpress\/ -->\n<title>GR\u00ae 123 14. Etapa - Bizkaiko Mendizale Federazioa<\/title>\n<meta name=\"robots\" content=\"index, follow, max-snippet:-1, max-image-preview:large, max-video-preview:-1\" \/>\n<link rel=\"canonical\" href=\"https:\/\/bmf-fvm.org\/eu\/bizkaiko-xendazaletasun-liga\/gr-123-14-etapa\/\" \/>\n<meta property=\"og:locale\" content=\"en_US\" \/>\n<meta property=\"og:type\" content=\"article\" \/>\n<meta property=\"og:title\" content=\"GR\u00ae 123 14. Etapa - Bizkaiko Mendizale Federazioa\" \/>\n<meta property=\"og:description\" content=\"[vc_row][vc_column][vc_column_text css=&#8221;&#8221;]Hemen duzu BMF-FVM-k antolatutako jarduerari buruzko informazio guztia &#8220;Bizkaiko Xendazaletasun VII. Liga&#8221;.[\/vc_column_text][\/vc_column][\/vc_row][vc_row][vc_column][vc_message color=&#8221;info&#8221; style=&#8221;square&#8221; css=&#8221;&#8221;]Izen-emate data: irailak 16, astelehena[\/vc_message][\/vc_column][\/vc_row][vc_row][vc_column][vc_message&hellip;\" \/>\n<meta property=\"og:url\" content=\"https:\/\/bmf-fvm.org\/eu\/bizkaiko-xendazaletasun-liga\/gr-123-14-etapa\/\" \/>\n<meta property=\"og:site_name\" content=\"Bizkaiko Mendizale Federazioa\" \/>\n<meta property=\"article:publisher\" content=\"https:\/\/facebook.com\/pages\/Bmf-Fvm\/597553177057267\" \/>\n<meta property=\"article:modified_time\" content=\"2024-09-17T10:33:23+00:00\" \/>\n<meta property=\"og:image\" content=\"https:\/\/bmf-fvm.org\/wp-content\/uploads\/2022\/04\/bmf-fb-logo.jpg\" \/>\n\t<meta property=\"og:image:width\" content=\"200\" \/>\n\t<meta property=\"og:image:height\" content=\"200\" \/>\n\t<meta property=\"og:image:type\" content=\"image\/jpeg\" \/>\n<meta name=\"twitter:card\" content=\"summary_large_image\" \/>\n<meta name=\"twitter:label1\" content=\"Est. reading time\" \/>\n\t<meta name=\"twitter:data1\" content=\"2 minutua\" \/>\n<script type=\"application\/ld+json\" class=\"yoast-schema-graph\">{\"@context\":\"https:\\\/\\\/schema.org\",\"@graph\":[{\"@type\":\"WebPage\",\"@id\":\"https:\\\/\\\/bmf-fvm.org\\\/eu\\\/bizkaiko-xendazaletasun-liga\\\/gr-123-14-etapa\\\/\",\"url\":\"https:\\\/\\\/bmf-fvm.org\\\/eu\\\/bizkaiko-xendazaletasun-liga\\\/gr-123-14-etapa\\\/\",\"name\":\"GR\u00ae 123 14. Etapa - Bizkaiko Mendizale Federazioa\",\"isPartOf\":{\"@id\":\"https:\\\/\\\/bmf-fvm.org\\\/#website\"},\"datePublished\":\"2024-09-10T12:15:34+00:00\",\"dateModified\":\"2024-09-17T10:33:23+00:00\",\"breadcrumb\":{\"@id\":\"https:\\\/\\\/bmf-fvm.org\\\/eu\\\/bizkaiko-xendazaletasun-liga\\\/gr-123-14-etapa\\\/#breadcrumb\"},\"inLanguage\":\"eu\",\"potentialAction\":[{\"@type\":\"ReadAction\",\"target\":[\"https:\\\/\\\/bmf-fvm.org\\\/eu\\\/bizkaiko-xendazaletasun-liga\\\/gr-123-14-etapa\\\/\"]}]},{\"@type\":\"BreadcrumbList\",\"@id\":\"https:\\\/\\\/bmf-fvm.org\\\/eu\\\/bizkaiko-xendazaletasun-liga\\\/gr-123-14-etapa\\\/#breadcrumb\",\"itemListElement\":[{\"@type\":\"ListItem\",\"position\":1,\"name\":\"Portada\",\"item\":\"https:\\\/\\\/bmf-fvm.org\\\/eu\\\/\"},{\"@type\":\"ListItem\",\"position\":2,\"name\":\"Bizkaiko Xendazaletasun Liga\",\"item\":\"https:\\\/\\\/bmf-fvm.org\\\/eu\\\/bizkaiko-xendazaletasun-liga\\\/\"},{\"@type\":\"ListItem\",\"position\":3,\"name\":\"GR\u00ae 123 14. Etapa\"}]},{\"@type\":\"WebSite\",\"@id\":\"https:\\\/\\\/bmf-fvm.org\\\/#website\",\"url\":\"https:\\\/\\\/bmf-fvm.org\\\/\",\"name\":\"Bizkaiko Mendizale Federazioa\",\"description\":\"Bizkaiko Mendizale Federazioa\",\"publisher\":{\"@id\":\"https:\\\/\\\/bmf-fvm.org\\\/#organization\"},\"potentialAction\":[{\"@type\":\"SearchAction\",\"target\":{\"@type\":\"EntryPoint\",\"urlTemplate\":\"https:\\\/\\\/bmf-fvm.org\\\/?s={search_term_string}\"},\"query-input\":{\"@type\":\"PropertyValueSpecification\",\"valueRequired\":true,\"valueName\":\"search_term_string\"}}],\"inLanguage\":\"eu\"},{\"@type\":\"Organization\",\"@id\":\"https:\\\/\\\/bmf-fvm.org\\\/#organization\",\"name\":\"Federaci\u00f3n Vizca\u00edna de Monta\u00f1a\",\"url\":\"https:\\\/\\\/bmf-fvm.org\\\/\",\"logo\":{\"@type\":\"ImageObject\",\"inLanguage\":\"eu\",\"@id\":\"https:\\\/\\\/bmf-fvm.org\\\/#\\\/schema\\\/logo\\\/image\\\/\",\"url\":\"https:\\\/\\\/bmf-fvm.org\\\/wp-content\\\/uploads\\\/2022\\\/03\\\/bmf-logo-trans.png\",\"contentUrl\":\"https:\\\/\\\/bmf-fvm.org\\\/wp-content\\\/uploads\\\/2022\\\/03\\\/bmf-logo-trans.png\",\"width\":41,\"height\":61,\"caption\":\"Federaci\u00f3n Vizca\u00edna de Monta\u00f1a\"},\"image\":{\"@id\":\"https:\\\/\\\/bmf-fvm.org\\\/#\\\/schema\\\/logo\\\/image\\\/\"},\"sameAs\":[\"https:\\\/\\\/facebook.com\\\/pages\\\/Bmf-Fvm\\\/597553177057267\"]}]}<\/script>\n<!-- \/ Yoast SEO plugin. -->","yoast_head_json":{"title":"GR\u00ae 123 14. Etapa - Bizkaiko Mendizale Federazioa","robots":{"index":"index","follow":"follow","max-snippet":"max-snippet:-1","max-image-preview":"max-image-preview:large","max-video-preview":"max-video-preview:-1"},"canonical":"https:\/\/bmf-fvm.org\/eu\/bizkaiko-xendazaletasun-liga\/gr-123-14-etapa\/","og_locale":"en_US","og_type":"article","og_title":"GR\u00ae 123 14. Etapa - Bizkaiko Mendizale Federazioa","og_description":"[vc_row][vc_column][vc_column_text css=&#8221;&#8221;]Hemen duzu BMF-FVM-k antolatutako jarduerari buruzko informazio guztia &#8220;Bizkaiko Xendazaletasun VII. Liga&#8221;.[\/vc_column_text][\/vc_column][\/vc_row][vc_row][vc_column][vc_message color=&#8221;info&#8221; style=&#8221;square&#8221; css=&#8221;&#8221;]Izen-emate data: irailak 16, astelehena[\/vc_message][\/vc_column][\/vc_row][vc_row][vc_column][vc_message&hellip;","og_url":"https:\/\/bmf-fvm.org\/eu\/bizkaiko-xendazaletasun-liga\/gr-123-14-etapa\/","og_site_name":"Bizkaiko Mendizale Federazioa","article_publisher":"https:\/\/facebook.com\/pages\/Bmf-Fvm\/597553177057267","article_modified_time":"2024-09-17T10:33:23+00:00","og_image":[{"width":200,"height":200,"url":"https:\/\/bmf-fvm.org\/wp-content\/uploads\/2022\/04\/bmf-fb-logo.jpg","type":"image\/jpeg"}],"twitter_card":"summary_large_image","twitter_misc":{"Est. reading time":"2 minutua"},"schema":{"@context":"https:\/\/schema.org","@graph":[{"@type":"WebPage","@id":"https:\/\/bmf-fvm.org\/eu\/bizkaiko-xendazaletasun-liga\/gr-123-14-etapa\/","url":"https:\/\/bmf-fvm.org\/eu\/bizkaiko-xendazaletasun-liga\/gr-123-14-etapa\/","name":"GR\u00ae 123 14. Etapa - Bizkaiko Mendizale Federazioa","isPartOf":{"@id":"https:\/\/bmf-fvm.org\/#website"},"datePublished":"2024-09-10T12:15:34+00:00","dateModified":"2024-09-17T10:33:23+00:00","breadcrumb":{"@id":"https:\/\/bmf-fvm.org\/eu\/bizkaiko-xendazaletasun-liga\/gr-123-14-etapa\/#breadcrumb"},"inLanguage":"eu","potentialAction":[{"@type":"ReadAction","target":["https:\/\/bmf-fvm.org\/eu\/bizkaiko-xendazaletasun-liga\/gr-123-14-etapa\/"]}]},{"@type":"BreadcrumbList","@id":"https:\/\/bmf-fvm.org\/eu\/bizkaiko-xendazaletasun-liga\/gr-123-14-etapa\/#breadcrumb","itemListElement":[{"@type":"ListItem","position":1,"name":"Portada","item":"https:\/\/bmf-fvm.org\/eu\/"},{"@type":"ListItem","position":2,"name":"Bizkaiko Xendazaletasun Liga","item":"https:\/\/bmf-fvm.org\/eu\/bizkaiko-xendazaletasun-liga\/"},{"@type":"ListItem","position":3,"name":"GR\u00ae 123 14. Etapa"}]},{"@type":"WebSite","@id":"https:\/\/bmf-fvm.org\/#website","url":"https:\/\/bmf-fvm.org\/","name":"Bizkaiko Mendizale Federazioa","description":"Bizkaiko Mendizale Federazioa","publisher":{"@id":"https:\/\/bmf-fvm.org\/#organization"},"potentialAction":[{"@type":"SearchAction","target":{"@type":"EntryPoint","urlTemplate":"https:\/\/bmf-fvm.org\/?s={search_term_string}"},"query-input":{"@type":"PropertyValueSpecification","valueRequired":true,"valueName":"search_term_string"}}],"inLanguage":"eu"},{"@type":"Organization","@id":"https:\/\/bmf-fvm.org\/#organization","name":"Federaci\u00f3n Vizca\u00edna de Monta\u00f1a","url":"https:\/\/bmf-fvm.org\/","logo":{"@type":"ImageObject","inLanguage":"eu","@id":"https:\/\/bmf-fvm.org\/#\/schema\/logo\/image\/","url":"https:\/\/bmf-fvm.org\/wp-content\/uploads\/2022\/03\/bmf-logo-trans.png","contentUrl":"https:\/\/bmf-fvm.org\/wp-content\/uploads\/2022\/03\/bmf-logo-trans.png","width":41,"height":61,"caption":"Federaci\u00f3n Vizca\u00edna de Monta\u00f1a"},"image":{"@id":"https:\/\/bmf-fvm.org\/#\/schema\/logo\/image\/"},"sameAs":["https:\/\/facebook.com\/pages\/Bmf-Fvm\/597553177057267"]}]}},"_links":{"self":[{"href":"https:\/\/bmf-fvm.org\/eu\/wp-json\/wp\/v2\/pages\/111699","targetHints":{"allow":["GET"]}}],"collection":[{"href":"https:\/\/bmf-fvm.org\/eu\/wp-json\/wp\/v2\/pages"}],"about":[{"href":"https:\/\/bmf-fvm.org\/eu\/wp-json\/wp\/v2\/types\/page"}],"author":[{"embeddable":true,"href":"https:\/\/bmf-fvm.org\/eu\/wp-json\/wp\/v2\/users\/1"}],"replies":[{"embeddable":true,"href":"https:\/\/bmf-fvm.org\/eu\/wp-json\/wp\/v2\/comments?post=111699"}],"version-history":[{"count":0,"href":"https:\/\/bmf-fvm.org\/eu\/wp-json\/wp\/v2\/pages\/111699\/revisions"}],"up":[{"embeddable":true,"href":"https:\/\/bmf-fvm.org\/eu\/wp-json\/wp\/v2\/pages\/80421"}],"wp:attachment":[{"href":"https:\/\/bmf-fvm.org\/eu\/wp-json\/wp\/v2\/media?parent=111699"}],"curies":[{"name":"wp","href":"https:\/\/api.w.org\/{rel}","templated":true}]}}