{"id":111626,"date":"2024-09-09T13:32:04","date_gmt":"2024-09-09T11:32:04","guid":{"rendered":"https:\/\/bmf-fvm.org\/?page_id=111626"},"modified":"2025-10-02T15:01:02","modified_gmt":"2025-10-02T13:01:02","slug":"bbk-mendi-martxaren-erronka","status":"publish","type":"page","link":"https:\/\/bmf-fvm.org\/eu\/bbk-mendi-martxak\/bbk-mendi-martxaren-erronka\/","title":{"rendered":"BBK Mendi Martxaren erronka"},"content":{"rendered":"<div class=\"wpb-content-wrapper\"><p>[vc_row][vc_column][vc_column_text css=&#8221;&#8221;]<strong>BBK Mendi Martxak<\/strong> 2025 ekimenaren esparruan, urriaren 11n <strong>BBK Mendi Martxak Erronka<\/strong>ren hirugarren edizioa izango da <a href=\"https:\/\/www.bbk.eus\/bbk-klima\/\" target=\"_blank\" rel=\"noopener\">BBK Klima<\/a> inguruan, Busturialdean. Natura zaintzearekin lotutako proposamenez betetako jardunaldia izango da, eta ardatz nagusia Lurgaia Fundazioak kudeatzen dituen lurretan 300 zuhaitz eta zuhaixka landatuko dira Mape ibaiaren haranean.<\/p>\n<p>Zuhaitz-landaketa hau BBK Mendi Martxak ekimen arrakastatsuaren ingurumen erronka da. Urtean zehar, Bizkaiko Mendizale Federazioak homologatutako bideak ezagutzera eman nahi ditu, baita balio handiko bidezidorrak, bideak eta naturguneak ere, askotan herritarrek ezagutzen ez dituztenak.<\/p>\n<h3>Egun bat naturaren inguruan<\/h3>\n<p>Eguna 9:30ean hasiko da, parte-hartzaileen harrerarekin BBK Klima Zentroan. Bertan boluntarioen dokumentazioa emango zaie eta jarduera-programa aurkeztuko da. 10:00etan, bertaratutakoak landaketa-gunera joango dira autobusez.<\/p>\n<p>Edizio honetako erronka nagusia bertoko 300 zuhaitz eta zuhaixka landatzea izango da, Lurgaia Fundazioaren zaintzapean dagoen gune batean. Bertan, 14 urte baino gehiagoz basoa berreskuratu edo lehengoratzeko egindako lana eta prozesu horretan BBK-k emandako laguntza azalduko dira.<\/p>\n<p>Landaketaren ostean, taldea BBK Klima zentrora itzuliko da, bertoko produktu ekologiko eta sasoikoekin, &#8220;zero hondakin&#8221; eta plastikorik gabeko irizpideen arabera, prestatutako otordu jasangarriaz gozatzeko.<\/p>\n<p>Zuhaitz-landaketaren ostean, egunean zehar familia osoarentzako jarduerak izango dira, ingurumen-sentsibilizazioarekin lotuta.<\/p>\n<h3>Gastronomia eta tailer jasangarriak<\/h3>\n<p>Arratsaldeak showcooking agroekologikoarekin jarraituko du Ortutik Ahora Catering-en eskutik. Bertoko ortu edo baratzeko produktuekin errezeta sortzaileak prestatzen irakatsiko da, elikagaiak alferrik galtzea saihestuz.<\/p>\n<p>16:30etik 18:30era, bost jarduera paralelo eskainiko dira BBK Klima guneko hainbat puntutan, dinamika txandakatuekin, parte-hartzaile guztiek parte hartu ahal izan dezaten. Mintegian ereiteko edo landatzeko tailer batetik hasi eta zuhaitz-etxe jarduera batera, hegaztiak ikusteko jarduera batera edo inguruko zuhaitzak identifikatzeko jolas batera.<\/p>\n<h3>Ekintzarako eta sentsibilizaziorako hitzordua<\/h3>\n<p>BBK Mendi Martxak Erronkak ingurumen-hezkuntza, basoen kontserbazio eta bizi-ohitura jasangarrien sustapenarekiko konpromisoa indartzen du. Naturarekin konektatzeko, baso-ekosistemen garrantziaz ikasteko eta ekosistemak berreskuratzen aktiboki laguntzeko egun edo jardunaldia da.[\/vc_column_text][\/vc_column][\/vc_row][vc_row][vc_column][vc_message color=&#8221;info&#8221; style=&#8221;square&#8221; css=&#8221;&#8221;]Izen-emate data: <strong>irailak 29<\/strong>[\/vc_message][\/vc_column][\/vc_row][vc_row][vc_column][vc_row_inner][vc_column_inner width=&#8221;2\/3&#8243; css=&#8221;.vc_custom_1759125567644{background-color: #F4F4F4 !important;}&#8221;]<div class=\"ult-content-box-container \" >\t\t<div class=\"ult-content-box\" style=\"box-shadow: px px px px none;border-style:solid;border-width:0px;padding:1em;-webkit-transition: all 700ms ease;-moz-transition: all 700ms ease;-ms-transition: all 700ms ease;-o-transition: all 700ms ease;transition: all 700ms ease;\"  data-hover_box_shadow=\"none\"     data-border_color=\"\" ><div class=\"uavc-list-icon uavc-list-icon-wrapper ult-adjust-bottom-margin   \"><ul class=\"uavc-list\"><li><div class=\"uavc-list-content\" id=\"list-icon-wrap-3579\">\n<div class=\"uavc-list-icon  \" data-animation=\"\" data-animation-delay=\"03\" style=\"margin-right:10px;\"><div class=\"ult-just-icon-wrapper  \"><div class=\"align-icon\" style=\"text-align:center;\">\n<div class=\"aio-icon none \"  style=\"color:#555555;font-size:16px;display:inline-block;\">\n\t<i class=\"Defaults-globe\"><\/i>\n<\/div><\/div><\/div>\n<\/div><span  data-ultimate-target='#list-icon-wrap-3579 .uavc-list-desc'  data-responsive-json-new='{\"font-size\":\"\",\"line-height\":\"\"}'  class=\"uavc-list-desc ult-responsive\" style=\"\">Busturia<\/span><\/div><\/li><li><div class=\"uavc-list-content\" id=\"list-icon-wrap-5629\">\n<div class=\"uavc-list-icon  \" data-animation=\"\" data-animation-delay=\"03\" style=\"margin-right:10px;\"><div class=\"ult-just-icon-wrapper  \"><div class=\"align-icon\" style=\"text-align:center;\">\n<div class=\"aio-icon none \"  style=\"color:#555555;font-size:16px;display:inline-block;\">\n\t<i class=\"Defaults-calendar\"><\/i>\n<\/div><\/div><\/div>\n<\/div><span  data-ultimate-target='#list-icon-wrap-5629 .uavc-list-desc'  data-responsive-json-new='{\"font-size\":\"\",\"line-height\":\"\"}'  class=\"uavc-list-desc ult-responsive\" style=\"\">2025eko urriak 11, 9:30<\/span><\/div><\/li><li><div class=\"uavc-list-content\" id=\"list-icon-wrap-4184\">\n<div class=\"uavc-list-icon  \" data-animation=\"\" data-animation-delay=\"03\" style=\"margin-right:10px;\"><div class=\"ult-just-icon-wrapper  \"><div class=\"align-icon\" style=\"text-align:center;\">\n<div class=\"aio-icon none \"  style=\"color:#555555;font-size:16px;display:inline-block;\">\n\t<i class=\"Defaults-map-marker\"><\/i>\n<\/div><\/div><\/div>\n<\/div><span  data-ultimate-target='#list-icon-wrap-4184 .uavc-list-desc'  data-responsive-json-new='{\"font-size\":\"\",\"line-height\":\"\"}'  class=\"uavc-list-desc ult-responsive\" style=\"\"><a href=\"https:\/\/maps.app.goo.gl\/zyGDzmfMCFb6U4WX6\" target=\"_blank\" rel=\"noopener\">BBK Klima Abentura &#8211; Busturia<\/a><\/span><\/div><\/li><li><div class=\"uavc-list-content\" id=\"list-icon-wrap-7630\">\n<div class=\"uavc-list-icon  \" data-animation=\"\" data-animation-delay=\"03\" style=\"margin-right:10px;\"><div class=\"ult-just-icon-wrapper  \"><div class=\"align-icon\" style=\"text-align:center;\">\n<div class=\"aio-icon none \"  style=\"color:#333333;font-size:16px;display:inline-block;\">\n\t<i class=\"Defaults-bus\"><\/i>\n<\/div><\/div><\/div>\n<\/div><span  data-ultimate-target='#list-icon-wrap-7630 .uavc-list-desc'  data-responsive-json-new='{\"font-size\":\"\",\"line-height\":\"\"}'  class=\"uavc-list-desc ult-responsive\" style=\"\">Garraiobideak: <a href=\"https:\/\/www.euskotren.eus\/es\" target=\"_blank\" rel=\"noopener\">EUSKOTREN<\/a>, <a href=\"https:\/\/www.bizkaia.eus\/es\/web\/bizkaibus\/lineas\" target=\"_blank\" rel=\"noopener\">BIZKAIBUS<\/a><br \/>\nAparkalekuak: <a href=\"https:\/\/www.google.com\/maps\/place\/Parking+Sukarrieta\/@43.3893175,-2.6957903,826m\/data=!3m1!1e3!4m6!3m5!1s0xd4e3c1c726c8a3d:0x5e8f788c6922e377!8m2!3d43.3881624!4d-2.6939635!16s%2Fg%2F11cs3hk32k?entry=ttu\" target=\"_blank\" rel=\"noopener\">Sukarrietako aparkalekua<\/a>, <a href=\"https:\/\/www.google.com\/maps\/place\/Parque+playa+de+To%C3%B1a\/@43.3923955,-2.6962532,695m\/data=!3m1!1e3!4m6!3m5!1s0xd4e3d0e070efe43:0x50b7b5cebc8c8b99!8m2!3d43.3925594!4d-2.6954098!16s%2Fg%2F11t4bf6v_r?entry=ttu\" target=\"_blank\" rel=\"noopener\">To\u00f1a hondartzako aparkalekua<\/a><\/span><\/div><\/li><li><div class=\"uavc-list-content\" id=\"list-icon-wrap-3767\">\n<div class=\"uavc-list-icon  \" data-animation=\"\" data-animation-delay=\"03\" style=\"margin-right:10px;\"><div class=\"ult-just-icon-wrapper  \"><div class=\"align-icon\" style=\"text-align:center;\">\n<div class=\"aio-icon none \"  style=\"color:#555555;font-size:16px;display:inline-block;\">\n\t<i class=\"Defaults-info-circle\"><\/i>\n<\/div><\/div><\/div>\n<\/div><span  data-ultimate-target='#list-icon-wrap-3767 .uavc-list-desc'  data-responsive-json-new='{\"font-size\":\"\",\"line-height\":\"\"}'  class=\"uavc-list-desc ult-responsive\" style=\"\">Gehienez <strong>80<\/strong> lagunek har dezakete parte.\u00a0Harreran, 14 urtetik gorakoek boluntariotza inprimakia bete beharko dute. Nahi baduzu, deskargatu eta beteta ekar dezakezu:<\/p>\n<ul>\n<li><a href=\"https:\/\/lurgaia.org\/wp-content\/uploads\/2025\/09\/acuerdoVoluntariado24-4adultos.pdf\" rel=\"noopener\">18\u00a0urtetik\u00a0gorakoentzako\u00a0formularioa<\/a><\/li>\n<li><a href=\"https:\/\/lurgaia.org\/wp-content\/uploads\/2025\/09\/acuerdoVoluntariado24-4menores.pdf\" rel=\"noopener\">16-18 urteko formularioa<\/a><\/li>\n<\/ul>\n<p>Landaketarako, mendiko edo uretako botak, galtza luzeak eta, euria egiten badu, arropa iragazgaitza erabiltzea gomendatzen da, eta kantinplora eroatea.<\/p>\n<p>Erakundeak hornituko ditu landaketarako beharrezko materialak.<\/span><\/div><\/li><\/ul><\/div>\t\t<\/div><\/div>[\/vc_column_inner][vc_column_inner width=&#8221;1\/3&#8243;][vc_single_image image=&#8221;119670&#8243; img_size=&#8221;large&#8221; alignment=&#8221;center&#8221; style=&#8221;vc_box_shadow&#8221; onclick=&#8221;img_link_large&#8221; css=&#8221;&#8221;][\/vc_column_inner][\/vc_row_inner][\/vc_column][\/vc_row][vc_row][vc_column][vc_btn title=&#8221;Izena eman nahi dut!&#8221; style=&#8221;flat&#8221; color=&#8221;success&#8221; size=&#8221;lg&#8221; align=&#8221;left&#8221; i_align=&#8221;right&#8221; i_icon_fontawesome=&#8221;fa fa-regular fa-pen-to-square&#8221; css_animation=&#8221;fadeInLeftBig&#8221; css=&#8221;&#8221; add_icon=&#8221;true&#8221; link=&#8221;url:https%3A%2F%2Fbmf-fvm.org%2Feu%2Fbbk-mendi-martxak-izen-ematea-2%2F&#8221;][\/vc_column][\/vc_row]<\/p>\n<\/div>","protected":false},"excerpt":{"rendered":"<p>[vc_row][vc_column][vc_column_text css=&#8221;&#8221;]BBK Mendi Martxak 2025 ekimenaren esparruan, urriaren 11n BBK Mendi Martxak Erronkaren hirugarren edizioa izango da BBK Klima inguruan,&hellip;<\/p>\n","protected":false},"author":1,"featured_media":0,"parent":86890,"menu_order":8,"comment_status":"closed","ping_status":"closed","template":"","meta":{"_acf_changed":false,"footnotes":""},"class_list":["post-111626","page","type-page","status-publish","hentry"],"acf":[],"yoast_head":"<!-- This site is optimized with the Yoast SEO plugin v27.3 - https:\/\/yoast.com\/product\/yoast-seo-wordpress\/ -->\n<title>BBK Mendi Martxaren erronka - Bizkaiko Mendizale Federazioa<\/title>\n<meta name=\"robots\" content=\"index, follow, max-snippet:-1, max-image-preview:large, max-video-preview:-1\" \/>\n<link rel=\"canonical\" href=\"https:\/\/bmf-fvm.org\/eu\/bbk-mendi-martxak\/bbk-mendi-martxaren-erronka\/\" \/>\n<meta property=\"og:locale\" content=\"en_US\" \/>\n<meta property=\"og:type\" content=\"article\" \/>\n<meta property=\"og:title\" content=\"BBK Mendi Martxaren erronka - Bizkaiko Mendizale Federazioa\" \/>\n<meta property=\"og:description\" content=\"[vc_row][vc_column][vc_column_text css=&#8221;&#8221;]BBK Mendi Martxak 2025 ekimenaren esparruan, urriaren 11n BBK Mendi Martxak Erronkaren hirugarren edizioa izango da BBK Klima inguruan,&hellip;\" \/>\n<meta property=\"og:url\" content=\"https:\/\/bmf-fvm.org\/eu\/bbk-mendi-martxak\/bbk-mendi-martxaren-erronka\/\" \/>\n<meta property=\"og:site_name\" content=\"Bizkaiko Mendizale Federazioa\" \/>\n<meta property=\"article:publisher\" content=\"https:\/\/facebook.com\/pages\/Bmf-Fvm\/597553177057267\" \/>\n<meta property=\"article:modified_time\" content=\"2025-10-02T13:01:02+00:00\" \/>\n<meta property=\"og:image\" content=\"https:\/\/bmf-fvm.org\/wp-content\/uploads\/2022\/04\/bmf-fb-logo.jpg\" \/>\n\t<meta property=\"og:image:width\" content=\"200\" \/>\n\t<meta property=\"og:image:height\" content=\"200\" \/>\n\t<meta property=\"og:image:type\" content=\"image\/jpeg\" \/>\n<meta name=\"twitter:card\" content=\"summary_large_image\" \/>\n<meta name=\"twitter:label1\" content=\"Est. reading time\" \/>\n\t<meta name=\"twitter:data1\" content=\"3 minutua\" \/>\n<script type=\"application\/ld+json\" class=\"yoast-schema-graph\">{\"@context\":\"https:\\\/\\\/schema.org\",\"@graph\":[{\"@type\":\"WebPage\",\"@id\":\"https:\\\/\\\/bmf-fvm.org\\\/eu\\\/bbk-mendi-martxak\\\/bbk-mendi-martxaren-erronka\\\/\",\"url\":\"https:\\\/\\\/bmf-fvm.org\\\/eu\\\/bbk-mendi-martxak\\\/bbk-mendi-martxaren-erronka\\\/\",\"name\":\"BBK Mendi Martxaren erronka - Bizkaiko Mendizale Federazioa\",\"isPartOf\":{\"@id\":\"https:\\\/\\\/bmf-fvm.org\\\/#website\"},\"datePublished\":\"2024-09-09T11:32:04+00:00\",\"dateModified\":\"2025-10-02T13:01:02+00:00\",\"breadcrumb\":{\"@id\":\"https:\\\/\\\/bmf-fvm.org\\\/eu\\\/bbk-mendi-martxak\\\/bbk-mendi-martxaren-erronka\\\/#breadcrumb\"},\"inLanguage\":\"eu\",\"potentialAction\":[{\"@type\":\"ReadAction\",\"target\":[\"https:\\\/\\\/bmf-fvm.org\\\/eu\\\/bbk-mendi-martxak\\\/bbk-mendi-martxaren-erronka\\\/\"]}]},{\"@type\":\"BreadcrumbList\",\"@id\":\"https:\\\/\\\/bmf-fvm.org\\\/eu\\\/bbk-mendi-martxak\\\/bbk-mendi-martxaren-erronka\\\/#breadcrumb\",\"itemListElement\":[{\"@type\":\"ListItem\",\"position\":1,\"name\":\"Portada\",\"item\":\"https:\\\/\\\/bmf-fvm.org\\\/eu\\\/\"},{\"@type\":\"ListItem\",\"position\":2,\"name\":\"BBK MENDI MARTXAK\",\"item\":\"https:\\\/\\\/bmf-fvm.org\\\/eu\\\/bbk-mendi-martxak\\\/\"},{\"@type\":\"ListItem\",\"position\":3,\"name\":\"BBK Mendi Martxaren erronka\"}]},{\"@type\":\"WebSite\",\"@id\":\"https:\\\/\\\/bmf-fvm.org\\\/#website\",\"url\":\"https:\\\/\\\/bmf-fvm.org\\\/\",\"name\":\"Bizkaiko Mendizale Federazioa\",\"description\":\"Bizkaiko Mendizale Federazioa\",\"publisher\":{\"@id\":\"https:\\\/\\\/bmf-fvm.org\\\/#organization\"},\"potentialAction\":[{\"@type\":\"SearchAction\",\"target\":{\"@type\":\"EntryPoint\",\"urlTemplate\":\"https:\\\/\\\/bmf-fvm.org\\\/?s={search_term_string}\"},\"query-input\":{\"@type\":\"PropertyValueSpecification\",\"valueRequired\":true,\"valueName\":\"search_term_string\"}}],\"inLanguage\":\"eu\"},{\"@type\":\"Organization\",\"@id\":\"https:\\\/\\\/bmf-fvm.org\\\/#organization\",\"name\":\"Federaci\u00f3n Vizca\u00edna de Monta\u00f1a\",\"url\":\"https:\\\/\\\/bmf-fvm.org\\\/\",\"logo\":{\"@type\":\"ImageObject\",\"inLanguage\":\"eu\",\"@id\":\"https:\\\/\\\/bmf-fvm.org\\\/#\\\/schema\\\/logo\\\/image\\\/\",\"url\":\"https:\\\/\\\/bmf-fvm.org\\\/wp-content\\\/uploads\\\/2022\\\/03\\\/bmf-logo-trans.png\",\"contentUrl\":\"https:\\\/\\\/bmf-fvm.org\\\/wp-content\\\/uploads\\\/2022\\\/03\\\/bmf-logo-trans.png\",\"width\":41,\"height\":61,\"caption\":\"Federaci\u00f3n Vizca\u00edna de Monta\u00f1a\"},\"image\":{\"@id\":\"https:\\\/\\\/bmf-fvm.org\\\/#\\\/schema\\\/logo\\\/image\\\/\"},\"sameAs\":[\"https:\\\/\\\/facebook.com\\\/pages\\\/Bmf-Fvm\\\/597553177057267\"]}]}<\/script>\n<!-- \/ Yoast SEO plugin. -->","yoast_head_json":{"title":"BBK Mendi Martxaren erronka - Bizkaiko Mendizale Federazioa","robots":{"index":"index","follow":"follow","max-snippet":"max-snippet:-1","max-image-preview":"max-image-preview:large","max-video-preview":"max-video-preview:-1"},"canonical":"https:\/\/bmf-fvm.org\/eu\/bbk-mendi-martxak\/bbk-mendi-martxaren-erronka\/","og_locale":"en_US","og_type":"article","og_title":"BBK Mendi Martxaren erronka - Bizkaiko Mendizale Federazioa","og_description":"[vc_row][vc_column][vc_column_text css=&#8221;&#8221;]BBK Mendi Martxak 2025 ekimenaren esparruan, urriaren 11n BBK Mendi Martxak Erronkaren hirugarren edizioa izango da BBK Klima inguruan,&hellip;","og_url":"https:\/\/bmf-fvm.org\/eu\/bbk-mendi-martxak\/bbk-mendi-martxaren-erronka\/","og_site_name":"Bizkaiko Mendizale Federazioa","article_publisher":"https:\/\/facebook.com\/pages\/Bmf-Fvm\/597553177057267","article_modified_time":"2025-10-02T13:01:02+00:00","og_image":[{"width":200,"height":200,"url":"https:\/\/bmf-fvm.org\/wp-content\/uploads\/2022\/04\/bmf-fb-logo.jpg","type":"image\/jpeg"}],"twitter_card":"summary_large_image","twitter_misc":{"Est. reading time":"3 minutua"},"schema":{"@context":"https:\/\/schema.org","@graph":[{"@type":"WebPage","@id":"https:\/\/bmf-fvm.org\/eu\/bbk-mendi-martxak\/bbk-mendi-martxaren-erronka\/","url":"https:\/\/bmf-fvm.org\/eu\/bbk-mendi-martxak\/bbk-mendi-martxaren-erronka\/","name":"BBK Mendi Martxaren erronka - Bizkaiko Mendizale Federazioa","isPartOf":{"@id":"https:\/\/bmf-fvm.org\/#website"},"datePublished":"2024-09-09T11:32:04+00:00","dateModified":"2025-10-02T13:01:02+00:00","breadcrumb":{"@id":"https:\/\/bmf-fvm.org\/eu\/bbk-mendi-martxak\/bbk-mendi-martxaren-erronka\/#breadcrumb"},"inLanguage":"eu","potentialAction":[{"@type":"ReadAction","target":["https:\/\/bmf-fvm.org\/eu\/bbk-mendi-martxak\/bbk-mendi-martxaren-erronka\/"]}]},{"@type":"BreadcrumbList","@id":"https:\/\/bmf-fvm.org\/eu\/bbk-mendi-martxak\/bbk-mendi-martxaren-erronka\/#breadcrumb","itemListElement":[{"@type":"ListItem","position":1,"name":"Portada","item":"https:\/\/bmf-fvm.org\/eu\/"},{"@type":"ListItem","position":2,"name":"BBK MENDI MARTXAK","item":"https:\/\/bmf-fvm.org\/eu\/bbk-mendi-martxak\/"},{"@type":"ListItem","position":3,"name":"BBK Mendi Martxaren erronka"}]},{"@type":"WebSite","@id":"https:\/\/bmf-fvm.org\/#website","url":"https:\/\/bmf-fvm.org\/","name":"Bizkaiko Mendizale Federazioa","description":"Bizkaiko Mendizale Federazioa","publisher":{"@id":"https:\/\/bmf-fvm.org\/#organization"},"potentialAction":[{"@type":"SearchAction","target":{"@type":"EntryPoint","urlTemplate":"https:\/\/bmf-fvm.org\/?s={search_term_string}"},"query-input":{"@type":"PropertyValueSpecification","valueRequired":true,"valueName":"search_term_string"}}],"inLanguage":"eu"},{"@type":"Organization","@id":"https:\/\/bmf-fvm.org\/#organization","name":"Federaci\u00f3n Vizca\u00edna de Monta\u00f1a","url":"https:\/\/bmf-fvm.org\/","logo":{"@type":"ImageObject","inLanguage":"eu","@id":"https:\/\/bmf-fvm.org\/#\/schema\/logo\/image\/","url":"https:\/\/bmf-fvm.org\/wp-content\/uploads\/2022\/03\/bmf-logo-trans.png","contentUrl":"https:\/\/bmf-fvm.org\/wp-content\/uploads\/2022\/03\/bmf-logo-trans.png","width":41,"height":61,"caption":"Federaci\u00f3n Vizca\u00edna de Monta\u00f1a"},"image":{"@id":"https:\/\/bmf-fvm.org\/#\/schema\/logo\/image\/"},"sameAs":["https:\/\/facebook.com\/pages\/Bmf-Fvm\/597553177057267"]}]}},"_links":{"self":[{"href":"https:\/\/bmf-fvm.org\/eu\/wp-json\/wp\/v2\/pages\/111626","targetHints":{"allow":["GET"]}}],"collection":[{"href":"https:\/\/bmf-fvm.org\/eu\/wp-json\/wp\/v2\/pages"}],"about":[{"href":"https:\/\/bmf-fvm.org\/eu\/wp-json\/wp\/v2\/types\/page"}],"author":[{"embeddable":true,"href":"https:\/\/bmf-fvm.org\/eu\/wp-json\/wp\/v2\/users\/1"}],"replies":[{"embeddable":true,"href":"https:\/\/bmf-fvm.org\/eu\/wp-json\/wp\/v2\/comments?post=111626"}],"version-history":[{"count":0,"href":"https:\/\/bmf-fvm.org\/eu\/wp-json\/wp\/v2\/pages\/111626\/revisions"}],"up":[{"embeddable":true,"href":"https:\/\/bmf-fvm.org\/eu\/wp-json\/wp\/v2\/pages\/86890"}],"wp:attachment":[{"href":"https:\/\/bmf-fvm.org\/eu\/wp-json\/wp\/v2\/media?parent=111626"}],"curies":[{"name":"wp","href":"https:\/\/api.w.org\/{rel}","templated":true}]}}