{"id":104742,"date":"2023-11-08T17:29:18","date_gmt":"2023-11-08T16:29:18","guid":{"rendered":"https:\/\/bmf-fvm.org\/?page_id=104742"},"modified":"2023-11-08T19:26:03","modified_gmt":"2023-11-08T18:26:03","slug":"orientazio","status":"publish","type":"page","link":"https:\/\/bmf-fvm.org\/eu\/orientazio\/","title":{"rendered":"Orientazio"},"content":{"rendered":"<div class=\"wpb-content-wrapper\"><p>[vc_row][vc_column][vc_column_text]Orientazio lasterketa edo Orienteering-a normalean eremu basotsu batean zehar ibilbide bat betetzean datza, mapa eta iparrorratz baten laguntzarekin. Proba horietarako mapa bereziki diseinatuta dago; bertan lurzoruaren xehetasun txikiak zehaztasun handiz irudikatzen dira. Igaro beharreko puntuak zirkuluen bidez adierazten dira. <span id=\"translation_box\" class=\"form-control-text textarea\" role=\"textbox\">Puntu horietan, tokian bertan, hirukiko prisma antzera balizak izango ditugu, 30 cm-ko aldea dutenak eta laranja eta zuri kolorekoak.<\/span> <span id=\"translation_box\" class=\"form-control-text textarea\" role=\"textbox\">Balizaren ondoan estazio elektroniko bat egongo da kontrol bakoitzetik igarotzea ziurtatzeko, parte-hartzaile bakoitzak daraman \u00abpintza elektronikoa\u00bb sartuta<\/span>. Lasterkariak ibilbidea osatzeko biderik azkarrena erabakiko du. Denbora-faktorea sartzen denean, irteerak tartekatuta, kirol lehiakor bihurtzen dugu.<\/p>\n<p><span id=\"translation_box\" class=\"form-control-text textarea\" role=\"textbox\">Orientazioa lehiaketa-kirola den arren, haren ezaugarrietako bat da proba berean nahasten duela ibilbidea ahalik eta azkarren egin nahi duen atleta, haren emaitza hobetu nahian, edo, besterik gabe, naturaz gozatuz lasaiago paseatu nahi duena.<\/span> Kirol hau ludikoa denez, proba berean gurasoak, seme-alabak edo aitona-amonak elkar daitezke. Orientazioa gure aisialdia betetzen duen kirola izan daiteke, aldi berean leku eta egoera berriak ezagutzeko eta naturaz gozatzeko aukera emanez. Aisialdiaz, bakarrik, lagunekin edo familia osoarekin gozatzeko formula aproposa da. Orientazioa guztion eskura dagoen kirola da, eta ez du baliabide berezirik edo material garestirik behar. Orientazioan mapak ematen digun informazioa aztertu eta sintetizatzeko beharrezkoak diren gaitasun intelektual asko garatu eta arintzen dira. Logika, erabakiak hartzeko azkartasuna, kontzentratzeko gaitasuna eta norberarengan segurtasuna sustatzen ditu. Orientazioak gaur egun oso beharrezkoa den gimnasia mentala garatzen du.[\/vc_column_text][\/vc_column][\/vc_row][vc_row][vc_column][vc_column_text]<\/p>\n<h3>Orientazioaren historia laburra<\/h3>\n<p>Hasiera batean, mapa topografikoak helburu militarretarako bakarrik erabiltzen hasi ziren, baina 1890ean Suediako herritarrek kirol-eremura zabaldu zuten erabilera. Lehen handi lehiaketa, 200 parte-hartzaile baino gehiagorekin, 1919an antolatu zen Stockholmeko baso batean. Laster zabaldu zen interesa Finlandiara, Noruegiara eta Europako beste herrialde batzuetara, batez ere II. Mundu Gerraren ondoren. Nazioarteko Orientazio Federazioa Kopenhagen sortu zen 1961ean. Gaur egun 70 federazio nazionalek osatzen dute Nazioarteko Orientazio Federazioa, beren txapelketa nazional eta nazioartekoekin, eta izaera olinpikoa lortu zuen 1977an.[\/vc_column_text][vc_row_inner][vc_column_inner][vc_column_text]<\/p>\n<h3>Orientazioa Euskadin<\/h3>\n<p>\u201cBidea Orientazio Kluba \u2013 COBi\u201d 1991 urtean eratu zen eta aktiboki parte hartu zuen \u201cEspainiako Orientazio Kluben Elkartearen\u201d (AECO) fundazioan. Elkarte hori da gaur egungo Espainiako Orientazio Federazioaren sorburua.<\/p>\n<p>1994an, kirol hori antolatu eta sustatzeko zereginetan sartu ziren \u201cAraba Orientazio Kluba\u201d, (COA), geroago \u201cClub Deportivo Navarra\u201d, (CDN), eta \u201cIrungo Mendizaleak Orientazio Saila\u201d, (IMOS). Azken hori \u201cGipuzkoako Orientazio Taldea\u201d, (GOT) bihurtu zen 2013an. Lau klub horiek antolatzen ditugu gaur egun EAEko eta Nafarroako proba gehienak; proba herrikoak eta Ipar Ligako probak nagusiki.<\/p>\n<p>Horietaz gain, Euskadiko orientazioarekin zerikusia duten bestelako ekitaldiak ere antolatzen ditugu: hiriko lasterketak, gaueko probak, eskola- eta unibertsitate-txapelketak, orientazio-jarduerak, ikastaroak, etab. Jarduera horiei buruzko informazioa lortzeko, www.cobidea.com webgunera sar daiteke.[\/vc_column_text][\/vc_column_inner][\/vc_row_inner][\/vc_column][\/vc_row][vc_row][vc_column][lab_heading title=&#8221;Berriak&#8221; el_class=&#8221;center-title&#8221;][\/lab_heading][lab_blog_posts columns=&#8221;4&#8243; blog_posts_options=&#8221;date,excerpt&#8221; hover_layer_icon=&#8221;static&#8221; more_link=&#8221;url:%23&#8243; blog_query=&#8221;size:4|order_by:date|post_type:post|tax_query:948&#8243;][vc_btn title=&#8221;Irakurri Orientazioko albiste guztiak&#8221; size=&#8221;lg&#8221; align=&#8221;right&#8221; i_align=&#8221;right&#8221; i_icon_fontawesome=&#8221;fas fa-angle-right&#8221; add_icon=&#8221;true&#8221; link=&#8221;url:%2Fnoticias%2F%3Fseccion%3Dorientacion&#8221;][\/vc_column][\/vc_row][vc_row][vc_column width=&#8221;1\/2&#8243;][vc_column_text]<\/p>\n<h3>Datozen ekitaldiak<\/h3>\n<p><p class=\"sin-datos\">Ez dago gertaerarik erakusteko.<\/p>[\/vc_column_text][\/vc_column][vc_column width=&#8221;1\/2&#8243;][vc_column_text]<\/p>\n<h3>Intereseko estekak<\/h3>\n<p><ul class='enlaces '><li><a href='http:\/\/www.cobidea.com' target='_blank'>Bidea Orientazio Kluba \u2013 COBi<\/a><\/li><ul>[\/vc_column_text][\/vc_column][\/vc_row]<\/p>\n[vc_row][vc_column][vc_text_separator el_class=\"separador-elementos-hijos\" color=\"\" title=\"Erlazionatuak\" title_align=\"separator_align_left\"][\/vc_column][\/vc_row][vc_row  equal_height='yes' el_class='' css='']\r\n\t\t\t\r\n\t\t[vc_column width='1\/4' el_class='cuadro-hijas']\r\n\t\t\t<div class=\"ult-content-box-container  cuadro-foto\" >\t\t<div class=\"ult-content-box\" style=\"background-color:#fafafa;-webkit-transition: all 700ms ease;-moz-transition: all 700ms ease;-ms-transition: all 700ms ease;-o-transition: all 700ms ease;transition: all 700ms ease;\"     data-bg=\"#fafafa\" >\r\n\t\t\t\t\r\n\t\t[vc_single_image\r\n\t\t\tsource='media_library'\r\n\t\t\tcustom_src=''\r\n\t\t\timage='105113'\r\n\t\t\timg_size='cuadro-imagen'\r\n\t\t\talignment='center'\r\n\t\t\tonclick=''\r\n\t\t\tlink='https:\/\/bmf-fvm.org\/eu\/orientazio\/2023ko-memoria-rogaine-urkiola-eskuagatx\/'\r\n\t\t\tel_class=''\r\n\t\t\tstyle=''\r\n\t\t\tadd_caption=''\r\n\t\t]\r\n\t\r\n\t\t\t\t\r\n\t\t\t\t[vc_column_text el_class='titulo-cuadro']\r\n\t\t\t\t\t<h4><a href=\"https:\/\/bmf-fvm.org\/eu\/orientazio\/2023ko-memoria-rogaine-urkiola-eskuagatx\/\">2023ko memoria Rogaine Urkiola-Eskuagatx<\/a><\/h4>\r\n\t\t\t\t\t\r\n\t\t\t\t[\/vc_column_text]\r\n\t\t\t\t\t<\/div><\/div>\r\n\t\t[\/vc_column]\r\n\t\r\n\t\t[\/vc_row]<\/div>","protected":false},"excerpt":{"rendered":"<p>[vc_row][vc_column][vc_column_text]Orientazio lasterketa edo Orienteering-a normalean eremu basotsu batean zehar ibilbide bat betetzean datza, mapa eta iparrorratz baten laguntzarekin. Proba horietarako&hellip;<\/p>\n","protected":false},"author":1,"featured_media":0,"parent":0,"menu_order":36,"comment_status":"closed","ping_status":"closed","template":"","meta":{"_acf_changed":false,"footnotes":""},"class_list":["post-104742","page","type-page","status-publish","hentry","seccion-orientazio"],"acf":[],"yoast_head":"<!-- This site is optimized with the Yoast SEO plugin v27.3 - https:\/\/yoast.com\/product\/yoast-seo-wordpress\/ -->\n<title>Orientazio - Bizkaiko Mendizale Federazioa<\/title>\n<meta name=\"robots\" content=\"index, follow, max-snippet:-1, max-image-preview:large, max-video-preview:-1\" \/>\n<link rel=\"canonical\" href=\"https:\/\/bmf-fvm.org\/eu\/orientazio\/\" \/>\n<meta property=\"og:locale\" content=\"en_US\" \/>\n<meta property=\"og:type\" content=\"article\" \/>\n<meta property=\"og:title\" content=\"Orientazio - Bizkaiko Mendizale Federazioa\" \/>\n<meta property=\"og:description\" content=\"[vc_row][vc_column][vc_column_text]Orientazio lasterketa edo Orienteering-a normalean eremu basotsu batean zehar ibilbide bat betetzean datza, mapa eta iparrorratz baten laguntzarekin. Proba horietarako&hellip;\" \/>\n<meta property=\"og:url\" content=\"https:\/\/bmf-fvm.org\/eu\/orientazio\/\" \/>\n<meta property=\"og:site_name\" content=\"Bizkaiko Mendizale Federazioa\" \/>\n<meta property=\"article:publisher\" content=\"https:\/\/facebook.com\/pages\/Bmf-Fvm\/597553177057267\" \/>\n<meta property=\"article:modified_time\" content=\"2023-11-08T18:26:03+00:00\" \/>\n<meta property=\"og:image\" content=\"https:\/\/bmf-fvm.org\/wp-content\/uploads\/2022\/04\/bmf-fb-logo.jpg\" \/>\n\t<meta property=\"og:image:width\" content=\"200\" \/>\n\t<meta property=\"og:image:height\" content=\"200\" \/>\n\t<meta property=\"og:image:type\" content=\"image\/jpeg\" \/>\n<meta name=\"twitter:card\" content=\"summary_large_image\" \/>\n<meta name=\"twitter:label1\" content=\"Est. reading time\" \/>\n\t<meta name=\"twitter:data1\" content=\"3 minutua\" \/>\n<script type=\"application\/ld+json\" class=\"yoast-schema-graph\">{\"@context\":\"https:\\\/\\\/schema.org\",\"@graph\":[{\"@type\":\"WebPage\",\"@id\":\"https:\\\/\\\/bmf-fvm.org\\\/eu\\\/orientazio\\\/\",\"url\":\"https:\\\/\\\/bmf-fvm.org\\\/eu\\\/orientazio\\\/\",\"name\":\"Orientazio - Bizkaiko Mendizale Federazioa\",\"isPartOf\":{\"@id\":\"https:\\\/\\\/bmf-fvm.org\\\/#website\"},\"datePublished\":\"2023-11-08T16:29:18+00:00\",\"dateModified\":\"2023-11-08T18:26:03+00:00\",\"breadcrumb\":{\"@id\":\"https:\\\/\\\/bmf-fvm.org\\\/eu\\\/orientazio\\\/#breadcrumb\"},\"inLanguage\":\"eu\",\"potentialAction\":[{\"@type\":\"ReadAction\",\"target\":[\"https:\\\/\\\/bmf-fvm.org\\\/eu\\\/orientazio\\\/\"]}]},{\"@type\":\"BreadcrumbList\",\"@id\":\"https:\\\/\\\/bmf-fvm.org\\\/eu\\\/orientazio\\\/#breadcrumb\",\"itemListElement\":[{\"@type\":\"ListItem\",\"position\":1,\"name\":\"Portada\",\"item\":\"https:\\\/\\\/bmf-fvm.org\\\/eu\\\/\"},{\"@type\":\"ListItem\",\"position\":2,\"name\":\"Orientazio\"}]},{\"@type\":\"WebSite\",\"@id\":\"https:\\\/\\\/bmf-fvm.org\\\/#website\",\"url\":\"https:\\\/\\\/bmf-fvm.org\\\/\",\"name\":\"Bizkaiko Mendizale Federazioa\",\"description\":\"Bizkaiko Mendizale Federazioa\",\"publisher\":{\"@id\":\"https:\\\/\\\/bmf-fvm.org\\\/#organization\"},\"potentialAction\":[{\"@type\":\"SearchAction\",\"target\":{\"@type\":\"EntryPoint\",\"urlTemplate\":\"https:\\\/\\\/bmf-fvm.org\\\/?s={search_term_string}\"},\"query-input\":{\"@type\":\"PropertyValueSpecification\",\"valueRequired\":true,\"valueName\":\"search_term_string\"}}],\"inLanguage\":\"eu\"},{\"@type\":\"Organization\",\"@id\":\"https:\\\/\\\/bmf-fvm.org\\\/#organization\",\"name\":\"Federaci\u00f3n Vizca\u00edna de Monta\u00f1a\",\"url\":\"https:\\\/\\\/bmf-fvm.org\\\/\",\"logo\":{\"@type\":\"ImageObject\",\"inLanguage\":\"eu\",\"@id\":\"https:\\\/\\\/bmf-fvm.org\\\/#\\\/schema\\\/logo\\\/image\\\/\",\"url\":\"https:\\\/\\\/bmf-fvm.org\\\/wp-content\\\/uploads\\\/2022\\\/03\\\/bmf-logo-trans.png\",\"contentUrl\":\"https:\\\/\\\/bmf-fvm.org\\\/wp-content\\\/uploads\\\/2022\\\/03\\\/bmf-logo-trans.png\",\"width\":41,\"height\":61,\"caption\":\"Federaci\u00f3n Vizca\u00edna de Monta\u00f1a\"},\"image\":{\"@id\":\"https:\\\/\\\/bmf-fvm.org\\\/#\\\/schema\\\/logo\\\/image\\\/\"},\"sameAs\":[\"https:\\\/\\\/facebook.com\\\/pages\\\/Bmf-Fvm\\\/597553177057267\"]}]}<\/script>\n<!-- \/ Yoast SEO plugin. -->","yoast_head_json":{"title":"Orientazio - Bizkaiko Mendizale Federazioa","robots":{"index":"index","follow":"follow","max-snippet":"max-snippet:-1","max-image-preview":"max-image-preview:large","max-video-preview":"max-video-preview:-1"},"canonical":"https:\/\/bmf-fvm.org\/eu\/orientazio\/","og_locale":"en_US","og_type":"article","og_title":"Orientazio - Bizkaiko Mendizale Federazioa","og_description":"[vc_row][vc_column][vc_column_text]Orientazio lasterketa edo Orienteering-a normalean eremu basotsu batean zehar ibilbide bat betetzean datza, mapa eta iparrorratz baten laguntzarekin. Proba horietarako&hellip;","og_url":"https:\/\/bmf-fvm.org\/eu\/orientazio\/","og_site_name":"Bizkaiko Mendizale Federazioa","article_publisher":"https:\/\/facebook.com\/pages\/Bmf-Fvm\/597553177057267","article_modified_time":"2023-11-08T18:26:03+00:00","og_image":[{"width":200,"height":200,"url":"https:\/\/bmf-fvm.org\/wp-content\/uploads\/2022\/04\/bmf-fb-logo.jpg","type":"image\/jpeg"}],"twitter_card":"summary_large_image","twitter_misc":{"Est. reading time":"3 minutua"},"schema":{"@context":"https:\/\/schema.org","@graph":[{"@type":"WebPage","@id":"https:\/\/bmf-fvm.org\/eu\/orientazio\/","url":"https:\/\/bmf-fvm.org\/eu\/orientazio\/","name":"Orientazio - Bizkaiko Mendizale Federazioa","isPartOf":{"@id":"https:\/\/bmf-fvm.org\/#website"},"datePublished":"2023-11-08T16:29:18+00:00","dateModified":"2023-11-08T18:26:03+00:00","breadcrumb":{"@id":"https:\/\/bmf-fvm.org\/eu\/orientazio\/#breadcrumb"},"inLanguage":"eu","potentialAction":[{"@type":"ReadAction","target":["https:\/\/bmf-fvm.org\/eu\/orientazio\/"]}]},{"@type":"BreadcrumbList","@id":"https:\/\/bmf-fvm.org\/eu\/orientazio\/#breadcrumb","itemListElement":[{"@type":"ListItem","position":1,"name":"Portada","item":"https:\/\/bmf-fvm.org\/eu\/"},{"@type":"ListItem","position":2,"name":"Orientazio"}]},{"@type":"WebSite","@id":"https:\/\/bmf-fvm.org\/#website","url":"https:\/\/bmf-fvm.org\/","name":"Bizkaiko Mendizale Federazioa","description":"Bizkaiko Mendizale Federazioa","publisher":{"@id":"https:\/\/bmf-fvm.org\/#organization"},"potentialAction":[{"@type":"SearchAction","target":{"@type":"EntryPoint","urlTemplate":"https:\/\/bmf-fvm.org\/?s={search_term_string}"},"query-input":{"@type":"PropertyValueSpecification","valueRequired":true,"valueName":"search_term_string"}}],"inLanguage":"eu"},{"@type":"Organization","@id":"https:\/\/bmf-fvm.org\/#organization","name":"Federaci\u00f3n Vizca\u00edna de Monta\u00f1a","url":"https:\/\/bmf-fvm.org\/","logo":{"@type":"ImageObject","inLanguage":"eu","@id":"https:\/\/bmf-fvm.org\/#\/schema\/logo\/image\/","url":"https:\/\/bmf-fvm.org\/wp-content\/uploads\/2022\/03\/bmf-logo-trans.png","contentUrl":"https:\/\/bmf-fvm.org\/wp-content\/uploads\/2022\/03\/bmf-logo-trans.png","width":41,"height":61,"caption":"Federaci\u00f3n Vizca\u00edna de Monta\u00f1a"},"image":{"@id":"https:\/\/bmf-fvm.org\/#\/schema\/logo\/image\/"},"sameAs":["https:\/\/facebook.com\/pages\/Bmf-Fvm\/597553177057267"]}]}},"_links":{"self":[{"href":"https:\/\/bmf-fvm.org\/eu\/wp-json\/wp\/v2\/pages\/104742","targetHints":{"allow":["GET"]}}],"collection":[{"href":"https:\/\/bmf-fvm.org\/eu\/wp-json\/wp\/v2\/pages"}],"about":[{"href":"https:\/\/bmf-fvm.org\/eu\/wp-json\/wp\/v2\/types\/page"}],"author":[{"embeddable":true,"href":"https:\/\/bmf-fvm.org\/eu\/wp-json\/wp\/v2\/users\/1"}],"replies":[{"embeddable":true,"href":"https:\/\/bmf-fvm.org\/eu\/wp-json\/wp\/v2\/comments?post=104742"}],"version-history":[{"count":0,"href":"https:\/\/bmf-fvm.org\/eu\/wp-json\/wp\/v2\/pages\/104742\/revisions"}],"wp:attachment":[{"href":"https:\/\/bmf-fvm.org\/eu\/wp-json\/wp\/v2\/media?parent=104742"}],"curies":[{"name":"wp","href":"https:\/\/api.w.org\/{rel}","templated":true}]}}