{"id":104729,"date":"2023-11-08T17:28:49","date_gmt":"2023-11-08T16:28:49","guid":{"rendered":"https:\/\/bmf-fvm.org\/?page_id=104729"},"modified":"2023-11-09T13:47:49","modified_gmt":"2023-11-09T12:47:49","slug":"eski","status":"publish","type":"page","link":"https:\/\/bmf-fvm.org\/eu\/eski\/","title":{"rendered":"Eski"},"content":{"rendered":"<div class=\"wpb-content-wrapper\"><p>[vc_row][vc_column][vc_column_text]<\/p>\n<h3>Zer da mendiko eskia?<\/h3>\n<p>Mendiko eskia EMFren Estatutuetan jasotako kirol-diziplina bat da, neguan garatzen da eta eskien laguntza bakarrarekin mendiak igo eta jaistean datza, inolako propultsio mekanikorik gabe. Ezaugarri horrek kirolik osatuenetako bat bihurtzen du, izan ere, kirolariek profil ugari behar dituzte: eskiak jarrita igotzea, lautadan mugitzeko trebetasuna eta elurretan eta maldetan jaitsiera praktikatzen jakitea, alpinista onak izateaz gain: neguko mendiaren ezaugarriak, arriskuak eta zailtasunak ezagutzea.<\/p>\n<p><a href=\"https:\/\/bmf-fvm.org\/wp-content\/uploads\/2023\/11\/ImagenEsqui1.jpg\"><img loading=\"lazy\" decoding=\"async\" class=\"alignleft wp-image-104715 size-medium\" src=\"https:\/\/bmf-fvm.org\/wp-content\/uploads\/2023\/11\/ImagenEsqui1-300x199.jpg\" alt=\"\" width=\"300\" height=\"199\" srcset=\"https:\/\/bmf-fvm.org\/wp-content\/uploads\/2023\/11\/ImagenEsqui1-300x199.jpg 300w, https:\/\/bmf-fvm.org\/wp-content\/uploads\/2023\/11\/ImagenEsqui1-1024x680.jpg 1024w, https:\/\/bmf-fvm.org\/wp-content\/uploads\/2023\/11\/ImagenEsqui1-768x510.jpg 768w, https:\/\/bmf-fvm.org\/wp-content\/uploads\/2023\/11\/ImagenEsqui1-100x66.jpg 100w, https:\/\/bmf-fvm.org\/wp-content\/uploads\/2023\/11\/ImagenEsqui1-1116x741.jpg 1116w, https:\/\/bmf-fvm.org\/wp-content\/uploads\/2023\/11\/ImagenEsqui1-806x535.jpg 806w, https:\/\/bmf-fvm.org\/wp-content\/uploads\/2023\/11\/ImagenEsqui1-558x371.jpg 558w, https:\/\/bmf-fvm.org\/wp-content\/uploads\/2023\/11\/ImagenEsqui1-655x435.jpg 655w, https:\/\/bmf-fvm.org\/wp-content\/uploads\/2023\/11\/ImagenEsqui1.jpg 1299w\" sizes=\"auto, (max-width: 300px) 100vw, 300px\" \/><\/a>Mendiko eskia eskiaren eta alpinismoaren arteko lotura gisa sortzen da, mendia maite duten guztiei aurrera egiten uzten dien kirola bihurtuz, mendiak elurrez estalita daudenean.<\/p>\n<p>Mendiko eskiaren agertokia natura baino ez da; izan ere, igoera eta jaitsiera &#8220;pistatik kanpo&#8221; gertatzen dira prestatu gabeko lurretan, eta horietan ez da giza esku-hartzerik egin (lehiaketetan izan ezik, horietan trazak markatzen baitira, lehen postuan doazenei kalterik ez egiteko).<\/p>\n<p>Eskiak, finkapenak eta botak alpetar modalitatekoak edo iraupen-eskiakoak ez bezalakoak dira, eta, gainera, berariazko materiala dute, adibidez, &#8220;foka-larruak&#8221;, igoeran eskiak atzerantz irristatzea saihesteko beharrezkoak direnak. Kirolariek kasko bereziak erabiltzen dituzte eta motxila arin bat daramate aldean. Gainera, ezinbestekoa da ARVA edo DVA bat eramatea (Elur-jausiaren Biktima Berreskuratzeko Aparatua), gorputzari itsatsita, seinaleak igortzen dituena elur-jausia gertatzen bada eta kirolaria elurpean lurperatuta geratzen bada.[\/vc_column_text][\/vc_column][\/vc_row][vc_row][vc_column][vc_column_text]<\/p>\n<h3>Nazioarteko mendiko eskiaren historia laburra<\/h3>\n<p>Mendiko eskiko lehen lehiaketak 1893an hasi ziren Alemanian. 1924an mendiko eskia Chamonixen (Frantzia) ospatu ziren lehenengo Neguko Olinpiar Jokoetan parte hartu zuen. Lehiaketa-mendiko eskian, parte-hartzaileek, beren eskien gainean, neguko goi-mendiko lasterketak egin behar dituzte. Modalitate honen helburua da, lehiaketan, mendiko eskiatzaile eta talde onenak biltzea, gazteen artean mendiko eskia sustatzea eta parte-hartzaileen kirol-maila hobetzea. Mendiko eskia berriz ere olinpikoa izango da 2026an Cortina Italian.<\/p>\n<p>Bizkaian antolatutako mendiko eskiaren hastapenak 1969an Andres de Regil lehenengo zeharkaldian izan ziren, Europako Gailurrak. Egutegiko zaharrena eta gaur egun jarraitzen duena.<\/p>\n<p>Bizkaian eta Euskadin, hastapen-martxa ez-lehiakorrak klubek antolatuak, bai eta Euskadiko Federazioaren lehiaketa-egutegi bat eta inguruko beste egutegi batzuk ere, hala nola Ipar Kopa edo Estatu mailakoa, modalitate bakoitzeko Espainiako txapelketekin. FEDME Kopa eta ISMFren nazioarteko egutegi bat ere badago.[\/vc_column_text][vc_row_inner][vc_column_inner][vc_column_text]<\/p>\n<h3>Modalitate lehiakorrak:<\/h3>\n<ul>\n<li>Mendiko eskia, SKIMO izenez ere ezaguna.<\/li>\n<li>Banakako lasterketa.<\/li>\n<li>Taldekako lasterketa: 2 korrikalari edo 3 korrikalari.<\/li>\n<li>Bertikala edo kronoigoera.<\/li>\n<li>Esprint modalitatea (modalitate olinpikoa).<\/li>\n<li>Taldekako txandak (modalitate olinpikoa).<\/li>\n<\/ul>\n<p>[\/vc_column_text][\/vc_column_inner][\/vc_row_inner][\/vc_column][\/vc_row][vc_row][vc_column][lab_heading title=&#8221;Berriak&#8221; el_class=&#8221;center-title&#8221;][\/lab_heading][lab_blog_posts columns=&#8221;4&#8243; blog_posts_options=&#8221;date,excerpt&#8221; hover_layer_icon=&#8221;static&#8221; more_link=&#8221;url:%23&#8243; blog_query=&#8221;size:4|order_by:date|post_type:post|tax_query:905&#8243;][vc_btn title=&#8221;Irakurri Eskiko albiste guztiak&#8221; size=&#8221;lg&#8221; align=&#8221;right&#8221; i_align=&#8221;right&#8221; i_icon_fontawesome=&#8221;fas fa-angle-right&#8221; add_icon=&#8221;true&#8221; link=&#8221;url:%2Fnoticias%2F%3Fseccion%3Deski&#8221;][\/vc_column][\/vc_row][vc_row][vc_column width=&#8221;1\/2&#8243;][vc_column_text]<\/p>\n<h3>Datozen ekitaldiak<\/h3>\n<p><p class=\"sin-datos\">Ez dago gertaerarik erakusteko.<\/p>[\/vc_column_text][\/vc_column][vc_column width=&#8221;1\/2&#8243;][vc_column_text]<\/p>\n<h3>Intereseko estekak<\/h3>\n<p><p class=\"sin-datos\">Ez dago bistaratzeko estekarik.<\/p>[\/vc_column_text][\/vc_column][\/vc_row]<\/p>\n<\/div>","protected":false},"excerpt":{"rendered":"<p>[vc_row][vc_column][vc_column_text] Zer da mendiko eskia? Mendiko eskia EMFren Estatutuetan jasotako kirol-diziplina bat da, neguan garatzen da eta eskien laguntza bakarrarekin&hellip;<\/p>\n","protected":false},"author":1,"featured_media":0,"parent":0,"menu_order":36,"comment_status":"closed","ping_status":"closed","template":"","meta":{"_acf_changed":false,"footnotes":""},"class_list":["post-104729","page","type-page","status-publish","hentry","seccion-eski"],"acf":[],"yoast_head":"<!-- This site is optimized with the Yoast SEO plugin v27.3 - https:\/\/yoast.com\/product\/yoast-seo-wordpress\/ -->\n<title>Eski - Bizkaiko Mendizale Federazioa<\/title>\n<meta name=\"robots\" content=\"index, follow, max-snippet:-1, max-image-preview:large, max-video-preview:-1\" \/>\n<link rel=\"canonical\" href=\"https:\/\/bmf-fvm.org\/eu\/eski\/\" \/>\n<meta property=\"og:locale\" content=\"en_US\" \/>\n<meta property=\"og:type\" content=\"article\" \/>\n<meta property=\"og:title\" content=\"Eski - Bizkaiko Mendizale Federazioa\" \/>\n<meta property=\"og:description\" content=\"[vc_row][vc_column][vc_column_text] Zer da mendiko eskia? Mendiko eskia EMFren Estatutuetan jasotako kirol-diziplina bat da, neguan garatzen da eta eskien laguntza bakarrarekin&hellip;\" \/>\n<meta property=\"og:url\" content=\"https:\/\/bmf-fvm.org\/eu\/eski\/\" \/>\n<meta property=\"og:site_name\" content=\"Bizkaiko Mendizale Federazioa\" \/>\n<meta property=\"article:publisher\" content=\"https:\/\/facebook.com\/pages\/Bmf-Fvm\/597553177057267\" \/>\n<meta property=\"article:modified_time\" content=\"2023-11-09T12:47:49+00:00\" \/>\n<meta property=\"og:image\" content=\"https:\/\/bmf-fvm.org\/wp-content\/uploads\/2023\/11\/ImagenEsqui1-300x199.jpg\" \/>\n<meta name=\"twitter:card\" content=\"summary_large_image\" \/>\n<meta name=\"twitter:label1\" content=\"Est. reading time\" \/>\n\t<meta name=\"twitter:data1\" content=\"3 minutua\" \/>\n<script type=\"application\/ld+json\" class=\"yoast-schema-graph\">{\"@context\":\"https:\\\/\\\/schema.org\",\"@graph\":[{\"@type\":\"WebPage\",\"@id\":\"https:\\\/\\\/bmf-fvm.org\\\/eu\\\/eski\\\/\",\"url\":\"https:\\\/\\\/bmf-fvm.org\\\/eu\\\/eski\\\/\",\"name\":\"Eski - Bizkaiko Mendizale Federazioa\",\"isPartOf\":{\"@id\":\"https:\\\/\\\/bmf-fvm.org\\\/#website\"},\"primaryImageOfPage\":{\"@id\":\"https:\\\/\\\/bmf-fvm.org\\\/eu\\\/eski\\\/#primaryimage\"},\"image\":{\"@id\":\"https:\\\/\\\/bmf-fvm.org\\\/eu\\\/eski\\\/#primaryimage\"},\"thumbnailUrl\":\"https:\\\/\\\/bmf-fvm.org\\\/wp-content\\\/uploads\\\/2023\\\/11\\\/ImagenEsqui1-300x199.jpg\",\"datePublished\":\"2023-11-08T16:28:49+00:00\",\"dateModified\":\"2023-11-09T12:47:49+00:00\",\"breadcrumb\":{\"@id\":\"https:\\\/\\\/bmf-fvm.org\\\/eu\\\/eski\\\/#breadcrumb\"},\"inLanguage\":\"eu\",\"potentialAction\":[{\"@type\":\"ReadAction\",\"target\":[\"https:\\\/\\\/bmf-fvm.org\\\/eu\\\/eski\\\/\"]}]},{\"@type\":\"ImageObject\",\"inLanguage\":\"eu\",\"@id\":\"https:\\\/\\\/bmf-fvm.org\\\/eu\\\/eski\\\/#primaryimage\",\"url\":\"https:\\\/\\\/bmf-fvm.org\\\/wp-content\\\/uploads\\\/2023\\\/11\\\/ImagenEsqui1-300x199.jpg\",\"contentUrl\":\"https:\\\/\\\/bmf-fvm.org\\\/wp-content\\\/uploads\\\/2023\\\/11\\\/ImagenEsqui1-300x199.jpg\"},{\"@type\":\"BreadcrumbList\",\"@id\":\"https:\\\/\\\/bmf-fvm.org\\\/eu\\\/eski\\\/#breadcrumb\",\"itemListElement\":[{\"@type\":\"ListItem\",\"position\":1,\"name\":\"Portada\",\"item\":\"https:\\\/\\\/bmf-fvm.org\\\/eu\\\/\"},{\"@type\":\"ListItem\",\"position\":2,\"name\":\"Eski\"}]},{\"@type\":\"WebSite\",\"@id\":\"https:\\\/\\\/bmf-fvm.org\\\/#website\",\"url\":\"https:\\\/\\\/bmf-fvm.org\\\/\",\"name\":\"Bizkaiko Mendizale Federazioa\",\"description\":\"Bizkaiko Mendizale Federazioa\",\"publisher\":{\"@id\":\"https:\\\/\\\/bmf-fvm.org\\\/#organization\"},\"potentialAction\":[{\"@type\":\"SearchAction\",\"target\":{\"@type\":\"EntryPoint\",\"urlTemplate\":\"https:\\\/\\\/bmf-fvm.org\\\/?s={search_term_string}\"},\"query-input\":{\"@type\":\"PropertyValueSpecification\",\"valueRequired\":true,\"valueName\":\"search_term_string\"}}],\"inLanguage\":\"eu\"},{\"@type\":\"Organization\",\"@id\":\"https:\\\/\\\/bmf-fvm.org\\\/#organization\",\"name\":\"Federaci\u00f3n Vizca\u00edna de Monta\u00f1a\",\"url\":\"https:\\\/\\\/bmf-fvm.org\\\/\",\"logo\":{\"@type\":\"ImageObject\",\"inLanguage\":\"eu\",\"@id\":\"https:\\\/\\\/bmf-fvm.org\\\/#\\\/schema\\\/logo\\\/image\\\/\",\"url\":\"https:\\\/\\\/bmf-fvm.org\\\/wp-content\\\/uploads\\\/2022\\\/03\\\/bmf-logo-trans.png\",\"contentUrl\":\"https:\\\/\\\/bmf-fvm.org\\\/wp-content\\\/uploads\\\/2022\\\/03\\\/bmf-logo-trans.png\",\"width\":41,\"height\":61,\"caption\":\"Federaci\u00f3n Vizca\u00edna de Monta\u00f1a\"},\"image\":{\"@id\":\"https:\\\/\\\/bmf-fvm.org\\\/#\\\/schema\\\/logo\\\/image\\\/\"},\"sameAs\":[\"https:\\\/\\\/facebook.com\\\/pages\\\/Bmf-Fvm\\\/597553177057267\"]}]}<\/script>\n<!-- \/ Yoast SEO plugin. -->","yoast_head_json":{"title":"Eski - Bizkaiko Mendizale Federazioa","robots":{"index":"index","follow":"follow","max-snippet":"max-snippet:-1","max-image-preview":"max-image-preview:large","max-video-preview":"max-video-preview:-1"},"canonical":"https:\/\/bmf-fvm.org\/eu\/eski\/","og_locale":"en_US","og_type":"article","og_title":"Eski - Bizkaiko Mendizale Federazioa","og_description":"[vc_row][vc_column][vc_column_text] Zer da mendiko eskia? Mendiko eskia EMFren Estatutuetan jasotako kirol-diziplina bat da, neguan garatzen da eta eskien laguntza bakarrarekin&hellip;","og_url":"https:\/\/bmf-fvm.org\/eu\/eski\/","og_site_name":"Bizkaiko Mendizale Federazioa","article_publisher":"https:\/\/facebook.com\/pages\/Bmf-Fvm\/597553177057267","article_modified_time":"2023-11-09T12:47:49+00:00","og_image":[{"url":"https:\/\/bmf-fvm.org\/wp-content\/uploads\/2023\/11\/ImagenEsqui1-300x199.jpg","type":"","width":"","height":""}],"twitter_card":"summary_large_image","twitter_misc":{"Est. reading time":"3 minutua"},"schema":{"@context":"https:\/\/schema.org","@graph":[{"@type":"WebPage","@id":"https:\/\/bmf-fvm.org\/eu\/eski\/","url":"https:\/\/bmf-fvm.org\/eu\/eski\/","name":"Eski - Bizkaiko Mendizale Federazioa","isPartOf":{"@id":"https:\/\/bmf-fvm.org\/#website"},"primaryImageOfPage":{"@id":"https:\/\/bmf-fvm.org\/eu\/eski\/#primaryimage"},"image":{"@id":"https:\/\/bmf-fvm.org\/eu\/eski\/#primaryimage"},"thumbnailUrl":"https:\/\/bmf-fvm.org\/wp-content\/uploads\/2023\/11\/ImagenEsqui1-300x199.jpg","datePublished":"2023-11-08T16:28:49+00:00","dateModified":"2023-11-09T12:47:49+00:00","breadcrumb":{"@id":"https:\/\/bmf-fvm.org\/eu\/eski\/#breadcrumb"},"inLanguage":"eu","potentialAction":[{"@type":"ReadAction","target":["https:\/\/bmf-fvm.org\/eu\/eski\/"]}]},{"@type":"ImageObject","inLanguage":"eu","@id":"https:\/\/bmf-fvm.org\/eu\/eski\/#primaryimage","url":"https:\/\/bmf-fvm.org\/wp-content\/uploads\/2023\/11\/ImagenEsqui1-300x199.jpg","contentUrl":"https:\/\/bmf-fvm.org\/wp-content\/uploads\/2023\/11\/ImagenEsqui1-300x199.jpg"},{"@type":"BreadcrumbList","@id":"https:\/\/bmf-fvm.org\/eu\/eski\/#breadcrumb","itemListElement":[{"@type":"ListItem","position":1,"name":"Portada","item":"https:\/\/bmf-fvm.org\/eu\/"},{"@type":"ListItem","position":2,"name":"Eski"}]},{"@type":"WebSite","@id":"https:\/\/bmf-fvm.org\/#website","url":"https:\/\/bmf-fvm.org\/","name":"Bizkaiko Mendizale Federazioa","description":"Bizkaiko Mendizale Federazioa","publisher":{"@id":"https:\/\/bmf-fvm.org\/#organization"},"potentialAction":[{"@type":"SearchAction","target":{"@type":"EntryPoint","urlTemplate":"https:\/\/bmf-fvm.org\/?s={search_term_string}"},"query-input":{"@type":"PropertyValueSpecification","valueRequired":true,"valueName":"search_term_string"}}],"inLanguage":"eu"},{"@type":"Organization","@id":"https:\/\/bmf-fvm.org\/#organization","name":"Federaci\u00f3n Vizca\u00edna de Monta\u00f1a","url":"https:\/\/bmf-fvm.org\/","logo":{"@type":"ImageObject","inLanguage":"eu","@id":"https:\/\/bmf-fvm.org\/#\/schema\/logo\/image\/","url":"https:\/\/bmf-fvm.org\/wp-content\/uploads\/2022\/03\/bmf-logo-trans.png","contentUrl":"https:\/\/bmf-fvm.org\/wp-content\/uploads\/2022\/03\/bmf-logo-trans.png","width":41,"height":61,"caption":"Federaci\u00f3n Vizca\u00edna de Monta\u00f1a"},"image":{"@id":"https:\/\/bmf-fvm.org\/#\/schema\/logo\/image\/"},"sameAs":["https:\/\/facebook.com\/pages\/Bmf-Fvm\/597553177057267"]}]}},"_links":{"self":[{"href":"https:\/\/bmf-fvm.org\/eu\/wp-json\/wp\/v2\/pages\/104729","targetHints":{"allow":["GET"]}}],"collection":[{"href":"https:\/\/bmf-fvm.org\/eu\/wp-json\/wp\/v2\/pages"}],"about":[{"href":"https:\/\/bmf-fvm.org\/eu\/wp-json\/wp\/v2\/types\/page"}],"author":[{"embeddable":true,"href":"https:\/\/bmf-fvm.org\/eu\/wp-json\/wp\/v2\/users\/1"}],"replies":[{"embeddable":true,"href":"https:\/\/bmf-fvm.org\/eu\/wp-json\/wp\/v2\/comments?post=104729"}],"version-history":[{"count":0,"href":"https:\/\/bmf-fvm.org\/eu\/wp-json\/wp\/v2\/pages\/104729\/revisions"}],"wp:attachment":[{"href":"https:\/\/bmf-fvm.org\/eu\/wp-json\/wp\/v2\/media?parent=104729"}],"curies":[{"name":"wp","href":"https:\/\/api.w.org\/{rel}","templated":true}]}}